{"id":10332,"date":"2020-02-14T09:31:30","date_gmt":"2020-02-14T08:31:30","guid":{"rendered":"https:\/\/www.menalib.de\/?page_id=10332"},"modified":"2024-07-05T10:34:40","modified_gmt":"2024-07-05T08:34:40","slug":"kavkaz","status":"publish","type":"page","link":"https:\/\/blogs.urz.uni-halle.de\/menalib\/vifa\/fid-lizenzen\/kavkaz\/","title":{"rendered":"Kavkaz"},"content":{"rendered":"<p><\/p>\n<div class=\"bigger-box\">\n<h2>Die erste russischsprachige Zeitung im Kaukasus<\/h2>\n<p><a href=\"https:\/\/www.menalib.de\/files\/2020\/03\/Kavkaz-1817-10-31-243.jpg\" class=\"broken_link\"><img loading=\"lazy\" class=\"size-tiny alignleft wp-image-10500 size-thumbnail\" src=\"https:\/\/www.menalib.de\/files\/2020\/03\/Kavkaz-1817-10-31-243-420x653.jpg\" alt=\"\" width=\"420\" height=\"653\" srcset=\"https:\/\/blogs.urz.uni-halle.de\/menalib\/files\/2020\/03\/Kavkaz-1817-10-31-243-420x653.jpg 420w, https:\/\/blogs.urz.uni-halle.de\/menalib\/files\/2020\/03\/Kavkaz-1817-10-31-243-800x1243.jpg 800w, https:\/\/blogs.urz.uni-halle.de\/menalib\/files\/2020\/03\/Kavkaz-1817-10-31-243-1280x1990.jpg 1280w, https:\/\/blogs.urz.uni-halle.de\/menalib\/files\/2020\/03\/Kavkaz-1817-10-31-243-768x1194.jpg 768w, https:\/\/blogs.urz.uni-halle.de\/menalib\/files\/2020\/03\/Kavkaz-1817-10-31-243-988x1536.jpg 988w, https:\/\/blogs.urz.uni-halle.de\/menalib\/files\/2020\/03\/Kavkaz-1817-10-31-243-1318x2048.jpg 1318w, https:\/\/blogs.urz.uni-halle.de\/menalib\/files\/2020\/03\/Kavkaz-1817-10-31-243-193x300.jpg 193w, https:\/\/blogs.urz.uni-halle.de\/menalib\/files\/2020\/03\/Kavkaz-1817-10-31-243.jpg 1647w\" sizes=\"(max-width: 420px) 100vw, 420px\" \/><\/a>Die Zeitung Kavkaz (Kaukasus) erschien in den Jahren 1846-1918. Sie war die erste russischsprachige Zeitung im Kaukasus. Sie wurde in Tiflis (Georgien) herausgegeben.<!--more--><\/p>\n<p><a class=\"button\" href=\"https:\/\/dlib.eastview.com\/browse\/publication\/81821\">Zur Datenbank Kavkaz<\/a><\/p>\n<p>Alle Ausgaben k\u00f6nnen im Volltext durchsucht werden. Einzelne Seiten k\u00f6nnen im Originallayout als PDF heruntergeladen werden.<\/p>\n<p>Das Angebot ist deutschlandweit und an deutschen Auslandsinstituten \u00fcber das System der Nationallizenzen kostenfrei zug\u00e4nglich.<\/p>\n<\/div>\n<p><!--more--><\/p>\n<h2>\u00dcber Kavkaz<\/h2>\n<p>Der Hauptzweck der Zeitung bestand einerseits darin, die russische Kultur und den russischen Einfluss im Kaukasus zu f\u00f6rdern und andererseits &#8222;die russische \u00d6ffentlichkeit mit dem Leben, den Gewohnheiten und den Traditionen der St\u00e4mme, die die Provinz des Kaukasus bev\u00f6lkern, vertraut zu machen&#8220;.<\/p>\n<p>1846 begann Kavkaz als Wochenzeitung, ab 1850 erschien sie zweimal w\u00f6chentlich, 1868 wechselte ihre Periodizit\u00e4t auf dreimal w\u00f6chentlich und ab 1877 wurde sie bis zu ihrer Schlie\u00dfung 1918 zu einer Tageszeitung.<\/p>\n<p>Diese russischsprachige Zeitung ver\u00f6ffentlichte offizielle Dokumente des Russischen Reiches sowie zahlreiche historische, kulturelle und arch\u00e4ologische Schriften der prominenten \u00d6ffentlichkeit und von Pers\u00f6nlichkeiten der lokalen Intelligenz. In der kurzen Zeit von 1846-1847 hatte diese Zeitung ein armenischsprachiges Gegenst\u00fcck.<\/p>\n<h2>Kooperation<\/h2>\n<p>Die Lizenzierung erfolgte in Kooperation mit dem Fachinformationsdienst <a href=\"https:\/\/www.osmikon.de\/\">Ost-, Ostmittel- und S\u00fcdosteuropa<\/a>.<\/p>\n<h2>Zugangshinweise<\/h2>\n<p>Angeh\u00f6rige einer Universit\u00e4t k\u00f6nnen in der Regel eine vorhandene institutionelle Anmeldung nutzen. Dieses Verfahren erm\u00f6glicht an deutschen Hochschulen, Forschungseinrichtungen und wissenschaftlichen Bibliotheken einen einfachen Zugriff ohne spezielles Login. Falls Ihr Rechner sich nicht im Campusbereich Ihrer Heimatinstitution befindet, sollten Sie sich vor Ort nach weiteren M\u00f6glichkeiten des Zugangs erkundigen (z. B. lokales Login per VPN).<\/p>\n<p>Interessierte ohne Zugriffsm\u00f6glichkeit \u00fcber eine Heimatinstitution k\u00f6nnen sich <a href=\"http:\/\/www.nationallizenzen.de\/ind_inform_registration\">f\u00fcr einen privaten Zugang registrieren<\/a>, sofern sie ihren st\u00e4ndigen Wohnsitz in Deutschland haben. Nach erfolgter Registrierung erhalten Sie zeitnah per Post Ihre pers\u00f6nlichen Zugangsdaten.<\/p>","protected":false},"excerpt":{"rendered":"Die Zeitung Kavkaz (Kaukasus) erschien in den Jahren 1846-1918. Sie war die erste russischsprachige Zeitung im Kaukasus. Sie wurde in Tiflis (Georgien) herausgegeben. <a href=\"https:\/\/blogs.urz.uni-halle.de\/menalib\/vifa\/fid-lizenzen\/kavkaz\/\">Weiterlesen <span class=\"meta-nav\">&rarr;<\/span><\/a>","protected":false},"author":3336,"featured_media":10500,"parent":5785,"menu_order":0,"comment_status":"closed","ping_status":"closed","template":"","meta":{"ngg_post_thumbnail":0},"categories":[],"tags":[],"_links":{"self":[{"href":"https:\/\/blogs.urz.uni-halle.de\/menalib\/wp-json\/wp\/v2\/pages\/10332"}],"collection":[{"href":"https:\/\/blogs.urz.uni-halle.de\/menalib\/wp-json\/wp\/v2\/pages"}],"about":[{"href":"https:\/\/blogs.urz.uni-halle.de\/menalib\/wp-json\/wp\/v2\/types\/page"}],"author":[{"embeddable":true,"href":"https:\/\/blogs.urz.uni-halle.de\/menalib\/wp-json\/wp\/v2\/users\/3336"}],"replies":[{"embeddable":true,"href":"https:\/\/blogs.urz.uni-halle.de\/menalib\/wp-json\/wp\/v2\/comments?post=10332"}],"version-history":[{"count":9,"href":"https:\/\/blogs.urz.uni-halle.de\/menalib\/wp-json\/wp\/v2\/pages\/10332\/revisions"}],"predecessor-version":[{"id":14778,"href":"https:\/\/blogs.urz.uni-halle.de\/menalib\/wp-json\/wp\/v2\/pages\/10332\/revisions\/14778"}],"up":[{"embeddable":true,"href":"https:\/\/blogs.urz.uni-halle.de\/menalib\/wp-json\/wp\/v2\/pages\/5785"}],"wp:featuredmedia":[{"embeddable":true,"href":"https:\/\/blogs.urz.uni-halle.de\/menalib\/wp-json\/wp\/v2\/media\/10500"}],"wp:attachment":[{"href":"https:\/\/blogs.urz.uni-halle.de\/menalib\/wp-json\/wp\/v2\/media?parent=10332"}],"wp:term":[{"taxonomy":"category","embeddable":true,"href":"https:\/\/blogs.urz.uni-halle.de\/menalib\/wp-json\/wp\/v2\/categories?post=10332"},{"taxonomy":"post_tag","embeddable":true,"href":"https:\/\/blogs.urz.uni-halle.de\/menalib\/wp-json\/wp\/v2\/tags?post=10332"}],"curies":[{"name":"wp","href":"https:\/\/api.w.org\/{rel}","templated":true}]}}