{"id":10535,"date":"2020-04-07T16:57:58","date_gmt":"2020-04-07T14:57:58","guid":{"rendered":"https:\/\/www.menalib.de\/?page_id=10535"},"modified":"2024-03-07T12:47:50","modified_gmt":"2024-03-07T11:47:50","slug":"e-marefa","status":"publish","type":"page","link":"https:\/\/blogs.urz.uni-halle.de\/menalib\/vifa\/fid-lizenzen\/e-marefa\/","title":{"rendered":"E-Marefa"},"content":{"rendered":"<p><\/p>\n<div class=\"bigger-box\">\n<h2>Jordanischer Anbieter \u00f6ffnet Datenbanken f\u00fcr den FID<\/h2>\n<p><a href=\"https:\/\/www.menalib.de\/files\/2020\/04\/e-marefa-browser.png\" class=\"broken_link\"><img loading=\"lazy\" class=\"alignleft wp-image-10538 size-medium\" src=\"https:\/\/www.menalib.de\/files\/2020\/04\/e-marefa-browser-800x440.png\" alt=\"Screenhot e-Marefa Website\" width=\"800\" height=\"440\" srcset=\"https:\/\/blogs.urz.uni-halle.de\/menalib\/files\/2020\/04\/e-marefa-browser-800x440.png 800w, https:\/\/blogs.urz.uni-halle.de\/menalib\/files\/2020\/04\/e-marefa-browser-1280x705.png 1280w, https:\/\/blogs.urz.uni-halle.de\/menalib\/files\/2020\/04\/e-marefa-browser-420x231.png 420w, https:\/\/blogs.urz.uni-halle.de\/menalib\/files\/2020\/04\/e-marefa-browser-768x423.png 768w, https:\/\/blogs.urz.uni-halle.de\/menalib\/files\/2020\/04\/e-marefa-browser-1536x846.png 1536w, https:\/\/blogs.urz.uni-halle.de\/menalib\/files\/2020\/04\/e-marefa-browser-2048x1128.png 2048w, https:\/\/blogs.urz.uni-halle.de\/menalib\/files\/2020\/04\/e-marefa-browser-500x275.png 500w\" sizes=\"(max-width: 800px) 100vw, 800px\" \/><\/a>Der Datenbankanbieter e-Marefa hat sein komplettes Angebot f\u00fcr den <a href=\"https:\/\/www.menalib.de\/vifa\/fid-lizenzen\/al-manhal-islamic-studies-e-book-collection\/nutzerkreis\/\">Nutzerkreis<\/a> unseres Fachinformationsdienstes f\u00fcr 2 Monate ge\u00f6ffnet.<br \/>\n<!--more--><br \/>\n<a class=\"button\" href=\"http:\/\/nahost.proxy.fid-lizenzen.de\/han\/emarefa\/\">Zu e-Marefa<\/a><\/p>\n<p>Laut Anbieter stehen rund 2.200.000 Datens\u00e4tze zur Verf\u00fcgung, die zahlreiche Disziplinen und Studieng\u00e4nge abdecken. Dazu geh\u00f6ren Themengebiete wie <a href=\"https:\/\/search.emarefa.net\/middle-eastern-studies\">Nahost-Studien<\/a>, <a href=\"https:\/\/search.emarefa.net\/maghreb-studies\">Maghreb-Studien<\/a>, <a href=\"https:\/\/search.emarefa.net\/islamic-studies-arabic-language\">Islamwissenschaft und arabische Sprache<\/a> oder der <a href=\"https:\/\/search.emarefa.net\/palestinian-affairs-the-arab-israeli-conflict\">arabisch-israelische Konflikt<\/a>.<\/p>\n<p>E-Marefa bietet akademische und statistische Zeitschriften, arabische Dissertationen, Buchbesprechungen, E-Books, Forschungsberichte, arabische Rezensionen von internationalen Dissertationen, Konferenzberichte und vieles mehr.<\/p>\n<\/div>\n<h2>Zugang<\/h2>\n<p>Der Zugang steht Angeh\u00f6rigen der Institutionen unseres <a href=\"https:\/\/www.menalib.de\/vifa\/fid-lizenzen\/al-manhal-islamic-studies-e-book-collection\/nutzerkreis\/\">Nutzerkreises<\/a> bis zum 31. M\u00e4rz 2024 zur Verf\u00fcgung. Die Authentifizierung erfolgt durch die IP-Nummern des jeweiligen Netzwerkes. Bei der Arbeit im Home Office wird eine VPN- oder andere Remote-Verbindung ben\u00f6tigt.<\/p>\n<p>Sollten Sie keiner der Institutionen unseres Nutzerkreise angeh\u00f6ren, aber dennoch zu unserer Fachcommunity in Deutschland geh\u00f6ren und Interesse an der Nutzung dieser Testlizenz haben, dann k\u00f6nnen Sie sich <a href=\"https:\/\/nahost.fid-lizenzen.de\/kfllogin\">mit einem Einzelnutzerkonto registrieren<\/a>.<\/p>\n<h2>Nutzungsbedingungen<\/h2>\n<ol>\n<li>Das systematisches Herunterladen oder Drucken ganzer Zeitschriftenausgaben oder -b\u00e4nde oder gro\u00dfer Teile anderer E-Ressourcen (Artikel, Dissertationen, B\u00fccher&#8230;) ist nicht gestattet.<\/li>\n<li>Der Einsatz von Bots oder Downloadprogrammen zum systematischen, massiven oder automatischen Herunterladen ist nicht erlaubt.<\/li>\n<li>Das \u00dcbertragen, Verbreiten oder anderweitige Verf\u00fcgbarmachen der Online-Inhalte f\u00fcr nicht autorisierte Benutzer (z.B. das Senden an Mailinglisten oder elektronische Bulletin Boards) ist nicht gestattet.<\/li>\n<\/ol>\n<p>&nbsp;<\/p>","protected":false},"excerpt":{"rendered":"Der Datenbankanbieter hat sein komplettes Angebot f\u00fcr den Nutzerkreis unseres Fachinformationsdienstes f\u00fcr 2 Monate ge\u00f6ffnet. Zu e-Marefa geh\u00f6ren Themengebiete wie Nahost-Studien, Maghreb-Studien, Islamwissenschaft und arabische Sprache oder der arabisch-israelische Konflikt. <a href=\"https:\/\/blogs.urz.uni-halle.de\/menalib\/vifa\/fid-lizenzen\/e-marefa\/\">Weiterlesen <span class=\"meta-nav\">&rarr;<\/span><\/a>","protected":false},"author":4226,"featured_media":10538,"parent":5785,"menu_order":0,"comment_status":"closed","ping_status":"closed","template":"","meta":{"ngg_post_thumbnail":0},"categories":[],"tags":[],"_links":{"self":[{"href":"https:\/\/blogs.urz.uni-halle.de\/menalib\/wp-json\/wp\/v2\/pages\/10535"}],"collection":[{"href":"https:\/\/blogs.urz.uni-halle.de\/menalib\/wp-json\/wp\/v2\/pages"}],"about":[{"href":"https:\/\/blogs.urz.uni-halle.de\/menalib\/wp-json\/wp\/v2\/types\/page"}],"author":[{"embeddable":true,"href":"https:\/\/blogs.urz.uni-halle.de\/menalib\/wp-json\/wp\/v2\/users\/4226"}],"replies":[{"embeddable":true,"href":"https:\/\/blogs.urz.uni-halle.de\/menalib\/wp-json\/wp\/v2\/comments?post=10535"}],"version-history":[{"count":10,"href":"https:\/\/blogs.urz.uni-halle.de\/menalib\/wp-json\/wp\/v2\/pages\/10535\/revisions"}],"predecessor-version":[{"id":14638,"href":"https:\/\/blogs.urz.uni-halle.de\/menalib\/wp-json\/wp\/v2\/pages\/10535\/revisions\/14638"}],"up":[{"embeddable":true,"href":"https:\/\/blogs.urz.uni-halle.de\/menalib\/wp-json\/wp\/v2\/pages\/5785"}],"wp:featuredmedia":[{"embeddable":true,"href":"https:\/\/blogs.urz.uni-halle.de\/menalib\/wp-json\/wp\/v2\/media\/10538"}],"wp:attachment":[{"href":"https:\/\/blogs.urz.uni-halle.de\/menalib\/wp-json\/wp\/v2\/media?parent=10535"}],"wp:term":[{"taxonomy":"category","embeddable":true,"href":"https:\/\/blogs.urz.uni-halle.de\/menalib\/wp-json\/wp\/v2\/categories?post=10535"},{"taxonomy":"post_tag","embeddable":true,"href":"https:\/\/blogs.urz.uni-halle.de\/menalib\/wp-json\/wp\/v2\/tags?post=10535"}],"curies":[{"name":"wp","href":"https:\/\/api.w.org\/{rel}","templated":true}]}}