{"id":10613,"date":"2020-05-07T11:30:14","date_gmt":"2020-05-07T09:30:14","guid":{"rendered":"https:\/\/www.menalib.de\/?page_id=10613"},"modified":"2020-05-12T12:15:48","modified_gmt":"2020-05-12T10:15:48","slug":"idealonline","status":"publish","type":"page","link":"https:\/\/blogs.urz.uni-halle.de\/menalib\/vifa\/fid-lizenzen\/idealonline\/","title":{"rendered":"\u0130dealonline"},"content":{"rendered":"<p><\/p>\n<div class=\"bigger-box\">\n<h2>Testzugang zu t\u00fcrkischer E-Book-Sammlung<\/h2>\n<p><a href=\"https:\/\/www.menalib.de\/files\/2020\/05\/idealonline-din-bilimleri-veri-tabani.jpg\" class=\"broken_link\"><img loading=\"lazy\" class=\"alignleft wp-image-10616 size-thumbnail\" src=\"https:\/\/www.menalib.de\/files\/2020\/05\/idealonline-din-bilimleri-veri-tabani-420x594.jpg\" alt=\"\u0130dealonline Din Bilimleri Veri Taban\u0131\" width=\"420\" height=\"594\" srcset=\"https:\/\/blogs.urz.uni-halle.de\/menalib\/files\/2020\/05\/idealonline-din-bilimleri-veri-tabani-420x594.jpg 420w, https:\/\/blogs.urz.uni-halle.de\/menalib\/files\/2020\/05\/idealonline-din-bilimleri-veri-tabani-800x1132.jpg 800w, https:\/\/blogs.urz.uni-halle.de\/menalib\/files\/2020\/05\/idealonline-din-bilimleri-veri-tabani-768x1086.jpg 768w, https:\/\/blogs.urz.uni-halle.de\/menalib\/files\/2020\/05\/idealonline-din-bilimleri-veri-tabani-1086x1536.jpg 1086w, https:\/\/blogs.urz.uni-halle.de\/menalib\/files\/2020\/05\/idealonline-din-bilimleri-veri-tabani-212x300.jpg 212w, https:\/\/blogs.urz.uni-halle.de\/menalib\/files\/2020\/05\/idealonline-din-bilimleri-veri-tabani.jpg 1240w\" sizes=\"(max-width: 420px) 100vw, 420px\" \/><\/a>Wir haben mit dem t\u00fcrkischen Datenbankanbieter \u0130dealonline einen Testzugang f\u00fcr unseren <a href=\"https:\/\/www.menalib.de\/vifa\/fid-lizenzen\/al-manhal-islamic-studies-e-book-collection\/nutzerkreis\/\">Nutzerkreis<\/a> vereinbart.<\/p>\n<p><a class=\"button\" href=\"http:\/\/nahost.proxy.fid-lizenzen.de\/fid\/idealonline\/\">Zu \u0130dealonline<\/a><\/p>\n<p><a href=\"http:\/\/www.idealonline.com.tr\/\">Zugang f\u00fcr Nutzer der Universit\u00e4t Duisburg-Essen hier.<\/a><!--more--><\/p>\n<p>\u0130dealonline bietet eine Auswahl an Zeitschriften (akademische und popul\u00e4re), Konferenzb\u00e4nde sowie Monographien zu den Themen Kultur, Medizin aber auch Islam- und Religionswissenschaften an.<\/p>\n<\/div>\n<h2>Zugang<\/h2>\n<p>Der Zugang steht Angeh\u00f6rigen der Institutionen unseres <a href=\"https:\/\/www.menalib.de\/vifa\/fid-lizenzen\/al-manhal-islamic-studies-e-book-collection\/nutzerkreis\/\">Nutzerkreises<\/a> sowie denen der Universit\u00e4t Duisburg-Essen vom 22.04.2020 \u2013 20.05.2020 zur Verf\u00fcgung. Die Authentifizierung erfolgt durch die IP-Nummern des jeweiligen Netzwerkes.<\/p>\n<p>Bei der Arbeit im Home Office wird eine VPN- oder andere Remote-Verbindung ben\u00f6tigt. Sollte Ihnen der Zutritt zu Ihrer Einrichtung durch die aktuelle Lage verwehrt bleiben und kein Zugang per Remote-Verbindung m\u00f6glich sein \u2013 <a href=\"https:\/\/nahost.fid-lizenzen.de\/kfllogin\">melden Sie sich als Einzelnutzer an<\/a>! Wir bieten Ihnen schnell und unb\u00fcrokratisch ein Login.<\/p>","protected":false},"excerpt":{"rendered":"Testzugang zu t\u00fcrkischer E-Book-Sammlung Wir haben mit dem t\u00fcrkischen Datenbankanbieter \u0130dealonline einen Testzugang f\u00fcr unseren Nutzerkreis vereinbart. Zu \u0130dealonline Zugang f\u00fcr Nutzer der Universit\u00e4t Duisburg-Essen hier.","protected":false},"author":3336,"featured_media":0,"parent":5785,"menu_order":0,"comment_status":"closed","ping_status":"closed","template":"","meta":{"ngg_post_thumbnail":0},"categories":[],"tags":[],"_links":{"self":[{"href":"https:\/\/blogs.urz.uni-halle.de\/menalib\/wp-json\/wp\/v2\/pages\/10613"}],"collection":[{"href":"https:\/\/blogs.urz.uni-halle.de\/menalib\/wp-json\/wp\/v2\/pages"}],"about":[{"href":"https:\/\/blogs.urz.uni-halle.de\/menalib\/wp-json\/wp\/v2\/types\/page"}],"author":[{"embeddable":true,"href":"https:\/\/blogs.urz.uni-halle.de\/menalib\/wp-json\/wp\/v2\/users\/3336"}],"replies":[{"embeddable":true,"href":"https:\/\/blogs.urz.uni-halle.de\/menalib\/wp-json\/wp\/v2\/comments?post=10613"}],"version-history":[{"count":8,"href":"https:\/\/blogs.urz.uni-halle.de\/menalib\/wp-json\/wp\/v2\/pages\/10613\/revisions"}],"predecessor-version":[{"id":10633,"href":"https:\/\/blogs.urz.uni-halle.de\/menalib\/wp-json\/wp\/v2\/pages\/10613\/revisions\/10633"}],"up":[{"embeddable":true,"href":"https:\/\/blogs.urz.uni-halle.de\/menalib\/wp-json\/wp\/v2\/pages\/5785"}],"wp:attachment":[{"href":"https:\/\/blogs.urz.uni-halle.de\/menalib\/wp-json\/wp\/v2\/media?parent=10613"}],"wp:term":[{"taxonomy":"category","embeddable":true,"href":"https:\/\/blogs.urz.uni-halle.de\/menalib\/wp-json\/wp\/v2\/categories?post=10613"},{"taxonomy":"post_tag","embeddable":true,"href":"https:\/\/blogs.urz.uni-halle.de\/menalib\/wp-json\/wp\/v2\/tags?post=10613"}],"curies":[{"name":"wp","href":"https:\/\/api.w.org\/{rel}","templated":true}]}}