{"id":11360,"date":"2021-01-22T09:34:11","date_gmt":"2021-01-22T08:34:11","guid":{"rendered":"https:\/\/www.menalib.de\/?page_id=11360"},"modified":"2024-11-26T14:04:35","modified_gmt":"2024-11-26T13:04:35","slug":"afghan-central-press","status":"publish","type":"page","link":"https:\/\/blogs.urz.uni-halle.de\/menalib\/vifa\/fid-lizenzen\/afghan-central-press\/","title":{"rendered":"Afghan Central Press"},"content":{"rendered":"<p><\/p>\n<div class=\"bigger-box\">\n<h2>Zeitungen aus Afghanistan<\/h2>\n<p><a href=\"https:\/\/www.menalib.de\/files\/2021\/02\/afghan-central-press-covers.jpg\" class=\"broken_link\"><img loading=\"lazy\" class=\"alignleft wp-image-11461 size-medium\" src=\"https:\/\/www.menalib.de\/files\/2021\/02\/afghan-central-press-covers-800x450.jpg\" alt=\"Afghan Central Press - Titelseiten\" width=\"830\" height=\"480\" \/><\/a>Die digitalen Archive von 4 aus Kabul stammenden Zeitungen stehen Ihnen als Nationallizenz zur Verf\u00fcgung. Davon wurden 3 in Persisch\/Paschto und eine in Englisch publiziert. Die Ausgaben stammen haupts\u00e4chlich aus der zweiten H\u00e4lfte des 20. Jahrhunderts. <!--more--><\/p>\n<p><a class=\"button\" href=\"https:\/\/gpa.eastview.com\/acp\/\">Zu den Archiven<\/a><\/p>\n<p>Die Dokumente innerhalb der Datenbank k\u00f6nnen im Originallayout als PDF heruntergeladen werden. Das Angebot ist deutschlandweit und an deutschen Auslandsinstituten \u00fcber das System der<a href=\"https:\/\/www.menalib.de\/vifa\/fid-lizenzen\/nutzerkreismodelle-der-fid-lizenzen\/#national\"> Nationallizenzen<\/a> kostenfrei zug\u00e4nglich.<\/p>\n<\/div>\n<h2>\u00dcber das Archiv<\/h2>\n<h3 id=\"inhalt\">Inhalt (laut Informationen des Anbieters East View)<\/h3>\n<p><em>&#8222;Die Sammlung Afghan Central Press beinhaltet vier nationale, in Kabul ans\u00e4ssige Publikationen Afghanistans, deren langj\u00e4hrige Auflagen und Bekanntheit einen konzentrierten Blickwinkel f\u00fcr das Verst\u00e4ndnis der Entwicklungen in Afghanistan w\u00e4hrend eines Gro\u00dfteils des zwanzigsten Jahrhunderts bieten. Die englischsprachige Kabul Times wird neben den Paschto-Publikationen Ani\u0304s (\u0627\u0646\u06cc\u0633), Hewa\u0304d (\u0647\u06cc\u0648\u0627\u062f) und Is\u0323la\u0304h\u0323 (\u0627\u0635\u0644\u0627\u062d) pr\u00e4sentiert.<\/em><\/p>\n<p><em>Zusammen bieten die Archive dieser Zeitungen eine Chronik der Ereignisse vom Sturz des K\u00f6nigreichs Afghanistan, der Gr\u00fcndung der Demokratischen Volksrepublik Afghanistan, der sowjetischen Invasion, dem Aufstieg der Mudschaheddin, der Etablierung der Taliban und der Al-Qaida, der Invasion durch die USA und der darauf folgenden Zeit des Wiederaufbaus aus der Sicht der Hauptstadt.&#8220;<\/em><\/p>\n<h3>Schrifterkennung<\/h3>\n<p>Der Volltext des Archivs wurde durch digitale Schrifterkennung (OCR) gewonnen. Persisch\/Paschto sind schwierige Sprachen in diesem Verfahren. Fr\u00fche Ausgaben und solche, die auf Mikrofilmen basieren weisen eine niedrigere Erkennungsrate auf.<br \/>\n<\/p>","protected":false},"excerpt":{"rendered":"Zeitungen aus Afghanistan Die digitalen Archive von 4 aus Kabul stammenden Zeitungen stehen Ihnen als Nationallizenz zur Verf\u00fcgung. Davon wurden 3 in Persisch\/Paschto und eine in Englisch publiziert. Die Ausgaben stammen haupts\u00e4chlich aus der zweiten H\u00e4lfte des 20. Jahrhunderts.","protected":false},"author":4226,"featured_media":11461,"parent":5785,"menu_order":0,"comment_status":"closed","ping_status":"closed","template":"","meta":{"ngg_post_thumbnail":0},"categories":[],"tags":[],"_links":{"self":[{"href":"https:\/\/blogs.urz.uni-halle.de\/menalib\/wp-json\/wp\/v2\/pages\/11360"}],"collection":[{"href":"https:\/\/blogs.urz.uni-halle.de\/menalib\/wp-json\/wp\/v2\/pages"}],"about":[{"href":"https:\/\/blogs.urz.uni-halle.de\/menalib\/wp-json\/wp\/v2\/types\/page"}],"author":[{"embeddable":true,"href":"https:\/\/blogs.urz.uni-halle.de\/menalib\/wp-json\/wp\/v2\/users\/4226"}],"replies":[{"embeddable":true,"href":"https:\/\/blogs.urz.uni-halle.de\/menalib\/wp-json\/wp\/v2\/comments?post=11360"}],"version-history":[{"count":10,"href":"https:\/\/blogs.urz.uni-halle.de\/menalib\/wp-json\/wp\/v2\/pages\/11360\/revisions"}],"predecessor-version":[{"id":15278,"href":"https:\/\/blogs.urz.uni-halle.de\/menalib\/wp-json\/wp\/v2\/pages\/11360\/revisions\/15278"}],"up":[{"embeddable":true,"href":"https:\/\/blogs.urz.uni-halle.de\/menalib\/wp-json\/wp\/v2\/pages\/5785"}],"wp:featuredmedia":[{"embeddable":true,"href":"https:\/\/blogs.urz.uni-halle.de\/menalib\/wp-json\/wp\/v2\/media\/11461"}],"wp:attachment":[{"href":"https:\/\/blogs.urz.uni-halle.de\/menalib\/wp-json\/wp\/v2\/media?parent=11360"}],"wp:term":[{"taxonomy":"category","embeddable":true,"href":"https:\/\/blogs.urz.uni-halle.de\/menalib\/wp-json\/wp\/v2\/categories?post=11360"},{"taxonomy":"post_tag","embeddable":true,"href":"https:\/\/blogs.urz.uni-halle.de\/menalib\/wp-json\/wp\/v2\/tags?post=11360"}],"curies":[{"name":"wp","href":"https:\/\/api.w.org\/{rel}","templated":true}]}}