{"id":11642,"date":"2021-02-24T13:17:53","date_gmt":"2021-02-24T12:17:53","guid":{"rendered":"https:\/\/www.menalib.de\/?page_id=11642"},"modified":"2024-09-26T09:55:07","modified_gmt":"2024-09-26T07:55:07","slug":"projekte","status":"publish","type":"page","link":"https:\/\/blogs.urz.uni-halle.de\/menalib\/community\/projekte\/","title":{"rendered":"Projekte"},"content":{"rendered":"<p><\/p>\n<ul class=\"preview-grid\">\n<li><article id=\"post-15002\" class=\"preview post-15002 default\"><header class=\"entry-header\"><h2 class=\"entry-title\">Alevitische Bibliothek<\/h2><\/header><div class=\"entry-content\">\r\nDas Projekt\r\nDie Alevitische Bibliothek ist eine von Markus Dre\u00dfler (Universit\u00e4t Leipzig), Janina Karolewski (Universit\u00e4t Hamburg) und Benjamin Weineck (Universit\u00e4t Heidelberg) in Kooperation ...<\/div><footer class=\"entry-meta\"><\/footer><a class=\"overlay\" href=\"https:\/\/blogs.urz.uni-halle.de\/menalib\/community\/projekte\/alevitische_bibliothek\/\">more<\/a><\/article><\/li>\n<li><article id=\"post-12523\" class=\"preview post-12523 default\"><header class=\"entry-header\"><h2 class=\"entry-title\">Digitalisierung von Altkarten aus Mitteldeutschland und dem Vorderen Orient<\/h2><\/header><div class=\"entry-content\">\r\n\r\nDas Projekt Die Universit\u00e4ts- und Landesbibliothek Sachsen-Anhalt (ULB) digitalisiert herausragende St\u00fccke ihrer Altkartensammlung.\r\n\r\nAusgew\u00e4hlt wurden etwa 1.000 Karten mit regionalem Bezug zu Mitteldeutschland und aus dem Gebiet Vorderer Orient\/Nordafrika.  ...<\/div><footer class=\"entry-meta\"><\/footer><a class=\"overlay\" href=\"https:\/\/blogs.urz.uni-halle.de\/menalib\/community\/projekte\/digitalisierung-von-altkarten-aus-mitteldeutschland-und-dem-vorderen-orient\/\">more<\/a><\/article><\/li>\n<li><article id=\"post-12363\" class=\"preview post-12363 default\"><header class=\"entry-header\"><h2 class=\"entry-title\">Erschlie\u00dfung und Digitalisierung der Sammlung Ali-Reza Rahbar<\/h2><\/header><div class=\"entry-content\"><div class=\"image-container figure\" style=\"background-image: url(https:\/\/blogs.urz.uni-halle.de\/menalib\/files\/2019\/06\/gelehrtensammlung-ali-reza-rahbar-bonn-2018-420x315.jpg)\"><img src=\"https:\/\/blogs.urz.uni-halle.de\/menalib\/files\/2019\/06\/gelehrtensammlung-ali-reza-rahbar-bonn-2018-420x315.jpg\"><\/div>Das Projekt\r\n\r\n\r\nNeben dem Fachinformationsdienst Nahost betreut die Universit\u00e4ts- und Landesbibliothek Sachsen-Anhalt (ULB) ein weiteres Projekt, der wissenschaftlichen Literaturversorgung von dem insbesondere die ...<\/div><footer class=\"entry-meta\"><\/footer><a class=\"overlay\" href=\"https:\/\/blogs.urz.uni-halle.de\/menalib\/community\/projekte\/erschliessung-und-digitalisierung-der-sammlung-ali-reza-rahbar\/\">more<\/a><\/article><\/li>\n<li><article id=\"post-11647\" class=\"preview post-11647 default\"><header class=\"entry-header\"><h2 class=\"entry-title\">Projekt COBHUNI<\/h2><\/header><div class=\"entry-content\"><div class=\"image-container figure\" style=\"background-image: url(https:\/\/blogs.urz.uni-halle.de\/menalib\/files\/2021\/02\/logo-projekt-cobhuni-420x237.jpg)\"><img src=\"https:\/\/blogs.urz.uni-halle.de\/menalib\/files\/2021\/02\/logo-projekt-cobhuni-420x237.jpg\"><\/div>Contemporary Bioethics and the History of the Unborn in Islam\r\nIn dem ERC-Projekt COBHUNI der Universit\u00e4t Hamburg untersuchte Prof. Dr. Thomas Eich mit seinen MitarbeiterInnen von September 2015 bis Februar 2021 die historische Verankerung der heutigen Konzepte von  ...<\/div><footer class=\"entry-meta\"><\/footer><a class=\"overlay\" href=\"https:\/\/blogs.urz.uni-halle.de\/menalib\/community\/projekte\/cobhuni\/\">more<\/a><\/article><\/li>\n<li><article id=\"post-11650\" class=\"preview post-11650 default\"><header class=\"entry-header\"><h2 class=\"entry-title\">Das Projekt \u201eOrient-Digital\u201c<\/h2><\/header><div class=\"entry-content\"><div class=\"image-container figure\" style=\"background-image: url(https:\/\/blogs.urz.uni-halle.de\/menalib\/files\/2020\/12\/orient-digital-band-small-420x109.jpg)\"><img src=\"https:\/\/blogs.urz.uni-halle.de\/menalib\/files\/2020\/12\/orient-digital-band-small-420x109.jpg\"><\/div>Alte Kataloge in neuem Gewand\r\nSeit Sommer 2020 l\u00e4uft unter Leitung der Staatsbibliothek zu Berlin, zusammen mit der Forschungsbibliothek Gotha, der Bayerischen Staatsbibliothek M\u00fcnchen und dem Universit\u00e4tsrechenzentrum Leipzig das Projekt mit dem Arbeitstitel \u201eOrient-Digital\u201c. ...<\/div><footer class=\"entry-meta\"><\/footer><a class=\"overlay\" href=\"https:\/\/blogs.urz.uni-halle.de\/menalib\/community\/projekte\/orient-digital\/\">more<\/a><\/article><\/li>\n<\/ul>\n<p><\/p>","protected":false},"excerpt":{"rendered":"&hellip; <a href=\"\" class=\"read-more\">Weiterlesen <\/a>","protected":false},"author":4226,"featured_media":11644,"parent":8129,"menu_order":0,"comment_status":"closed","ping_status":"closed","template":"","meta":{"ngg_post_thumbnail":0},"categories":[],"tags":[],"_links":{"self":[{"href":"https:\/\/blogs.urz.uni-halle.de\/menalib\/wp-json\/wp\/v2\/pages\/11642"}],"collection":[{"href":"https:\/\/blogs.urz.uni-halle.de\/menalib\/wp-json\/wp\/v2\/pages"}],"about":[{"href":"https:\/\/blogs.urz.uni-halle.de\/menalib\/wp-json\/wp\/v2\/types\/page"}],"author":[{"embeddable":true,"href":"https:\/\/blogs.urz.uni-halle.de\/menalib\/wp-json\/wp\/v2\/users\/4226"}],"replies":[{"embeddable":true,"href":"https:\/\/blogs.urz.uni-halle.de\/menalib\/wp-json\/wp\/v2\/comments?post=11642"}],"version-history":[{"count":9,"href":"https:\/\/blogs.urz.uni-halle.de\/menalib\/wp-json\/wp\/v2\/pages\/11642\/revisions"}],"predecessor-version":[{"id":15009,"href":"https:\/\/blogs.urz.uni-halle.de\/menalib\/wp-json\/wp\/v2\/pages\/11642\/revisions\/15009"}],"up":[{"embeddable":true,"href":"https:\/\/blogs.urz.uni-halle.de\/menalib\/wp-json\/wp\/v2\/pages\/8129"}],"wp:featuredmedia":[{"embeddable":true,"href":"https:\/\/blogs.urz.uni-halle.de\/menalib\/wp-json\/wp\/v2\/media\/11644"}],"wp:attachment":[{"href":"https:\/\/blogs.urz.uni-halle.de\/menalib\/wp-json\/wp\/v2\/media?parent=11642"}],"wp:term":[{"taxonomy":"category","embeddable":true,"href":"https:\/\/blogs.urz.uni-halle.de\/menalib\/wp-json\/wp\/v2\/categories?post=11642"},{"taxonomy":"post_tag","embeddable":true,"href":"https:\/\/blogs.urz.uni-halle.de\/menalib\/wp-json\/wp\/v2\/tags?post=11642"}],"curies":[{"name":"wp","href":"https:\/\/api.w.org\/{rel}","templated":true}]}}