{"id":11647,"date":"2021-02-24T13:26:28","date_gmt":"2021-02-24T12:26:28","guid":{"rendered":"https:\/\/www.menalib.de\/?page_id=11647"},"modified":"2021-02-24T14:06:57","modified_gmt":"2021-02-24T13:06:57","slug":"cobhuni","status":"publish","type":"page","link":"https:\/\/blogs.urz.uni-halle.de\/menalib\/community\/projekte\/cobhuni\/","title":{"rendered":"Projekt COBHUNI"},"content":{"rendered":"<p><\/p>\n<h2>Contemporary Bioethics and the History of the Unborn in Islam<\/h2>\n<p><a href=\"https:\/\/www.cobhuni.uni-hamburg.de\/\"><img loading=\"lazy\" class=\"alignleft wp-image-11629 size-medium\" src=\"https:\/\/www.menalib.de\/files\/2021\/02\/logo-projekt-cobhuni-800x452.jpg\" alt=\"\" width=\"800\" height=\"452\" srcset=\"https:\/\/blogs.urz.uni-halle.de\/menalib\/files\/2021\/02\/logo-projekt-cobhuni-800x452.jpg 800w, https:\/\/blogs.urz.uni-halle.de\/menalib\/files\/2021\/02\/logo-projekt-cobhuni-420x237.jpg 420w, https:\/\/blogs.urz.uni-halle.de\/menalib\/files\/2021\/02\/logo-projekt-cobhuni-768x433.jpg 768w, https:\/\/blogs.urz.uni-halle.de\/menalib\/files\/2021\/02\/logo-projekt-cobhuni-500x282.jpg 500w, https:\/\/blogs.urz.uni-halle.de\/menalib\/files\/2021\/02\/logo-projekt-cobhuni.jpg 815w\" sizes=\"(max-width: 800px) 100vw, 800px\" \/><\/a>In dem ERC-Projekt COBHUNI der Universit\u00e4t Hamburg untersuchte Prof. Dr. Thomas Eich mit seinen MitarbeiterInnen von September 2015 bis Februar 2021 die historische Verankerung der heutigen Konzepte von <!--more-->\u201eEmbryologie\u201c in Koran und Hadith. Die islamische Bioethik-Debatte zu Lebensanfangsfragen basiert seit den 1980er Jahren grundlegend auf den entsprechenden Textstellen.<\/p>\n<p><a class=\"button\" href=\"https:\/\/www.cobhuni.uni-hamburg.de\/\">Website Projekt COBHUNI<\/a><\/p>\n<p>Im Rahmen des Projekts wurden diese Koranstellen und Hadithe im Kontext der fr\u00fchislamischen Geschichte \u2013 unter Einbeziehung von aram\u00e4ischen, syrischen, griechischen, lateinischen und hebr\u00e4ischen Texten anderer Religionsgemeinschaften \u2013 sowie deren Auslegung im Lauf der Geschichte analysiert. Zur Analyse der Auslegungen wurden die Interpretationen wichtiger Gelehrter in al-Andalus im 11. und 12. Jahrhundert (darunter al-Q\u0101d\u012b \u02bfIy\u0101d und al-Q\u0101d\u012b Ibn al-\u02bfArab\u012b) und die Interpretationen moderner Exegeten und Mediziner (darunter \u02bfAbd al-Ma\u01e7\u012bd az-Zind\u0101n\u012b und Dr. Mu\u1e25ammad \u1d9cAl\u012b al-B\u0101r) schwerpunktartig untersucht.<\/p>\n<p>Dar\u00fcber hinaus hatte das Projekt zum Ziel, digitale Funktionalit\u00e4t f\u00fcr die Arbeit mit arabischen Texten zu entwickeln. Daf\u00fcr wurde ein Workflow zur Annotation von Texten und deren Export in eine Analyseumgebung hinein geschaffen, einschlie\u00dflich der Programmierung der daf\u00fcr ben\u00f6tigten Schnittstellen. Zudem wurde im Rahmen des Projekts ein Algorithmus zur Durchsuchung von arabischen Texten in uneinheitlichen Encodings inklusive der M\u00f6glichkeit einer Durchsuchung allein nach rasm entwickelt.<\/p>\n<h2>MitarbeiterInnen\/AutorInnen<\/h2>\n<h3>Prof. Dr. Thomas Eich<\/h3>\n<p>Projektleiter<br \/>\n<strong>Schwerpunkt:<\/strong> Islamische Bioethik, Analyse des Wandels der islamischen Lebensanfangskonzeptionen in Hadith\u00fcberlieferungen und -Kommentaren durch verschiedene Einfl\u00fcsse<br \/>\n<a href=\"&#109;a&#105;l&#116;o&#x3a;t&#x68;o&#x6d;a&#x73;&#46;&#x65;i&#x63;h&#x40;u&#x6e;i&#x2d;h&#x61;&#109;&#x62;&#117;&#x72;&#103;&#x2e;&#100;&#x65;\">&#116;&#x68;&#111;&#x6d;&#97;&#x73;&#46;&#x65;&#105;&#x63;&#104;&#x40;u&#x6e;i&#x2d;h&#x61;m&#x62;u&#x72;g&#46;&#x64;&#101;<\/a><\/p>\n<h3>Dr. Doru Constantin Doroftei<\/h3>\n<p>Wissenschaftlicher Mitarbeiter<br \/>\n<strong>Schwerpunkt:<\/strong> Rabbinische Embryologie &amp; anthropologische Ideen der Sp\u00e4tantike in Interaktion mit islamischen Konzeptionen des Lebensanfangs<\/p>\n<h3>Dr. Alicia Gonz\u00e1lez Mart\u00ednez<\/h3>\n<p>Wissenschaftliche Mitarbeiterin<br \/>\n<strong>Schwerpunkt:<\/strong> Computer Linguistik mit arabischen Schriftzeichen<\/p>\n<h3>Melanie Gu\u00e9non<\/h3>\n<p>Wissenschaftliche Mitarbeiterin &amp; Doktorandin<br \/>\n<strong>Schwerpunkt<\/strong>: Einfluss von Medizinern &amp; Gelehrten auf Embryologie-Diskurse im 20. Jhd.<\/p>\n<h3>Florian J\u00e4ckel<\/h3>\n<p>Wissenschaftlicher Mitarbeiter &amp; Doktorand<br \/>\n<strong>Schwerpunkt:<\/strong> Lebensanfangskonzeption des Barhebraeus, Ideen des syrisch-orthodoxen Christentums in Interaktion mit islamischem Umfeld im 13. Jhd. &amp; Wandel der Konzeptionen vorgeburtlichen Lebens im Nahen Osten seit der Entstehung des Islam<\/p>\n<h3>Khaoula Trad<\/h3>\n<p>Wissenschaftliche Mitarbeiterin &amp; Doktorandin<br \/>\n<strong>Schwerpunkt:<\/strong> Hadith\u00fcberlieferungen und \u2013Kommentare in Al-Andalus und im Maghreb im 11. und 12. Jhd. &amp; malikitische Embryologie<\/p>\n<h3>Tillmann Josua (Feige)<\/h3>\n<p>Wissenschaftlicher Mitarbeiter<br \/>\n<strong>Schwerpunkt:<\/strong> Computer Linguistik mit arabischen Schriftzeichen<\/p>\n<p><img loading=\"lazy\" class=\"aligncenter wp-image-11630 size-full\" src=\"https:\/\/www.menalib.de\/files\/2021\/02\/logos-cobhuni-partners.svg\" alt=\"\" width=\"100\" height=\"100\" \/><\/p>","protected":false},"excerpt":{"rendered":"Contemporary Bioethics and the History of the Unborn in Islam In dem ERC-Projekt COBHUNI der Universit\u00e4t Hamburg untersuchte Prof. Dr. Thomas Eich mit seinen MitarbeiterInnen von September 2015 bis Februar 2021 die historische Verankerung der heutigen Konzepte von","protected":false},"author":3336,"featured_media":11629,"parent":11642,"menu_order":0,"comment_status":"closed","ping_status":"closed","template":"","meta":{"ngg_post_thumbnail":0},"categories":[],"tags":[],"_links":{"self":[{"href":"https:\/\/blogs.urz.uni-halle.de\/menalib\/wp-json\/wp\/v2\/pages\/11647"}],"collection":[{"href":"https:\/\/blogs.urz.uni-halle.de\/menalib\/wp-json\/wp\/v2\/pages"}],"about":[{"href":"https:\/\/blogs.urz.uni-halle.de\/menalib\/wp-json\/wp\/v2\/types\/page"}],"author":[{"embeddable":true,"href":"https:\/\/blogs.urz.uni-halle.de\/menalib\/wp-json\/wp\/v2\/users\/3336"}],"replies":[{"embeddable":true,"href":"https:\/\/blogs.urz.uni-halle.de\/menalib\/wp-json\/wp\/v2\/comments?post=11647"}],"version-history":[{"count":5,"href":"https:\/\/blogs.urz.uni-halle.de\/menalib\/wp-json\/wp\/v2\/pages\/11647\/revisions"}],"predecessor-version":[{"id":11662,"href":"https:\/\/blogs.urz.uni-halle.de\/menalib\/wp-json\/wp\/v2\/pages\/11647\/revisions\/11662"}],"up":[{"embeddable":true,"href":"https:\/\/blogs.urz.uni-halle.de\/menalib\/wp-json\/wp\/v2\/pages\/11642"}],"wp:featuredmedia":[{"embeddable":true,"href":"https:\/\/blogs.urz.uni-halle.de\/menalib\/wp-json\/wp\/v2\/media\/11629"}],"wp:attachment":[{"href":"https:\/\/blogs.urz.uni-halle.de\/menalib\/wp-json\/wp\/v2\/media?parent=11647"}],"wp:term":[{"taxonomy":"category","embeddable":true,"href":"https:\/\/blogs.urz.uni-halle.de\/menalib\/wp-json\/wp\/v2\/categories?post=11647"},{"taxonomy":"post_tag","embeddable":true,"href":"https:\/\/blogs.urz.uni-halle.de\/menalib\/wp-json\/wp\/v2\/tags?post=11647"}],"curies":[{"name":"wp","href":"https:\/\/api.w.org\/{rel}","templated":true}]}}