{"id":11650,"date":"2021-02-24T13:37:33","date_gmt":"2021-02-24T12:37:33","guid":{"rendered":"https:\/\/www.menalib.de\/?page_id=11650"},"modified":"2021-02-24T14:06:29","modified_gmt":"2021-02-24T13:06:29","slug":"orient-digital","status":"publish","type":"page","link":"https:\/\/blogs.urz.uni-halle.de\/menalib\/community\/projekte\/orient-digital\/","title":{"rendered":"Das Projekt \u201eOrient-Digital\u201c"},"content":{"rendered":"<p><\/p>\n<h2>Alte Kataloge in neuem Gewand<\/h2>\n<p>Seit Sommer 2020 l\u00e4uft unter Leitung der Staatsbibliothek zu Berlin, zusammen mit der Forschungsbibliothek Gotha, der Bayerischen Staatsbibliothek M\u00fcnchen und dem Universit\u00e4tsrechenzentrum Leipzig das Projekt mit dem Arbeitstitel \u201eOrient-Digital\u201c.<!--more--><\/p>\n<p><a href=\"https:\/\/www.menalib.de\/files\/2020\/12\/orient-digital-band-small.jpg\" class=\"broken_link\"><img loading=\"lazy\" class=\"aligncenter size-full wp-image-11217\" src=\"https:\/\/www.menalib.de\/files\/2020\/12\/orient-digital-band-small.jpg\" alt=\"\" width=\"1548\" height=\"400\" srcset=\"https:\/\/blogs.urz.uni-halle.de\/menalib\/files\/2020\/12\/orient-digital-band-small.jpg 1548w, https:\/\/blogs.urz.uni-halle.de\/menalib\/files\/2020\/12\/orient-digital-band-small-800x207.jpg 800w, https:\/\/blogs.urz.uni-halle.de\/menalib\/files\/2020\/12\/orient-digital-band-small-1280x331.jpg 1280w, https:\/\/blogs.urz.uni-halle.de\/menalib\/files\/2020\/12\/orient-digital-band-small-420x109.jpg 420w, https:\/\/blogs.urz.uni-halle.de\/menalib\/files\/2020\/12\/orient-digital-band-small-768x198.jpg 768w, https:\/\/blogs.urz.uni-halle.de\/menalib\/files\/2020\/12\/orient-digital-band-small-1536x397.jpg 1536w, https:\/\/blogs.urz.uni-halle.de\/menalib\/files\/2020\/12\/orient-digital-band-small-500x129.jpg 500w\" sizes=\"(max-width: 1548px) 100vw, 1548px\" \/><\/a><\/p>\n<p>Hierbei handelt es sich um ein von der <strong>Deutschen Forschungsgemeinschaft (DFG)<\/strong> gef\u00f6rdertes, zun\u00e4chst auf <strong>drei Jahre<\/strong> hin ausgelegtes Projekt zum Aufbau eines <strong>Verbundkatalogs<\/strong> und eines neuen <strong>Portals f\u00fcr orientalische Handschriften<\/strong> innerhalb Deutschlands. Die zentralen Ziele des Projektes sind die Etablierung gemeinsamer Erschlie\u00dfungsstandards, die Konvertierung gedruckter Kataloge in elektronische sowie die Zusammenf\u00fchrung aller bestehenden elektronischen Nachweise in einem zentralen System.<\/p>\n<p>Die Projektteams von \u201eOrient-Digital\u201c haben zwischen Juni (Gotha), August (Berlin, Leipzig) und September (M\u00fcnchen) ihre Arbeit aufgenommen. Insgesamt sind an den verschiedenen Standorten <strong>8 Projektmitarbeiter*innen<\/strong> besch\u00e4ftigt, die von festangestellten Kr\u00e4ften unterst\u00fctzt werden.<\/p>\n<h2 class=\"inline-block\">Wertvolle Best\u00e4nde und Erschlie\u00dfungsdaten sichtbarer machen<\/h2>\n<p>Wissenschaftliche Bibliotheken in Deutschland beherbergen umfangreiche und vielf\u00e4ltige Sammlungen orientalischer Handschriften. Sie sind wesentlicher Bestandteil des schriftlichen Welterbes und als Prim\u00e4rquellen f\u00fcr verschiedene Wissenschaften von h\u00f6chster Bedeutung. Im internationalen Vergleich ist die bereits erreichte Qualit\u00e4t der wissenschaftlichen Erschlie\u00dfung der Best\u00e4nde in Deutschland relativ hoch. F\u00fcr die internationale Forschung ist heute allerdings von Nachteil, dass die historischen und neueren gedruckten Kataloge sowie die Nachweise in lokalen Bibliothekssystemen und isolierten Datenbankanwendungen oftmals nur schwer zug\u00e4nglich sind.<\/p>\n<div class=\"float-box\">\n<h3 class=\"inline-block\">Informationen und Kontakt:<\/h3>\n<p>Blog: <a href=\"https:\/\/od-portal.hypotheses.org\/\">https:\/\/od-portal.hypotheses.org\/<\/a><br \/>\nE-Mail: <a href=\"ma&#105;&#108;&#116;&#x6f;&#x3a;&#x6f;&#x64;&#x2d;po&#114;&#116;&#97;&#x6c;&#x40;&#x73;&#x62;&#x62;&#46;s&#112;&#107;&#45;&#x62;&#x65;&#x72;&#x6c;&#x69;n&#46;&#100;&#101;\">&#x6f;&#100;-&#x70;&#111;r&#x74;&#97;l&#x40;&#115;b&#x62;&#46;s&#x70;&#x6b;-&#x62;&#x65;&#114;&#x6c;&#x69;&#110;&#x2e;&#x64;&#101;<\/a><br \/>\nTwitter: <a href=\"https:\/\/twitter.com\/OD_portal\">@OD_portal<\/a><\/p>\n<p><a class=\"button\" href=\"http:\/\/www.orient-digital.de\">Projekt Website<\/a><\/p>\n<\/div>\n<p>Das neue F\u00f6rderprojekt soll diese Situation verbessern, indem die <strong>Metadaten arabischer, persischer und osmanisch-t\u00fcrkischer Handschriften <\/strong>in die Datenbank \u201eOrient-Digital\u201c eingebunden, sowie \u2013 soweit bereits vorhanden \u2013 Verkn\u00fcpfungen zu Digitalisaten erstellt werden.<\/p>\n<h2 class=\"inline-block\">Kooperationspartner deutschlandweit<\/h2>\n<p>Im Rahmen des Projektes sollen aber nicht nur die gro\u00dfen Sammlungen der oben genannten Antragssteller ber\u00fccksichtigt werden. Das Ziel ist es, auch kleineren Sammlungen die Infrastruktur zu bieten, ihre Best\u00e4nde im fachlichen und materialspezifischen Kontext zu pr\u00e4sentieren. Aktuell existieren <strong>Kooperationen mit \u00fcber 25 weiteren Institutionen<\/strong>. Interessierte Einrichtungen sind herzlich eingeladen, Kontakt aufzunehmen.<\/p>\n<p>Unter <a href=\"http:\/\/www.orient-digital.de\">www.orient-digital.de<\/a> sind derzeit die Best\u00e4nde der Staatsbibliothek zu Berlin einsehbar; nach dem Launch der Portal-Anwendung im ersten Halbjahr 2021 werden unter dieser URL alle Best\u00e4nde zug\u00e4nglich sein. Mit Abschluss des Projektes sollen die Nachweise zu ca. 22.000 Handschriften im Portal zu finden sein. In einer zweiten Projektphase ist das Einbinden weiterer asiatischer und afrikanischer Sprachgruppen geplant.<\/p>\n<h2><strong>Retro-Konvertierung und Normierung <\/strong><\/h2>\n<p>Grundlagen der Retro-Konvertierung bilden die <strong>gedruckten Kataloge<\/strong> der gro\u00dfen und kleineren Sammlungen. Dies sind im Fall von Berlin 10 B\u00e4nde f\u00fcr die arabischen Handschriften von Wilhelm Ahlwardt (erschienen von 1887 bis 1899), sowie je ein Band zu den persischen und osmanisch-t\u00fcrkischen Handschriften von Wilhelm Pertsch (erschienen 1888 und 1889). Von Pertsch stammen auch die Kataloge der Gothaer Best\u00e4nde an arabischen, persischen und osmanisch-t\u00fcrkischen Handschriften (erschienen zwischen 1859 und 1893). Die Handschriften der BSB sind im Katalog von Joseph Aumer erfasst (erschienen 1866). Allen Katalogen gemeinsam sind die hohen Erschlie\u00dfungsstandards, die bis heute beispielhaft sind.<\/p>\n<p>Auch die Daten von <strong>KOHD Digital<\/strong> werden nach Ende dieses Projektes (2022) in das neue Portal integriert und damit f\u00fcr die Nutzer dauerhaft verf\u00fcgbar gemacht.<\/p>\n<p>Von zentraler Bedeutung bei der Erfassung der Katalogdaten ist die Normierung der Personendatens\u00e4tze und deren Abgleich mit den Eintr\u00e4gen in der Gemeinsamen Normdatei (GND).<\/p>\n<h2><strong>MyCoRe-Datenbank<\/strong><\/h2>\n<p>Die IT-Infrastruktur der vorhandenen elektronischen Nachweise orientalischer Handschriften wird vom <strong>Universit\u00e4tsrechenzentrum Leipzig<\/strong> angepasst, um einen optimalen Datenaustausch zu erm\u00f6glichen und um allen interessierten Einrichtungen mit Sammlungen orientalischer Handschriften zuk\u00fcnftig zur Nutzung offen zu stehen. Dazu wird in Harmonisierung der derzeit unterschiedlichen Nachweissysteme und Datenmodelle eine zentrale Portall\u00f6sung mit gemeinsamem Index aufgebaut, in die vereinheitlichte Daten weiterer externer Systeme integriert werden k\u00f6nnen.<\/p>\n<p>Die Aktivit\u00e4ten werden in enger Abstimmung mit dem ebenfalls von der DFG gef\u00f6rderten <a href=\"http:\/\/www.handschriftenportal.de\/\"><strong>Handschriftenportal<\/strong><\/a> durchgef\u00fchrt, um eine gr\u00f6\u00dftm\u00f6gliche Vereinheitlichung der technischen und bibliothekarischen Standards zu erreichen.<\/p>\n<h2>Recherche in den Best\u00e4nden<\/h2>\n<p>Die Best\u00e4nde der Projektpartner in Gotha, Leipzig und M\u00fcnchen sind bis zum Launch des neuen Portals unter folgenden Links recherchierbar:<\/p>\n<h3>Forschungsbibliothek Gotha:<\/h3>\n<ul>\n<li><a href=\"https:\/\/gothams.dl.uni-leipzig.de\">https:\/\/gothams.dl.uni-leipzig.de<\/a><\/li>\n<\/ul>\n<h3><strong>Universit\u00e4t Leipzig:<\/strong><\/h3>\n<ul>\n<li><a href=\"https:\/\/www.islamic-manuscripts.net\">https:\/\/www.islamic-manuscripts.net<\/a><\/li>\n<li><a href=\"https:\/\/www.refaiya.uni-leipzig.de\">https:\/\/www.refaiya.uni-leipzig.de<\/a><\/li>\n<\/ul>\n<h3>Bayrische Staatsbibliothek, M\u00fcnchen:<\/h3>\n<ul>\n<li><a href=\"https:\/\/www.bsb-muenchen.de\/sammlungen\/orient\/ueber-die-sammlung\/\">https:\/\/www.bsb-muenchen.de\/sammlungen\/orient\/ueber-die-sammlung\/<\/a><\/li>\n<li>Recherche: <a href=\"https:\/\/www.bsb-muenchen.de\/sammlungen\/orient\/recherche\/\">https:\/\/www.bsb-muenchen.de\/sammlungen\/orient\/recherche\/<\/a><\/li>\n<\/ul>\n<h2>Schematische \u00dcbersicht des zuk\u00fcnftigen Portals<\/h2>\n<p><a href=\"https:\/\/www.menalib.de\/files\/2020\/12\/orient-digital-uebersicht.jpg\" class=\"broken_link\"><img loading=\"lazy\" class=\"aligncenter size-full wp-image-11216\" src=\"https:\/\/www.menalib.de\/files\/2020\/12\/orient-digital-uebersicht.jpg\" alt=\"Orient Digital \u00dcbersicht\" width=\"1775\" height=\"1406\" srcset=\"https:\/\/blogs.urz.uni-halle.de\/menalib\/files\/2020\/12\/orient-digital-uebersicht.jpg 1775w, https:\/\/blogs.urz.uni-halle.de\/menalib\/files\/2020\/12\/orient-digital-uebersicht-800x634.jpg 800w, https:\/\/blogs.urz.uni-halle.de\/menalib\/files\/2020\/12\/orient-digital-uebersicht-1280x1014.jpg 1280w, https:\/\/blogs.urz.uni-halle.de\/menalib\/files\/2020\/12\/orient-digital-uebersicht-420x333.jpg 420w, https:\/\/blogs.urz.uni-halle.de\/menalib\/files\/2020\/12\/orient-digital-uebersicht-768x608.jpg 768w, https:\/\/blogs.urz.uni-halle.de\/menalib\/files\/2020\/12\/orient-digital-uebersicht-1536x1217.jpg 1536w, https:\/\/blogs.urz.uni-halle.de\/menalib\/files\/2020\/12\/orient-digital-uebersicht-379x300.jpg 379w\" sizes=\"(max-width: 1775px) 100vw, 1775px\" \/><\/a><\/p>","protected":false},"excerpt":{"rendered":"Alte Kataloge in neuem Gewand Seit Sommer 2020 l\u00e4uft unter Leitung der Staatsbibliothek zu Berlin, zusammen mit der Forschungsbibliothek Gotha, der Bayerischen Staatsbibliothek M\u00fcnchen und dem Universit\u00e4tsrechenzentrum Leipzig das Projekt mit dem Arbeitstitel \u201eOrient-Digital\u201c.","protected":false},"author":3336,"featured_media":11217,"parent":11642,"menu_order":0,"comment_status":"closed","ping_status":"closed","template":"","meta":{"ngg_post_thumbnail":0},"categories":[],"tags":[],"_links":{"self":[{"href":"https:\/\/blogs.urz.uni-halle.de\/menalib\/wp-json\/wp\/v2\/pages\/11650"}],"collection":[{"href":"https:\/\/blogs.urz.uni-halle.de\/menalib\/wp-json\/wp\/v2\/pages"}],"about":[{"href":"https:\/\/blogs.urz.uni-halle.de\/menalib\/wp-json\/wp\/v2\/types\/page"}],"author":[{"embeddable":true,"href":"https:\/\/blogs.urz.uni-halle.de\/menalib\/wp-json\/wp\/v2\/users\/3336"}],"replies":[{"embeddable":true,"href":"https:\/\/blogs.urz.uni-halle.de\/menalib\/wp-json\/wp\/v2\/comments?post=11650"}],"version-history":[{"count":4,"href":"https:\/\/blogs.urz.uni-halle.de\/menalib\/wp-json\/wp\/v2\/pages\/11650\/revisions"}],"predecessor-version":[{"id":11657,"href":"https:\/\/blogs.urz.uni-halle.de\/menalib\/wp-json\/wp\/v2\/pages\/11650\/revisions\/11657"}],"up":[{"embeddable":true,"href":"https:\/\/blogs.urz.uni-halle.de\/menalib\/wp-json\/wp\/v2\/pages\/11642"}],"wp:featuredmedia":[{"embeddable":true,"href":"https:\/\/blogs.urz.uni-halle.de\/menalib\/wp-json\/wp\/v2\/media\/11217"}],"wp:attachment":[{"href":"https:\/\/blogs.urz.uni-halle.de\/menalib\/wp-json\/wp\/v2\/media?parent=11650"}],"wp:term":[{"taxonomy":"category","embeddable":true,"href":"https:\/\/blogs.urz.uni-halle.de\/menalib\/wp-json\/wp\/v2\/categories?post=11650"},{"taxonomy":"post_tag","embeddable":true,"href":"https:\/\/blogs.urz.uni-halle.de\/menalib\/wp-json\/wp\/v2\/tags?post=11650"}],"curies":[{"name":"wp","href":"https:\/\/api.w.org\/{rel}","templated":true}]}}