{"id":12204,"date":"2021-09-15T10:22:02","date_gmt":"2021-09-15T08:22:02","guid":{"rendered":"https:\/\/www.menalib.de\/?page_id=12204"},"modified":"2021-10-29T10:26:14","modified_gmt":"2021-10-29T08:26:14","slug":"almandumah","status":"publish","type":"page","link":"https:\/\/blogs.urz.uni-halle.de\/menalib\/vifa\/fid-lizenzen\/almandumah\/","title":{"rendered":"Dar Almandumah"},"content":{"rendered":"<p><\/p>\n<div class=\"bigger-box\">\n<h2>Volltextdatenbank f\u00fcr arabische wissenschaftliche Ver\u00f6ffentlichungen<\/h2>\n<p><a href=\"https:\/\/www.menalib.de\/files\/2021\/09\/dar-almandumah-screenshot-scaled.jpg\" class=\"broken_link\"><img loading=\"lazy\" class=\"alignleft wp-image-12205 size-medium\" src=\"https:\/\/www.menalib.de\/files\/2021\/09\/dar-almandumah-screenshot-800x480.jpg\" alt=\"\" width=\"800\" height=\"480\" srcset=\"https:\/\/blogs.urz.uni-halle.de\/menalib\/files\/2021\/09\/dar-almandumah-screenshot-800x480.jpg 800w, https:\/\/blogs.urz.uni-halle.de\/menalib\/files\/2021\/09\/dar-almandumah-screenshot-1280x768.jpg 1280w, https:\/\/blogs.urz.uni-halle.de\/menalib\/files\/2021\/09\/dar-almandumah-screenshot-420x252.jpg 420w, https:\/\/blogs.urz.uni-halle.de\/menalib\/files\/2021\/09\/dar-almandumah-screenshot-768x461.jpg 768w, https:\/\/blogs.urz.uni-halle.de\/menalib\/files\/2021\/09\/dar-almandumah-screenshot-1536x921.jpg 1536w, https:\/\/blogs.urz.uni-halle.de\/menalib\/files\/2021\/09\/dar-almandumah-screenshot-2048x1228.jpg 2048w, https:\/\/blogs.urz.uni-halle.de\/menalib\/files\/2021\/09\/dar-almandumah-screenshot-500x300.jpg 500w\" sizes=\"(max-width: 800px) 100vw, 800px\" \/><\/a><a href=\"http:\/\/nahost.proxy.fid-lizenzen.de\/fid\/al-mandumah\/\">Dar Almandumah<\/a> ist eine Datenbank f\u00fcr Zeitschriften, Konferenzen und Dissertationen aus allen arabischen L\u00e4ndern.<\/p>\n<p>Sie bietet Zugang zu fast einer Million Artikel auf den Gebieten Geisteswissenschaft, Wirtschaft und Erziehung. <!--more--><\/p>\n<p><a class=\"button\" href=\"http:\/\/nahost.proxy.fid-lizenzen.de\/fid\/al-mandumah-search\">Recherche starten<\/a><\/p>\n<p>Unser Fachinformationsdienst hat eine Testphase bis zum 14. November 2021 f\u00fcr unseren <a href=\"https:\/\/www.menalib.de\/vifa\/fid-lizenzen\/al-manhal-islamic-studies-e-book-collection\/nutzerkreis\/\">Nutzerkreis<\/a> vereinbart. Bei positiven <a href=\"https:\/\/www.menalib.de\/vifa\/fid-lizenzen\/feedback-zu-fid-lizenzen\/\" class=\"broken_link\">R\u00fcckmeldungen<\/a> w\u00fcrden wir eine dauerhafte Lizenz anstreben.<\/p>\n<\/div>\n<h2>Bereiche<\/h2>\n<p>Die Almandumah-Datenbank enth\u00e4lt etwa 1900 arabische Zeitschriften, etwa 2500 Konferenzen und 200.000 Dissertationen aus allen arabischen L\u00e4ndern. Sie ist unterteilt in 6 spezialisierte Bereiche:<\/p>\n<ul>\n<li><strong>AraBase<\/strong> f\u00fcr Sprache und Literatur<\/li>\n<li><strong>IslamicInfo<\/strong> f\u00fcr islamische Studien und islamisches Recht<\/li>\n<li><strong>HumanIndex<\/strong> f\u00fcr Geisteswissenschaften<\/li>\n<li><strong>EcoLink<\/strong> f\u00fcr Wirtschafts- und Managementstudien<\/li>\n<li><strong>EduSearch<\/strong> f\u00fcr Bildung<\/li>\n<li><strong>Dissertations and Thesis<\/strong> enth\u00e4lt Volltexte und Zusammenfassungen aus 170 Hochschulen in der gesamten arabischen Welt<\/li>\n<\/ul>\n<p>&nbsp;<\/p>","protected":false},"excerpt":{"rendered":"Volltextdatenbank f\u00fcr arabische wissenschaftliche Ver\u00f6ffentlichungen Dar Almandumah ist eine Datenbank f\u00fcr Zeitschriften, Konferenzen und Dissertationen aus allen arabischen L\u00e4ndern. Sie bietet Zugang zu fast einer Million Artikel auf den Gebieten Geisteswissenschaft, Wirtschaft und Erziehung.","protected":false},"author":3336,"featured_media":12205,"parent":5785,"menu_order":0,"comment_status":"closed","ping_status":"closed","template":"","meta":{"ngg_post_thumbnail":0},"categories":[],"tags":[],"_links":{"self":[{"href":"https:\/\/blogs.urz.uni-halle.de\/menalib\/wp-json\/wp\/v2\/pages\/12204"}],"collection":[{"href":"https:\/\/blogs.urz.uni-halle.de\/menalib\/wp-json\/wp\/v2\/pages"}],"about":[{"href":"https:\/\/blogs.urz.uni-halle.de\/menalib\/wp-json\/wp\/v2\/types\/page"}],"author":[{"embeddable":true,"href":"https:\/\/blogs.urz.uni-halle.de\/menalib\/wp-json\/wp\/v2\/users\/3336"}],"replies":[{"embeddable":true,"href":"https:\/\/blogs.urz.uni-halle.de\/menalib\/wp-json\/wp\/v2\/comments?post=12204"}],"version-history":[{"count":10,"href":"https:\/\/blogs.urz.uni-halle.de\/menalib\/wp-json\/wp\/v2\/pages\/12204\/revisions"}],"predecessor-version":[{"id":12477,"href":"https:\/\/blogs.urz.uni-halle.de\/menalib\/wp-json\/wp\/v2\/pages\/12204\/revisions\/12477"}],"up":[{"embeddable":true,"href":"https:\/\/blogs.urz.uni-halle.de\/menalib\/wp-json\/wp\/v2\/pages\/5785"}],"wp:featuredmedia":[{"embeddable":true,"href":"https:\/\/blogs.urz.uni-halle.de\/menalib\/wp-json\/wp\/v2\/media\/12205"}],"wp:attachment":[{"href":"https:\/\/blogs.urz.uni-halle.de\/menalib\/wp-json\/wp\/v2\/media?parent=12204"}],"wp:term":[{"taxonomy":"category","embeddable":true,"href":"https:\/\/blogs.urz.uni-halle.de\/menalib\/wp-json\/wp\/v2\/categories?post=12204"},{"taxonomy":"post_tag","embeddable":true,"href":"https:\/\/blogs.urz.uni-halle.de\/menalib\/wp-json\/wp\/v2\/tags?post=12204"}],"curies":[{"name":"wp","href":"https:\/\/api.w.org\/{rel}","templated":true}]}}