{"id":12501,"date":"2021-11-12T13:40:22","date_gmt":"2021-11-12T12:40:22","guid":{"rendered":"https:\/\/www.menalib.de\/?page_id=12501"},"modified":"2021-11-12T13:40:22","modified_gmt":"2021-11-12T12:40:22","slug":"noorlib","status":"publish","type":"page","link":"https:\/\/blogs.urz.uni-halle.de\/menalib\/vifa\/fid-lizenzen\/noorlib\/","title":{"rendered":"Noorlib"},"content":{"rendered":"<p><\/p>\n<div class=\"bigger-box\">\n<h2>Datenbank iranischer E-Books<\/h2>\n<p><a href=\"https:\/\/www.menalib.de\/files\/2021\/11\/noorlib-screenshot-scaled.jpg\" class=\"broken_link\"><img loading=\"lazy\" class=\"alignleft wp-image-12502 size-medium\" src=\"https:\/\/www.menalib.de\/files\/2021\/11\/noorlib-screenshot-800x438.jpg\" alt=\"\" width=\"800\" height=\"438\" srcset=\"https:\/\/blogs.urz.uni-halle.de\/menalib\/files\/2021\/11\/noorlib-screenshot-800x438.jpg 800w, https:\/\/blogs.urz.uni-halle.de\/menalib\/files\/2021\/11\/noorlib-screenshot-1280x702.jpg 1280w, https:\/\/blogs.urz.uni-halle.de\/menalib\/files\/2021\/11\/noorlib-screenshot-420x230.jpg 420w, https:\/\/blogs.urz.uni-halle.de\/menalib\/files\/2021\/11\/noorlib-screenshot-768x421.jpg 768w, https:\/\/blogs.urz.uni-halle.de\/menalib\/files\/2021\/11\/noorlib-screenshot-1536x842.jpg 1536w, https:\/\/blogs.urz.uni-halle.de\/menalib\/files\/2021\/11\/noorlib-screenshot-2048x1122.jpg 2048w, https:\/\/blogs.urz.uni-halle.de\/menalib\/files\/2021\/11\/noorlib-screenshot-500x274.jpg 500w\" sizes=\"(max-width: 800px) 100vw, 800px\" \/><\/a>In der Text- &amp; Bilddatenbank Noorlib stellt das Computer Research Center of Islamic Sciences (CRCIS) im Iran Fachliteratur der Islamwissenschaften zur Verf\u00fcgung. <!--more--><\/p>\n<p><a class=\"button\" href=\"http:\/\/nahost.proxy.fid-lizenzen.de\/fid\/noorlib\/\">Zur Datenbank<\/a><\/p>\n<p>Die Datenbank bietet vielf\u00e4ltige Such- und Anzeigeoptionen und umfasst derzeit \u00fcber 48.000 Titel in \u00fcber 70.000 B\u00e4nden aus den Bereichen Islam, persische Literatur, arabische Literatur, Geschichte, Geographie, Sozialwissenschaften, Kunst und Philosophie.<\/p>\n<p>Literaturangaben und Zitate k\u00f6nnen in BibTeX, Endnote und Zetero exportiert werden.<\/p>\n<p><a href=\"#access-information\">Zugangshinweise<\/a><\/p>\n<p>Unser Fachinformationsdienst hat eine Testphase dieses Produktes bis zum 25. Januar 2022 f\u00fcr unseren <a href=\"https:\/\/www.menalib.de\/vifa\/fid-lizenzen\/al-manhal-islamic-studies-e-book-collection\/nutzerkreis\/\">Nutzerkreis<\/a> vereinbart. Bei positiven <a href=\"https:\/\/www.menalib.de\/vifa\/fid-lizenzen\/feedback-zu-fid-lizenzen\/\" class=\"broken_link\">R\u00fcckmeldungen<\/a> w\u00fcrden wir eine dauerhafte Lizenz anstreben.<\/p>\n<\/div>\n<h2>PDF-Download<\/h2>\n<p>Der Download von PDFs ist f\u00fcr die Testperiode leider limitiert. Eine Betrachtung der Dokumente im PDF-Viewer der Website ist jedoch m\u00f6glich.<\/p>\n<h2 id=\"access-information\" class=\"inline-block\">Zugangshinweise<\/h2>\n<p>Der Zugang steht Angeh\u00f6rigen der Institutionen unseres <a href=\"https:\/\/www.menalib.de\/vifa\/fid-lizenzen\/al-manhal-islamic-studies-e-book-collection\/nutzerkreis\/\">Nutzerkreises<\/a> bis zum 25. Januar 2022 zur Verf\u00fcgung. Die Authentifizierung erfolgt durch die IP-Nummern des jeweiligen Netzwerkes.<\/p>\n<p>Bei der Arbeit im Home Office wird eine VPN- oder andere Remote-Verbindung ben\u00f6tigt. Sollte Ihnen kein Zugang per Remote-Verbindung m\u00f6glich sein, k\u00f6nnen Sie sich <a href=\"https:\/\/nahost.fid-lizenzen.de\/kfllogin\">als Einzelnutzer anmelden<\/a>.<\/p>","protected":false},"excerpt":{"rendered":"Datenbank iranischer E-Books In der Text- &amp; Bilddatenbank Noorlib stellt das Computer Research Center of Islamic Sciences (CRCIS) im Iran Fachliteratur der Islamwissenschaften zur Verf\u00fcgung.","protected":false},"author":3336,"featured_media":12502,"parent":5785,"menu_order":0,"comment_status":"closed","ping_status":"closed","template":"","meta":{"ngg_post_thumbnail":0},"categories":[],"tags":[],"_links":{"self":[{"href":"https:\/\/blogs.urz.uni-halle.de\/menalib\/wp-json\/wp\/v2\/pages\/12501"}],"collection":[{"href":"https:\/\/blogs.urz.uni-halle.de\/menalib\/wp-json\/wp\/v2\/pages"}],"about":[{"href":"https:\/\/blogs.urz.uni-halle.de\/menalib\/wp-json\/wp\/v2\/types\/page"}],"author":[{"embeddable":true,"href":"https:\/\/blogs.urz.uni-halle.de\/menalib\/wp-json\/wp\/v2\/users\/3336"}],"replies":[{"embeddable":true,"href":"https:\/\/blogs.urz.uni-halle.de\/menalib\/wp-json\/wp\/v2\/comments?post=12501"}],"version-history":[{"count":3,"href":"https:\/\/blogs.urz.uni-halle.de\/menalib\/wp-json\/wp\/v2\/pages\/12501\/revisions"}],"predecessor-version":[{"id":12505,"href":"https:\/\/blogs.urz.uni-halle.de\/menalib\/wp-json\/wp\/v2\/pages\/12501\/revisions\/12505"}],"up":[{"embeddable":true,"href":"https:\/\/blogs.urz.uni-halle.de\/menalib\/wp-json\/wp\/v2\/pages\/5785"}],"wp:featuredmedia":[{"embeddable":true,"href":"https:\/\/blogs.urz.uni-halle.de\/menalib\/wp-json\/wp\/v2\/media\/12502"}],"wp:attachment":[{"href":"https:\/\/blogs.urz.uni-halle.de\/menalib\/wp-json\/wp\/v2\/media?parent=12501"}],"wp:term":[{"taxonomy":"category","embeddable":true,"href":"https:\/\/blogs.urz.uni-halle.de\/menalib\/wp-json\/wp\/v2\/categories?post=12501"},{"taxonomy":"post_tag","embeddable":true,"href":"https:\/\/blogs.urz.uni-halle.de\/menalib\/wp-json\/wp\/v2\/tags?post=12501"}],"curies":[{"name":"wp","href":"https:\/\/api.w.org\/{rel}","templated":true}]}}