{"id":12918,"date":"2022-03-08T13:25:53","date_gmt":"2022-03-08T12:25:53","guid":{"rendered":"https:\/\/www.menalib.de\/?page_id=12918"},"modified":"2025-05-27T15:39:45","modified_gmt":"2025-05-27T13:39:45","slug":"logo","status":"publish","type":"page","link":"https:\/\/blogs.urz.uni-halle.de\/menalib\/about\/logo\/","title":{"rendered":"Das Logo des FID Nahost"},"content":{"rendered":"<p><\/p>\n<h2>Beschreibung<\/h2>\n<p>Das Logo des Fachinformationsdienstes Nahost-, Nordafrika- und Islamstudien dient der schnellen Zuordnung und Wiedererkennung aller vom FID bereitgestellten Ver\u00f6ffentlichungen und Services. Es besteht aus dem Signet und einem zweizeiligen Schriftzug.<\/p>\n<h3>Signet<\/h3>\n<p>Das Signet assoziiert einen stilisierten Fenster- oder Torbogen aus der islamischen Architektur und soll damit einen Bogen zur regionalen und thematischen Ausrichtung des FID schlagen (MENA-Region und Islam).<\/p>\n<p><a href=\"https:\/\/www.menalib.de\/files\/2022\/04\/logo-signet-beispiel-scaled.jpg\" class=\"broken_link\"><img loading=\"lazy\" class=\"alignleft wp-image-13150 size-medium\" src=\"https:\/\/www.menalib.de\/files\/2022\/04\/logo-signet-beispiel-800x466.jpg\" alt=\"\" width=\"800\" height=\"466\" srcset=\"https:\/\/blogs.urz.uni-halle.de\/menalib\/files\/2022\/04\/logo-signet-beispiel-800x466.jpg 800w, https:\/\/blogs.urz.uni-halle.de\/menalib\/files\/2022\/04\/logo-signet-beispiel-1280x745.jpg 1280w, https:\/\/blogs.urz.uni-halle.de\/menalib\/files\/2022\/04\/logo-signet-beispiel-420x245.jpg 420w, https:\/\/blogs.urz.uni-halle.de\/menalib\/files\/2022\/04\/logo-signet-beispiel-768x447.jpg 768w, https:\/\/blogs.urz.uni-halle.de\/menalib\/files\/2022\/04\/logo-signet-beispiel-1536x894.jpg 1536w, https:\/\/blogs.urz.uni-halle.de\/menalib\/files\/2022\/04\/logo-signet-beispiel-2048x1193.jpg 2048w, https:\/\/blogs.urz.uni-halle.de\/menalib\/files\/2022\/04\/logo-signet-beispiel-500x291.jpg 500w\" sizes=\"(max-width: 800px) 100vw, 800px\" \/><\/a><\/p>\n<p><img loading=\"lazy\" class=\"wp-image-12916 size-medium alignright\" src=\"https:\/\/www.menalib.de\/files\/2022\/03\/fid-logo-high-end-2018.svg\" alt=\"\" width=\"800\" height=\"2400\" srcset=\"https:\/\/blogs.urz.uni-halle.de\/menalib\/files\/\/2022\/03\/fid-logo-high-end-2018.svg 420w, https:\/\/blogs.urz.uni-halle.de\/menalib\/files\/\/2022\/03\/fid-logo-high-end-2018.svg 800w, https:\/\/blogs.urz.uni-halle.de\/menalib\/files\/\/2022\/03\/fid-logo-high-end-2018.svg 1280w\" sizes=\"(max-width: 800px) 100vw, 800px\" \/><\/p>\n<p>&nbsp;<\/p>\n<h3>Schriftzug<\/h3>\n<p>Als Schriftzug wird haupts\u00e4chlich die Variante f\u00fcr die &#8222;Dachmarke Fachinformationsdienst&#8220; verwendet (&#8222;FID Nahost Nordafrika und Islamstudien&#8220;). Komma und Bindestriche wurden hier nur aus gestalterischen Gr\u00fcnden weggelassen. Diese Variante soll auch von Dritten genutzt werden, um auf den FID Nahost zu verweisen.<\/p>\n<p>Der FID-Schriftzug wird nur auf Deutsch verwendet. In internationalen Kontexten empfehlen wir, an geeigneter Stelle folgende englische \u00dcbersetzung hinzuzuf\u00fcgen:<\/p>\n<p style=\"text-align: center\">&#8222;Specialised Information Service (FID) Middle East, North Africa and Islamic Studies&#8220;<\/p>\n<p>F\u00fcr bestimmte Services verwendet der Fachinformationsdienst das Signet auch mit anderen Schriftz\u00fcgen. Beispiele sind das Webportal mit seiner Virtuellen Fachbibliothek (<a href=\"https:\/\/www.menalib.de\/\">MENALIB<\/a>), der Blueskykanal des FID (<a href=\"https:\/\/bsky.app\/profile\/menalib.bsky.social\">@menalib<\/a>) und das Fachrepositorium (MENAdoc).<\/p>\n<h2 class=\"table-cell\">Downloads<\/h2>\n<p>Zur optimalen Darstellung in unterschiedlichen Anwendungsumgebungen und Medien wurden zwei Varianten des FID-Logos erarbeitet:<\/p>\n<h3>High-End-Version<\/h3>\n<p><img loading=\"lazy\" class=\"alignleft wp-image-12916 size-medium\" src=\"https:\/\/www.menalib.de\/files\/2022\/03\/fid-logo-high-end-2018.svg\" alt=\"\" width=\"800\" height=\"2400\" srcset=\"https:\/\/blogs.urz.uni-halle.de\/menalib\/files\/\/2022\/03\/fid-logo-high-end-2018.svg 420w, https:\/\/blogs.urz.uni-halle.de\/menalib\/files\/\/2022\/03\/fid-logo-high-end-2018.svg 800w, https:\/\/blogs.urz.uni-halle.de\/menalib\/files\/\/2022\/03\/fid-logo-high-end-2018.svg 1280w\" sizes=\"(max-width: 800px) 100vw, 800px\" \/><\/p>\n<p>Die &#8222;High-End-Version&#8220; ist f\u00fcr die Anwendung auf wei\u00dfen Hintergr\u00fcnden im Mehrfarbdruck oder digital in sehr hoher Aufl\u00f6sung gedacht.<\/p>\n<p><a class=\"button broken_link\" href=\"https:\/\/www.menalib.de\/files\/2022\/03\/fid-logo-high-end-2018.svg\">SVG<\/a> <a class=\"button broken_link\" href=\"https:\/\/www.menalib.de\/files\/2022\/03\/fid-logo-high-end-2018.png\">PNG<\/a> <a class=\"button broken_link\" href=\"https:\/\/www.menalib.de\/files\/2022\/03\/fid-logo-high-end-2018.jpg\">JPG<\/a><\/p>\n<p>Im Signet werden die Farbabstufungen #53602E, #9FC16F, #C2E28F und #EDFCC8 verwendet. Die Textfarbe ist #414B24.<\/p>\n<p>&nbsp;<\/p>\n<h3>Flexible Version<\/h3>\n<p><img loading=\"lazy\" class=\"alignleft wp-image-12913 size-medium\" src=\"https:\/\/www.menalib.de\/files\/2022\/03\/fid-logo-flexible-de-2018.svg\" alt=\"\" width=\"800\" height=\"2400\" srcset=\"https:\/\/blogs.urz.uni-halle.de\/menalib\/files\/\/2022\/03\/fid-logo-flexible-de-2018.svg 420w, https:\/\/blogs.urz.uni-halle.de\/menalib\/files\/\/2022\/03\/fid-logo-flexible-de-2018.svg 800w, https:\/\/blogs.urz.uni-halle.de\/menalib\/files\/\/2022\/03\/fid-logo-flexible-de-2018.svg 1280w\" sizes=\"(max-width: 800px) 100vw, 800px\" \/><\/p>\n<p>Die &#8222;Flexible Version&#8220; eignet sich f\u00fcr den Schwarz-Wei\u00df Druck und andere einfarbige Anwendungen sowie f\u00fcr die Darstellung auf (mehr)farbigen Hintergr\u00fcnden.<\/p>\n<p><a class=\"button broken_link\" href=\"https:\/\/www.menalib.de\/files\/2022\/03\/fid-logo-flexible-de-2018.svg\">SVG<\/a> <a class=\"button broken_link\" href=\"https:\/\/www.menalib.de\/files\/2022\/03\/fid-logo-flexible-2018.png\">PNG<\/a> <a class=\"button broken_link\" href=\"https:\/\/www.menalib.de\/files\/2022\/03\/fid-logo-flexible-2018.jpg\">JPG<\/a><\/p>\n<p>F\u00fcr diese Variante ist keine Farbe vorgeschrieben. Allerdings sollte ein ausreichender Kontrast vorhanden sein.<\/p>\n<h3>Style Guide<\/h3>\n<p>&#8222;A Very Quick Guide to the <span dir=\"ltr\" role=\"presentation\">Logo of the Fachinformationsdienst (FID) Nahost-, <\/span><span dir=\"ltr\" role=\"presentation\">Nordafrika- und Islamstudien&#8220; erkl\u00e4rt die gew\u00fcnschte Verwendung unseres Logos in einem kurzen \u00dcberblick. <\/span><\/p>\n<p><a class=\"button broken_link\" href=\"https:\/\/www.menalib.de\/files\/2022\/03\/fid-logo-2018-guide.pdf\">PDF<\/a><\/p>","protected":false},"excerpt":{"rendered":"Beschreibung Das Logo des Fachinformationsdienstes Nahost-, Nordafrika- und Islamstudien dient der schnellen Zuordnung und Wiedererkennung aller vom FID bereitgestellten Ver\u00f6ffentlichungen und Services. Es besteht aus dem Signet und einem zweizeiligen Schriftzug. Signet Das Signet assoziiert einen stilisierten Fenster- oder Torbogen &hellip; <a href=\"https:\/\/blogs.urz.uni-halle.de\/menalib\/about\/logo\/\">Weiterlesen <span class=\"meta-nav\">&rarr;<\/span><\/a>","protected":false},"author":4226,"featured_media":0,"parent":12,"menu_order":0,"comment_status":"closed","ping_status":"closed","template":"","meta":{"ngg_post_thumbnail":0},"categories":[],"tags":[],"_links":{"self":[{"href":"https:\/\/blogs.urz.uni-halle.de\/menalib\/wp-json\/wp\/v2\/pages\/12918"}],"collection":[{"href":"https:\/\/blogs.urz.uni-halle.de\/menalib\/wp-json\/wp\/v2\/pages"}],"about":[{"href":"https:\/\/blogs.urz.uni-halle.de\/menalib\/wp-json\/wp\/v2\/types\/page"}],"author":[{"embeddable":true,"href":"https:\/\/blogs.urz.uni-halle.de\/menalib\/wp-json\/wp\/v2\/users\/4226"}],"replies":[{"embeddable":true,"href":"https:\/\/blogs.urz.uni-halle.de\/menalib\/wp-json\/wp\/v2\/comments?post=12918"}],"version-history":[{"count":10,"href":"https:\/\/blogs.urz.uni-halle.de\/menalib\/wp-json\/wp\/v2\/pages\/12918\/revisions"}],"predecessor-version":[{"id":15521,"href":"https:\/\/blogs.urz.uni-halle.de\/menalib\/wp-json\/wp\/v2\/pages\/12918\/revisions\/15521"}],"up":[{"embeddable":true,"href":"https:\/\/blogs.urz.uni-halle.de\/menalib\/wp-json\/wp\/v2\/pages\/12"}],"wp:attachment":[{"href":"https:\/\/blogs.urz.uni-halle.de\/menalib\/wp-json\/wp\/v2\/media?parent=12918"}],"wp:term":[{"taxonomy":"category","embeddable":true,"href":"https:\/\/blogs.urz.uni-halle.de\/menalib\/wp-json\/wp\/v2\/categories?post=12918"},{"taxonomy":"post_tag","embeddable":true,"href":"https:\/\/blogs.urz.uni-halle.de\/menalib\/wp-json\/wp\/v2\/tags?post=12918"}],"curies":[{"name":"wp","href":"https:\/\/api.w.org\/{rel}","templated":true}]}}