{"id":13532,"date":"2022-11-11T14:58:22","date_gmt":"2022-11-11T13:58:22","guid":{"rendered":"https:\/\/www.menalib.de\/?page_id=13532"},"modified":"2023-09-08T10:15:12","modified_gmt":"2023-09-08T08:15:12","slug":"al-manhal-eba-modell","status":"publish","type":"page","link":"https:\/\/blogs.urz.uni-halle.de\/menalib\/vifa\/fid-lizenzen\/al-manhal-eba-modell\/","title":{"rendered":"Al Manhal EBA-Modell"},"content":{"rendered":"<p><img loading=\"lazy\" class=\"alignleft wp-image-8364 size-full\" src=\"https:\/\/www.menalib.de\/files\/2019\/02\/al-manhal-logo-text-bottom.svg\" alt=\"Logo Al Manhal\" width=\"114\" height=\"110\" \/>Mit dem EBA-Modell des arabischen Anbieters<em> <a href=\"https:\/\/www.almanhal.com\/en\" target=\"_blank\" rel=\"noopener noreferrer\">Al Manhal<\/a> <\/em> versuchen wir uns an einer neuen Form der digitalen Erwerbung, die eine zielgerichtete Erwerbung auf Basis von Nutzungsstatistiken erm\u00f6glicht. Die Sammlung umfasst \u00fcber 12.000 E-Books<!--more--> \u00fcberwiegend in arabischer Sprache zu den verschiedenen Themen.<\/p>\n<p>Unter einem EBA-Modell versteht man eine \u201eEvidence Based Acquisition\u201c, das hei\u00dft eine \u200eNutzerbasierte Erwerbung. Der Anbieter Al Manhal \u00f6ffnet dabei f\u00fcr ein Jahr Teile seiner Sammlung \u200eund stellt B\u00fccher aus der arabischen Welt als E-Books bereit. Anhand der Nutzungsstatistiken \u200ewerden die aufgerufenen Werke anschlie\u00dfend dauerhaft erworben. \u200eDie M\u00f6glichkeiten, mit dem Material zu interagieren, um die Nutzerstatistiken zu steigern, sind vielf\u00e4ltig. Sie k\u00f6nnen die Seiten des Buches durchbl\u00e4ttern, die Sie interessant finden, Sie k\u00f6nnen das Werk herunterladen, Sie k\u00f6nnen es zitieren, etwas daraus kopieren oder ausdrucken.<\/p>\n<p>Hier sehen Sie eine Auflistung der verschiedenen Themenbereiche, die im EBA-Modell abgedeckt werden:<\/p>\n<p><strong>Themengebiete:\u200e<\/strong><br \/>\n<em>Art and Architecture<\/em> (90 E-Books)\u200e<br \/>\n<em>Arts<\/em> (205 E-Books)\u200e<br \/>\n<em>Heritage<\/em> (5539 E-Books)\u200e<br \/>\n<em>History, Geography &amp; Biography<\/em> (1219 E-Books)\u200e<br \/>\n<em>Islamic Studies<\/em> (962 E-Books)\u200e<br \/>\n<em>Law<\/em> (1387 E-Books)\u200e<br \/>\n<em>Political Science &amp; International Relations<\/em> (1681 E-Books)\u200e<br \/>\n<em>Social Sciences<\/em> (1802 E-Books)\u200e<\/p>\n<h2>Zugang<\/h2>\n<p>Das Angebot ist deutschlandweit und an deutschen Auslandsinstituten \u00fcber das System der<a href=\"https:\/\/www.menalib.de\/vifa\/fid-lizenzen\/nutzerkreismodelle-der-fid-lizenzen\/#national\"> Nationallizenzen<\/a> kostenfrei zug\u00e4nglich. Fragen Sie in Ihrer Bibliothek nach der <a href=\"https:\/\/www.nationallizenzen.de\/angebote\/nlproduct.2021-09-16.7512150307\">Registrierung dieser Lizenz<\/a> falls der Zugriff noch nicht m\u00f6glich ist.<\/p>\n<p><a class=\"button\" href=\"https:\/\/platform.almanhal.com\/\">Zur E-Book Sammlung auf der Plattform<\/a><br \/>\nDieser Link leitet Sie auf die Plattform des Anbieters weiter. Hier k\u00f6nnen Sie in Originalschrift Ihre Recherche starten. <\/p>\n<p><a class=\"button\" href=\"https:\/\/kxp.k10plus.de\/DB=2.1\/CMD?MATCFILTER=N&amp;MATCSET=N&amp;ACT0=&amp;IKT0=&amp;TRM0=&amp;ACT3=*&amp;IKT3=8183&amp;ACT=SRCHA&amp;IKT=1016&amp;SRT=YOP&amp;CMD_COLLAPSE=N&amp;TRM=xpr+%27GBV-1-AIS%27&amp;COOKIE=U1159564,K0003LOGIN,D2.1,E280d3328-2,I65,B0003++++++,SY,QDEF,A,H12,,73,,76-77,,88-90,NULB+HALLE,R141.48.67.223,FN\">Zur E-Book Sammlung im Katalog<\/a><br \/>\nDieser Link leitet Sie zu den Eintr\u00e4gen im GVK-Katalog weiter.<\/p>\n<p>Einzelpersonen, die nicht zu dem speziellen Nutzerkreis geh\u00f6ren, k\u00f6nnen sich an das <a href=\"http:\/\/nahost.fid-lizenzen.de\/kfllogin\">FID-Team<\/a> wenden. Zugangsberechtigt sind\u00a0Wissenschaftler und Wissenschaftlerinnen mit Wohnsitz in Deutschland und einschl\u00e4gigem Forschungsinteresse.<\/p>\n<h2>Hilfe bei der Nutzung der Plattform:<\/h2>\n<p>Die Plattform von Al Manhal bietet zahlreiche Werkzeuge zur Recherche. Einige sind nur nach Anmeldung nutzbar aber nicht unbedingt erforderlich.<\/p>\n<ul>\n<li>Alle Titel liegen als Volltext vor.<\/li>\n<li>Volltextsuche in Arabisch ist \u00fcber eine virtuelle Tastatur m\u00f6glich.<\/li>\n<\/ul>\n<p><a href=\"https:\/\/platform-almanhal-com.fid-nahost.idm.oclc.org\/Help\/UserManual\" target=\"_blank\" rel=\"noopener noreferrer\">Weitere Hinweise zur Nutzung finden Sie auch in dem Manual der Plattform.<\/a><\/p>","protected":false},"excerpt":{"rendered":"Mit dem EBA-Modell des arabischen Anbieters Al Manhal versuchen wir uns an einer neuen Form der digitalen Erwerbung, die eine zielgerichtete Erwerbung auf Basis von Nutzungsstatistiken erm\u00f6glicht. Die Sammlung umfasst \u00fcber 12.000 E-Books","protected":false},"author":5537,"featured_media":0,"parent":5785,"menu_order":0,"comment_status":"closed","ping_status":"closed","template":"","meta":{"ngg_post_thumbnail":0},"categories":[],"tags":[],"_links":{"self":[{"href":"https:\/\/blogs.urz.uni-halle.de\/menalib\/wp-json\/wp\/v2\/pages\/13532"}],"collection":[{"href":"https:\/\/blogs.urz.uni-halle.de\/menalib\/wp-json\/wp\/v2\/pages"}],"about":[{"href":"https:\/\/blogs.urz.uni-halle.de\/menalib\/wp-json\/wp\/v2\/types\/page"}],"author":[{"embeddable":true,"href":"https:\/\/blogs.urz.uni-halle.de\/menalib\/wp-json\/wp\/v2\/users\/5537"}],"replies":[{"embeddable":true,"href":"https:\/\/blogs.urz.uni-halle.de\/menalib\/wp-json\/wp\/v2\/comments?post=13532"}],"version-history":[{"count":11,"href":"https:\/\/blogs.urz.uni-halle.de\/menalib\/wp-json\/wp\/v2\/pages\/13532\/revisions"}],"predecessor-version":[{"id":14423,"href":"https:\/\/blogs.urz.uni-halle.de\/menalib\/wp-json\/wp\/v2\/pages\/13532\/revisions\/14423"}],"up":[{"embeddable":true,"href":"https:\/\/blogs.urz.uni-halle.de\/menalib\/wp-json\/wp\/v2\/pages\/5785"}],"wp:attachment":[{"href":"https:\/\/blogs.urz.uni-halle.de\/menalib\/wp-json\/wp\/v2\/media?parent=13532"}],"wp:term":[{"taxonomy":"category","embeddable":true,"href":"https:\/\/blogs.urz.uni-halle.de\/menalib\/wp-json\/wp\/v2\/categories?post=13532"},{"taxonomy":"post_tag","embeddable":true,"href":"https:\/\/blogs.urz.uni-halle.de\/menalib\/wp-json\/wp\/v2\/tags?post=13532"}],"curies":[{"name":"wp","href":"https:\/\/api.w.org\/{rel}","templated":true}]}}