{"id":13864,"date":"2023-02-01T13:07:05","date_gmt":"2023-02-01T12:07:05","guid":{"rendered":"https:\/\/www.menalib.de\/?page_id=13864"},"modified":"2023-04-03T09:42:48","modified_gmt":"2023-04-03T07:42:48","slug":"muteferriqa","status":"publish","type":"page","link":"https:\/\/blogs.urz.uni-halle.de\/menalib\/vifa\/fid-lizenzen\/muteferriqa\/","title":{"rendered":"Muteferriqa"},"content":{"rendered":"<p><img loading=\"lazy\" class=\"alignleft wp-image-8364 size-small\" src=\"https:\/\/www.menalib.de\/files\/2023\/02\/muteferriqa_screenshot_for_website_info-on_keyboard-on_wb.png\" alt=\"Muteferriqa\" width=\"480\" height=\"270\">Bei <em><a href=\"http:\/\/muteferriqa.com\/en\/\">Muteferriqa<\/a><\/em> handelt es sich um ein Rechercheportal f\u00fcr gedruckte osmanische t\u00fcrkische Dokumente. Herausgebracht durch <em>Miletos <\/em>soll <em>Muteferriqa <\/em>dazu dienen einen vereinfachten Einstieg<!--more--> in die Recherche von historischen Dokumenten aus dem letzten osmanischen Jahrhundert und den Anf\u00e4ngen der Republik zu bieten und neue Wege in der Osmanistik zu er\u00f6ffnen.<\/p>\n<h2>\u00dcber Muteferriqa<\/h2>\n<p>Von der Webseite des Anbieters:<\/p>\n<p><em>Muteferriqa<\/em> kombiniert dabei den historischen Inhalt mit den Vorz\u00fcgen einer modernen Suchmaschine, die die Recherche erleichtern und auch verk\u00fcrzen k\u00f6nnen. Es erm\u00f6glicht eine sekundenschnelle Volltextsuche in Millionen von Seiten seines Korpus, der praktisch alle B\u00fccher und einen Gro\u00dfteil der Zeitschriften umfasst, die jemals in osmanischem T\u00fcrkisch gedruckt wurden. Die Verfeinerung von Suchanfragen durch reichhaltige und umfangreiche Metadaten liefert relevante Querschnitte aus dem Material.<\/p>\n<p>Unser Fachinformationsdienst hat eine Testphase dieses Produktes bis zum <strong>30. April 2023<\/strong> f\u00fcr unseren <a href=\"https:\/\/www.menalib.de\/vifa\/fid-lizenzen\/al-manhal-islamic-studies-e-book-collection\/nutzerkreis\/\">Nutzerkreis<\/a> vereinbart. Bei positiven <a href=\"https:\/\/www.menalib.de\/vifa\/fid-lizenzen\/feedback-zu-fid-lizenzen\/\" class=\"broken_link\">R\u00fcckmeldungen<\/a> w\u00fcrden wir eine dauerhafte Lizenz anstreben.<\/p>\n<p><a class=\"button\" href=\"http:\/\/nahost.proxy.fid-lizenzen.de\/fid\/muteferriqa\/\">Zur Suchmaschine<\/a><\/p>\n<p>Dieser Link leitet Sie auf die Plattform des Anbieters weiter.<\/p>\n<h2>Suchfunktionen<\/h2>\n<p><em>Muteferriqa <\/em>bietet Ihnen folgende Funktionen:<\/p>\n<ul>\n<li>Volltextsuche in Millionen von Seiten osmanisch-t\u00fcrkischer gedruckter B\u00fccher und Periodika<\/li>\n<li>Erweiterte Suche, um Metadatenabfragen und Volltextabfragen mit logischen Operatoren zu kombinieren<\/li>\n<li>Wildcard-Suche, bei der Sonderzeichen f\u00fcr ein beliebiges Zeichen stehen, z. B. um W\u00f6rter mit Suffixen zu finden<\/li>\n<li>Unscharfe Suche, bei der einige Zeichen nicht \u00fcbereinstimmen d\u00fcrfen, z. B. um Schreibvarianten f\u00fcr ausl\u00e4ndische Namen zu finden<\/li>\n<li>N\u00e4herungssuche, um mehrere W\u00f6rter in einem bestimmten Abstand zueinander zu finden, m\u00f6glicherweise im selben Satz oder Absatz<\/li>\n<\/ul>\n<h2>Discovery-Funktionen<\/h2>\n<ul>\n<li>Entdecken Sie \u00e4hnliches Bildmaterial durch Empfehlungen, die auf dem visuellen Inhalt basieren<\/li>\n<li>Entdecken Sie \u00e4hnliche Titel mit inhaltsbasierten Empfehlungen<\/li>\n<li>Entdecken Sie Suchbegriffe, die Sie m\u00f6glicherweise zu dem f\u00fchren, was Sie suchen, mit automatischen Suchvorschl\u00e4gen<\/li>\n<\/ul>\n<h2>Benutzerfreundlich<\/h2>\n<ul>\n<li>Behalten Sie den \u00dcberblick \u00fcber Ihre Recherchen mit Lesezeichen und gespeicherten Suchen<\/li>\n<li>Navigieren Sie mit Hilfe der umfassenden Indexseiten von Muteferriqa m\u00fchelos durch die Titel<\/li>\n<li>Verwenden Sie die ma\u00dfgeschneiderte virtuelle Tastatur, um Ihre Suchanfragen in arabischer Schrift einzugeben und um die erweiterten Funktionen wie die Umkreissuche zu nutzen<\/li>\n<li>Facettensuche, um Suchergebnisse nach Metadaten zu filtern<\/li>\n<\/ul>\n<h2>Recherchetools<\/h2>\n<p><em>Muteferriqa <\/em>bietet Ihnen f\u00fcr Ihre Recherche:<\/p>\n<ul>\n<li>Volltextsuche in osmanisch-t\u00fcrkischen Zeitungen und Zeitschriften<\/li>\n<li>Suchergebnisse nach Metadaten filtern<\/li>\n<li>Kombinieren von Suchanfragen (Autor, Datum, Volltext usw.) in der erweiterten Suche<\/li>\n<li>Finden von \u00e4hnliche W\u00f6rter und\/oder Ausdr\u00fccke mit der unscharfen Suche<\/li>\n<li>Suchen in einer bestimmten Ausgabe oder in der gesamten Datenbank<\/li>\n<li>Empfehlungen f\u00fcr verwandte Inhalte<\/li>\n<li>Setzen von Lesezeichen f\u00fcr die gefundenen Texte<\/li>\n<li>Mit virtueller osmanisch-t\u00fcrkischer Tastatur<\/li>\n<\/ul>\n<h2>Zugangshinweise<\/h2>\n<p>Der Zugang steht Angeh\u00f6rigen der Institutionen unseres <a href=\"https:\/\/www.menalib.de\/vifa\/fid-lizenzen\/al-manhal-islamic-studies-e-book-collection\/nutzerkreis\/\">Nutzerkreises<\/a> bis zum <strong>31. M\u00e4rz 2023<\/strong> zur Verf\u00fcgung. Die Authentifizierung erfolgt durch die IP-Nummern des jeweiligen Netzwerkes.<\/p>\n<p>Bei der Arbeit im Home Office wird eine VPN- oder andere Remote-Verbindung ben\u00f6tigt. Sollte Ihnen kein Zugang per Remote-Verbindung m\u00f6glich sein, k\u00f6nnen Sie sich <a href=\"https:\/\/nahost.fid-lizenzen.de\/kfllogin\">als Einzelnutzer anmelden<\/a>.<\/p>","protected":false},"excerpt":{"rendered":"Bei Muteferriqa handelt es sich um ein Rechercheportal f\u00fcr gedruckte osmanische t\u00fcrkische Dokumente. Herausgebracht durch Miletos soll Muteferriqa dazu dienen einen vereinfachten Einstieg","protected":false},"author":5537,"featured_media":0,"parent":5785,"menu_order":0,"comment_status":"closed","ping_status":"closed","template":"","meta":{"ngg_post_thumbnail":0},"categories":[],"tags":[],"_links":{"self":[{"href":"https:\/\/blogs.urz.uni-halle.de\/menalib\/wp-json\/wp\/v2\/pages\/13864"}],"collection":[{"href":"https:\/\/blogs.urz.uni-halle.de\/menalib\/wp-json\/wp\/v2\/pages"}],"about":[{"href":"https:\/\/blogs.urz.uni-halle.de\/menalib\/wp-json\/wp\/v2\/types\/page"}],"author":[{"embeddable":true,"href":"https:\/\/blogs.urz.uni-halle.de\/menalib\/wp-json\/wp\/v2\/users\/5537"}],"replies":[{"embeddable":true,"href":"https:\/\/blogs.urz.uni-halle.de\/menalib\/wp-json\/wp\/v2\/comments?post=13864"}],"version-history":[{"count":10,"href":"https:\/\/blogs.urz.uni-halle.de\/menalib\/wp-json\/wp\/v2\/pages\/13864\/revisions"}],"predecessor-version":[{"id":14053,"href":"https:\/\/blogs.urz.uni-halle.de\/menalib\/wp-json\/wp\/v2\/pages\/13864\/revisions\/14053"}],"up":[{"embeddable":true,"href":"https:\/\/blogs.urz.uni-halle.de\/menalib\/wp-json\/wp\/v2\/pages\/5785"}],"wp:attachment":[{"href":"https:\/\/blogs.urz.uni-halle.de\/menalib\/wp-json\/wp\/v2\/media?parent=13864"}],"wp:term":[{"taxonomy":"category","embeddable":true,"href":"https:\/\/blogs.urz.uni-halle.de\/menalib\/wp-json\/wp\/v2\/categories?post=13864"},{"taxonomy":"post_tag","embeddable":true,"href":"https:\/\/blogs.urz.uni-halle.de\/menalib\/wp-json\/wp\/v2\/tags?post=13864"}],"curies":[{"name":"wp","href":"https:\/\/api.w.org\/{rel}","templated":true}]}}