{"id":15002,"date":"2024-09-26T08:47:54","date_gmt":"2024-09-26T06:47:54","guid":{"rendered":"https:\/\/www.menalib.de\/?page_id=15002"},"modified":"2024-10-01T13:14:28","modified_gmt":"2024-10-01T11:14:28","slug":"alevitische_bibliothek","status":"publish","type":"page","link":"https:\/\/blogs.urz.uni-halle.de\/menalib\/community\/projekte\/alevitische_bibliothek\/","title":{"rendered":"Alevitische Bibliothek"},"content":{"rendered":"<p><div id=\"attachment_12535\" style=\"width: 407px\" class=\"wp-caption alignright\"><a href=\"https:\/\/www.menalib.de\/files\/2024\/10\/AlevBib_011-scaled.jpg\" class=\"broken_link\"><img aria-describedby=\"caption-attachment-12535\" loading=\"lazy\" class=\" wp-image-12535\" src=\"https:\/\/www.menalib.de\/files\/2024\/10\/AlevBib_011-scaled.jpg\" alt=\"\" width=\"397\" height=\"320\" \/><\/a><p id=\"caption-attachment-12535\" class=\"wp-caption-text\">Foto: Markus Dre\u00dfler<\/p><\/div><\/p>\n<h2 class=\"inline-block\">Das Projekt<\/h2>\n<p>Die Alevitische Bibliothek ist eine von Markus Dre\u00dfler (Universit\u00e4t Leipzig), Janina Karolewski (Universit\u00e4t Hamburg) und Benjamin Weineck (Universit\u00e4t Heidelberg) in Kooperation mit dem FID Nahost kuratierte Sammlung von Publikationen zum Alevitentum.<\/p>\n<div class=\"details-h3\">\n<details>Zun\u00e4chst umfasst die Sammlung online verf\u00fcgbare wissenschaftliche Literatur. In Zukunft soll der Sammlungsschwerpunkt auf Arbeiten von nichtakademischen Lokalhistoriker*innen und -ethnograf*innen (ara\u015ft\u0131rmac\u0131-yazar), grauer Literatur, Zeitschriften und den Editionen von Handschriften liegen. Die sukzessiv anwachsende Sammlung stellt der interessierten \u00d6ffentlichkeit schwer zug\u00e4ngliche Prim\u00e4r- und Sekund\u00e4rquellen zur Verf\u00fcgung und soll insbesondere dem internationalen Feld der Alevitischen Studien zur Recherche dienen.<\/details>\n<\/div>\n<h3>Alevitische Bibliothek (chronologisch geordnet)<\/h3>\n<p><div id=\"zotpress-27ca5d1fd0943700e0d3542cb9887834\" class=\"zp-Zotpress zp-Zotpress-Bib wp-block-group\">\n\n\t\t<span class=\"ZP_API_USER_ID\" style=\"display: none;\">5777645<\/span>\n\t\t<span class=\"ZP_ITEM_KEY\" style=\"display: none;\"><\/span>\n\t\t<span class=\"ZP_COLLECTION_ID\" style=\"display: none;\">W2GQZV6U<\/span>\n\t\t<span class=\"ZP_TAG_ID\" style=\"display: none;\"><\/span>\n\t\t<span class=\"ZP_AUTHOR\" style=\"display: none;\"><\/span>\n\t\t<span class=\"ZP_YEAR\" style=\"display: none;\"><\/span>\n        <span class=\"ZP_ITEMTYPE\" style=\"display: none;\"><\/span>\n        <span class=\"ZP_ITEM_TYPE\" style=\"display: none;\">items<\/span>\n\t\t<span class=\"ZP_INCLUSIVE\" style=\"display: none;\">1<\/span>\n\t\t<span class=\"ZP_STYLE\" style=\"display: none;\"><\/span>\n\t\t<span class=\"ZP_LIMIT\" style=\"display: none;\"><\/span>\n\t\t<span class=\"ZP_SORTBY\" style=\"display: none;\">year<\/span>\n\t\t<span class=\"ZP_ORDER\" style=\"display: none;\">asc<\/span>\n\t\t<span class=\"ZP_TITLE\" style=\"display: none;\"><\/span>\n\t\t<span class=\"ZP_SHOWIMAGE\" style=\"display: none;\"><\/span>\n\t\t<span class=\"ZP_SHOWTAGS\" style=\"display: none;\"><\/span>\n\t\t<span class=\"ZP_DOWNLOADABLE\" style=\"display: none;\"><\/span>\n\t\t<span class=\"ZP_NOTES\" style=\"display: none;\"><\/span>\n\t\t<span class=\"ZP_ABSTRACT\" style=\"display: none;\"><\/span>\n\t\t<span class=\"ZP_CITEABLE\" style=\"display: none;\"><\/span>\n\t\t<span class=\"ZP_TARGET\" style=\"display: none;\"><\/span>\n\t\t<span class=\"ZP_URLWRAP\" style=\"display: none;\"><\/span>\n\t\t<span class=\"ZP_FORCENUM\" style=\"display: none;\"><\/span>\n        <span class=\"ZP_HIGHLIGHT\" style=\"display: none;\"><\/span>\n\t\t<span class=\"ZOTPRESS_PLUGIN_URL\" style=\"display:none;\">https:\/\/blogs.urz.uni-halle.de\/menalib\/wp-content\/plugins\/zotpress\/<\/span>\n\n\t\t<div class=\"zp-List loading\">\n<div class=\"zp-SEO-Content\"><div id=\"zp-ID-15002-5777645-9P3FQYJ6\" class=\"zp-Entry zpSearchResultsItem\"><div class=\"csl-bib-body\" style=\"line-height: 1.35; padding-left: 1em; text-indent:-1em;\">\n  <div class=\"csl-entry\">Jacob, Georg. 1908. <i>Beitr&#xE4;ge zur Kenntnis des Derwisch-Ordens der Bektaschis<\/i>. Berlin: Mayer &amp; M&#xFC;ller. <a href='https:\/\/dx.doi.org\/10.25673\/99723'>https:\/\/dx.doi.org\/10.25673\/99723<\/a>.<\/div>\n<\/div><\/div><div id=\"zp-ID-15002-5777645-ZUSCED2W\" class=\"zp-Entry zpSearchResultsItem\"><div class=\"csl-bib-body\" style=\"line-height: 1.35; padding-left: 1em; text-indent:-1em;\">\n  <div class=\"csl-entry\">Garnett, Lucy Mary Jane. 1909. <i>The Turkish people&#x202F;: their social life, religious beliefs and institutions and domestic life<\/i>. London: Methuen. <a href='https:\/\/dx.doi.org\/10.25673\/91376'>https:\/\/dx.doi.org\/10.25673\/91376<\/a>.<\/div>\n<\/div><\/div><div id=\"zp-ID-15002-5777645-7BBZ5EW6\" class=\"zp-Entry zpSearchResultsItem\"><div class=\"csl-bib-body\" style=\"line-height: 1.35; padding-left: 1em; text-indent:-1em;\">\n  <div class=\"csl-entry\">Wulzinger, Karl. 1913. <i>Drei Bektaschi-Kl&#xF6;ster Phrygiens<\/i>. Beitr&#xE4;ge zur Bauwissenschaft 21. Berlin: Wasmuth. <a href='https:\/\/archive.org\/details\/dreibektaschikl00wulz\/'>https:\/\/archive.org\/details\/dreibektaschikl00wulz\/<\/a>.<\/div>\n<\/div><\/div><div id=\"zp-ID-15002-5777645-I8E78DWK\" class=\"zp-Entry zpSearchResultsItem\"><div class=\"csl-bib-body\" style=\"line-height: 1.35; padding-left: 1em; text-indent:-1em;\">\n  <div class=\"csl-entry\">Tschudi, Rudolf, Hrsg. 1914. <i>Das Vil&#xE2;jet-n&#xE2;me des H&#xE2;dschim Sultan: eine t&#xFC;rkische Heiligenlegende<\/i>. T&#xFC;rkische Bibliothek 17. Berlin: Mayer &amp; M&#xFC;ller. <a href='https:\/\/archive.org\/details\/dasviljetnme00haci\/'>https:\/\/archive.org\/details\/dasviljetnme00haci\/<\/a>.<\/div>\n<\/div><\/div><div id=\"zp-ID-15002-5777645-WZ7TZ6HX\" class=\"zp-Entry zpSearchResultsItem\"><div class=\"csl-bib-body\" style=\"line-height: 1.35; padding-left: 1em; text-indent:-1em;\">\n  <div class=\"csl-entry\">Mazzaoui, Michel M. 1972. <i>The origins of the &#x1E62;afawids&#x202F;: &#x160;&#x12B;&#x2BF;ism, &#x1E62;&#x16B;fism, and the &#x120;ul&#x101;t<\/i>. Wiesbaden: Steiner. <a href='https:\/\/dx.doi.org\/10.25673\/97346'>https:\/\/dx.doi.org\/10.25673\/97346<\/a>.<\/div>\n<\/div><\/div><div id=\"zp-ID-15002-5777645-XM84E2NT\" class=\"zp-Entry zpSearchResultsItem\"><div class=\"csl-bib-body\" style=\"line-height: 1.35; padding-left: 1em; text-indent:-1em;\">\n  <div class=\"csl-entry\">Haneda, Masashi. 1987. <i>Le ch&#xE2;h et les qizilb&#x101;&#x161;&#x202F;: le systeme militaire safavide<\/i>. Berlin: Schwarz. <a href='https:\/\/dx.doi.org\/10.25673\/91808'>https:\/\/dx.doi.org\/10.25673\/91808<\/a>.<\/div>\n<\/div><\/div><div id=\"zp-ID-15002-5777645-GC5S89ES\" class=\"zp-Entry zpSearchResultsItem\"><div class=\"csl-bib-body\" style=\"line-height: 1.35; padding-left: 1em; text-indent:-1em;\">\n  <div class=\"csl-entry\">Kehl-Bodrogi, Krisztina. 1988. <i>Die K&#x131;z&#x131;lba&#x15F;-Aleviten&#x202F;: Untersuchungen &#xFC;ber eine esoterische Glaubensgemeinschaft in Anatolien<\/i>. Berlin: Schwarz. <a href='https:\/\/dx.doi.org\/10.25673\/91794'>https:\/\/dx.doi.org\/10.25673\/91794<\/a>.<\/div>\n<\/div><\/div><div id=\"zp-ID-15002-5777645-2MTXJJUG\" class=\"zp-Entry zpSearchResultsItem\"><div class=\"csl-bib-body\" style=\"line-height: 1.35; padding-left: 1em; text-indent:-1em;\">\n  <div class=\"csl-entry\">Hamza&#x2019;&#x12B;, Ri&#x1E0D;&#x101; Far&#x12B;burz. 1990. <i>The Yaresan&#x202F;: a sociological, historical and religio-historical study of a Kurdish community<\/i>. Berlin: Schwarz. <a href='https:\/\/dx.doi.org\/10.25673\/91774'>https:\/\/dx.doi.org\/10.25673\/91774<\/a>.<\/div>\n<\/div><\/div><div id=\"zp-ID-15002-5777645-UT8BSSQU\" class=\"zp-Entry zpSearchResultsItem\"><div class=\"csl-bib-body\" style=\"line-height: 1.35; padding-left: 1em; text-indent:-1em;\">\n  <div class=\"csl-entry\">M&#xE9;likoff, Ir&#xE8;ne. 1992. <i>Sur les traces du soufisme turc&#x202F;: recherches sur l&#x2019;Islam populaire en Anatolie<\/i>. Istanbul: &#xC8;ditions Isis. <a href='https:\/\/dx.doi.org\/10.25673\/71862'>https:\/\/dx.doi.org\/10.25673\/71862<\/a>.<\/div>\n<\/div><\/div><div id=\"zp-ID-15002-5777645-WMRFPKMA\" class=\"zp-Entry zpSearchResultsItem\"><div class=\"csl-bib-body\" style=\"line-height: 1.35; padding-left: 1em; text-indent:-1em;\">\n  <div class=\"csl-entry\">Popovi&#x107;, Aleksandre, Gilles Veinstein und Alexandre Popovi&#x107;. 1995. <i>Bektachiyya&#x202F;: &#xC9;tudes sur l&#x2019;ordre mystique des Bektachis et les groupes relevant de Hadji Bektach<\/i>. Istanbul: &#xC9;ditions Isis. <a href='https:\/\/dx.doi.org\/10.25673\/43086'>https:\/\/dx.doi.org\/10.25673\/43086<\/a>.<\/div>\n<\/div><\/div><div id=\"zp-ID-15002-5777645-XKA5PHCE\" class=\"zp-Entry zpSearchResultsItem\"><div class=\"csl-bib-body\" style=\"line-height: 1.35; padding-left: 1em; text-indent:-1em;\">\n  <div class=\"csl-entry\">Vorhoff, Karin. 1995. <i>Zwischen Glaube, Nation und neuer Gemeinschaft&#x202F;: alevitische Identit&#xE4;t in der T&#xFC;rkei der Gegenwart<\/i>. Berlin: Schwarz. <a href='https:\/\/dx.doi.org\/10.25673\/91790'>https:\/\/dx.doi.org\/10.25673\/91790<\/a>.<\/div>\n<\/div><\/div><div id=\"zp-ID-15002-5777645-VWHHBFKB\" class=\"zp-Entry zpSearchResultsItem\"><div class=\"csl-bib-body\" style=\"line-height: 1.35; padding-left: 1em; text-indent:-1em;\">\n  <div class=\"csl-entry\">M&#xE9;likoff, Ir&#xE8;ne. 1995. <i>De l&#x2019;&#xE9;pop&#xE9;e au mythe&#x202F;: itin&#xE9;raire turcologique<\/i>. Istanbul: &#xC8;ditions Isis. <a href='https:\/\/dx.doi.org\/10.25673\/64250'>https:\/\/dx.doi.org\/10.25673\/64250<\/a>.<\/div>\n<\/div><\/div><div id=\"zp-ID-15002-5777645-W79A2CFB\" class=\"zp-Entry zpSearchResultsItem\"><div class=\"csl-bib-body\" style=\"line-height: 1.35; padding-left: 1em; text-indent:-1em;\">\n  <div class=\"csl-entry\">Hasluck, Frederick William. 2000. <i>Christianity and Islam under the sultans<\/i>. Istanbul: The Isis Press. <a href='https:\/\/dx.doi.org\/10.25673\/79498'>https:\/\/dx.doi.org\/10.25673\/79498<\/a>.<\/div>\n<\/div><\/div><div id=\"zp-ID-15002-5777645-QQUU24GV\" class=\"zp-Entry zpSearchResultsItem\"><div class=\"csl-bib-body\" style=\"line-height: 1.35; padding-left: 1em; text-indent:-1em;\">\n  <div class=\"csl-entry\">Hendrich, Beatrice. 2004. &#x201E;Im Monat Muharrem weint meine Laute!&#x201C;&#x202F;: die alevitische Langhalslaute als Medium der Erinnerung. <a href='https:\/\/dx.doi.org\/10.25673\/35949'>https:\/\/dx.doi.org\/10.25673\/35949<\/a>.<\/div>\n<\/div><\/div><div id=\"zp-ID-15002-5777645-8MDRUSZU\" class=\"zp-Entry zpSearchResultsItem\"><div class=\"csl-bib-body\" style=\"line-height: 1.35; padding-left: 1em; text-indent:-1em;\">\n  <div class=\"csl-entry\">A&#x11F;ui&#xE7;eno&#x11F;lu, H&#xFC;seyin. 2005. Das alevitische Dede-Amt. <a href='https:\/\/dx.doi.org\/10.25673\/32645'>https:\/\/dx.doi.org\/10.25673\/32645<\/a>.<\/div>\n<\/div><\/div><div id=\"zp-ID-15002-5777645-5GUXI5U6\" class=\"zp-Entry zpSearchResultsItem\"><div class=\"csl-bib-body\" style=\"line-height: 1.35; padding-left: 1em; text-indent:-1em;\">\n  <div class=\"csl-entry\">Hendrich, B&#xE9;atrice. 2005. Erfundene Feste, falsche Rituale?&#x202F;: Die Gedenkfeier von Hac&#x131;bekta&#x15F;. <a href='https:\/\/dx.doi.org\/10.25673\/36175'>https:\/\/dx.doi.org\/10.25673\/36175<\/a>.<\/div>\n<\/div><\/div><div id=\"zp-ID-15002-5777645-5RVBGFG6\" class=\"zp-Entry zpSearchResultsItem\"><div class=\"csl-bib-body\" style=\"line-height: 1.35; padding-left: 1em; text-indent:-1em;\">\n  <div class=\"csl-entry\">Langer, Robert. 2006. Das Reframing alevitischer Gemeinderituale im Kontext von Ritualtransfer und Migration. <a href='https:\/\/dx.doi.org\/10.25673\/37621'>https:\/\/dx.doi.org\/10.25673\/37621<\/a>.<\/div>\n<\/div><\/div><div id=\"zp-ID-15002-5777645-D8XKF9W7\" class=\"zp-Entry zpSearchResultsItem\"><div class=\"csl-bib-body\" style=\"line-height: 1.35; padding-left: 1em; text-indent:-1em;\">\n  <div class=\"csl-entry\">Langer, Robert. 2008. The Alevi animal sacrifice (Kurban) between professionalisation and substitution&#x202F;: recent developments in the context of migration and urbanization. <a href='https:\/\/dx.doi.org\/10.25673\/37622'>https:\/\/dx.doi.org\/10.25673\/37622<\/a>.<\/div>\n<\/div><\/div><div id=\"zp-ID-15002-5777645-U9WQNQS7\" class=\"zp-Entry zpSearchResultsItem\"><div class=\"csl-bib-body\" style=\"line-height: 1.35; padding-left: 1em; text-indent:-1em;\">\n  <div class=\"csl-entry\">Langer, Robert. 2008. Alevitische Rituale. <a href='https:\/\/dx.doi.org\/10.25673\/92317'>https:\/\/dx.doi.org\/10.25673\/92317<\/a>.<\/div>\n<\/div><\/div><div id=\"zp-ID-15002-5777645-V9GR7UAW\" class=\"zp-Entry zpSearchResultsItem\"><div class=\"csl-bib-body\" style=\"line-height: 1.35; padding-left: 1em; text-indent:-1em;\">\n  <div class=\"csl-entry\">Hendrich, B&#xE9;atrice. 2009. Remembering Culture(s) in Turkey&#x202F;: A Brief Survey. <a href='https:\/\/dx.doi.org\/10.25673\/36192'>https:\/\/dx.doi.org\/10.25673\/36192<\/a>.<\/div>\n<\/div><\/div><div id=\"zp-ID-15002-5777645-VZRZS2D2\" class=\"zp-Entry zpSearchResultsItem\"><div class=\"csl-bib-body\" style=\"line-height: 1.35; padding-left: 1em; text-indent:-1em;\">\n  <div class=\"csl-entry\">U&#xE7;ar, Ramazan, Hrsg. 2009. G&#xFC;ncel Baz&#x131; Alev&#xEE;-Bekt&#xE2;&#x15F;&#xEE; Problemlerine Abdal Musa Tekkesi Merkezli Bir Bak&#x131;&#x15F;. <i>Din&#xEE; ara&#x15F;t&#x131;rmalar&#xA0; : DA&#x202F;; alt&#x131; ayl&#x131;k bilimsel dergi<\/i> 12, Nr. 33: 89&#x2013;98. <a href='https:\/\/dergipark.org.tr\/tr\/pub\/da\/issue\/4470\/61655'>https:\/\/dergipark.org.tr\/tr\/pub\/da\/issue\/4470\/61655<\/a>.<\/div>\n<\/div><\/div><div id=\"zp-ID-15002-5777645-BP43E2TV\" class=\"zp-Entry zpSearchResultsItem\"><div class=\"csl-bib-body\" style=\"line-height: 1.35; padding-left: 1em; text-indent:-1em;\">\n  <div class=\"csl-entry\">K&#xF6;se, Talha. 2010. <i>Alevi opening and the democratization initiative in Turkey \/ Talha K&#xF6;se<\/i>. SETA, Foundation for Political, Economic and Social Research. <a href='https:\/\/dx.doi.org\/10.25673\/108076'>https:\/\/dx.doi.org\/10.25673\/108076<\/a>.<\/div>\n<\/div><\/div><div id=\"zp-ID-15002-5777645-W4HVJ9JW\" class=\"zp-Entry zpSearchResultsItem\"><div class=\"csl-bib-body\" style=\"line-height: 1.35; padding-left: 1em; text-indent:-1em;\">\n  <div class=\"csl-entry\">Hendrich, B&#xE9;atrice. 2013. Mutter oder Frau?&#x202F;: Das Alevitentum und Konzeptionen des Nicht-M&#xE4;nnlichen. <a href='https:\/\/doi.org\/10.25673\/36189'>https:\/\/doi.org\/10.25673\/36189<\/a>.<\/div>\n<\/div><\/div><div id=\"zp-ID-15002-5777645-WK7FRC3Z\" class=\"zp-Entry zpSearchResultsItem\"><div class=\"csl-bib-body\" style=\"line-height: 1.35; padding-left: 1em; text-indent:-1em;\">\n  <div class=\"csl-entry\">Langer, Robert. 2013. The transfer of the Alevi Cem ritual from Anatolia to Istanbul and beyond. <a href='https:\/\/doi.org\/10.25673\/37649'>https:\/\/doi.org\/10.25673\/37649<\/a>.<\/div>\n<\/div><\/div><div id=\"zp-ID-15002-5777645-956HHZHZ\" class=\"zp-Entry zpSearchResultsItem\"><div class=\"csl-bib-body\" style=\"line-height: 1.35; padding-left: 1em; text-indent:-1em;\">\n  <div class=\"csl-entry\">Dre&#xDF;ler, Markus. 2013. Was ist das Alevitum?&#x202F;: Die aktuelle Diskussion und historische Traditionslinien. <a href='https:\/\/doi.org\/10.25673\/36875'>https:\/\/doi.org\/10.25673\/36875<\/a>.<\/div>\n<\/div><\/div><div id=\"zp-ID-15002-5777645-ZQIHCMCS\" class=\"zp-Entry zpSearchResultsItem\"><div class=\"csl-bib-body\" style=\"line-height: 1.35; padding-left: 1em; text-indent:-1em;\">\n  <div class=\"csl-entry\">Dre&#xDF;ler, Markus. 2013. Der moderne dede&#x202F;: Religi&#xF6;se Autorit&#xE4;t im Wandel. <a href='https:\/\/doi.org\/10.25673\/36874'>https:\/\/doi.org\/10.25673\/36874<\/a>.<\/div>\n<\/div><\/div><div id=\"zp-ID-15002-5777645-HWRN8NV4\" class=\"zp-Entry zpSearchResultsItem\"><div class=\"csl-bib-body\" style=\"line-height: 1.35; padding-left: 1em; text-indent:-1em;\">\n  <div class=\"csl-entry\">A&#x11F;ui&#xE7;eno&#x11F;lu, H&#xFC;seyin. 2014. Ethik im Alevitentum. <a href='https:\/\/doi.org\/10.25673\/33211'>https:\/\/doi.org\/10.25673\/33211<\/a>.<\/div>\n<\/div><\/div><div id=\"zp-ID-15002-5777645-JT9GUT6F\" class=\"zp-Entry zpSearchResultsItem\"><div class=\"csl-bib-body\" style=\"line-height: 1.35; padding-left: 1em; text-indent:-1em;\">\n  <div class=\"csl-entry\">Paul, Amanda und Seyrek, Demir Murat. 2014. <i>Freedom of religion in Turkey: the Alevi issue<\/i>. Hrsg. von European Policy Centre. Brussels: European Policy Centre. <a href='https:\/\/doi.org\/10.25673\/107797'>https:\/\/doi.org\/10.25673\/107797<\/a>.<\/div>\n<\/div><\/div><div id=\"zp-ID-15002-5777645-ME7PF9A5\" class=\"zp-Entry zpSearchResultsItem\"><div class=\"csl-bib-body\" style=\"line-height: 1.35; padding-left: 1em; text-indent:-1em;\">\n  <div class=\"csl-entry\">Peacock, A. C. S. und Sara Nur Y&#x131;ld&#x131;z. 2016. <i>Islamic literature and intellectual life in fourteenth- and fifteenth-century Anatolia<\/i>. W&#xFC;rzburg: Ergon Verlag in Kommission. <a href='https:\/\/doi.org\/10.25673\/110637'>https:\/\/doi.org\/10.25673\/110637<\/a>.<\/div>\n<\/div><\/div><div id=\"zp-ID-15002-5777645-83GN48UM\" class=\"zp-Entry zpSearchResultsItem\"><div class=\"csl-bib-body\" style=\"line-height: 1.35; padding-left: 1em; text-indent:-1em;\">\n  <div class=\"csl-entry\">A&#x11F;ui&#xE7;eno&#x11F;lu, H&#xFC;seyin. 2017. Senkretizm &#xF6;rne&#x11F;i olarak Alevi metinlerinde etik &#xF6;&#x11F;reti. <a href='https:\/\/doi.org\/10.25673\/33237'>https:\/\/doi.org\/10.25673\/33237<\/a>.<\/div>\n<\/div><\/div><div id=\"zp-ID-15002-5777645-NTSPPFBB\" class=\"zp-Entry zpSearchResultsItem\"><div class=\"csl-bib-body\" style=\"line-height: 1.35; padding-left: 1em; text-indent:-1em;\">\n  <div class=\"csl-entry\">Hendrich, B&#xE9;atrice. 2018. Location(s) of memory and commemoration in Alevi culture&#x202F;: incorporation and storage. <a href='https:\/\/dx.doi.org\/10.25673\/36196'>https:\/\/dx.doi.org\/10.25673\/36196<\/a>.<\/div>\n<\/div><\/div><div id=\"zp-ID-15002-5777645-5SCGCABQ\" class=\"zp-Entry zpSearchResultsItem\"><div class=\"csl-bib-body\" style=\"line-height: 1.35; padding-left: 1em; text-indent:-1em;\">\n  <div class=\"csl-entry\">&#xD6;zdemir, Ula&#x15F;, Wendelmoet Hamelink und Martin Greve. 2018. <i>Diversity and contact among singer-poet traditions in Eastern Anatolia<\/i>. Baden-Baden: Ergon Verlag in Kommission. <a href='https:\/\/dx.doi.org\/10.25673\/116630'>https:\/\/dx.doi.org\/10.25673\/116630<\/a>.<\/div>\n<\/div><\/div><div id=\"zp-ID-15002-5777645-PRIPH88N\" class=\"zp-Entry zpSearchResultsItem\"><div class=\"csl-bib-body\" style=\"line-height: 1.35; padding-left: 1em; text-indent:-1em;\">\n  <div class=\"csl-entry\">A&#x11F;ui&#xE7;eno&#x11F;lu, H&#xFC;seyin. 2019. Identit&#xE4;tskonstruktionen bei den alevitischen Kurd_innen in Deutschland. <a href='https:\/\/dx.doi.org\/10.25673\/97288'>https:\/\/dx.doi.org\/10.25673\/97288<\/a>.<\/div>\n<\/div><\/div><div id=\"zp-ID-15002-5777645-ZJVV78WD\" class=\"zp-Entry zpSearchResultsItem\"><div class=\"csl-bib-body\" style=\"line-height: 1.35; padding-left: 1em; text-indent:-1em;\">\n  <div class=\"csl-entry\">Greve, Martin, Ula&#x15F; &#xD6;zdemir und Raoul Motika. 2020. <i>Aesthetic and performative dimensions of Alevi cultural heritage<\/i>. Ergon Verlag in Kommission, Baden-Baden. <a href='https:\/\/dx.doi.org\/10.25673\/116634'>https:\/\/dx.doi.org\/10.25673\/116634<\/a>.<\/div>\n<\/div><\/div><div id=\"zp-ID-15002-5777645-Z2R45BKX\" class=\"zp-Entry zpSearchResultsItem\"><div class=\"csl-bib-body\" style=\"line-height: 1.35; padding-left: 1em; text-indent:-1em;\">\n  <div class=\"csl-entry\">Brinkmann, Stefanie, Giovanni Ciotti, Stefano Valente und Eva Maria Wilden, Hrsg. 2021. <i>Education Materialised: Reconstructing Teaching and Learning Contexts through Manuscripts<\/i>. De Gruyter. <a href='https:\/\/dx.doi.org\/10.1515\/9783110741124'>https:\/\/dx.doi.org\/10.1515\/9783110741124<\/a>.<\/div>\n<\/div><\/div><div id=\"zp-ID-15002-5777645-NWX4XN7I\" class=\"zp-Entry zpSearchResultsItem\"><div class=\"csl-bib-body\" style=\"line-height: 1.35; padding-left: 1em; text-indent:-1em;\">\n  <div class=\"csl-entry\">Karolewskie, Janina. 2021. <i>Notizhefte alevitischer Dedes und die Vermittlung der rituellen Praxis: Wissenstradierung in einer anatolischen Dorfgemeinschaft, Provinz Malatya, 20. Jh.<\/i> Heidelberg. <a href='https:\/\/nbn-resolving.de\/urn:nbn:de:bsz:16-heidok-305043'>https:\/\/nbn-resolving.de\/urn:nbn:de:bsz:16-heidok-305043<\/a>.<\/div>\n<\/div><\/div><div id=\"zp-ID-15002-5777645-UAGPEEVQ\" class=\"zp-Entry zpSearchResultsItem\"><div class=\"csl-bib-body\" style=\"line-height: 1.35; padding-left: 1em; text-indent:-1em;\">\n  <div class=\"csl-entry\">Kara, Cem. 2022. Jenseits religi&#xF6;ser Eindeutigkeit: Ambige Glaubensvorstellungen in historischen &#xDC;berlieferungen des Alevitentums. <i>Zeitschrift f&#xFC;r Religionswissenschaft<\/i> 30, Nr. 2 (3. November): 279&#x2013;299. <a href='https:\/\/dx.doi.org\/10.1515\/zfr-2022-0015'>https:\/\/dx.doi.org\/10.1515\/zfr-2022-0015<\/a>.<\/div>\n<\/div><\/div><div id=\"zp-ID-15002-5777645-DWG7VJ55\" class=\"zp-Entry zpSearchResultsItem\"><div class=\"csl-bib-body\" style=\"line-height: 1.35; padding-left: 1em; text-indent:-1em;\">\n  <div class=\"csl-entry\">Kara, Cem. 2023. Religious Boundaries through Emotions: The Representation of Emotions and Their Group-Forming Function in Alevi Poetry. <i>Religions<\/i> 14, Nr. 6 (1. Juni): 732. <a href='https:\/\/dx.doi.org\/10.3390\/rel14060732'>https:\/\/dx.doi.org\/10.3390\/rel14060732<\/a>.<\/div>\n<\/div><\/div><\/div><!-- .zp-zp-SEO-Content -->\n<\/div><!-- .zp-List --><\/div><!--.zp-Zotpress-->\n\n<\/p>","protected":false},"excerpt":{"rendered":"Das Projekt Die Alevitische Bibliothek ist eine von Markus Dre\u00dfler (Universit\u00e4t Leipzig), Janina Karolewski (Universit\u00e4t Hamburg) und Benjamin Weineck (Universit\u00e4t Heidelberg) in Kooperation mit dem FID Nahost kuratierte Sammlung von Publikationen zum Alevitentum. Zun\u00e4chst umfasst die Sammlung online verf\u00fcgbare wissenschaftliche &hellip; <a href=\"https:\/\/blogs.urz.uni-halle.de\/menalib\/community\/projekte\/alevitische_bibliothek\/\">Weiterlesen <span class=\"meta-nav\">&rarr;<\/span><\/a>","protected":false},"author":5587,"featured_media":0,"parent":11642,"menu_order":0,"comment_status":"closed","ping_status":"closed","template":"","meta":{"ngg_post_thumbnail":0},"categories":[],"tags":[],"_links":{"self":[{"href":"https:\/\/blogs.urz.uni-halle.de\/menalib\/wp-json\/wp\/v2\/pages\/15002"}],"collection":[{"href":"https:\/\/blogs.urz.uni-halle.de\/menalib\/wp-json\/wp\/v2\/pages"}],"about":[{"href":"https:\/\/blogs.urz.uni-halle.de\/menalib\/wp-json\/wp\/v2\/types\/page"}],"author":[{"embeddable":true,"href":"https:\/\/blogs.urz.uni-halle.de\/menalib\/wp-json\/wp\/v2\/users\/5587"}],"replies":[{"embeddable":true,"href":"https:\/\/blogs.urz.uni-halle.de\/menalib\/wp-json\/wp\/v2\/comments?post=15002"}],"version-history":[{"count":10,"href":"https:\/\/blogs.urz.uni-halle.de\/menalib\/wp-json\/wp\/v2\/pages\/15002\/revisions"}],"predecessor-version":[{"id":15032,"href":"https:\/\/blogs.urz.uni-halle.de\/menalib\/wp-json\/wp\/v2\/pages\/15002\/revisions\/15032"}],"up":[{"embeddable":true,"href":"https:\/\/blogs.urz.uni-halle.de\/menalib\/wp-json\/wp\/v2\/pages\/11642"}],"wp:attachment":[{"href":"https:\/\/blogs.urz.uni-halle.de\/menalib\/wp-json\/wp\/v2\/media?parent=15002"}],"wp:term":[{"taxonomy":"category","embeddable":true,"href":"https:\/\/blogs.urz.uni-halle.de\/menalib\/wp-json\/wp\/v2\/categories?post=15002"},{"taxonomy":"post_tag","embeddable":true,"href":"https:\/\/blogs.urz.uni-halle.de\/menalib\/wp-json\/wp\/v2\/tags?post=15002"}],"curies":[{"name":"wp","href":"https:\/\/api.w.org\/{rel}","templated":true}]}}