{"id":1649,"date":"2016-06-27T08:32:41","date_gmt":"2016-06-27T06:32:41","guid":{"rendered":"https:\/\/www.menalib.de\/?page_id=1649"},"modified":"2024-12-03T12:44:37","modified_gmt":"2024-12-03T11:44:37","slug":"service","status":"publish","type":"page","link":"https:\/\/blogs.urz.uni-halle.de\/menalib\/service\/","title":{"rendered":"Service"},"content":{"rendered":"<ul class=\"preview-grid\">\n<li><article id=\"post-673\" class=\"preview post-673 default\"><header class=\"entry-header\"><h2 class=\"entry-title\">Digitalisierungsauftrag<\/h2><\/header><div class=\"entry-content\"><div class=\"image-container figure\" style=\"background-image: url(https:\/\/blogs.urz.uni-halle.de\/menalib\/files\/2019\/02\/icon-scanner.svg)\"><img src=\"https:\/\/blogs.urz.uni-halle.de\/menalib\/files\/2019\/02\/icon-scanner.svg\"><\/div>F\u00fcr Titel, deren Copyright abgelaufen ist, kann ein Digitalisierungswunsch gestellt werden. Die Digitalisierung erfolgt zu Kosten von ...<\/div><footer class=\"entry-meta\"><\/footer><a class=\"overlay\" href=\"https:\/\/blogs.urz.uni-halle.de\/menalib\/service\/digitalisierung\/\">more<\/a><\/article><\/li>\n<li><article id=\"post-659\" class=\"preview post-659 default\"><header class=\"entry-header\"><h2 class=\"entry-title\">Erwerbungsvorschlag<\/h2><\/header><div class=\"entry-content\"><div class=\"image-container figure\" style=\"background-image: url(https:\/\/blogs.urz.uni-halle.de\/menalib\/files\/2019\/02\/icon-acquisition-request.svg)\"><img src=\"https:\/\/blogs.urz.uni-halle.de\/menalib\/files\/2019\/02\/icon-acquisition-request.svg\"><\/div>Ist ein Buch, eine Zeitschrift oder der Zugriff auf eine Datenbank bisher in Deutschland nicht vorhanden? Bitte machen Sie einen Erwerbungsvorschlag.\r ...<\/div><footer class=\"entry-meta\"><\/footer><a class=\"overlay\" href=\"https:\/\/blogs.urz.uni-halle.de\/menalib\/service\/erwerbungsvorschlag\/\">more<\/a><\/article><\/li>\n<li><article id=\"post-7217\" class=\"preview post-7217 default\"><header class=\"entry-header\"><h2 class=\"entry-title\">Fernleihe<\/h2><\/header><div class=\"entry-content\"><div class=\"image-container figure\" style=\"background-image: url(https:\/\/blogs.urz.uni-halle.de\/menalib\/files\/2019\/02\/icon-truck.svg)\"><img src=\"https:\/\/blogs.urz.uni-halle.de\/menalib\/files\/2019\/02\/icon-truck.svg\"><\/div>Wir sind ein Service der Universit\u00e4ts- und Landesbibliothek Sachsen-Anhalt (ULB) und bieten Spezialliteratur, die viele Bibliotheken nicht in Ihrem Bestand haben. ...<\/div><footer class=\"entry-meta\"><\/footer><a class=\"overlay\" href=\"https:\/\/blogs.urz.uni-halle.de\/menalib\/service\/fernleihe\/\">more<\/a><\/article><\/li>\n<li><article id=\"post-8366\" class=\"preview post-8366 default\"><header class=\"entry-header\"><h2 class=\"entry-title\">Publizieren auf MENAdoc<\/h2><\/header><div class=\"entry-content\">Forschungsrelevante Texte zum Nahen Osten und zum Islam\r\nSeit 2016 bietet der FID Wissenschaftler*innen den kostenlosen Service, forschungsrelevante Texte zum Nahen Osten und ...<\/div><footer class=\"entry-meta\"><\/footer><a class=\"overlay\" href=\"https:\/\/blogs.urz.uni-halle.de\/menalib\/service\/publizieren-auf-menadoc\/\">more<\/a><\/article><\/li>\n<li><article id=\"post-9306\" class=\"preview post-9306 default\"><header class=\"entry-header\"><h2 class=\"entry-title\">Digitalisierung vergriffener Werke<\/h2><\/header><div class=\"entry-content\"><div class=\"image-container figure\" style=\"background-image: url(https:\/\/blogs.urz.uni-halle.de\/menalib\/files\/2019\/04\/carl-brockelmann-arabische-grammatik-icon-420x432.png)\"><img src=\"https:\/\/blogs.urz.uni-halle.de\/menalib\/files\/2019\/04\/carl-brockelmann-arabische-grammatik-icon-420x432.png\"><\/div>Voraussetzungen\r\nWir digitalisieren \u00e4ltere deutsche Fachliteratur und machen diese auf unserem Fachrepositorium MENAdoc verf\u00fcgbar. F\u00fcr sogenannte \u201evergriffene Druckwerke\u201c ist eine Digitalisierung und Ver\u00f6ffentlichung ...<\/div><footer class=\"entry-meta\"><\/footer><a class=\"overlay\" href=\"https:\/\/blogs.urz.uni-halle.de\/menalib\/service\/digitalisierung-vergriffener-werke\/\">more<\/a><\/article><\/li>\n<li><article id=\"post-9474\" class=\"preview post-9474 default\"><header class=\"entry-header\"><h2 class=\"entry-title\">Forschungsdaten<\/h2><\/header><div class=\"entry-content\"><div class=\"image-container figure\" style=\"background-image: url(https:\/\/blogs.urz.uni-halle.de\/menalib\/files\/2019\/08\/forschungsdaten-icon.svg)\"><img src=\"https:\/\/blogs.urz.uni-halle.de\/menalib\/files\/2019\/08\/forschungsdaten-icon.svg\"><\/div>Der Fachinformationsdienst Nahost-, Nordafrika- und Islamstudien sieht es als eine seiner Aufgaben, die Fachcommunity im Umgang mit Forschungsdaten zu unterst\u00fctzen. ...<\/div><footer class=\"entry-meta\"><\/footer><a class=\"overlay\" href=\"https:\/\/blogs.urz.uni-halle.de\/menalib\/service\/forschungsdaten\/\">more<\/a><\/article><\/li>\n<li><article id=\"post-9845\" class=\"preview post-9845 default\"><header class=\"entry-header\"><h2 class=\"entry-title\">Hinweise zu Transliterationen<\/h2><\/header><div class=\"entry-content\"><div class=\"image-container figure\" style=\"background-image: url(https:\/\/blogs.urz.uni-halle.de\/menalib\/files\/2019\/09\/transliteration-icon.svg)\"><img src=\"https:\/\/blogs.urz.uni-halle.de\/menalib\/files\/2019\/09\/transliteration-icon.svg\"><\/div>Bei der Suche in unseren Best\u00e4nden nach Titeln in Originalschrift (arabische, kyrillische, armenische oder georgische Buchstaben) m\u00fcssen Sie die im deutschen Bibliothekssystem \u00fcbliche Transliteration verwenden.  ...<\/div><footer class=\"entry-meta\"><\/footer><a class=\"overlay\" href=\"https:\/\/blogs.urz.uni-halle.de\/menalib\/service\/hinweise-zu-transliterationen\/\">more<\/a><\/article><\/li>\n<li><article id=\"post-287\" class=\"preview post-287 default\"><header class=\"entry-header\"><h2 class=\"entry-title\">Kalender-Umrechnung<\/h2><\/header><div class=\"entry-content\"><div class=\"image-container figure\" style=\"background-image: url(https:\/\/blogs.urz.uni-halle.de\/menalib\/files\/2019\/02\/icon-calendar-conversion.svg)\"><img src=\"https:\/\/blogs.urz.uni-halle.de\/menalib\/files\/2019\/02\/icon-calendar-conversion.svg\"><\/div>Bitte tragen Sie links das Jahr (Hi\u01e7ra oder Gregorianisch) ein und klicken Sie auf den entsprechenden Button.\r\n\r\n\r\n\r\nDas Ergebnis ist ein N\u00e4herungswert. Die ...<\/div><footer class=\"entry-meta\"><\/footer><a class=\"overlay\" href=\"https:\/\/blogs.urz.uni-halle.de\/menalib\/service\/kalender-umrechnung\/\">more<\/a><\/article><\/li>\n<li><article id=\"post-13404\" class=\"preview post-13404 default\"><header class=\"entry-header\"><h2 class=\"entry-title\">Suchtipps f\u00fcr MENAsearch<\/h2><\/header><div class=\"entry-content\"><div class=\"image-container figure\" style=\"background-image: url(https:\/\/blogs.urz.uni-halle.de\/menalib\/files\/2022\/09\/lukida_sm.png)\"><img src=\"https:\/\/blogs.urz.uni-halle.de\/menalib\/files\/2022\/09\/lukida_sm.png\"><\/div>\r\nMENAsearch ist das Discovery-System des FID Nahost-, Nordafrika- und Islamstudien f\u00fcr Ihre Literaturrecherche. Es handelt sich um ein bibliothekarisches Suchsystem, das auf ...<\/div><footer class=\"entry-meta\"><\/footer><a class=\"overlay\" href=\"https:\/\/blogs.urz.uni-halle.de\/menalib\/service\/menasearch-discovery\/\">more<\/a><\/article><\/li>\n<li><article id=\"post-14477\" class=\"preview post-14477 default\"><header class=\"entry-header\"><h2 class=\"entry-title\">Fachbibliographien<\/h2><\/header><div class=\"entry-content\">Turkologischer Anzeiger\r\n\r\nDie wichtigste systematische Bibliographie f\u00fcr die Turkologie und die Osmanistik stellt der Turkologische Anzeiger\/Turkology Annual (TA), begr\u00fcndet von Andreas Tietze (\u2020) ...<\/div><footer class=\"entry-meta\"><\/footer><a class=\"overlay\" href=\"https:\/\/blogs.urz.uni-halle.de\/menalib\/service\/fachbibliographien\/\">more<\/a><\/article><\/li>\n<\/ul>\n","protected":false},"excerpt":{"rendered":"&hellip; <a href=\"\" class=\"read-more\">Weiterlesen <\/a>","protected":false},"author":4226,"featured_media":0,"parent":0,"menu_order":0,"comment_status":"closed","ping_status":"closed","template":"sidebar-page.php","meta":{"ngg_post_thumbnail":0},"categories":[],"tags":[],"_links":{"self":[{"href":"https:\/\/blogs.urz.uni-halle.de\/menalib\/wp-json\/wp\/v2\/pages\/1649"}],"collection":[{"href":"https:\/\/blogs.urz.uni-halle.de\/menalib\/wp-json\/wp\/v2\/pages"}],"about":[{"href":"https:\/\/blogs.urz.uni-halle.de\/menalib\/wp-json\/wp\/v2\/types\/page"}],"author":[{"embeddable":true,"href":"https:\/\/blogs.urz.uni-halle.de\/menalib\/wp-json\/wp\/v2\/users\/4226"}],"replies":[{"embeddable":true,"href":"https:\/\/blogs.urz.uni-halle.de\/menalib\/wp-json\/wp\/v2\/comments?post=1649"}],"version-history":[{"count":11,"href":"https:\/\/blogs.urz.uni-halle.de\/menalib\/wp-json\/wp\/v2\/pages\/1649\/revisions"}],"predecessor-version":[{"id":15292,"href":"https:\/\/blogs.urz.uni-halle.de\/menalib\/wp-json\/wp\/v2\/pages\/1649\/revisions\/15292"}],"wp:attachment":[{"href":"https:\/\/blogs.urz.uni-halle.de\/menalib\/wp-json\/wp\/v2\/media?parent=1649"}],"wp:term":[{"taxonomy":"category","embeddable":true,"href":"https:\/\/blogs.urz.uni-halle.de\/menalib\/wp-json\/wp\/v2\/categories?post=1649"},{"taxonomy":"post_tag","embeddable":true,"href":"https:\/\/blogs.urz.uni-halle.de\/menalib\/wp-json\/wp\/v2\/tags?post=1649"}],"curies":[{"name":"wp","href":"https:\/\/api.w.org\/{rel}","templated":true}]}}