{"id":436,"date":"2016-04-06T15:19:45","date_gmt":"2016-04-06T13:19:45","guid":{"rendered":"http:\/\/localhost\/wordpress\/?page_id=436"},"modified":"2024-10-28T08:58:44","modified_gmt":"2024-10-28T07:58:44","slug":"faecherspektrum","status":"publish","type":"page","link":"https:\/\/blogs.urz.uni-halle.de\/menalib\/about\/faecherspektrum\/","title":{"rendered":"F\u00e4cherspektrum und Sammelschwerpunkte"},"content":{"rendered":"<p>Der FID Nahost erwirbt schwer zug\u00e4ngliche Prim\u00e4rliteratur aus den L\u00e4ndern und in den Sprachen der MENA-Region (Naher Osten und Nordafrika).<!--more--><\/p>\n<h2>F\u00e4cherspektrum (philologisch)<\/h2>\n<ul>\n<li><a href=\"https:\/\/www.menalib.de\/about\/faecherspektrum\/islamwissenschaft\/\" class=\"broken_link\">Islamwissenschaft<\/a><\/li>\n<li><a href=\"https:\/\/www.menalib.de\/about\/faecherspektrum\/islamische-theologie\/\" class=\"broken_link\">Islamische Theologie<\/a><\/li>\n<li><a href=\"https:\/\/www.menalib.de\/about\/faecherspektrum\/wissenschaft-vom-christlichen-orient\/\" class=\"broken_link\">Christlicher Orient<\/a><\/li>\n<li><a href=\"https:\/\/www.menalib.de\/about\/faecherspektrum\/arabistik\/\" class=\"broken_link\">Arabistik<\/a><\/li>\n<li><a href=\"https:\/\/www.menalib.de\/about\/faecherspektrum\/semitistik\/\" class=\"broken_link\">Semitistik<\/a><\/li>\n<li><a href=\"https:\/\/www.menalib.de\/about\/faecherspektrum\/iranistik\/\">Iranistik<\/a><\/li>\n<li><a href=\"https:\/\/www.menalib.de\/about\/faecherspektrum\/turkologie\/\" class=\"broken_link\">Turkologie<\/a><\/li>\n<li><a href=\"https:\/\/www.menalib.de\/about\/faecherspektrum\/armenologie\/\" class=\"broken_link\">Armenologie<\/a><\/li>\n<li><a href=\"https:\/\/www.menalib.de\/about\/faecherspektrum\/kaukasiologie\/\" class=\"broken_link\">Kaukasiologie<\/a><\/li>\n<\/ul>\n<h2>Regionale Erwerbungsschwerpunkte (Area Studies)<\/h2>\n<p>\u00c4gypten, \u00c4thiopien, Afghanistan, Algerien, Armenien, Aserbaidschan, Bahrain, Dschibuti, Eritrea, Georgien, Irak, Iran, Jemen, Jordanien, Kasachstan, Katar, Kirgisien, Kuwait, Libanon, Libyen, Malta, Marokko, Mauretanien, Oman, Pal\u00e4stina, Saudi-Arabien, Somalia, Sudan (Republik Sudan), Syrien, Tadschikistan, T\u00fcrkei, Tunesien, Turkmenistan, Usbekistan, Vereinigte Arabische Emirate, Westsahara<\/p>\n<h2>Thematische Erwerbungsschwerpunkte<\/h2>\n<ul>\n<li>Islam sowie orientalisches Christentum in der MENA-Region<\/li>\n<li>Sprache, Literatur und Volkskunde<\/li>\n<li>Geschichte einschlie\u00dflich Sozialgeschichte und Wirtschaftsgeschichte<\/li>\n<li>Politik, Verfassung, Verwaltung<\/li>\n<li>Ver\u00f6ffentlichungen \u00fcber Parteien, Gewerkschaften und \u00e4hnliche Verb\u00e4nde<\/li>\n<li>Anthropogeographie und L\u00e4nderkunde<\/li>\n<li>Ethnologie und Soziologie<\/li>\n<li>Erziehungs- und Hochschulwesen<\/li>\n<li>Wissenschaftliche Einrichtungen<\/li>\n<li>Informations-, Buch- und Bibliothekswesen<\/li>\n<li>Publizistik<\/li>\n<li>Film, Rundfunk, Fernsehen<\/li>\n<li>Philosophie und Kulturgeschichte<\/li>\n<li>Kunst, Musik, Theater, Tanz<\/li>\n<li>Recht, Mathematik, Landbau, Medizin, Naturwissenschaften und Technik in ihren traditionellen Erscheinungsformen<\/li>\n<li>Parlamentsschriften der Zentralparlamente<\/li>\n<\/ul>\n<h2>Auch:<\/h2>\n<ul>\n<li>Kurden<\/li>\n<li>Arabisch au\u00dferhalb der genannten Regionen<\/li>\n<li>islamische Turkv\u00f6lker<\/li>\n<li>Kopten<\/li>\n<li>autochthone V\u00f6lker des Kaukasus<\/li>\n<\/ul>\n<p><\/p>","protected":false},"excerpt":{"rendered":"Der FID Nahost erwirbt schwer zug\u00e4ngliche Prim\u00e4rliteratur aus den L\u00e4ndern und in den Sprachen der MENA-Region (Naher Osten und Nordafrika).","protected":false},"author":4226,"featured_media":6704,"parent":12,"menu_order":0,"comment_status":"closed","ping_status":"closed","template":"sidebar-page.php","meta":{"ngg_post_thumbnail":0},"categories":[],"tags":[],"_links":{"self":[{"href":"https:\/\/blogs.urz.uni-halle.de\/menalib\/wp-json\/wp\/v2\/pages\/436"}],"collection":[{"href":"https:\/\/blogs.urz.uni-halle.de\/menalib\/wp-json\/wp\/v2\/pages"}],"about":[{"href":"https:\/\/blogs.urz.uni-halle.de\/menalib\/wp-json\/wp\/v2\/types\/page"}],"author":[{"embeddable":true,"href":"https:\/\/blogs.urz.uni-halle.de\/menalib\/wp-json\/wp\/v2\/users\/4226"}],"replies":[{"embeddable":true,"href":"https:\/\/blogs.urz.uni-halle.de\/menalib\/wp-json\/wp\/v2\/comments?post=436"}],"version-history":[{"count":12,"href":"https:\/\/blogs.urz.uni-halle.de\/menalib\/wp-json\/wp\/v2\/pages\/436\/revisions"}],"predecessor-version":[{"id":15106,"href":"https:\/\/blogs.urz.uni-halle.de\/menalib\/wp-json\/wp\/v2\/pages\/436\/revisions\/15106"}],"up":[{"embeddable":true,"href":"https:\/\/blogs.urz.uni-halle.de\/menalib\/wp-json\/wp\/v2\/pages\/12"}],"wp:featuredmedia":[{"embeddable":true,"href":"https:\/\/blogs.urz.uni-halle.de\/menalib\/wp-json\/wp\/v2\/media\/6704"}],"wp:attachment":[{"href":"https:\/\/blogs.urz.uni-halle.de\/menalib\/wp-json\/wp\/v2\/media?parent=436"}],"wp:term":[{"taxonomy":"category","embeddable":true,"href":"https:\/\/blogs.urz.uni-halle.de\/menalib\/wp-json\/wp\/v2\/categories?post=436"},{"taxonomy":"post_tag","embeddable":true,"href":"https:\/\/blogs.urz.uni-halle.de\/menalib\/wp-json\/wp\/v2\/tags?post=436"}],"curies":[{"name":"wp","href":"https:\/\/api.w.org\/{rel}","templated":true}]}}