{"id":5724,"date":"2018-01-18T11:57:05","date_gmt":"2018-01-18T10:57:05","guid":{"rendered":"https:\/\/www.menalib.de\/?page_id=5724"},"modified":"2019-02-22T17:24:38","modified_gmt":"2019-02-22T16:24:38","slug":"fachbibliographien","status":"publish","type":"page","link":"https:\/\/blogs.urz.uni-halle.de\/menalib\/vifa\/fachbibliographien\/","title":{"rendered":"Fachbibliographien"},"content":{"rendered":"<p>Hier entstehen zu den verschiedenen, von unserem FID betreuten Disziplinen detaillierte fachspezifische Beschreibungen der Literaturbest\u00e4nde, die von der ULB Sachsen-Anhalt (und anderen spezialisierten Bibliotheken) \u00fcberregional f\u00fcr Sie zur Verf\u00fcgung gestellt werden. Die Seiten\u00a0erm\u00f6glichen Ihnen ein gezielte Suche nach fachrelevanten Fragestellungen in den einzelnen Disziplinen.<\/p>\n<p>Bitte wenden Sie sich mit Fragen und Anregungen zum Ausbau an uns. Wir hoffen somit, diese Seiten bedarfsgerecht in Kooperation mit der Forschung weiterentwickeln zu k\u00f6nnen.<\/p>\n<p>Bislang existieren Informationen zu den folgenden F\u00e4chern:<\/p>\n<ul>\n<li><a href=\"https:\/\/www.menalib.de\/vifa\/fachbibliographien\/die-turkologie-in-halle\/\" class=\"broken_link\">Fachbibliographie Turkologie<\/a><\/li>\n<li><a href=\"https:\/\/www.menalib.de\/vifa\/fachbibliographien\/die-kaukasiologie-in-halle\/\" class=\"broken_link\">Fachbibliographie Kaukasiologie<\/a><\/li>\n<\/ul>\n<p><\/p>","protected":false},"excerpt":{"rendered":"Hier entstehen zu den verschiedenen, von unserem FID betreuten Disziplinen detaillierte fachspezifische Beschreibungen der Literaturbest\u00e4nde, die von der ULB Sachsen-Anhalt (und anderen spezialisierten Bibliotheken) \u00fcberregional f\u00fcr Sie zur Verf\u00fcgung gestellt werden. Die Seiten\u00a0erm\u00f6glichen Ihnen ein gezielte Suche nach fachrelevanten Fragestellungen &hellip; <a href=\"https:\/\/blogs.urz.uni-halle.de\/menalib\/vifa\/fachbibliographien\/\">Weiterlesen <span class=\"meta-nav\">&rarr;<\/span><\/a>","protected":false},"author":3336,"featured_media":6949,"parent":7843,"menu_order":0,"comment_status":"closed","ping_status":"closed","template":"sidebar-page.php","meta":{"ngg_post_thumbnail":0},"categories":[],"tags":[],"_links":{"self":[{"href":"https:\/\/blogs.urz.uni-halle.de\/menalib\/wp-json\/wp\/v2\/pages\/5724"}],"collection":[{"href":"https:\/\/blogs.urz.uni-halle.de\/menalib\/wp-json\/wp\/v2\/pages"}],"about":[{"href":"https:\/\/blogs.urz.uni-halle.de\/menalib\/wp-json\/wp\/v2\/types\/page"}],"author":[{"embeddable":true,"href":"https:\/\/blogs.urz.uni-halle.de\/menalib\/wp-json\/wp\/v2\/users\/3336"}],"replies":[{"embeddable":true,"href":"https:\/\/blogs.urz.uni-halle.de\/menalib\/wp-json\/wp\/v2\/comments?post=5724"}],"version-history":[{"count":7,"href":"https:\/\/blogs.urz.uni-halle.de\/menalib\/wp-json\/wp\/v2\/pages\/5724\/revisions"}],"predecessor-version":[{"id":8594,"href":"https:\/\/blogs.urz.uni-halle.de\/menalib\/wp-json\/wp\/v2\/pages\/5724\/revisions\/8594"}],"up":[{"embeddable":true,"href":"https:\/\/blogs.urz.uni-halle.de\/menalib\/wp-json\/wp\/v2\/pages\/7843"}],"wp:featuredmedia":[{"embeddable":true,"href":"https:\/\/blogs.urz.uni-halle.de\/menalib\/wp-json\/wp\/v2\/media\/6949"}],"wp:attachment":[{"href":"https:\/\/blogs.urz.uni-halle.de\/menalib\/wp-json\/wp\/v2\/media?parent=5724"}],"wp:term":[{"taxonomy":"category","embeddable":true,"href":"https:\/\/blogs.urz.uni-halle.de\/menalib\/wp-json\/wp\/v2\/categories?post=5724"},{"taxonomy":"post_tag","embeddable":true,"href":"https:\/\/blogs.urz.uni-halle.de\/menalib\/wp-json\/wp\/v2\/tags?post=5724"}],"curies":[{"name":"wp","href":"https:\/\/api.w.org\/{rel}","templated":true}]}}