{"id":673,"date":"2016-04-22T14:33:27","date_gmt":"2016-04-22T12:33:27","guid":{"rendered":"http:\/\/localhost\/wordpress\/?page_id=673"},"modified":"2019-02-05T15:08:04","modified_gmt":"2019-02-05T14:08:04","slug":"digitalisierung","status":"publish","type":"page","link":"https:\/\/blogs.urz.uni-halle.de\/menalib\/service\/digitalisierung\/","title":{"rendered":"Digitalisierungsauftrag"},"content":{"rendered":"<p>F\u00fcr Titel, deren Copyright abgelaufen ist, kann ein Digitalisierungswunsch gestellt werden. Die Digitalisierung erfolgt zu Kosten von<!--more--> 0,25\u20ac pro Seite in einer Aufl\u00f6sung von 300dpi. Eine PDF-Version wird zur Verf\u00fcgung gestellt. Das Digitalisat wird im Anschluss zus\u00e4tzlich Open Access auf unseren Seiten zug\u00e4nglich gemacht. Bei geeigneten Titeln ist im OPAC ein zus\u00e4tzlicher Button &#8222;Digitalisierungswunsch&#8220; zu finden.<\/p>\n<p>Eine Digitalisierung einzelner Seiten ist m\u00f6glich, wenden Sie sich bitte an die <strong>Auskunft:<\/strong> Tel. 0345 5522166, E-Mail: <a href=\"mailto:ausku&#110;&#102;&#116;&#64;&#98;&#105;&#98;&#108;&#105;&#111;&#116;&#104;&#101;&#107;&#46;&#x75;&#x6e;&#x69;&#x2d;&#x68;&#x61;&#x6c;&#x6c;&#x65;&#x2e;&#x64;&#x65;\">&#x61;&#x75;&#115;&#107;un&#x66;&#x74;&#x40;&#98;ib&#x6c;&#x69;&#x6f;&#116;&#104;e&#x6b;&#x2e;&#x75;&#110;&#105;-&#x68;&#x61;&#x6c;&#108;&#101;&#46;d&#x65;<\/a><\/p>\n<p>Einen Digitalisierungswunsch zu Best\u00e4nden des FID k\u00f6nnen Sie auch an <a href=\"&#x6d;&#x61;&#105;l&#x74;&#x6f;&#x3a;&#109;e&#x6e;&#x61;&#x6c;&#105;b&#x40;&#x62;&#x69;&#98;l&#x69;&#x6f;&#x74;&#104;e&#x6b;&#x2e;&#x75;&#110;i&#x2d;&#x68;&#x61;&#108;l&#x65;&#x2e;&#x64;&#101;\">Dr. Volker Adam<\/a> richten.<\/p>\n<p>Bitte haben Sie Verst\u00e4ndnis daf\u00fcr, dass auf Grund des Zustandes des Werkes eine Digitalisierung unter Umst\u00e4nden nicht m\u00f6glich ist.<\/p>","protected":false},"excerpt":{"rendered":"F\u00fcr Titel, deren Copyright abgelaufen ist, kann ein Digitalisierungswunsch gestellt werden. Die Digitalisierung erfolgt zu Kosten von","protected":false},"author":2691,"featured_media":8377,"parent":1649,"menu_order":0,"comment_status":"closed","ping_status":"closed","template":"sidebar-page.php","meta":{"ngg_post_thumbnail":0},"categories":[224],"tags":[],"_links":{"self":[{"href":"https:\/\/blogs.urz.uni-halle.de\/menalib\/wp-json\/wp\/v2\/pages\/673"}],"collection":[{"href":"https:\/\/blogs.urz.uni-halle.de\/menalib\/wp-json\/wp\/v2\/pages"}],"about":[{"href":"https:\/\/blogs.urz.uni-halle.de\/menalib\/wp-json\/wp\/v2\/types\/page"}],"author":[{"embeddable":true,"href":"https:\/\/blogs.urz.uni-halle.de\/menalib\/wp-json\/wp\/v2\/users\/2691"}],"replies":[{"embeddable":true,"href":"https:\/\/blogs.urz.uni-halle.de\/menalib\/wp-json\/wp\/v2\/comments?post=673"}],"version-history":[{"count":6,"href":"https:\/\/blogs.urz.uni-halle.de\/menalib\/wp-json\/wp\/v2\/pages\/673\/revisions"}],"predecessor-version":[{"id":13421,"href":"https:\/\/blogs.urz.uni-halle.de\/menalib\/wp-json\/wp\/v2\/pages\/673\/revisions\/13421"}],"up":[{"embeddable":true,"href":"https:\/\/blogs.urz.uni-halle.de\/menalib\/wp-json\/wp\/v2\/pages\/1649"}],"wp:featuredmedia":[{"embeddable":true,"href":"https:\/\/blogs.urz.uni-halle.de\/menalib\/wp-json\/wp\/v2\/media\/8377"}],"wp:attachment":[{"href":"https:\/\/blogs.urz.uni-halle.de\/menalib\/wp-json\/wp\/v2\/media?parent=673"}],"wp:term":[{"taxonomy":"category","embeddable":true,"href":"https:\/\/blogs.urz.uni-halle.de\/menalib\/wp-json\/wp\/v2\/categories?post=673"},{"taxonomy":"post_tag","embeddable":true,"href":"https:\/\/blogs.urz.uni-halle.de\/menalib\/wp-json\/wp\/v2\/tags?post=673"}],"curies":[{"name":"wp","href":"https:\/\/api.w.org\/{rel}","templated":true}]}}