{"id":6861,"date":"2018-06-26T11:07:21","date_gmt":"2018-06-26T09:07:21","guid":{"rendered":"https:\/\/www.menalib.de\/?page_id=6861"},"modified":"2023-10-26T07:29:52","modified_gmt":"2023-10-26T05:29:52","slug":"impressum","status":"publish","type":"page","link":"https:\/\/blogs.urz.uni-halle.de\/menalib\/about\/impressum\/","title":{"rendered":"Impressum"},"content":{"rendered":"<p>nach \u00a7 5 TMG<\/p>\n<h2>Institution<\/h2>\n<p>Die Martin-Luther-Universit\u00e4t Halle-Wittenberg ist eine K\u00f6rperschaft des \u00f6ffentlichen<br \/>\nRechts. Sie wird durch den\/die Rektor\/in gesetzlich vertreten:<br \/>\n<a class=\"email\" title=\"E-Mail an &#114;&#x65;&#107;&#x74;o&#x72;i&#110;&#x40;&#117;&#x6e;i&#x2d;h&#97;&#x6c;&#108;&#x65;&#46;&#x64;e senden.\" href=\"&#109;&#x61;&#x69;l&#116;&#x6f;:&#114;&#x65;&#x6b;&#116;&#x6f;&#x72;i&#110;&#x40;u&#110;&#x69;&#x2d;&#104;&#x61;&#x6c;l&#101;&#x2e;d&#101;\">&#x72;&#x65;&#x6b;&#x74;&#x6f;&#x72;&#x69;&#x6e;&#x40;&#x75;&#x6e;&#x69;&#x2d;&#x68;&#x61;&#x6c;&#x6c;&#x65;&#x2e;&#x64;&#x65;<\/a><\/p>\n<h2>Angaben<\/h2>\n<p>Martin-Luther-Universit\u00e4t Halle-Wittenberg<br \/>\nUniversit\u00e4tsplatz 10<br \/>\n06108 Halle<br \/>\nDeutschland<\/p>\n<p><strong>Telefon:<\/strong> 0345 \/ 55 20<br \/>\n<strong>Fax:<\/strong> 0345 \/ 55 27 077<br \/>\n<strong>E-Mail<\/strong>: <a href=\"&#x6d;&#97;&#105;l&#x74;&#x6f;&#58;i&#x6e;&#x66;&#111;&#64;&#x75;&#x6e;&#105;-&#x68;&#x61;&#108;l&#x65;&#x2e;&#100;e\">&#x69;n&#x66;&#111;&#x40;&#117;n&#x69;-&#x68;&#97;&#x6c;&#108;e&#x2e;&#100;&#x65;<\/a><br \/>\n<strong>Internet:<\/strong> <a href=\"http:\/\/www.uni-halle.de\">www.uni-halle.de<\/a><br \/>\n<strong>Umsatzsteuer-ldentifikationsnummer:<\/strong> DE 811353703<br \/>\ngem\u00e4\u00df \u00a7 27 a Umsatzsteuergesetz<\/p>\n<h2>Aufsichtsbeh\u00f6rde<\/h2>\n<p>Die zust\u00e4ndige Aufsichtsbeh\u00f6rde ist das<br \/>\nMinisterium f\u00fcr Wissenschaft, Energie, Klimaschutz und Umwelt des Landes Sachsen-Anhalt<br \/>\nLeipziger Stra\u00dfe 58<br \/>\n39112 Magdeburg<br \/>\nE-Mail:&nbsp;<a href=\"&#x6d;a&#x69;&#108;t&#x6f;&#58;&#x70;&#x6f;s&#x74;&#115;t&#x65;&#108;&#x6c;&#101;&#64;&#x6d;&#119;u&#x2e;&#115;&#x61;&#99;h&#x73;&#101;&#x6e;&#x2d;a&#x6e;&#104;a&#x6c;&#116;&#x2e;&#x64;e\">&#x70;&#x6f;&#115;&#116;s&#x74;&#x65;&#x6c;&#108;e&#64;&#x6d;&#x77;&#117;&#46;s&#x61;&#x63;&#x68;&#115;en&#x2d;&#x61;&#110;&#104;a&#x6c;&#x74;&#x2e;&#100;e<\/a><br \/>\nWeb:&nbsp;<a href=\"http:\/\/www.mwu.sachsen-anhalt.de\/\" target=\"_blank\" rel=\"noopener noreferrer\">www.mwu.sachsen-anhalt.de<\/a><\/p>\n<p>Fachinformationsdienst Nahost-, Nordafrika- und Islamstudien<br \/>\nUniversit\u00e4ts- und Landesbibliothek Sachsen-Anhalt<br \/>\nM\u00fchlweg 15<br \/>\n06114 Halle (Saale)<br \/>\n<a href=\"&#109;&#x61;&#x69;l&#116;&#x6f;:&#118;&#x6f;&#x6c;&#107;&#x65;&#x72;&#46;&#97;&#x64;a&#109;&#x40;&#x62;&#105;&#x62;&#x6c;i&#111;&#x74;h&#101;&#x6b;&#x2e;&#117;&#x6e;&#x69;-&#104;&#x61;l&#108;&#x65;&#x2e;&#100;&#x65;\">&#x76;&#x6f;&#x6c;&#107;&#101;&#114;&#46;a&#x64;&#x61;&#x6d;&#x40;&#98;&#105;bl&#x69;&#x6f;&#x74;&#x68;&#101;&#107;&#46;u&#x6e;&#x69;&#x2d;&#x68;&#97;&#108;&#108;e&#46;&#x64;&#x65;<\/a><\/p>\n<p>F\u00fcr journalistisch-redaktionell gestaltete Inhalte ist nach \u00a718 des MStV verantwortlich:<\/p>\n<p>Dr. Volker Adam<br \/>\nM\u00fchlweg 15<br \/>\n06114 Halle (Saale)<br \/>\n<a href=\"&#109;&#x61;&#x69;&#108;&#x74;&#x6f;&#58;&#x76;&#x6f;&#108;&#x6b;&#x65;&#114;&#x2e;&#x61;&#100;&#x61;&#x6d;&#64;&#x62;&#x69;&#98;&#x6c;&#x69;&#111;&#x74;&#x68;e&#x6b;&#x2e;u&#x6e;&#x69;-&#104;&#x61;l&#108;&#x65;&#46;&#100;&#x65;\">&#118;o&#x6c;k&#x65;&#114;&#x2e;&#97;&#x64;&#97;m&#x40;b&#x69;&#98;&#x6c;&#105;&#x6f;&#116;&#x68;&#101;k&#x2e;u&#x6e;&#105;&#x2d;&#104;&#x61;&#108;l&#x65;&#46;&#x64;&#101;<\/a><\/p>","protected":false},"excerpt":{"rendered":"Die Anbieterkennzeichnung dieser online Publikation nach \u00a7 5 des deutschen Telemediengesetzes (TMG) <a href=\"https:\/\/blogs.urz.uni-halle.de\/menalib\/about\/impressum\/\">Weiterlesen <span class=\"meta-nav\">&rarr;<\/span><\/a>","protected":false},"author":3336,"featured_media":7977,"parent":12,"menu_order":0,"comment_status":"closed","ping_status":"closed","template":"","meta":{"ngg_post_thumbnail":0},"categories":[1],"tags":[],"_links":{"self":[{"href":"https:\/\/blogs.urz.uni-halle.de\/menalib\/wp-json\/wp\/v2\/pages\/6861"}],"collection":[{"href":"https:\/\/blogs.urz.uni-halle.de\/menalib\/wp-json\/wp\/v2\/pages"}],"about":[{"href":"https:\/\/blogs.urz.uni-halle.de\/menalib\/wp-json\/wp\/v2\/types\/page"}],"author":[{"embeddable":true,"href":"https:\/\/blogs.urz.uni-halle.de\/menalib\/wp-json\/wp\/v2\/users\/3336"}],"replies":[{"embeddable":true,"href":"https:\/\/blogs.urz.uni-halle.de\/menalib\/wp-json\/wp\/v2\/comments?post=6861"}],"version-history":[{"count":10,"href":"https:\/\/blogs.urz.uni-halle.de\/menalib\/wp-json\/wp\/v2\/pages\/6861\/revisions"}],"predecessor-version":[{"id":14476,"href":"https:\/\/blogs.urz.uni-halle.de\/menalib\/wp-json\/wp\/v2\/pages\/6861\/revisions\/14476"}],"up":[{"embeddable":true,"href":"https:\/\/blogs.urz.uni-halle.de\/menalib\/wp-json\/wp\/v2\/pages\/12"}],"wp:featuredmedia":[{"embeddable":true,"href":"https:\/\/blogs.urz.uni-halle.de\/menalib\/wp-json\/wp\/v2\/media\/7977"}],"wp:attachment":[{"href":"https:\/\/blogs.urz.uni-halle.de\/menalib\/wp-json\/wp\/v2\/media?parent=6861"}],"wp:term":[{"taxonomy":"category","embeddable":true,"href":"https:\/\/blogs.urz.uni-halle.de\/menalib\/wp-json\/wp\/v2\/categories?post=6861"},{"taxonomy":"post_tag","embeddable":true,"href":"https:\/\/blogs.urz.uni-halle.de\/menalib\/wp-json\/wp\/v2\/tags?post=6861"}],"curies":[{"name":"wp","href":"https:\/\/api.w.org\/{rel}","templated":true}]}}