{"id":7217,"date":"2018-08-28T10:24:35","date_gmt":"2018-08-28T08:24:35","guid":{"rendered":"https:\/\/www.menalib.de\/?page_id=7217"},"modified":"2025-07-10T16:29:05","modified_gmt":"2025-07-10T14:29:05","slug":"fernleihe","status":"publish","type":"page","link":"https:\/\/blogs.urz.uni-halle.de\/menalib\/service\/fernleihe\/","title":{"rendered":"Fernleihe"},"content":{"rendered":"<p>Wir sind ein Service der <a href=\"https:\/\/bibliothek.uni-halle.de\/\">Universit\u00e4ts- und Landesbibliothek Sachsen-Anhalt (ULB)<\/a> und bieten Spezialliteratur, die viele Bibliotheken nicht in Ihrem Bestand haben.<!--more--><\/p>\n<p>Sie k\u00f6nnen B\u00fccher oder Aufsatzkopien \u00fcber die Fernleihe von uns erhalten. Dies ist eine Dienstleistung, die zwischen Bibliotheken abgewickelt wird. In Deutschland nehmen 1581 \u00f6ffentliche und wissenschaftliche Bibliotheken am \u00fcberregionalen Leihverkehr teil (Stand: Dezember 2016).<\/p>\n<h2>Ablauf<\/h2>\n<p>Um ein Werk per Fernleihe zu bestellen, m\u00fcssen Sie sich zuerst an eine Bibliothek in Ihrer Umgebung wenden. Ihre Bibliothek vor Ort leitet die Bestellung an die ULB weiter. In der Regel stehen Ihnen die bestellten Medien nach etwa 1,5 bis 2 Wochen zur Verf\u00fcgung.<\/p>\n<p>Sie k\u00f6nnen aber auch einzelne Aufs\u00e4tze aus B\u00fcchern oder Zeitschriften, die sich in unserem Bestand befinden bestellen. Diese werden in der Regel von uns gescannt und an ihre Bibliothek verschickt. Diese stellt Ihnen dann einen Ausdruck zur Verf\u00fcgung (aus urheberrechtlichen Gr\u00fcnden kann kein Scan weitergeleitet werden). Dieser Service dauert im Schnitt nur wenige Tage.<\/p>\n<h2>Kosten<\/h2>\n<p>Manche Bibliotheken bieten ihren Benutzern diesen Service kostenlos an. Viele erheben jedoch eine pauschale Geb\u00fchr pro Bestellung, die je nach Bibliothek zwischen 1,50 und 6,00 EUR liegt.<\/p>\n<h2>Ausnahmen<\/h2>\n<p>F\u00fcr folgende Medien ist keine Fernleihe m\u00f6glich:<\/p>\n<ul>\n<li>E-Books<\/li>\n<li>Audio- und Videomaterialien (in Ausnahmef\u00e4llen m\u00f6glich, bitte fragen Sie uns)<\/li>\n<li>Loseblattsammlung (Kopien einzelner Artikel m\u00f6glich)<\/li>\n<li>\u00c4ltere und schutzw\u00fcrdige Literatur<\/li>\n<li>Zeitschriftenb\u00e4nde j\u00fcngeren Datums<\/li>\n<li>Gro\u00dfformatige Zeitungsb\u00e4nde<\/li>\n<li>\u00dcberformatige Werke<\/li>\n<\/ul>\n<h2>Alternativen<\/h2>\n<h3>Digitalisierungswunsch<\/h3>\n<p>F\u00fcr Titel, deren Copyright abgelaufen ist, kann ein <a href=\"https:\/\/www.menalib.de\/service\/digitalisierung\/\">Digitalisierungswunsch<\/a> gestellt werden. Dies ist besonders f\u00fcr \u201e\u00e4ltere und schutzw\u00fcrdige Literatur\u201c, die nicht ausgeliehen werden kann, eine Alternative.<\/p>\n<h3>Digitale Best\u00e4nde<\/h3>\n<p>Unser Open-Access-Repositorium <a href=\"https:\/\/www.menalib.de\/menadoc-digitale-sammlungen\/\" class=\"broken_link\">MENAdoc <\/a>bietet Zugang zu \u00fcber 15.000 Dokumenten. Diese Werke k\u00f6nnen jederzeit online abgerufen werden und sind im Volltext durchsuchbar.<\/p>\n<p>Mit unseren <a href=\"https:\/\/www.menalib.de\/vifa\/fid-lizenzen\/\" class=\"broken_link\">FID-Lizenzen<\/a> erm\u00f6glichen wir deutschlandweit Zugang zu lizenzpflichtigen elektronischen Produkten wie Datenbanken, E-Books und E-Zeitschriften.<\/p>\n<h1 class=\"entry-header\">Forschungsapparat in der Fernleihe<\/h1>\n<h2 class=\"entry-header\">Ein neuer Service des FID Nahost&nbsp;<\/h2>\n<p>Ein zentraler Fokus der Arbeit des FID Nahost-, Nordafrika- und Islamstudien liegt darin, wissenschaftlich relevante Literatur aus und \u00fcber den Nahen Osten zu beschaffen und bereitzustellen. Um diese wertvollen Ressourcen fl\u00e4chendeckend den Forschenden deutschlandweit zug\u00e4nglich zu machen, wurde ein Forschungsapparat in Form einer l\u00e4ngerfristigen Fernleihe etabliert. Weitere Informationen finden Sie <a href=\"https:\/\/www.menalib.de\/?page_id=15570&amp;preview=true\" class=\"broken_link\">hier<\/a>.<\/p>","protected":false},"excerpt":{"rendered":"Wir sind ein Service der Universit\u00e4ts- und Landesbibliothek Sachsen-Anhalt (ULB) und bieten Spezialliteratur, die viele Bibliotheken nicht in Ihrem Bestand haben.","protected":false},"author":4226,"featured_media":8379,"parent":1649,"menu_order":0,"comment_status":"closed","ping_status":"closed","template":"sidebar-page.php","meta":{"ngg_post_thumbnail":0},"categories":[],"tags":[],"_links":{"self":[{"href":"https:\/\/blogs.urz.uni-halle.de\/menalib\/wp-json\/wp\/v2\/pages\/7217"}],"collection":[{"href":"https:\/\/blogs.urz.uni-halle.de\/menalib\/wp-json\/wp\/v2\/pages"}],"about":[{"href":"https:\/\/blogs.urz.uni-halle.de\/menalib\/wp-json\/wp\/v2\/types\/page"}],"author":[{"embeddable":true,"href":"https:\/\/blogs.urz.uni-halle.de\/menalib\/wp-json\/wp\/v2\/users\/4226"}],"replies":[{"embeddable":true,"href":"https:\/\/blogs.urz.uni-halle.de\/menalib\/wp-json\/wp\/v2\/comments?post=7217"}],"version-history":[{"count":10,"href":"https:\/\/blogs.urz.uni-halle.de\/menalib\/wp-json\/wp\/v2\/pages\/7217\/revisions"}],"predecessor-version":[{"id":15592,"href":"https:\/\/blogs.urz.uni-halle.de\/menalib\/wp-json\/wp\/v2\/pages\/7217\/revisions\/15592"}],"up":[{"embeddable":true,"href":"https:\/\/blogs.urz.uni-halle.de\/menalib\/wp-json\/wp\/v2\/pages\/1649"}],"wp:featuredmedia":[{"embeddable":true,"href":"https:\/\/blogs.urz.uni-halle.de\/menalib\/wp-json\/wp\/v2\/media\/8379"}],"wp:attachment":[{"href":"https:\/\/blogs.urz.uni-halle.de\/menalib\/wp-json\/wp\/v2\/media?parent=7217"}],"wp:term":[{"taxonomy":"category","embeddable":true,"href":"https:\/\/blogs.urz.uni-halle.de\/menalib\/wp-json\/wp\/v2\/categories?post=7217"},{"taxonomy":"post_tag","embeddable":true,"href":"https:\/\/blogs.urz.uni-halle.de\/menalib\/wp-json\/wp\/v2\/tags?post=7217"}],"curies":[{"name":"wp","href":"https:\/\/api.w.org\/{rel}","templated":true}]}}