{"id":8073,"date":"2019-01-10T17:08:13","date_gmt":"2019-01-10T16:08:13","guid":{"rendered":"https:\/\/www.menalib.de\/?page_id=8073"},"modified":"2025-05-27T15:34:01","modified_gmt":"2025-05-27T13:34:01","slug":"der-fachinformationsdienst","status":"publish","type":"page","link":"https:\/\/blogs.urz.uni-halle.de\/menalib\/about\/der-fachinformationsdienst\/","title":{"rendered":"Der Fachinformationsdienst"},"content":{"rendered":"<p>Der Fachinformationsdienst (FID) Nahost-, Nordafrika- und Islamstudien versorgt die deutsche Wissenschaft mit hochspezialisierten Forschungsmaterialien aus den L\u00e4ndern der MENA-Region. Er wird seit 2016 von der <a href=\"http:\/\/www.dfg.de\/foerderung\/programme\/infrastruktur\/lis\/lis_foerderangebote\/fachinfodienste_wissenschaft\/index.html\">Deutschen Forschungsgemeinschaft<\/a> (DFG) gef\u00f6rdert<!--more--> und von der&nbsp;<a href=\"https:\/\/bibliothek.uni-halle.de\/\">Universit\u00e4ts- und Landesbibliothek Sachsen-Anhalt<\/a> betreut.<\/p>\n<h2>Erwerbungen<\/h2>\n<p>Wir erwerben schwer zug\u00e4ngliche Ver\u00f6ffentlichungen aus den L\u00e4ndern und \u00fcberwiegend in den Sprachen der MENA-Region und stellen dieses hochspezialisierte Quellenmaterial dauerhaft zur Verf\u00fcgung.<\/p>\n<p>Dies geschieht einerseits traditionell \u00fcber den Fernleihservice der ULB Sachsen-Anhalt bei gedruckten Materialien und in zunehmendem Ma\u00dfe auch in digitaler Form als <a href=\"https:\/\/www.menalib.de\/vifa\/menadoc\">Open Access<\/a> oder als Lizenzangebot f\u00fcr die <a href=\"https:\/\/nahost.fid-lizenzen.de\/nutzerkreis\">FID-Fachcommunity<\/a>.<\/p>\n<p>Die&nbsp;<a href=\"https:\/\/www.menalib.de\/vifa\/\" class=\"broken_link\">Virtuelle Fachbibliothek<\/a>&nbsp;MENALIB bildet einen zentralen Zugang zu unseren Best\u00e4nden, Angeboten und Serviceleistungen, die Ihnen \u00fcber das Discovery-System <a href=\"https:\/\/menasearch.bibliothek.uni-halle.de\/\">MENAsearch<\/a> zur Verf\u00fcgung stehen.<\/p>\n<h2>F\u00e4cherspektrum<\/h2>\n<p>Der FID Nahost-, Nordafrika- und Islamstudien versteht sich als Ansprechpartner f\u00fcr eine Reihe kleinerer, philologisch, religions- sowie regionalwissenschaftlich ausgerichteter Disziplinen, die zum F\u00e4cherspektrum der Orientalistik geh\u00f6ren. Hierzu z\u00e4hlen die<\/p>\n<ul>\n<li><a href=\"https:\/\/www.menalib.de\/about\/faecherspektrum\/islamwissenschaft\/\" target=\"_blank\" rel=\"noopener noreferrer\" class=\"broken_link\">Islamwissenschaft (bekenntnisneutral)<\/a><\/li>\n<li><a href=\"https:\/\/www.menalib.de\/about\/faecherspektrum\/islamische-theologie\/\" target=\"_blank\" rel=\"noopener noreferrer\" class=\"broken_link\">Islamische Theologie (bekenntnisorientiert)<\/a><\/li>\n<li><a href=\"https:\/\/www.menalib.de\/about\/faecherspektrum\/wissenschaft-vom-christlichen-orient\/\" class=\"broken_link\">Christlicher Orient<\/a><\/li>\n<li><a href=\"https:\/\/www.menalib.de\/about\/faecherspektrum\/arabistik\/\" target=\"_blank\" rel=\"noopener noreferrer\" class=\"broken_link\">Arabistik<\/a><\/li>\n<li><a href=\"https:\/\/www.menalib.de\/about\/faecherspektrum\/semitistik\/\" class=\"broken_link\">Semitistik<\/a><\/li>\n<li><a href=\"\/about\/faecherspektrum\/iranistik\/\" target=\"_blank\" rel=\"noopener noreferrer\">Iranistik<\/a><\/li>\n<li><a href=\"https:\/\/www.menalib.de\/about\/faecherspektrum\/turkologie\/\" target=\"_blank\" rel=\"noopener noreferrer\" class=\"broken_link\">Turkologie<\/a><\/li>\n<li><a href=\"https:\/\/www.menalib.de\/about\/faecherspektrum\/armenologie\/\" target=\"_blank\" rel=\"noopener noreferrer\" class=\"broken_link\">Armenologie<\/a><\/li>\n<li><a href=\"https:\/\/www.menalib.de\/about\/faecherspektrum\/kaukasiologie\/\" target=\"_blank\" rel=\"noopener noreferrer\" class=\"broken_link\">Kaukasiologie<\/a><\/li>\n<\/ul>\n<h2>Regionale Ausrichtung<\/h2>\n<p><a href=\"https:\/\/www.menalib.de\/files\/2019\/02\/map-mena-region-with-country-names.jpg\" class=\"broken_link\"><img loading=\"lazy\" class=\"alignright wp-image-8580 size-medium\" src=\"https:\/\/www.menalib.de\/files\/2019\/02\/map-mena-region-800x580.jpg\" alt=\"Karte der MENA-Region\" width=\"800\" height=\"580\" srcset=\"https:\/\/blogs.urz.uni-halle.de\/menalib\/files\/2019\/02\/map-mena-region-800x580.jpg 800w, https:\/\/blogs.urz.uni-halle.de\/menalib\/files\/2019\/02\/map-mena-region-420x305.jpg 420w, https:\/\/blogs.urz.uni-halle.de\/menalib\/files\/2019\/02\/map-mena-region-768x557.jpg 768w, https:\/\/blogs.urz.uni-halle.de\/menalib\/files\/2019\/02\/map-mena-region-1280x929.jpg 1280w, https:\/\/blogs.urz.uni-halle.de\/menalib\/files\/2019\/02\/map-mena-region-414x300.jpg 414w\" sizes=\"(max-width: 800px) 100vw, 800px\" \/><\/a>Regional umfasst unser Sammelauftrag die folgenden L\u00e4nder:<\/p>\n<p>\u00c4gypten, \u00c4thiopien, Afghanistan, Algerien, Armenien, Aserbaidschan, Bahrein, Dschibuti, Eritrea, Georgien, Irak, Iran, Jemen, Jordanien, Kasachstan, Katar, Kirgisien, Kuwait, Libanon, Libyen, Malta, Marokko, Mauretanien, Oman, Pal\u00e4stina, Saudi-Arabien, Somalia, Sudan (Republik Sudan), Syrien, Tadschikistan, T\u00fcrkei, Tunesien, Turkmenistan, Usbekistan, Vereinigte Arabische Emirate, West Sahara<\/p>\n<h2>Inhaltliche Ausrichtung<\/h2>\n<p>Inhaltlich liegen die Schwerpunkte unserer Angebote insbesondere auf den Bereichen Religionswissenschaft, Geschichte, Politik- und Sozialwissenschaften sowie Sprach- und Literaturwissenschaft der oben erw\u00e4hnten Regionen.<\/p>\n<h2>Community<\/h2>\n<p>Um unseren Service am Bedarf der Forschung auszurichten, pflegt das FID-Team enge Kontakte zur Fachcommunity, f\u00fchrt regelm\u00e4\u00dfig <a href=\"https:\/\/www.menalib.de\/community\/roadshows\/\">Roadshows<\/a> durch und steht \u00fcber Social Media mit Fachwissenschaftlerinnen und Fachwissenschaftlern in Kontakt.<\/p>\n<h2 id=\"aaa\">Aus aktuellem Anlass&#8230;<\/h2>\n<p>Wir bitten um Verst\u00e4ndnis daf\u00fcr, dass der Fachinformationsdienst (FID) keine Kommentare oder Stellungnahmen zum politischen Tagesgeschehen abgeben wird.<\/p>\n<p>Der FID versorgt die deutsche Nahost- und Islamwissenschaft mit forschungsrelevanter Literatur aus der MENA-Region sowie fachspezifischen Serviceleistungen.<\/p>\n<p>Die <a href=\"https:\/\/www.menalib.de\/\">Website MENALIB<\/a>, <a href=\"https:\/\/bsky.app\/profile\/menalib.bsky.social\">Bluesky<\/a> und <a href=\"https:\/\/openbiblio.social\/@menalib_FIDNahost\"> Mastodon <\/a>dienen der Bewerbung der eigenen Services und zur Kommunikation mit der wissenschaftlichen Fachcommunity und werden nicht als Plattform f\u00fcr die pers\u00f6nlichen Meinungen der FID-Teammitglieder genutzt.<\/p>","protected":false},"excerpt":{"rendered":"Der Fachinformationsdienst (FID) Nahost-, Nordafrika- und Islamstudien versorgt die deutsche Wissenschaft mit hochspezialisierten Forschungsmaterialien aus den L\u00e4ndern der MENA-Region. Er wird seit 2016 von der Deutschen Forschungsgemeinschaft (DFG) gef\u00f6rdert","protected":false},"author":4226,"featured_media":9736,"parent":12,"menu_order":0,"comment_status":"closed","ping_status":"closed","template":"","meta":{"ngg_post_thumbnail":0},"categories":[],"tags":[],"_links":{"self":[{"href":"https:\/\/blogs.urz.uni-halle.de\/menalib\/wp-json\/wp\/v2\/pages\/8073"}],"collection":[{"href":"https:\/\/blogs.urz.uni-halle.de\/menalib\/wp-json\/wp\/v2\/pages"}],"about":[{"href":"https:\/\/blogs.urz.uni-halle.de\/menalib\/wp-json\/wp\/v2\/types\/page"}],"author":[{"embeddable":true,"href":"https:\/\/blogs.urz.uni-halle.de\/menalib\/wp-json\/wp\/v2\/users\/4226"}],"replies":[{"embeddable":true,"href":"https:\/\/blogs.urz.uni-halle.de\/menalib\/wp-json\/wp\/v2\/comments?post=8073"}],"version-history":[{"count":11,"href":"https:\/\/blogs.urz.uni-halle.de\/menalib\/wp-json\/wp\/v2\/pages\/8073\/revisions"}],"predecessor-version":[{"id":15518,"href":"https:\/\/blogs.urz.uni-halle.de\/menalib\/wp-json\/wp\/v2\/pages\/8073\/revisions\/15518"}],"up":[{"embeddable":true,"href":"https:\/\/blogs.urz.uni-halle.de\/menalib\/wp-json\/wp\/v2\/pages\/12"}],"wp:featuredmedia":[{"embeddable":true,"href":"https:\/\/blogs.urz.uni-halle.de\/menalib\/wp-json\/wp\/v2\/media\/9736"}],"wp:attachment":[{"href":"https:\/\/blogs.urz.uni-halle.de\/menalib\/wp-json\/wp\/v2\/media?parent=8073"}],"wp:term":[{"taxonomy":"category","embeddable":true,"href":"https:\/\/blogs.urz.uni-halle.de\/menalib\/wp-json\/wp\/v2\/categories?post=8073"},{"taxonomy":"post_tag","embeddable":true,"href":"https:\/\/blogs.urz.uni-halle.de\/menalib\/wp-json\/wp\/v2\/tags?post=8073"}],"curies":[{"name":"wp","href":"https:\/\/api.w.org\/{rel}","templated":true}]}}