{"id":8275,"date":"2019-01-30T10:51:48","date_gmt":"2019-01-30T09:51:48","guid":{"rendered":"https:\/\/www.menalib.de\/?page_id=8275"},"modified":"2022-02-09T12:09:31","modified_gmt":"2022-02-09T11:09:31","slug":"datenschutz","status":"publish","type":"page","link":"https:\/\/blogs.urz.uni-halle.de\/menalib\/about\/datenschutz\/","title":{"rendered":"Datenschutz"},"content":{"rendered":"<p><\/p>\n<h2>Ein Projekt der Universit\u00e4ts- und Landesbibliothek Sachsen-Anhalt<\/h2>\n<p>Der Fachinformationsdienst Nahost mit seinem Webportal MENALIB wird von der <a href=\"https:\/\/bibliothek.uni-halle.de\/\">Universit\u00e4ts- und Landesbibliothek Sachsen-Anhalt<\/a> betreut. Deshalb gilt f\u00fcr diese Website die Datenschutzerkl\u00e4rung der <a href=\"https:\/\/www.uni-halle.de\/\">Martin-Luther-Universit\u00e4t Halle-Wittenberg<\/a>.<\/p>\n<p><a class=\"button\" href=\"https:\/\/www.uni-halle.de\/datenschutzerklaerung\/\">Datenschutzerkl\u00e4rung <\/a><\/p>\n<p>&nbsp;<\/p>\n<p>&nbsp;<\/p>\n<p>&nbsp;<\/p>","protected":false},"excerpt":{"rendered":"Ein Projekt der Universit\u00e4ts- und Landesbibliothek Sachsen-Anhalt Der Fachinformationsdienst Nahost mit seinem Webportal MENALIB wird von der Universit\u00e4ts- und Landesbibliothek Sachsen-Anhalt betreut. Deshalb gilt f\u00fcr diese Website die Datenschutzerkl\u00e4rung der Martin-Luther-Universit\u00e4t Halle-Wittenberg. Datenschutzerkl\u00e4rung &nbsp; &nbsp; &nbsp;","protected":false},"author":3336,"featured_media":0,"parent":12,"menu_order":0,"comment_status":"closed","ping_status":"closed","template":"","meta":{"ngg_post_thumbnail":0},"categories":[],"tags":[],"_links":{"self":[{"href":"https:\/\/blogs.urz.uni-halle.de\/menalib\/wp-json\/wp\/v2\/pages\/8275"}],"collection":[{"href":"https:\/\/blogs.urz.uni-halle.de\/menalib\/wp-json\/wp\/v2\/pages"}],"about":[{"href":"https:\/\/blogs.urz.uni-halle.de\/menalib\/wp-json\/wp\/v2\/types\/page"}],"author":[{"embeddable":true,"href":"https:\/\/blogs.urz.uni-halle.de\/menalib\/wp-json\/wp\/v2\/users\/3336"}],"replies":[{"embeddable":true,"href":"https:\/\/blogs.urz.uni-halle.de\/menalib\/wp-json\/wp\/v2\/comments?post=8275"}],"version-history":[{"count":10,"href":"https:\/\/blogs.urz.uni-halle.de\/menalib\/wp-json\/wp\/v2\/pages\/8275\/revisions"}],"predecessor-version":[{"id":12837,"href":"https:\/\/blogs.urz.uni-halle.de\/menalib\/wp-json\/wp\/v2\/pages\/8275\/revisions\/12837"}],"up":[{"embeddable":true,"href":"https:\/\/blogs.urz.uni-halle.de\/menalib\/wp-json\/wp\/v2\/pages\/12"}],"wp:attachment":[{"href":"https:\/\/blogs.urz.uni-halle.de\/menalib\/wp-json\/wp\/v2\/media?parent=8275"}],"wp:term":[{"taxonomy":"category","embeddable":true,"href":"https:\/\/blogs.urz.uni-halle.de\/menalib\/wp-json\/wp\/v2\/categories?post=8275"},{"taxonomy":"post_tag","embeddable":true,"href":"https:\/\/blogs.urz.uni-halle.de\/menalib\/wp-json\/wp\/v2\/tags?post=8275"}],"curies":[{"name":"wp","href":"https:\/\/api.w.org\/{rel}","templated":true}]}}