{"id":8475,"date":"2019-02-11T16:53:32","date_gmt":"2019-02-11T15:53:32","guid":{"rendered":"https:\/\/www.menalib.de\/?page_id=8475"},"modified":"2024-07-05T10:34:40","modified_gmt":"2024-07-05T08:34:40","slug":"russian-islamic-studies","status":"publish","type":"page","link":"https:\/\/blogs.urz.uni-halle.de\/menalib\/vifa\/fid-lizenzen\/russian-islamic-studies\/","title":{"rendered":"Russian Islamic Studies"},"content":{"rendered":"<p><\/p>\n<div class=\"bigger-box\">\n<h2>Zeitungen und Zeitschriften zum Islam<\/h2>\n<p>Die &#8222;Universal Database of Russian Islamic Studies&#8220; bietet Zugriff auf aktuelle russische Zeitungen und wissenschaftliche Zeitschriften zum Islam. Das Angebot ist deutschlandweit und an deutschen Auslandsinstituten \u00fcber das System der Nationallizenzen kostenfrei zug\u00e4nglich.<\/p>\n<p><a class=\"button\" href=\"https:\/\/dlib.eastview.com\/browse\/udb\/1890\">Zur Datenbank<\/a><\/p>\n<p>Alle Ausgaben k\u00f6nnen im Volltext durchsucht werden, auch das Browsen in den einzelnen Ausgaben der Datenbank ist m\u00f6glich. Einzelne Seiten k\u00f6nnen im Originallayout als PDF heruntergeladen werden.<\/p>\n<\/div>\n<h2>Russland und der Islam<\/h2>\n<p><a href=\"https:\/\/www.menalib.de\/files\/2019\/02\/moskauer-kathedralmoschee.jpg\" class=\"broken_link\"><img loading=\"lazy\" class=\"alignleft wp-image-8628 size-thumbnail\" src=\"https:\/\/www.menalib.de\/files\/2019\/02\/moskauer-kathedralmoschee-420x672.jpg\" alt=\"Moskauer Kathedralmoschee\" width=\"420\" height=\"672\" srcset=\"https:\/\/blogs.urz.uni-halle.de\/menalib\/files\/2019\/02\/moskauer-kathedralmoschee-420x672.jpg 420w, https:\/\/blogs.urz.uni-halle.de\/menalib\/files\/2019\/02\/moskauer-kathedralmoschee-800x1280.jpg 800w, https:\/\/blogs.urz.uni-halle.de\/menalib\/files\/2019\/02\/moskauer-kathedralmoschee-768x1229.jpg 768w, https:\/\/blogs.urz.uni-halle.de\/menalib\/files\/2019\/02\/moskauer-kathedralmoschee-1280x2048.jpg 1280w, https:\/\/blogs.urz.uni-halle.de\/menalib\/files\/2019\/02\/moskauer-kathedralmoschee-188x300.jpg 188w, https:\/\/blogs.urz.uni-halle.de\/menalib\/files\/2019\/02\/moskauer-kathedralmoschee.jpg 1600w\" sizes=\"(max-width: 420px) 100vw, 420px\" \/><\/a>Knapp \u00fcber zehn Prozent der russischen Bev\u00f6lkerung bekennen sich zum Islam \u2013 Muslime stellen damit nach orthodoxen Christen die zweitgr\u00f6\u00dfte Bev\u00f6lkerungsgruppe Russlands dar. Dementsprechend existiert in Russland auch eine lebendige Medien- und Forschungslandschaft mit verschiedenen Zeitungen und Fachzeitschriften zum Islam bzw. islamischem Leben in Russland.<\/p>\n<p>Eine Auswahl zehn besonders wichtiger Periodika ist \u00fcber die &#8222;<a href=\"https:\/\/dlib.eastview.com\/browse\/udb\/1890\">Universal Database of Russian Islamic Studies<\/a>&#8220; deutschlandweit kostenfrei verf\u00fcgbar. Die Datenbank wurde gemeinschaftlich von den Fachinformationsdiensten <a href=\"https:\/\/www.osmikon.de\/\">Ost-, Ostmittel- und S\u00fcdosteuropa<\/a> sowie Nahost-, Nordafrika- und Islamstudien mit Unterst\u00fctzung der Deutschen Forschungsgemeinschaft lizenziert.<\/p>\n<p>Dadurch haben Forschende, die zu Musliminnen und Muslimen und dem Islam in Russland, dem Kaukasus und Zentralasien arbeiten, \u00fcber ein bequem nutzbares Webportal einen einfachen Zugang zu hochaktuellen wissenschaftlichen Ver\u00f6ffentlichungen und journalistischen Nachrichten, welche in Deutschland bislang nur schwer erreichbar waren. Die Datenbank der Firma &#8222;East View Information Services&#8220; geht teilweise bis in das Jahr 2007 zur\u00fcck und wird kontinuierlich um die neuesten Artikel erweitert.<\/p>\n<h2>Enthaltene Zeitschriften<\/h2>\n<ol class=\"preview-grid simple\">\n<li>\n<h3><a href=\"https:\/\/dlib.eastview.com\/browse\/publication\/59102\">\u0418\u0441\u043b\u0430\u043c \u0432 \u0441\u043e\u0432\u0440\u0435\u043c\u0435\u043d\u043d\u043e\u043c \u043c\u0438\u0440\u0435 | Islam v sovremennom mire<\/a><\/h3>\n<p><a href=\"https:\/\/dlib.eastview.com\/browse\/publication\/59102\"><img loading=\"lazy\" class=\"alignleft wp-image-8623 size-thumbnail\" src=\"https:\/\/www.menalib.de\/files\/2019\/02\/islam-v-sovremennom-mire-2018-no-4-vol-14-p1-420x566.jpg\" alt=\"Islam v sovremennom mire, 2018, No. 4, Vol. 14\" width=\"420\" height=\"566\" srcset=\"https:\/\/blogs.urz.uni-halle.de\/menalib\/files\/2019\/02\/islam-v-sovremennom-mire-2018-no-4-vol-14-p1-420x566.jpg 420w, https:\/\/blogs.urz.uni-halle.de\/menalib\/files\/2019\/02\/islam-v-sovremennom-mire-2018-no-4-vol-14-p1-800x1079.jpg 800w, https:\/\/blogs.urz.uni-halle.de\/menalib\/files\/2019\/02\/islam-v-sovremennom-mire-2018-no-4-vol-14-p1-768x1036.jpg 768w, https:\/\/blogs.urz.uni-halle.de\/menalib\/files\/2019\/02\/islam-v-sovremennom-mire-2018-no-4-vol-14-p1-1280x1726.jpg 1280w, https:\/\/blogs.urz.uni-halle.de\/menalib\/files\/2019\/02\/islam-v-sovremennom-mire-2018-no-4-vol-14-p1-222x300.jpg 222w, https:\/\/blogs.urz.uni-halle.de\/menalib\/files\/2019\/02\/islam-v-sovremennom-mire-2018-no-4-vol-14-p1.jpg 1898w\" sizes=\"(max-width: 420px) 100vw, 420px\" \/><\/a>\u201eIslam in der modernen Welt\u201c ist eine viertelj\u00e4hrlich erscheinende Zeitschrift zu Islamwissenschaften in Russland, der GUS, Europa und dem Mittleren Osten. Thematisiert werden unter anderem Islamophobie, muslimische Organisationen weltweit, der \u201eArabische Fr\u00fchling\u201c oder Integrationsfragen.<\/li>\n<li>\n<h3><a href=\"https:\/\/dlib.eastview.com\/browse\/publication\/79426\">\u0418\u0441\u043b\u0430\u043c\u043e\u0432\u0435\u0434\u0435\u043d\u0438\u0435 | Islamovedenie<\/a><\/h3>\n<p><a href=\"https:\/\/dlib.eastview.com\/browse\/publication\/79426\"><img loading=\"lazy\" class=\"alignleft wp-image-8649 size-thumbnail\" src=\"https:\/\/www.menalib.de\/files\/2019\/02\/islamovedenie-2018-No-4-vol-9-p1-420x594.jpg\" alt=\"Islamovedenie, 2018, No. 4, Vol. 9\" width=\"420\" height=\"594\" srcset=\"https:\/\/blogs.urz.uni-halle.de\/menalib\/files\/2019\/02\/islamovedenie-2018-No-4-vol-9-p1-420x594.jpg 420w, https:\/\/blogs.urz.uni-halle.de\/menalib\/files\/2019\/02\/islamovedenie-2018-No-4-vol-9-p1-800x1131.jpg 800w, https:\/\/blogs.urz.uni-halle.de\/menalib\/files\/2019\/02\/islamovedenie-2018-No-4-vol-9-p1-768x1086.jpg 768w, https:\/\/blogs.urz.uni-halle.de\/menalib\/files\/2019\/02\/islamovedenie-2018-No-4-vol-9-p1-1280x1810.jpg 1280w, https:\/\/blogs.urz.uni-halle.de\/menalib\/files\/2019\/02\/islamovedenie-2018-No-4-vol-9-p1-212x300.jpg 212w, https:\/\/blogs.urz.uni-halle.de\/menalib\/files\/2019\/02\/islamovedenie-2018-No-4-vol-9-p1.jpg 1810w\" sizes=\"(max-width: 420px) 100vw, 420px\" \/><\/a>\u201eIslamstudien\u201c ist die erste in der Russischen F\u00f6deration ver\u00f6ffentlichte Publikation mit theoriegeleiteten \u00dcberlegungen zum Islam. Die viertelj\u00e4hrlich erscheinende Zeitschrift deckt ein weites Themenspektrum ab, u.a. Geschichte, Politik, Soziologie, Philosophie und Recht im Islam.<\/li>\n<li>\n<h3><a href=\"https:\/\/dlib.eastview.com\/browse\/publication\/59103\">\u041c\u0438\u043d\u0430\u0440\u0435\u0442 \u0418\u0441\u043b\u0430\u043c\u0430 | Minaret Islama<\/a><\/h3>\n<p><a href=\"https:\/\/dlib.eastview.com\/browse\/publication\/59103\"><img loading=\"lazy\" class=\"alignleft wp-image-8643 size-thumbnail\" src=\"https:\/\/www.menalib.de\/files\/2019\/02\/minaret-islama-2018-no-1_p1-420x537.jpg\" alt=\"Minaret Islama, 2018, No. 1\" width=\"420\" height=\"537\" srcset=\"https:\/\/blogs.urz.uni-halle.de\/menalib\/files\/2019\/02\/minaret-islama-2018-no-1_p1-420x537.jpg 420w, https:\/\/blogs.urz.uni-halle.de\/menalib\/files\/2019\/02\/minaret-islama-2018-no-1_p1-800x1022.jpg 800w, https:\/\/blogs.urz.uni-halle.de\/menalib\/files\/2019\/02\/minaret-islama-2018-no-1_p1-768x982.jpg 768w, https:\/\/blogs.urz.uni-halle.de\/menalib\/files\/2019\/02\/minaret-islama-2018-no-1_p1-1280x1636.jpg 1280w, https:\/\/blogs.urz.uni-halle.de\/menalib\/files\/2019\/02\/minaret-islama-2018-no-1_p1-235x300.jpg 235w, https:\/\/blogs.urz.uni-halle.de\/menalib\/files\/2019\/02\/minaret-islama-2018-no-1_p1.jpg 2003w\" sizes=\"(max-width: 420px) 100vw, 420px\" \/><\/a>Die viertelj\u00e4hrlich erscheinende Zeitschrift \u201eMinarett des Islam\u201c wird vom bekannten russisch-tatarischen Geistlichen Damir Mukhetdinov herausgegeben. Mit 10.000 Kopien handelt es sich um ein weit verbreitetes Fachjournal f\u00fcr Islamwissenschaftlerinnen und -wissenschaftler. Zu den Autorinnen und Autoren geh\u00f6ren f\u00fchrende islamische Gelehrte, politische und religi\u00f6se Pers\u00f6nlichkeiten Russlands sowie ausl\u00e4ndische Expertinnen und Experten.<\/li>\n<li>\n<h3><a href=\"https:\/\/dlib.eastview.com\/browse\/publication\/59101\">\u0418\u0441\u043b\u0430\u043c \u0432 \u0441\u0442\u0440\u0430\u043d\u0430\u0445 \u0421\u043e\u0434\u0440\u0443\u0436\u0435\u0441\u0442\u0432\u0430 \u041d\u0435\u0437\u0430\u0432\u0438\u0441\u0438\u043c\u044b\u0445 \u0413\u043e\u0441\u0443\u0434\u0430\u0440\u0441\u0442\u0432 | Islam v stranakh Sodruzhestva Nezavisimykh Gosudarstv<\/a><\/h3>\n<p><a href=\"https:\/\/dlib.eastview.com\/browse\/publication\/59101\"><img loading=\"lazy\" class=\"alignleft wp-image-8652 size-thumbnail\" src=\"https:\/\/www.menalib.de\/files\/2019\/02\/islam-v-stranakh-sodruzhestva-nezavisimykh-gosudarstv-2013-no-3-4-p1-420x594.jpg\" alt=\"Islam v stranakh Sodruzhestva Nezavisimykh Gosudarstv, 2013, No. 3-4\" width=\"420\" height=\"594\" srcset=\"https:\/\/blogs.urz.uni-halle.de\/menalib\/files\/2019\/02\/islam-v-stranakh-sodruzhestva-nezavisimykh-gosudarstv-2013-no-3-4-p1-420x594.jpg 420w, https:\/\/blogs.urz.uni-halle.de\/menalib\/files\/2019\/02\/islam-v-stranakh-sodruzhestva-nezavisimykh-gosudarstv-2013-no-3-4-p1-800x1131.jpg 800w, https:\/\/blogs.urz.uni-halle.de\/menalib\/files\/2019\/02\/islam-v-stranakh-sodruzhestva-nezavisimykh-gosudarstv-2013-no-3-4-p1-768x1086.jpg 768w, https:\/\/blogs.urz.uni-halle.de\/menalib\/files\/2019\/02\/islam-v-stranakh-sodruzhestva-nezavisimykh-gosudarstv-2013-no-3-4-p1-1280x1810.jpg 1280w, https:\/\/blogs.urz.uni-halle.de\/menalib\/files\/2019\/02\/islam-v-stranakh-sodruzhestva-nezavisimykh-gosudarstv-2013-no-3-4-p1-212x300.jpg 212w, https:\/\/blogs.urz.uni-halle.de\/menalib\/files\/2019\/02\/islam-v-stranakh-sodruzhestva-nezavisimykh-gosudarstv-2013-no-3-4-p1.jpg 1810w\" sizes=\"(max-width: 420px) 100vw, 420px\" \/><\/a>Die Zeitschrift \u201eIslam in den Staaten der Gemeinschaft Unabh\u00e4ngiger Staaten\u201c widmet sich Fragen zu internationalen Beziehungen, Politikwissenschaften, Religionswissenschaften, Soziologie, Geschichte, Kulturwissenschaften, Philologie, Wirtschaft und Finanzen, Islamwissenschaften oder Recht mit einem geographischen Fokus auf Aserbaidschan, Kasachstan, Kirgisistan, Tadschikistan, Turkmenistan und Usbekistan.<\/li>\n<li>\n<h3><a href=\"https:\/\/dlib.eastview.com\/browse\/publication\/87058\">\u0410\u0441-\u0421\u0430\u043b\u0430\u043c | As-Salam<\/a><\/h3>\n<p><a href=\"https:\/\/dlib.eastview.com\/browse\/publication\/87058\"><img loading=\"lazy\" class=\"alignleft wp-image-8642 size-thumbnail\" src=\"https:\/\/www.menalib.de\/files\/2019\/02\/as-salam-2019-no-4-p1-420x582.jpg\" alt=\"As-Salam, 2019, No. 4\" width=\"420\" height=\"582\" srcset=\"https:\/\/blogs.urz.uni-halle.de\/menalib\/files\/2019\/02\/as-salam-2019-no-4-p1-420x582.jpg 420w, https:\/\/blogs.urz.uni-halle.de\/menalib\/files\/2019\/02\/as-salam-2019-no-4-p1-800x1108.jpg 800w, https:\/\/blogs.urz.uni-halle.de\/menalib\/files\/2019\/02\/as-salam-2019-no-4-p1-768x1064.jpg 768w, https:\/\/blogs.urz.uni-halle.de\/menalib\/files\/2019\/02\/as-salam-2019-no-4-p1-1280x1773.jpg 1280w, https:\/\/blogs.urz.uni-halle.de\/menalib\/files\/2019\/02\/as-salam-2019-no-4-p1-217x300.jpg 217w, https:\/\/blogs.urz.uni-halle.de\/menalib\/files\/2019\/02\/as-salam-2019-no-4-p1.jpg 1848w\" sizes=\"(max-width: 420px) 100vw, 420px\" \/><\/a>eine Zeitung der Vereinigung der Muslime in Dagestan;<\/li>\n<li>\n<h3><a href=\"https:\/\/dlib.eastview.com\/browse\/publication\/18366\">\u0418\u0441\u043b\u0430\u043c\u0441\u043a\u0438\u0439 \u0432\u0435\u0441\u0442\u043d\u0438\u043a | Islamskii vestnik<\/a><\/h3>\n<p><a href=\"https:\/\/dlib.eastview.com\/browse\/publication\/18366https:\/\/www.menalib.de\/files\/2019\/02\/islamskii-vestnik.jpg\"><img loading=\"lazy\" class=\"alignleft wp-image-8656 size-thumbnail\" src=\"https:\/\/www.menalib.de\/files\/2019\/02\/islamskii-vestnik-420x308.jpg\" alt=\"Islamskii Vestnik\" width=\"420\" height=\"308\" srcset=\"https:\/\/blogs.urz.uni-halle.de\/menalib\/files\/2019\/02\/islamskii-vestnik-420x308.jpg 420w, https:\/\/blogs.urz.uni-halle.de\/menalib\/files\/2019\/02\/islamskii-vestnik-800x586.jpg 800w, https:\/\/blogs.urz.uni-halle.de\/menalib\/files\/2019\/02\/islamskii-vestnik-768x563.jpg 768w, https:\/\/blogs.urz.uni-halle.de\/menalib\/files\/2019\/02\/islamskii-vestnik-1280x938.jpg 1280w, https:\/\/blogs.urz.uni-halle.de\/menalib\/files\/2019\/02\/islamskii-vestnik-409x300.jpg 409w\" sizes=\"(max-width: 420px) 100vw, 420px\" \/><\/a>eine Zeitung aus Machatschkala in Dagestan<\/li>\n<li>\n<h3><a href=\"https:\/\/dlib.eastview.com\/browse\/publication\/59628\">\u041c\u0435\u0434\u0438\u043d\u0430 \u0430\u043b\u044c-\u0418\u0441\u043b\u0430\u043c | Medina al&#8216;-Islam<\/a><\/h3>\n<p><a href=\"https:\/\/dlib.eastview.com\/browse\/publication\/59628\"><img loading=\"lazy\" class=\"alignleft wp-image-8616 size-thumbnail\" src=\"https:\/\/www.menalib.de\/files\/2019\/02\/medina-al-islam-2018-no-1-p1-420x582.jpg\" alt=\"Medina al'-Islam 2018 No 1\" width=\"420\" height=\"582\" srcset=\"https:\/\/blogs.urz.uni-halle.de\/menalib\/files\/2019\/02\/medina-al-islam-2018-no-1-p1-420x582.jpg 420w, https:\/\/blogs.urz.uni-halle.de\/menalib\/files\/2019\/02\/medina-al-islam-2018-no-1-p1-800x1108.jpg 800w, https:\/\/blogs.urz.uni-halle.de\/menalib\/files\/2019\/02\/medina-al-islam-2018-no-1-p1-768x1063.jpg 768w, https:\/\/blogs.urz.uni-halle.de\/menalib\/files\/2019\/02\/medina-al-islam-2018-no-1-p1-1280x1772.jpg 1280w, https:\/\/blogs.urz.uni-halle.de\/menalib\/files\/2019\/02\/medina-al-islam-2018-no-1-p1-217x300.jpg 217w, https:\/\/blogs.urz.uni-halle.de\/menalib\/files\/2019\/02\/medina-al-islam-2018-no-1-p1.jpg 1849w\" sizes=\"(max-width: 420px) 100vw, 420px\" \/><\/a>eine Monatsschrift mit einer Auflage von 30.000 Kopien des bekannten russischen Verlages MEDINA;<\/li>\n<li>\n<h3><a href=\"https:\/\/dlib.eastview.com\/browse\/publication\/59629\/udb\/1890\">\u041c\u0438\u043d\u0431\u0430\u0440 \u0418\u0441\u043b\u0430\u043c\u0430 | Minbar Islama<\/a><\/h3>\n<p><a href=\"https:\/\/dlib.eastview.com\/browse\/publication\/59629\/udb\/1890\"><img loading=\"lazy\" class=\"alignleft wp-image-8644 size-thumbnail\" src=\"https:\/\/www.menalib.de\/files\/2019\/02\/minbar-islama-2018-no-10-11_p1-420x582.jpg\" alt=\"Minbar Islama, 2018, No. 10-11\" width=\"420\" height=\"582\" srcset=\"https:\/\/blogs.urz.uni-halle.de\/menalib\/files\/2019\/02\/minbar-islama-2018-no-10-11_p1-420x582.jpg 420w, https:\/\/blogs.urz.uni-halle.de\/menalib\/files\/2019\/02\/minbar-islama-2018-no-10-11_p1-800x1108.jpg 800w, https:\/\/blogs.urz.uni-halle.de\/menalib\/files\/2019\/02\/minbar-islama-2018-no-10-11_p1-768x1063.jpg 768w, https:\/\/blogs.urz.uni-halle.de\/menalib\/files\/2019\/02\/minbar-islama-2018-no-10-11_p1-1280x1772.jpg 1280w, https:\/\/blogs.urz.uni-halle.de\/menalib\/files\/2019\/02\/minbar-islama-2018-no-10-11_p1-217x300.jpg 217w, https:\/\/blogs.urz.uni-halle.de\/menalib\/files\/2019\/02\/minbar-islama-2018-no-10-11_p1.jpg 1849w\" sizes=\"(max-width: 420px) 100vw, 420px\" \/><\/a>eine Monatsschrift mit einer Auflage von 10.000 Kopien, herausgegeben von Damir Khairetdinov, ebenfalls vom MEDINA verlegt;<\/li>\n<li>\n<h3><a href=\"https:\/\/dlib.eastview.com\/browse\/publication\/64226\">\u041f\u043e\u0441\u043b\u0430\u043d\u0438\u0435 \/ \u0420\u0438\u0441\u044d\u043b\u044d\u0442 | Poslanie \/ Riselet<\/a><\/h3>\n<p><a href=\"https:\/\/dlib.eastview.com\/browse\/publication\/64226\"><img loading=\"lazy\" class=\"alignleft wp-image-8645 size-thumbnail\" src=\"https:\/\/www.menalib.de\/files\/2019\/02\/poslanie-riselet-2015-no-6_p1-420x627.jpg\" alt=\"Poslanie \/ Riselet, 2015, No. 6\" width=\"420\" height=\"627\" srcset=\"https:\/\/blogs.urz.uni-halle.de\/menalib\/files\/2019\/02\/poslanie-riselet-2015-no-6_p1-420x627.jpg 420w, https:\/\/blogs.urz.uni-halle.de\/menalib\/files\/2019\/02\/poslanie-riselet-2015-no-6_p1-800x1193.jpg 800w, https:\/\/blogs.urz.uni-halle.de\/menalib\/files\/2019\/02\/poslanie-riselet-2015-no-6_p1-768x1146.jpg 768w, https:\/\/blogs.urz.uni-halle.de\/menalib\/files\/2019\/02\/poslanie-riselet-2015-no-6_p1-1280x1910.jpg 1280w, https:\/\/blogs.urz.uni-halle.de\/menalib\/files\/2019\/02\/poslanie-riselet-2015-no-6_p1-201x300.jpg 201w, https:\/\/blogs.urz.uni-halle.de\/menalib\/files\/2019\/02\/poslanie-riselet-2015-no-6_p1.jpg 1716w\" sizes=\"(max-width: 420px) 100vw, 420px\" \/><\/a>eine Monatsschrift mit russischen, baschkirischen und tatarischen Schwerpunkten, erscheint in Ufa;<\/li>\n<li>\n<h3><a href=\"https:\/\/dlib.eastview.com\/browse\/publication\/87057\">\u0417\u043e\u0440\u0438 \u0418\u0441\u043b\u0430\u043c\u0430 | Zori Islama<\/a><\/h3>\n<p><a href=\"https:\/\/dlib.eastview.com\/browse\/publication\/87057\"><img loading=\"lazy\" class=\"alignleft wp-image-8646 size-thumbnail\" src=\"https:\/\/www.menalib.de\/files\/2019\/02\/zori-islama-2018-No23-24-p1-420x594.jpg\" alt=\"Zori Islama, 2018, No. 23-24\" width=\"420\" height=\"594\" srcset=\"https:\/\/blogs.urz.uni-halle.de\/menalib\/files\/2019\/02\/zori-islama-2018-No23-24-p1-420x594.jpg 420w, https:\/\/blogs.urz.uni-halle.de\/menalib\/files\/2019\/02\/zori-islama-2018-No23-24-p1-800x1131.jpg 800w, https:\/\/blogs.urz.uni-halle.de\/menalib\/files\/2019\/02\/zori-islama-2018-No23-24-p1-768x1086.jpg 768w, https:\/\/blogs.urz.uni-halle.de\/menalib\/files\/2019\/02\/zori-islama-2018-No23-24-p1-1280x1810.jpg 1280w, https:\/\/blogs.urz.uni-halle.de\/menalib\/files\/2019\/02\/zori-islama-2018-No23-24-p1-212x300.jpg 212w, https:\/\/blogs.urz.uni-halle.de\/menalib\/files\/2019\/02\/zori-islama-2018-No23-24-p1.jpg 1810w\" sizes=\"(max-width: 420px) 100vw, 420px\" \/><\/a>eine Zeitung aus Grosny, herausgegeben durch das tschetschenische Ministerium f\u00fcr Nationalpolitik, Au\u00dfenbeziehungen, Presse und Informationen.<\/li>\n<\/ol>\n<h2>Zugangshinweise<\/h2>\n<p>Angeh\u00f6rige einer Universit\u00e4t k\u00f6nnen in der Regel eine vorhandene institutionelle Anmeldung nutzen. Dieses Verfahren erm\u00f6glicht an deutschen Hochschulen, Forschungseinrichtungen und wissenschaftlichen Bibliotheken einen einfachen Zugriff ohne spezielles Login. Falls Ihr Rechner sich nicht im Campusbereich Ihrer Heimatinstitution befindet, sollten Sie sich vor Ort nach weiteren M\u00f6glichkeiten des Zugangs erkundigen (z. B. lokales Login per VPN).<\/p>\n<p>Interessierte ohne Zugriffsm\u00f6glichkeit \u00fcber eine Heimatinstitution k\u00f6nnen sich <a href=\"http:\/\/www.nationallizenzen.de\/ind_inform_registration\">f\u00fcr einen privaten Zugang registrieren<\/a>, sofern sie ihren st\u00e4ndigen Wohnsitz in Deutschland haben. Nach erfolgter Registrierung erhalten Sie zeitnah per Post Ihre pers\u00f6nlichen Zugangsdaten.<\/p>","protected":false},"excerpt":{"rendered":"Die &#8222;Universal Database of Russian Islamic Studies&#8220; bietet Zugriff auf aktuelle russische Zeitungen und wissenschaftliche Zeitschriften zum Islam. Das Angebot ist deutschlandweit und an deutschen Auslandsinstituten \u00fcber das System der Nationallizenzen kostenfrei zug\u00e4nglich. <a href=\"https:\/\/blogs.urz.uni-halle.de\/menalib\/vifa\/fid-lizenzen\/russian-islamic-studies\/\">Weiterlesen <span class=\"meta-nav\">&rarr;<\/span><\/a>","protected":false},"author":3336,"featured_media":8643,"parent":5785,"menu_order":0,"comment_status":"closed","ping_status":"closed","template":"","meta":{"ngg_post_thumbnail":0},"categories":[],"tags":[],"_links":{"self":[{"href":"https:\/\/blogs.urz.uni-halle.de\/menalib\/wp-json\/wp\/v2\/pages\/8475"}],"collection":[{"href":"https:\/\/blogs.urz.uni-halle.de\/menalib\/wp-json\/wp\/v2\/pages"}],"about":[{"href":"https:\/\/blogs.urz.uni-halle.de\/menalib\/wp-json\/wp\/v2\/types\/page"}],"author":[{"embeddable":true,"href":"https:\/\/blogs.urz.uni-halle.de\/menalib\/wp-json\/wp\/v2\/users\/3336"}],"replies":[{"embeddable":true,"href":"https:\/\/blogs.urz.uni-halle.de\/menalib\/wp-json\/wp\/v2\/comments?post=8475"}],"version-history":[{"count":12,"href":"https:\/\/blogs.urz.uni-halle.de\/menalib\/wp-json\/wp\/v2\/pages\/8475\/revisions"}],"predecessor-version":[{"id":14776,"href":"https:\/\/blogs.urz.uni-halle.de\/menalib\/wp-json\/wp\/v2\/pages\/8475\/revisions\/14776"}],"up":[{"embeddable":true,"href":"https:\/\/blogs.urz.uni-halle.de\/menalib\/wp-json\/wp\/v2\/pages\/5785"}],"wp:featuredmedia":[{"embeddable":true,"href":"https:\/\/blogs.urz.uni-halle.de\/menalib\/wp-json\/wp\/v2\/media\/8643"}],"wp:attachment":[{"href":"https:\/\/blogs.urz.uni-halle.de\/menalib\/wp-json\/wp\/v2\/media?parent=8475"}],"wp:term":[{"taxonomy":"category","embeddable":true,"href":"https:\/\/blogs.urz.uni-halle.de\/menalib\/wp-json\/wp\/v2\/categories?post=8475"},{"taxonomy":"post_tag","embeddable":true,"href":"https:\/\/blogs.urz.uni-halle.de\/menalib\/wp-json\/wp\/v2\/tags?post=8475"}],"curies":[{"name":"wp","href":"https:\/\/api.w.org\/{rel}","templated":true}]}}