{"id":8545,"date":"2019-05-22T12:50:08","date_gmt":"2019-05-22T10:50:08","guid":{"rendered":"https:\/\/www.menalib.de\/?page_id=8545"},"modified":"2025-04-22T12:41:13","modified_gmt":"2025-04-22T10:41:13","slug":"roadshows","status":"publish","type":"page","link":"https:\/\/blogs.urz.uni-halle.de\/menalib\/community\/roadshows\/","title":{"rendered":"Roadshows, Pr\u00e4sentationen und Workshops"},"content":{"rendered":"<p><\/p>\n<h2 class=\"inline-block\">Der FID vor Ort oder virtuell<\/h2>\n<p>Wir pr\u00e4sentieren die Vorz\u00fcge des Fachinformationsdienstes Nahost- Nordafrika- und Islamstudien f\u00fcr Ihre wissenschaftliche Arbeit. <!--more-->In einem etwa 60-min\u00fctigen Vortrag erkl\u00e4ren wir den FID mit seinen wichtigsten Dienstleistungen und stellen uns Ihren Fragen.<\/p>\n<p><a class=\"button\" href=\"https:\/\/www.menalib.de\/en\/termine-2025\/\">Termine 2025<\/a><\/p>\n<p>Wir besuchen Ihre Forschungseinrichtung auch gerne per Online-Pr\u00e4sentation. <a href=\"#anfrage\">Hier erfahren Sie, wie Sie uns buchen k\u00f6nnen.<\/a><\/p>\n<h2 class=\"inline-block\">Themen<\/h2>\n<p>Ein zentrales Thema sind unsere <a href=\"https:\/\/www.menalib.de\/vifa\/systematik-des-fid-nahost-nordafrika-und-islamstudien\/\" class=\"broken_link\">Erwerbungen <\/a>gedruckter Werke und <a href=\"https:\/\/www.menalib.de\/vifa\/fid-lizenzen\/\" class=\"broken_link\">digitaler Lizenzen<\/a>. Hier zeigen wir, welche M\u00f6glichkeiten unsere <a href=\"https:\/\/www.menalib.de\/vifa\/\" class=\"broken_link\">Virtuelle Fachbibliothek<\/a> f\u00fcr Ihre Recherche bietet und wie Sie unsere Best\u00e4nde von Ihrem Standort aus nutzen k\u00f6nnen.<\/p>\n<p>Au\u00dferdem pr\u00e4sentieren wir unser Discovery-System <a href=\"https:\/\/menasearch.bibliothek.uni-halle.de\/\">MENAsearch<\/a>, sowie unser Repositorium <a href=\"https:\/\/www.menalib.de\/vifa\/menadoc\/\">MENAdoc<\/a> mit \u00fcber 13.000 Open-Access-Titeln und geben Anregungen f\u00fcr Ihre <a href=\"https:\/\/www.menalib.de\/service\/publizieren-auf-menadoc\/\">digitale Erst- oder Zweitver\u00f6ffentlichung<\/a>.<\/p>\n<p>Ein weiteres Thema ist unser Austausch mit der Fachcommunity und wie wir diese zum Beispiel beim <a href=\"https:\/\/www.menalib.de\/community\/umfragen\/ergebnisse-forschungsdaten-in-den-orientwissenschaften\/\" class=\"broken_link\">Umgang mit Forschungsdaten in den Orientwissenschaften<\/a> beraten.<\/p>\n<h2 class=\"inline-block\">Zielgruppe<\/h2>\n<p>Die Pr\u00e4sentation richtet sich an das wissenschaftliche Personal und an Studierende vorzugsweise mit orient- und islamwissenschaftlichem Schwerpunkt. Erfahrungsgem\u00e4\u00df treffen unsere Roadshows auf die beste Resonanz, wenn sie in ein Kolloquium oder eine Veranstaltungsreihe eingebettet sind.<\/p>\n<div id=\"anfrage\" class=\"bigger-box\">\n<p class=\"margin-bottom-0\"><a href=\"https:\/\/www.menalib.de\/files\/2019\/05\/fid-roadshows-icon.png\" class=\"broken_link\"><img loading=\"lazy\" class=\"alignleft wp-image-9222 size-thumbnail\" src=\"https:\/\/www.menalib.de\/files\/2019\/05\/fid-roadshows-icon-420x505.png\" alt=\"FID Roadshows - Icon\" width=\"420\" height=\"505\" srcset=\"https:\/\/blogs.urz.uni-halle.de\/menalib\/files\/2019\/05\/fid-roadshows-icon-420x505.png 420w, https:\/\/blogs.urz.uni-halle.de\/menalib\/files\/2019\/05\/fid-roadshows-icon-249x300.png 249w, https:\/\/blogs.urz.uni-halle.de\/menalib\/files\/2019\/05\/fid-roadshows-icon.png 532w\" sizes=\"(max-width: 420px) 100vw, 420px\" \/><\/a><\/p>\n<h2 class=\"inline-block\">Bitte buchen Sie uns!<\/h2>\n<p>Sie m\u00f6chten, dass wir auch an Ihrer Einrichtung den Fachinformationsdienst Nahost- Nordafrika- und Islamstudien vorstellen?<\/p>\n<p>Buchen Sie hier eine Pr\u00e4sentation, die auf Ihr Institut zugeschnitten ist.<\/p>\n<details>\n<summary class=\"no-before\"><span class=\"button\">Anfrageformular<\/span><\/summary>\n<div role=\"form\" class=\"wpcf7\" id=\"wpcf7-f12064-o1\" lang=\"de-DE\" dir=\"ltr\">\n<div class=\"screen-reader-response\"><p role=\"status\" aria-live=\"polite\" aria-atomic=\"true\"><\/p> <ul><\/ul><\/div>\n<form action=\"\/menalib\/wp-json\/wp\/v2\/pages\/8545#wpcf7-f12064-o1\" method=\"post\" class=\"wpcf7-form init\" novalidate=\"novalidate\" data-status=\"init\">\n<div style=\"display: none;\">\n<input type=\"hidden\" name=\"_wpcf7\" value=\"12064\" \/>\n<input type=\"hidden\" name=\"_wpcf7_version\" value=\"5.3.2\" \/>\n<input type=\"hidden\" name=\"_wpcf7_locale\" value=\"de_DE\" \/>\n<input type=\"hidden\" name=\"_wpcf7_unit_tag\" value=\"wpcf7-f12064-o1\" \/>\n<input type=\"hidden\" name=\"_wpcf7_container_post\" value=\"0\" \/>\n<input type=\"hidden\" name=\"_wpcf7_posted_data_hash\" value=\"\" \/>\n<input type=\"hidden\" name=\"_wpcf7cf_hidden_group_fields\" value=\"[]\" \/>\n<input type=\"hidden\" name=\"_wpcf7cf_hidden_groups\" value=\"[]\" \/>\n<input type=\"hidden\" name=\"_wpcf7cf_visible_groups\" value=\"[]\" \/>\n<input type=\"hidden\" name=\"_wpcf7cf_repeaters\" value=\"[]\" \/>\n<input type=\"hidden\" name=\"_wpcf7cf_steps\" value=\"{}\" \/>\n<input type=\"hidden\" name=\"_wpcf7cf_options\" value=\"{&quot;form_id&quot;:12064,&quot;conditions&quot;:[],&quot;settings&quot;:{&quot;animation&quot;:&quot;yes&quot;,&quot;animation_intime&quot;:&quot;222&quot;,&quot;animation_outtime&quot;:&quot;111&quot;,&quot;conditions_ui&quot;:&quot;normal&quot;,&quot;notice_dismissed&quot;:&quot;&quot;,&quot;wpcf7cf_settings_saved&quot;:&quot;1&quot;}}\" \/>\n<\/div>\n<p class=personal>\n<label> Einrichtung* <span class=\"wpcf7-form-control-wrap your-institution\"><input type=\"text\" name=\"your-institution\" value=\"\" size=\"40\" class=\"wpcf7-form-control wpcf7-text wpcf7-validates-as-required your-institution\" aria-required=\"true\" aria-invalid=\"false\" \/><\/span> <\/label><br \/>\n<label> Name <span class=\"wpcf7-form-control-wrap your-name\"><input type=\"text\" name=\"your-name\" value=\"\" size=\"40\" class=\"wpcf7-form-control wpcf7-text\" aria-invalid=\"false\" \/><\/span><\/label><br \/>\n<label> E-Mail* <span class=\"wpcf7-form-control-wrap your-email\"><input type=\"email\" name=\"your-email\" value=\"\" size=\"40\" class=\"wpcf7-form-control wpcf7-text wpcf7-email wpcf7-validates-as-required wpcf7-validates-as-email\" aria-required=\"true\" aria-invalid=\"false\" \/><\/span> <\/label>\n<\/p>\n<p class=details>\n<span class=\"wpcf7-form-control-wrap roadshow-details\"><span class=\"wpcf7-form-control wpcf7-checkbox roadshow-details\" id=\"a\"><span class=\"wpcf7-list-item first\"><label><input type=\"checkbox\" name=\"roadshow-details[]\" value=\"Virtuell\" \/><span class=\"wpcf7-list-item-label\">Virtuell<\/span><\/label><\/span><span class=\"wpcf7-list-item last\"><label><input type=\"checkbox\" name=\"roadshow-details[]\" value=\"Vor Ort (abh\u00e4ngig von der Gesundheitslage)\" \/><span class=\"wpcf7-list-item-label\">Vor Ort (abh\u00e4ngig von der Gesundheitslage)<\/span><\/label><\/span><\/span><\/span><\/p>\n<p><span class=\"wpcf7-form-control-wrap roadshow-date-1\"><input type=\"date\" name=\"roadshow-date-1\" value=\"\" class=\"wpcf7-form-control wpcf7-date wpcf7-validates-as-date roadshow-date\" id=\"roadshow-date\" aria-invalid=\"false\" \/><\/span> \u2013 <span class=\"wpcf7-form-control-wrap roadshow-date-2\"><input type=\"date\" name=\"roadshow-date-2\" value=\"\" class=\"wpcf7-form-control wpcf7-date wpcf7-validates-as-date roadshow-date\" id=\"roadshow-date\" aria-invalid=\"false\" \/><\/span> (Zeitraum)  <\/p>\n<p><span class=\"wpcf7-form-control-wrap number-participants\"><input type=\"number\" name=\"number-participants\" value=\"3\" class=\"wpcf7-form-control wpcf7-number wpcf7-validates-as-number\" min=\"1\" max=\"100\" aria-invalid=\"false\" \/><\/span> (Gesch\u00e4tzte Teilnehmerzahl)\n<\/p>\n<p class=\"message-send\">\n<label>Nachricht <span class=\"wpcf7-form-control-wrap your-message\"><textarea name=\"your-message\" cols=\"40\" rows=\"10\" class=\"wpcf7-form-control wpcf7-textarea\" aria-invalid=\"false\"><\/textarea><\/span> <\/label><\/p>\n<p><label> Datenschutz*<\/label><br \/>\n<span class=\"wpcf7-form-control-wrap acceptance-terms\"><span class=\"wpcf7-form-control wpcf7-acceptance\"><span class=\"wpcf7-list-item\"><label><input type=\"checkbox\" name=\"acceptance-terms\" value=\"1\" aria-invalid=\"false\" id=\"terms\" \/><span class=\"wpcf7-list-item-label\">Ich habe die <a href=\"https:\/\/www.menalib.de\/about\/erstinformation-nach-art-13-dsgvo\/\">Datenschutzinformationen<\/a> gelesen und stimme der Verarbeitung meiner pers\u00f6nlichen Daten zu.<\/span><\/label><\/span><\/span><\/span><\/p>\n<p>\n<input type=\"submit\" value=\"Senden\" class=\"wpcf7-form-control wpcf7-submit\" \/>\n<\/p><\/p>\n<div class=\"wpcf7-response-output\" aria-hidden=\"true\"><\/div><\/form><\/div>\n<\/details>\n<\/div>\n<h2 class=\"inline-block\">Werbematerialien<\/h2>\n<p>Hier finden Sie Materialien, die Sie verwenden k\u00f6nnen, um die FID-Services in Ihrer Einrichtung zu bewerben:<\/p>\n<ul>\n<li><a title=\"FID Nahost_Poster-deutsch\" href=\"https:\/\/www.menalib.de\/files\/2025\/04\/FID-Nahost_Poster-deutsch.pdf\" target=\"_blank\" rel=\"noopener noreferrer\" class=\"broken_link\">Poster (Deutsch)<\/a><\/li>\n<li><a href=\"https:\/\/www.menalib.de\/files\/2025\/04\/FID-Nahost_Poster-englisch.pdf\" title=\"FID Nahost_Poster-englisch\" target=\"_blank\" rel=\"noopener noreferrer\" class=\"broken_link\">Poster (Englisch)<\/a><\/li>\n<\/ul>\n<h2 id=\"archiv\">Archiv<\/h2>\n<ul>\n<li><a href=\"https:\/\/www.menalib.de\/community\/roadshows\/termine-2024\/\" class=\"broken_link\">Termine 2024<\/a><\/li>\n<li><a href=\"https:\/\/www.menalib.de\/community\/roadshows\/termine2023\/\">Termine 2023<\/a><\/li>\n<li><a href=\"https:\/\/www.menalib.de\/community\/roadshows\/termine2022\/\" class=\"broken_link\">Termine 2022<\/a><\/li>\n<li><a href=\"https:\/\/www.menalib.de\/community\/roadshows\/termine2021\/\" class=\"broken_link\">Termine 2021<\/a><\/li>\n<li><a href=\"https:\/\/www.menalib.de\/community\/roadshows\/termine2020\/\" class=\"broken_link\">Termine 2020<\/a><\/li>\n<li><a href=\"https:\/\/www.menalib.de\/community\/roadshows\/termine2019\/\" class=\"broken_link\">Termine 2019<\/a><\/li>\n<li><a href=\"https:\/\/www.menalib.de\/community\/roadshows\/termine2018\/\" class=\"broken_link\">Termine 2018<\/a><\/li>\n<\/ul>\n<p><\/p>","protected":false},"excerpt":{"rendered":"Der FID vor Ort oder virtuell Wir pr\u00e4sentieren die Vorz\u00fcge des Fachinformationsdienstes Nahost- Nordafrika- und Islamstudien f\u00fcr Ihre wissenschaftliche Arbeit.","protected":false},"author":4226,"featured_media":9222,"parent":8129,"menu_order":0,"comment_status":"closed","ping_status":"closed","template":"","meta":{"ngg_post_thumbnail":0},"categories":[],"tags":[],"_links":{"self":[{"href":"https:\/\/blogs.urz.uni-halle.de\/menalib\/wp-json\/wp\/v2\/pages\/8545"}],"collection":[{"href":"https:\/\/blogs.urz.uni-halle.de\/menalib\/wp-json\/wp\/v2\/pages"}],"about":[{"href":"https:\/\/blogs.urz.uni-halle.de\/menalib\/wp-json\/wp\/v2\/types\/page"}],"author":[{"embeddable":true,"href":"https:\/\/blogs.urz.uni-halle.de\/menalib\/wp-json\/wp\/v2\/users\/4226"}],"replies":[{"embeddable":true,"href":"https:\/\/blogs.urz.uni-halle.de\/menalib\/wp-json\/wp\/v2\/comments?post=8545"}],"version-history":[{"count":11,"href":"https:\/\/blogs.urz.uni-halle.de\/menalib\/wp-json\/wp\/v2\/pages\/8545\/revisions"}],"predecessor-version":[{"id":15449,"href":"https:\/\/blogs.urz.uni-halle.de\/menalib\/wp-json\/wp\/v2\/pages\/8545\/revisions\/15449"}],"up":[{"embeddable":true,"href":"https:\/\/blogs.urz.uni-halle.de\/menalib\/wp-json\/wp\/v2\/pages\/8129"}],"wp:featuredmedia":[{"embeddable":true,"href":"https:\/\/blogs.urz.uni-halle.de\/menalib\/wp-json\/wp\/v2\/media\/9222"}],"wp:attachment":[{"href":"https:\/\/blogs.urz.uni-halle.de\/menalib\/wp-json\/wp\/v2\/media?parent=8545"}],"wp:term":[{"taxonomy":"category","embeddable":true,"href":"https:\/\/blogs.urz.uni-halle.de\/menalib\/wp-json\/wp\/v2\/categories?post=8545"},{"taxonomy":"post_tag","embeddable":true,"href":"https:\/\/blogs.urz.uni-halle.de\/menalib\/wp-json\/wp\/v2\/tags?post=8545"}],"curies":[{"name":"wp","href":"https:\/\/api.w.org\/{rel}","templated":true}]}}