{"id":9263,"date":"2019-05-24T12:15:46","date_gmt":"2019-05-24T10:15:46","guid":{"rendered":"https:\/\/www.menalib.de\/?page_id=9263"},"modified":"2024-07-10T11:10:54","modified_gmt":"2024-07-10T09:10:54","slug":"afghan-serials-collection","status":"publish","type":"page","link":"https:\/\/blogs.urz.uni-halle.de\/menalib\/vifa\/fid-lizenzen\/afghan-serials-collection\/","title":{"rendered":"Afghan Serials Collection"},"content":{"rendered":"<p><\/p>\n<div class=\"bigger-box\">\n<h2>Seltene Zeitungen und Zeitschriften aus Afghanistan<\/h2>\n<p>Die Afghan Serials Collection ist eine Sammlung seltener Zeitungen und Zeitschriften unterschiedlicher politischer Gruppierung aus der Wahdat Library, einer umfassenden Privatsammlung aus Afghanistan. Das Angebot ist deutschlandweit und an deutschen Auslandsinstituten \u00fcber das System der Nationallizenzen kostenfrei zug\u00e4nglich.<\/p>\n<p><a class=\"button\" href=\"https:\/\/gpa.eastview.com\/daasc\/\">Zur Datenbank<\/a><\/p>\n<p><a href=\"#access-information\">Zugangshinweise<\/a><\/p>\n<p>Die Sammlung umfasst \u00fcber 45 Titel, die von den fr\u00fchen 1970er Jahren bis in den sp\u00e4ten 1990er Jahren erschienen sind, in einer kritischen Phase f\u00fcr die Geschichte des Landes.<\/p>\n<\/div>\n<p><a href=\"https:\/\/www.menalib.de\/files\/2019\/07\/afghan-serials-collection-book-shelf.jpg\" class=\"broken_link\"><img loading=\"lazy\" class=\"aligncenter wp-image-9611 size-full\" src=\"https:\/\/www.menalib.de\/files\/2019\/07\/afghan-serials-collection-book-shelf.jpg\" alt=\"Afghan Serials Collection Titelseiten\" width=\"1920\" height=\"907\" srcset=\"https:\/\/blogs.urz.uni-halle.de\/menalib\/files\/2019\/07\/afghan-serials-collection-book-shelf.jpg 1920w, https:\/\/blogs.urz.uni-halle.de\/menalib\/files\/2019\/07\/afghan-serials-collection-book-shelf-420x198.jpg 420w, https:\/\/blogs.urz.uni-halle.de\/menalib\/files\/2019\/07\/afghan-serials-collection-book-shelf-800x378.jpg 800w, https:\/\/blogs.urz.uni-halle.de\/menalib\/files\/2019\/07\/afghan-serials-collection-book-shelf-768x363.jpg 768w, https:\/\/blogs.urz.uni-halle.de\/menalib\/files\/2019\/07\/afghan-serials-collection-book-shelf-1280x605.jpg 1280w, https:\/\/blogs.urz.uni-halle.de\/menalib\/files\/2019\/07\/afghan-serials-collection-book-shelf-500x236.jpg 500w\" sizes=\"(max-width: 1920px) 100vw, 1920px\" \/><\/a>Die Afghan Serials Collection enth\u00e4lt Presseberichte aus verschiedenen politischen Epochen und von unterschiedlichsten Gruppen und Str\u00f6mungen, die zu dieser turbulenten Zeit die soziale und intellektuelle Landschaft zu gestalten suchten. Sie reichen von den Taliban \u00fcber antitalibanische Rebellen, antisowjetische Dschihadi- und Mudschaheddin-Gruppen bis hin zur Demokratischen Volkspartei Afghanistans.<\/p>\n<p>Die Datenbank beinhaltet einzigartige Pressematerialien aus einer entscheidenden \u00c4ra, die nicht nur Afghanistan und den Nahen Osten pr\u00e4gte, sondern die ganze Welt. Mit Inhalten, die nirgendwo sonst gesammelt wurden, ist die Sammlung ein Zeugnis der vielf\u00e4ltigen und lebendigen afghanischen Presse und eine wichtige Quelle f\u00fcr Wissenschaftler und Forscher der Region. Die Texte wurden in Persisch, Puschtu, Arabisch, Urdu oder Englisch ver\u00f6ffentlicht.<\/p>\n<h2 id=\"access-information\" class=\"inline-block\">Zugangshinweise<\/h2>\n<p>Angeh\u00f6rige einer Universit\u00e4t k\u00f6nnen in der Regel eine vorhandene institutionelle Anmeldung nutzen. Dieses Verfahren erm\u00f6glicht an deutschen Hochschulen, Forschungseinrichtungen und wissenschaftlichen Bibliotheken einen einfachen <strong>Zugriff ohne spezielles Login<\/strong>. Falls Ihr Rechner sich nicht im Campusbereich Ihrer Heimatinstitution befindet, sollten Sie sich vor Ort nach weiteren M\u00f6glichkeiten des Zugangs erkundigen (z. B. lokales Login per VPN).<\/p>\n<p>Damit der Zugang freigeschaltet wird, m\u00fcssen Institutionen die <a href=\"https:\/\/www.nationallizenzen.de\/angebote\/nlproduct.2019-05-02.6323533112\">Nationallizenz<\/a> in deren Portfolio aufnehmen. <a href=\"https:\/\/gpa.eastview.com\/daasc\/\">Testen Sie hier<\/a> ob das bei Ihnen bereits der Fall ist. Falls Sie lediglich zu einer Login-Seite gelangen, sollten Sie Ihre zust\u00e4ndige Bibliothek um die Freischaltung der Sammlung bitten.<\/p>\n<p>Interessierte ohne Zugriffsm\u00f6glichkeit \u00fcber eine Heimatinstitution k\u00f6nnen sich f\u00fcr einen privaten Zugang registrieren, sofern sie ihren st\u00e4ndigen Wohnsitz in Deutschland haben. Nach erfolgter <a href=\"http:\/\/www.nationallizenzen.de\/einzelnutzer-anmeldung\">Registrierung<\/a> erhalten Sie zeitnah per Post Ihre pers\u00f6nlichen Zugangsdaten.<\/p>","protected":false},"excerpt":{"rendered":"Seltene Zeitungen und Zeitschriften aus Afghanistan Die Afghan Serials Collection ist eine Sammlung seltener Zeitungen und Zeitschriften unterschiedlicher politischer Gruppierung aus der Wahdat Library, einer umfassenden Privatsammlung aus Afghanistan. Das Angebot ist deutschlandweit und an deutschen Auslandsinstituten \u00fcber das System &hellip; <a href=\"https:\/\/blogs.urz.uni-halle.de\/menalib\/vifa\/fid-lizenzen\/afghan-serials-collection\/\">Weiterlesen <span class=\"meta-nav\">&rarr;<\/span><\/a>","protected":false},"author":3336,"featured_media":9614,"parent":5785,"menu_order":0,"comment_status":"closed","ping_status":"closed","template":"","meta":{"ngg_post_thumbnail":0},"categories":[],"tags":[],"_links":{"self":[{"href":"https:\/\/blogs.urz.uni-halle.de\/menalib\/wp-json\/wp\/v2\/pages\/9263"}],"collection":[{"href":"https:\/\/blogs.urz.uni-halle.de\/menalib\/wp-json\/wp\/v2\/pages"}],"about":[{"href":"https:\/\/blogs.urz.uni-halle.de\/menalib\/wp-json\/wp\/v2\/types\/page"}],"author":[{"embeddable":true,"href":"https:\/\/blogs.urz.uni-halle.de\/menalib\/wp-json\/wp\/v2\/users\/3336"}],"replies":[{"embeddable":true,"href":"https:\/\/blogs.urz.uni-halle.de\/menalib\/wp-json\/wp\/v2\/comments?post=9263"}],"version-history":[{"count":10,"href":"https:\/\/blogs.urz.uni-halle.de\/menalib\/wp-json\/wp\/v2\/pages\/9263\/revisions"}],"predecessor-version":[{"id":14808,"href":"https:\/\/blogs.urz.uni-halle.de\/menalib\/wp-json\/wp\/v2\/pages\/9263\/revisions\/14808"}],"up":[{"embeddable":true,"href":"https:\/\/blogs.urz.uni-halle.de\/menalib\/wp-json\/wp\/v2\/pages\/5785"}],"wp:featuredmedia":[{"embeddable":true,"href":"https:\/\/blogs.urz.uni-halle.de\/menalib\/wp-json\/wp\/v2\/media\/9614"}],"wp:attachment":[{"href":"https:\/\/blogs.urz.uni-halle.de\/menalib\/wp-json\/wp\/v2\/media?parent=9263"}],"wp:term":[{"taxonomy":"category","embeddable":true,"href":"https:\/\/blogs.urz.uni-halle.de\/menalib\/wp-json\/wp\/v2\/categories?post=9263"},{"taxonomy":"post_tag","embeddable":true,"href":"https:\/\/blogs.urz.uni-halle.de\/menalib\/wp-json\/wp\/v2\/tags?post=9263"}],"curies":[{"name":"wp","href":"https:\/\/api.w.org\/{rel}","templated":true}]}}