{"id":9306,"date":"2019-05-28T18:11:18","date_gmt":"2019-05-28T16:11:18","guid":{"rendered":"https:\/\/www.menalib.de\/?page_id=9306"},"modified":"2021-03-02T09:06:49","modified_gmt":"2021-03-02T08:06:49","slug":"digitalisierung-vergriffener-werke","status":"publish","type":"page","link":"https:\/\/blogs.urz.uni-halle.de\/menalib\/service\/digitalisierung-vergriffener-werke\/","title":{"rendered":"Digitalisierung vergriffener Werke"},"content":{"rendered":"<p><\/p>\n<h2>Voraussetzungen<\/h2>\n<p>Wir digitalisieren \u00e4ltere deutsche Fachliteratur und machen diese auf unserem Fachrepositorium MENAdoc verf\u00fcgbar. F\u00fcr sogenannte \u201evergriffene Druckwerke\u201c ist eine Digitalisierung und Ver\u00f6ffentlichung sogar m\u00f6glich bevor deren Urheberrecht abgelaufen ist.<\/p>\n<h3>Daf\u00fcr m\u00fcssen folgenden Voraussetzungen erf\u00fcllt sein:<\/h3>\n<ol>\n<li>Das Werk wurde vor dem 1. Januar 1966 in Deutschland ver\u00f6ffentlicht.<\/li>\n<li>Das Werk muss im Buchhandel vergriffen sein.<\/li>\n<li>Das Werk befindet sich in unserem Bestand.<\/li>\n<\/ol>\n<p>Sind diese Bedingungen erf\u00fcllt, k\u00f6nnen wir als \u201eprivilegierte Institution\u201c den Lizenzierungsservice der Deutschen Nationalbibliothek (DNB) nutzen und damit das Recht zur Ver\u00f6ffentlichung erhalten.<\/p>\n<p><a href=\"https:\/\/www.dnb.de\/DE\/Professionell\/Services\/VW-LiS\/vwlis_node.html\">Genauere Erl\u00e4uterungen zu den gesetzlichen Grundlagen finden Sie auf der Seite der Deutschen Nationalbibliothek<\/a>.<\/p>\n<h2>Wir pr\u00fcfen Ihre Anfrage<\/h2>\n<p>Unsere prim\u00e4re Aufgabe ist es, Fachliteratur f\u00fcr die deutsche Forschung bereit zu stellen. Digitale Ausgaben spielen hier durch ihre optimale Verf\u00fcgbarkeit eine besondere Rolle. Deshalb m\u00f6chten wir die erweiterten M\u00f6glichkeiten der Lizenzierung vergriffener Werke f\u00fcr unsere Fachcommunity nutzen.<\/p>\n<p>Erfahrungsgem\u00e4\u00df werden viele \u00e4ltere Publikationen der Orient- und Islamwissenschaft auch heute noch in der Lehre als Klassiker mit Referenzcharakter genutzt.<\/p>\n<div class=\"bigger-box\">\n<h2 class=\"inline-block\">Senden Sie uns Ihre Favoriten der \u00e4lteren Fachliteratur!<\/h2>\n<p><a href=\"https:\/\/www.menalib.de\/files\/2019\/04\/carl-brockelmann-arabische-grammatik.jpg\" class=\"broken_link\"><img loading=\"lazy\" class=\"alignleft wp-image-9012 size-thumbnail\" src=\"https:\/\/www.menalib.de\/files\/2019\/04\/carl-brockelmann-arabische-grammatik-icon-420x432.png\" alt=\"Carl Brockelmann Arabische Grammatik - Icon\" width=\"420\" height=\"432\" srcset=\"https:\/\/blogs.urz.uni-halle.de\/menalib\/files\/2019\/04\/carl-brockelmann-arabische-grammatik-icon-420x432.png 420w, https:\/\/blogs.urz.uni-halle.de\/menalib\/files\/2019\/04\/carl-brockelmann-arabische-grammatik-icon-292x300.png 292w, https:\/\/blogs.urz.uni-halle.de\/menalib\/files\/2019\/04\/carl-brockelmann-arabische-grammatik-icon.png 622w\" sizes=\"(max-width: 420px) 100vw, 420px\" \/><\/a>Wir recherchieren, ob es sich um vergriffene Werke handelt, suchen sie in unserem Bestand oder erwerben sogar antiquarische Exemplare.<\/p>\n<p><a class=\"button\" href=\"mailto:menadoc%40bibliothek.uni-halle.de?subject=Digitalisierung%20vergriffener%20Werke&amp;body=Sehr%20geehrtes%20FID-Team%2C%0A%0Afolgende%20Titel%20halte%20ich%20f%C3%BCr%20die%20Forschung%20und%20Lehre%20f%C3%BCr%20relevant%20und%20denke%2C%20dass%20sie%20zu%20den%20vergriffenen%20Werken%20geh%C3%B6ren%3A%0A%0A%0AMit%20freundlichen%20Gr%C3%BC%C3%9Fen\">Ihre Anfrage per E-Mail<\/a><\/p>\n<p>Wenn alle Voraussetzungen f\u00fcr eine Digitalisierung erf\u00fcllt sind, kann die Wissenschaft in Deutschland und dar\u00fcber hinaus dauerhaft von Ihrer Anregung profitieren.<\/p>\n<\/div>\n<h2>Bereits vorhanden?<\/h2>\n<p>Viele Klassiker befinden sich bereits in unserem Repositorium. Suchen Sie hier auf MENAdoc, ob Ihr Favorit vielleicht schon verf\u00fcgbar ist:<\/p>\n<div class=\"bigger-box menadoc\">\n<h3>MENAdoc durchsuchen<\/h3>\n<link rel=\"stylesheet\" id=\"menadoc-search-css\" href=https:\/\/blogs.urz.uni-halle.de\/menalib\/wp-content\/themes\/ulb_menalib\/css\/menadoc-search.css type=\"text\/css\" media=\"all\">\r\n<div class=\"external-search menadoc default\">\r\n      <form id=\"form-search\" accept-charset=\"UTF-8\" action=https:\/\/opendata.uni-halle.de\/simple-search method=\"get\" target=\"_blank\">\r\n\r\n      <!-- Suchbox und Button -->\r\n            <input type=\"hidden\" id=\"hidden-input-location\" name=\"location\" value=1981185920\/32158>\r\n            <input name=\"query\" size=\"5\" type=\"text\" value=\"\" placeholder=\"Stichwort, Titel, Autor\">\r\n\r\n            <button class=\"search\">Suche<\/button>\r\n\r\n    <\/form>\r\n<\/div>\r\n\n<\/div>\n<p><\/p>","protected":false},"excerpt":{"rendered":"Voraussetzungen Wir digitalisieren \u00e4ltere deutsche Fachliteratur und machen diese auf unserem Fachrepositorium MENAdoc verf\u00fcgbar. F\u00fcr sogenannte \u201evergriffene Druckwerke\u201c ist eine Digitalisierung und Ver\u00f6ffentlichung sogar m\u00f6glich bevor deren Urheberrecht abgelaufen ist. Daf\u00fcr m\u00fcssen folgenden Voraussetzungen erf\u00fcllt sein: Das Werk wurde vor &hellip; <a href=\"https:\/\/blogs.urz.uni-halle.de\/menalib\/service\/digitalisierung-vergriffener-werke\/\">Weiterlesen <span class=\"meta-nav\">&rarr;<\/span><\/a>","protected":false},"author":3336,"featured_media":9012,"parent":1649,"menu_order":0,"comment_status":"closed","ping_status":"closed","template":"","meta":{"ngg_post_thumbnail":0},"categories":[],"tags":[],"_links":{"self":[{"href":"https:\/\/blogs.urz.uni-halle.de\/menalib\/wp-json\/wp\/v2\/pages\/9306"}],"collection":[{"href":"https:\/\/blogs.urz.uni-halle.de\/menalib\/wp-json\/wp\/v2\/pages"}],"about":[{"href":"https:\/\/blogs.urz.uni-halle.de\/menalib\/wp-json\/wp\/v2\/types\/page"}],"author":[{"embeddable":true,"href":"https:\/\/blogs.urz.uni-halle.de\/menalib\/wp-json\/wp\/v2\/users\/3336"}],"replies":[{"embeddable":true,"href":"https:\/\/blogs.urz.uni-halle.de\/menalib\/wp-json\/wp\/v2\/comments?post=9306"}],"version-history":[{"count":10,"href":"https:\/\/blogs.urz.uni-halle.de\/menalib\/wp-json\/wp\/v2\/pages\/9306\/revisions"}],"predecessor-version":[{"id":11674,"href":"https:\/\/blogs.urz.uni-halle.de\/menalib\/wp-json\/wp\/v2\/pages\/9306\/revisions\/11674"}],"up":[{"embeddable":true,"href":"https:\/\/blogs.urz.uni-halle.de\/menalib\/wp-json\/wp\/v2\/pages\/1649"}],"wp:featuredmedia":[{"embeddable":true,"href":"https:\/\/blogs.urz.uni-halle.de\/menalib\/wp-json\/wp\/v2\/media\/9012"}],"wp:attachment":[{"href":"https:\/\/blogs.urz.uni-halle.de\/menalib\/wp-json\/wp\/v2\/media?parent=9306"}],"wp:term":[{"taxonomy":"category","embeddable":true,"href":"https:\/\/blogs.urz.uni-halle.de\/menalib\/wp-json\/wp\/v2\/categories?post=9306"},{"taxonomy":"post_tag","embeddable":true,"href":"https:\/\/blogs.urz.uni-halle.de\/menalib\/wp-json\/wp\/v2\/tags?post=9306"}],"curies":[{"name":"wp","href":"https:\/\/api.w.org\/{rel}","templated":true}]}}