{"id":9454,"date":"2019-06-17T13:45:11","date_gmt":"2019-06-17T11:45:11","guid":{"rendered":"https:\/\/www.menalib.de\/?page_id=9454"},"modified":"2020-05-14T14:10:11","modified_gmt":"2020-05-14T12:10:11","slug":"gvk-suche","status":"publish","type":"page","link":"https:\/\/blogs.urz.uni-halle.de\/menalib\/vifa\/gvk-suche\/","title":{"rendered":"Katalogsuche"},"content":{"rendered":"<p><\/p>\n<div class=\"bigger-box k10plus\">\n<h2 class=\"entry-title\">Suche im gemeinsamen Verbundkatalog (GVK)<\/h2>\n<p><link rel=\"stylesheet\" id=\"k10plus-search-css\" href=https:\/\/blogs.urz.uni-halle.de\/menalib\/wp-content\/themes\/ulb_menalib\/css\/k10plus-search.css type=\"text\/css\" media=\"all\">\r\n<div class=\"external-search k10plus default\">\r\n      <form accept-charset=\"UTF-8\" action=\"https:\/\/kxp.k10plus.de\/DB=2.1\/CMD\" method=\"get\" target=\"_blank\">\r\n      <input name=\"MATCFILTER\" value=\"N\" type=\"hidden\">\r\n      <input name=\"MATCSET\" value=\"N\" type=\"hidden\">\r\n      <input name=\"ACT0\" value=\"\" type=\"hidden\">\r\n      <input name=\"IKT0\" value=\"\" type=\"hidden\">\r\n      <input name=\"TRM0\" value=\"\" type=\"hidden\">\r\n      <input name=\"ACT3\" value=\"*\" type=\"hidden\">\r\n      <input name=\"IKT3\" value=\"8183\" type=\"hidden\">\r\n      <input name=\"ACT\" value=\"SRCHA\" type=\"hidden\">\r\n      <input name=\"IKT\" value=\"1016\" type=\"hidden\">\r\n      <input name=\"SRT\" value=\"YOP\" type=\"hidden\">\r\n\r\n\r\n\r\n      \r\n\r\n\r\n            \r\n      <input name=\"CMD_COLLAPSE\" value=\"N\" type=\"hidden\">\r\n            \r\n\r\n      <!-- Suchbox und Button -->         \r\n            <input class=\"search\" name=\"TRM\" size=\"5\" type=\"text\" value=\"\" placeholder=\"Stichwort, Titel, Autor\">\r\n\r\n            <!-- <input name=\"TRM3\" value=\"volltext\" type=\"hidden\">--> \r\n           \r\n            <!--old: <input value=\"Suche\" type=\"submit\">-->\r\n            <button class=\"search\">Suche<\/button>\r\n    <\/form>\r\n\r\n    <!--   <div class=\"radio-buttons\">  \r\n\r\n   <input type=\"checkbox\" id=\"trm3-box\" class=\"cmd\" name=\"trm3-box\" value=\"volltext\">\r\n    <label class=\"checkbox-label\" for=\"trm3-box\">Nur Ergebnisse mit Volltext <\/label>\r\n    <\/div>--> \r\n\r\n    <\/div>\r\n<br \/>\n<a class=\"transliterationen-link\" href=\"https:\/\/www.menalib.de\/service\/hinweise-zu-transliterationen\/\">Hinweise zu Transliterationen<\/a><\/p>\n<details>\n<summary>Welche Best\u00e4nde werden durchsucht?<\/summary>\n<h3>Die Suchanfrage liefert Resultate aus folgenden Bibliotheken mit bedeutenden Best\u00e4nden f\u00fcr die Nahost- und Islamwissenschaft:<\/h3>\n<ul>\n<li><a href=\"https:\/\/bibliothek.uni-halle.de\/\">ULB Sachsen-Anhalt<\/a><\/li>\n<li><a href=\"https:\/\/www.ub.uni-tuebingen.de\/\">UB T\u00fcbingen<\/a><\/li>\n<li><a href=\"https:\/\/www.sub.uni-goettingen.de\">SUB G\u00f6ttingen<\/a><\/li>\n<li><a href=\"https:\/\/staatsbibliothek-berlin.de\/\">SBB zu Berlin<\/a><\/li>\n<li><a href=\"https:\/\/www.sub.uni-hamburg.de\">SUB Hamburg<\/a><\/li>\n<li><a href=\"https:\/\/www.thulb.uni-jena.de\/\">ThULB Jena<\/a><\/li>\n<li><a href=\"https:\/\/www.ub.uni-freiburg.de\/\">UB Freiburg<\/a><\/li>\n<li><a href=\"https:\/\/www.ub.uni-heidelberg.de\/\">UB Heidelberg<\/a><\/li>\n<li><a href=\"https:\/\/www.ub.uni-leipzig.de\/\">UB Leipzig<\/a><\/li>\n<li><a href=\"https:\/\/www.zmo.de\/bibliothek\">Zentrum Moderner Orient, Berlin<\/a> (Pr\u00e4senzbibliothek)<\/li>\n<li><a href=\"https:\/\/www.orient-institut.org\/library\/\">Orient-Institut Beirut<\/a> (keine Fernleihe)<\/li>\n<li><a href=\"https:\/\/www.oiist.org\/bibliothek\/\">Orient-Institut Istanbul<\/a> (keine Fernleihe)<\/li>\n<\/ul>\n<\/details>\n<\/div>\n<p>Nur Ergebnisse mit Volltext <\/label>\r\n    <\/div>--> \r\n\r\n    <\/div>\r\n<br \/>\n<a class=\"transliterationen-link\" href=\"https:\/\/www.menalib.de\/service\/hinweise-zu-transliterationen\/\">Notes on Transliterations<\/a><\/p>\n<details>\n<summary>Which collections will be searched?<\/summary>\n<h3>This query delivers results from the following libraries with significant holdings for Middle East and Islamic Studies:<\/h3>\n<ul>\n<li><a href=\"https:\/\/bibliothek.uni-halle.de\/\">ULB Sachsen-Anhalt<\/a><\/li>\n<li><a href=\"https:\/\/www.ub.uni-tuebingen.de\/\">UB T\u00fcbingen<\/a><\/li>\n<li><a href=\"https:\/\/www.sub.uni-goettingen.de\">SUB G\u00f6ttingen<\/a><\/li>\n<li><a href=\"https:\/\/staatsbibliothek-berlin.de\/\">SBB zu Berlin<\/a><\/li>\n<li><a href=\"https:\/\/www.sub.uni-hamburg.de\">SUB Hamburg<\/a><\/li>\n<li><a href=\"https:\/\/www.thulb.uni-jena.de\/\">ThULB Jena<\/a><\/li>\n<li><a href=\"https:\/\/www.ub.uni-freiburg.de\/\">UB Freiburg<\/a><\/li>\n<li><a href=\"https:\/\/www.ub.uni-heidelberg.de\/\">UB Heidelberg<\/a><\/li>\n<li><a href=\"https:\/\/www.ub.uni-leipzig.de\/\">UB Leipzig<\/a><\/li>\n<li><a href=\"https:\/\/www.zmo.de\/bibliothek\">Zentrum Moderner Orient, Berlin<\/a> (reference library)<\/li>\n<li><a href=\"https:\/\/www.orient-institut.org\/library\/\">Orient-Institut Beirut<\/a> (no interlibrary loan)<\/li>\n<li><a href=\"https:\/\/www.oiist.org\/bibliothek\/\">Orient-Institut Istanbul<\/a> (no interlibrary loan)<\/li>\n<\/ul>\n<\/details>\n<\/div>\n<p><\/p>","protected":false},"excerpt":{"rendered":"Suche im gemeinsamen Verbundkatalog (GVK) Hinweise zu Transliterationen Welche Best\u00e4nde werden durchsucht? Die Suchanfrage liefert Resultate aus folgenden Bibliotheken mit bedeutenden Best\u00e4nden f\u00fcr die Nahost- und Islamwissenschaft: ULB Sachsen-Anhalt UB T\u00fcbingen SUB G\u00f6ttingen SBB zu Berlin SUB Hamburg ThULB Jena &hellip; <a href=\"https:\/\/blogs.urz.uni-halle.de\/menalib\/vifa\/gvk-suche\/\">Weiterlesen <span class=\"meta-nav\">&rarr;<\/span><\/a>","protected":false},"author":3336,"featured_media":9473,"parent":7843,"menu_order":0,"comment_status":"closed","ping_status":"closed","template":"","meta":{"ngg_post_thumbnail":0},"categories":[242],"tags":[],"_links":{"self":[{"href":"https:\/\/blogs.urz.uni-halle.de\/menalib\/wp-json\/wp\/v2\/pages\/9454"}],"collection":[{"href":"https:\/\/blogs.urz.uni-halle.de\/menalib\/wp-json\/wp\/v2\/pages"}],"about":[{"href":"https:\/\/blogs.urz.uni-halle.de\/menalib\/wp-json\/wp\/v2\/types\/page"}],"author":[{"embeddable":true,"href":"https:\/\/blogs.urz.uni-halle.de\/menalib\/wp-json\/wp\/v2\/users\/3336"}],"replies":[{"embeddable":true,"href":"https:\/\/blogs.urz.uni-halle.de\/menalib\/wp-json\/wp\/v2\/comments?post=9454"}],"version-history":[{"count":10,"href":"https:\/\/blogs.urz.uni-halle.de\/menalib\/wp-json\/wp\/v2\/pages\/9454\/revisions"}],"predecessor-version":[{"id":10647,"href":"https:\/\/blogs.urz.uni-halle.de\/menalib\/wp-json\/wp\/v2\/pages\/9454\/revisions\/10647"}],"up":[{"embeddable":true,"href":"https:\/\/blogs.urz.uni-halle.de\/menalib\/wp-json\/wp\/v2\/pages\/7843"}],"wp:featuredmedia":[{"embeddable":true,"href":"https:\/\/blogs.urz.uni-halle.de\/menalib\/wp-json\/wp\/v2\/media\/9473"}],"wp:attachment":[{"href":"https:\/\/blogs.urz.uni-halle.de\/menalib\/wp-json\/wp\/v2\/media?parent=9454"}],"wp:term":[{"taxonomy":"category","embeddable":true,"href":"https:\/\/blogs.urz.uni-halle.de\/menalib\/wp-json\/wp\/v2\/categories?post=9454"},{"taxonomy":"post_tag","embeddable":true,"href":"https:\/\/blogs.urz.uni-halle.de\/menalib\/wp-json\/wp\/v2\/tags?post=9454"}],"curies":[{"name":"wp","href":"https:\/\/api.w.org\/{rel}","templated":true}]}}