{"id":103,"date":"2016-09-14T12:29:33","date_gmt":"2016-09-14T10:29:33","guid":{"rendered":"https:\/\/blogs.urz.uni-halle.de\/mrecinema\/?page_id=103"},"modified":"2023-02-08T09:19:32","modified_gmt":"2023-02-08T08:19:32","slug":"emergency-in-cinema-meizin-ethik-recht-im-film","status":"publish","type":"page","link":"https:\/\/blogs.urz.uni-halle.de\/mercinema\/","title":{"rendered":"Ank\u00fcndigung"},"content":{"rendered":"\n<p>Liebe Kinofreund*innen der eMERgency Filmreihe, <\/p>\n\n\n\n<p>wir freuen uns Euch mitteilen zu k\u00f6nnen, dass nach der langen Pause die Planung der Filmreihe nun wieder aufgenommen wurde! Dabei haben wir jetzt eine neues Team am Start, welches sich auch \u00fcber weitere Unterst\u00fctzung und helfende H\u00e4nde freut. Bei uns sind Ideen und Anreize f\u00fcr die Filmreihe immer gerne gesehen!!! N\u00e4here und konkretere Informationen folgen in K\u00fcrze. <\/p>\n\n\n\n<p>Liebe Gr\u00fc\u00dfe vom eMERgency-Team <\/p>\n\n\n\n<p><\/p>\n\n\n<p><img loading=\"lazy\" class=\"wp-image-496 aligncenter\" src=\"https:\/\/blogs.urz.uni-halle.de\/mrecinema\/files\/2019\/10\/Banner-Blog-2--300x169.jpg\" alt=\"\" width=\"344\" height=\"198\"><\/p>\n<p><span class=\"text_exposed_show\">&nbsp;<\/span><\/p>\n<p>&nbsp;<\/p>\n<h2><strong>eMERgency in cinema &#8211; Medizin, Ethik <span class=\"amp\">&amp;<\/span> Recht im Film<\/strong><\/h2>\n<p>Ethische und rechtliche Fragen spielen immer wieder eine wichtige Rolle in klinischer Praxis und medizinischer Forschung. Betroffen davon sind nicht nur einzelne Patient*innen; medizinische Entwicklungen und die sich daraus ergebenden Kontexte im Zusammenspiel mit Ethik und Recht haben Einfluss auf unsere gesamte Gesellschaft. Insofern werden die im Spannungsfeld der drei Disziplinen aufgeworfenen Aspekte sehr kontrovers diskutiert. Die Veranstaltungsreihe \u201eeMERgency in cinema \u2013 Medizin, Ethik <span class=\"amp\">&amp;<\/span> Recht im Film\u201c pr\u00e4sentiert eine Auswahl von Filmen, in denen ethische und rechtliche Fragen im Zusammenhang mit medizinischer Praxis im Zentrum stehen. Alle Veranstaltungen finden im Luchs.Kino am Zoo in der Seebener Stra\u00dfe 172, 06114 Halle (Saale) statt. Der Eintritt betr\u00e4gt 7\u20ac\/5,50\u20ac erm\u00e4\u00dfigt.<\/p>\n<pre>Alle Filme werden von Expert*innen durch eine Einf\u00fchrung und eine anschlie\u00dfende Diskussionsrunde begleitet.<\/pre>\n<p>Anl\u00e4sslich der Jubil\u00e4umsausgabe im Wintersemester 2018\/19 haben wir einen R\u00fcck- und Ausblick gewagt &#8211; Nachzulesen hier:<\/p>\n<p><a href=\"https:\/\/blog.medizin.uni-halle.de\/2018\/10\/interdisziplinaere-hallesche-filmreihe-emergency-in-cinema-startet-in-die-5-auflage\/\">https:\/\/blog.medizin.uni-halle.de\/2018\/10\/interdisziplinaere-hallesche-filmreihe-emergency-in-cinema-startet-in-die-5-auflage\/<\/a><\/p>\n\n\n<p><\/p>\n","protected":false},"excerpt":{"rendered":"<p>Liebe Kinofreund*innen der eMERgency Filmreihe, wir freuen uns Euch mitteilen zu k\u00f6nnen, dass nach der langen Pause die Planung der Filmreihe nun wieder aufgenommen wurde! Dabei haben wir jetzt eine neues Team am Start, welches sich auch \u00fcber weitere Unterst\u00fctzung und helfende H\u00e4nde freut. Bei uns sind Ideen und Anreize f\u00fcr die Filmreihe immer gerne [&hellip;]<\/p>\n","protected":false},"author":1403,"featured_media":0,"parent":0,"menu_order":1,"comment_status":"open","ping_status":"closed","template":"","meta":{"ngg_post_thumbnail":0},"_links":{"self":[{"href":"https:\/\/blogs.urz.uni-halle.de\/mercinema\/wp-json\/wp\/v2\/pages\/103"}],"collection":[{"href":"https:\/\/blogs.urz.uni-halle.de\/mercinema\/wp-json\/wp\/v2\/pages"}],"about":[{"href":"https:\/\/blogs.urz.uni-halle.de\/mercinema\/wp-json\/wp\/v2\/types\/page"}],"author":[{"embeddable":true,"href":"https:\/\/blogs.urz.uni-halle.de\/mercinema\/wp-json\/wp\/v2\/users\/1403"}],"replies":[{"embeddable":true,"href":"https:\/\/blogs.urz.uni-halle.de\/mercinema\/wp-json\/wp\/v2\/comments?post=103"}],"version-history":[{"count":10,"href":"https:\/\/blogs.urz.uni-halle.de\/mercinema\/wp-json\/wp\/v2\/pages\/103\/revisions"}],"predecessor-version":[{"id":713,"href":"https:\/\/blogs.urz.uni-halle.de\/mercinema\/wp-json\/wp\/v2\/pages\/103\/revisions\/713"}],"wp:attachment":[{"href":"https:\/\/blogs.urz.uni-halle.de\/mercinema\/wp-json\/wp\/v2\/media?parent=103"}],"curies":[{"name":"wp","href":"https:\/\/api.w.org\/{rel}","templated":true}]}}