{"id":182,"date":"2017-10-05T12:58:55","date_gmt":"2017-10-05T10:58:55","guid":{"rendered":"https:\/\/blogs.urz.uni-halle.de\/mrecinema\/?page_id=182"},"modified":"2017-10-16T10:07:50","modified_gmt":"2017-10-16T08:07:50","slug":"death-by-death","status":"publish","type":"page","link":"https:\/\/blogs.urz.uni-halle.de\/mercinema\/death-by-death\/","title":{"rendered":"Death by Death &#8211;  Wenn ich es oft genug sage wird es wahr"},"content":{"rendered":"<p>Michel (Jean-Jacques Rausin) ist krank, zumindest ist er \u00fcberzeugt davon. Er leidet unter der Angst vor Krankheit und Tod, untersucht sich akribisch auf eventuelle Symptome. Au\u00dferdem lebt er noch immer bei seiner Mutter (Myriam Boyer), die neben ihrem Sohn noch eine ganze Menge Katzen zu versorgen hat. Als bei ihr Brustkrebs diagnostiziert wird, denkt Michel noch viel st\u00e4rker \u00fcber den Tod nach.\u00a0Er ist \u00fcberfordert, nicht nur wegen der pl\u00f6tzlichen N\u00e4he zu\u00a0einer t\u00f6dlichen Krankheit, sondern vor allem von seiner Mutter, die beschlie\u00dft, ihr Leben zu genie\u00dfen.\u00a0W\u00e4hrend sie der Krankheit mit Lebensfreude trotz, w\u00e4chst in Michel die Gewissheit, ebenfalls Brustkrebs zu haben.<\/p>\n<p>Death by Death ist eine lakonische Kom\u00f6die \u00fcber Hypochondrie und Abh\u00e4ngigkeiten, \u00fcber Unsicherheit und Lebensfreude. Mit teils geradezu absurd-komischen schwarz-wei\u00df Bildern und gro\u00dfartigen Dialogen erz\u00e4hlt der Film von Michels Sorge um sich selbst, seiner zwanghaften Angst vor Krankheit und Tod und der engen Bindung zu seiner Mutter. Dabei kommt es immer wieder zu Szenen, die trotz ihrer oberfl\u00e4chlichen Komik Michels Verzweiflung und Angst deutlich machen.<\/p>\n<hr \/>\n<p><iframe width=\"500\" height=\"281\" src=\"https:\/\/www.youtube.com\/embed\/i0eQ8NkMg94?feature=oembed\" frameborder=\"0\" allowfullscreen><\/iframe><\/p>\n<pre><strong>Death by Death - Wenn ich es oft genug sage wird es wahr (<\/strong>Je me tue \u00e1 le dire)\r\nB, F 2017; 90 min.\r\nRegie: Xavier Seron \r\nDarsteller: Jean-Jacques Rausin, Myriam Boyer, Fanny Touron<\/pre>\n<p>Prof. Dr. Dr. Uwe Wolfradt ist au\u00dferordentlicher Professor am Institut f\u00fcr Psychologie an der Martin-Luther-Universit\u00e4t Halle-Wittenberg. Er habilitierte mit einer Arbeit zu Depersonalisation. Zu seinen Forschungsinteressen geh\u00f6ren kultur\u00fcbergreifende Aspekte der Pers\u00f6nlichkeit ebenso wie dissoziative Aspekte von Pers\u00f6nlichkeit und das Verh\u00e4ltnis von Pers\u00f6nlichkeit und extremen Glaubenssystemen. Er ist Autor zahlreicher Monographien und Aufs\u00e4tze sowie Mitglied in mehreren Fachgesellschaften, 2010-2014 war er Sprecher der Fachgruppe <em>Geschichte der \u00a0Psychologie der Deutschen Gesellschaft f\u00fcr Psychologie.<\/em><\/p>\n<p>&nbsp;<\/p>\n<p>&nbsp;<\/p>\n<p>&nbsp;<\/p>\n","protected":false},"excerpt":{"rendered":"<p>Michel (Jean-Jacques Rausin) ist krank, zumindest ist er \u00fcberzeugt davon. Er leidet unter der Angst vor Krankheit und Tod, untersucht sich akribisch auf eventuelle Symptome. Au\u00dferdem lebt er noch immer bei seiner Mutter (Myriam Boyer), die neben ihrem Sohn noch eine ganze Menge Katzen zu versorgen hat. Als bei ihr Brustkrebs diagnostiziert wird, denkt Michel [&hellip;]<\/p>\n","protected":false},"author":1403,"featured_media":0,"parent":0,"menu_order":0,"comment_status":"closed","ping_status":"closed","template":"","meta":{"ngg_post_thumbnail":0},"_links":{"self":[{"href":"https:\/\/blogs.urz.uni-halle.de\/mercinema\/wp-json\/wp\/v2\/pages\/182"}],"collection":[{"href":"https:\/\/blogs.urz.uni-halle.de\/mercinema\/wp-json\/wp\/v2\/pages"}],"about":[{"href":"https:\/\/blogs.urz.uni-halle.de\/mercinema\/wp-json\/wp\/v2\/types\/page"}],"author":[{"embeddable":true,"href":"https:\/\/blogs.urz.uni-halle.de\/mercinema\/wp-json\/wp\/v2\/users\/1403"}],"replies":[{"embeddable":true,"href":"https:\/\/blogs.urz.uni-halle.de\/mercinema\/wp-json\/wp\/v2\/comments?post=182"}],"version-history":[{"count":6,"href":"https:\/\/blogs.urz.uni-halle.de\/mercinema\/wp-json\/wp\/v2\/pages\/182\/revisions"}],"predecessor-version":[{"id":216,"href":"https:\/\/blogs.urz.uni-halle.de\/mercinema\/wp-json\/wp\/v2\/pages\/182\/revisions\/216"}],"wp:attachment":[{"href":"https:\/\/blogs.urz.uni-halle.de\/mercinema\/wp-json\/wp\/v2\/media?parent=182"}],"curies":[{"name":"wp","href":"https:\/\/api.w.org\/{rel}","templated":true}]}}