{"id":184,"date":"2017-10-05T13:00:08","date_gmt":"2017-10-05T11:00:08","guid":{"rendered":"https:\/\/blogs.urz.uni-halle.de\/mrecinema\/?page_id=184"},"modified":"2017-10-05T13:19:38","modified_gmt":"2017-10-05T11:19:38","slug":"mein-blind-date-mit-dem-leben","status":"publish","type":"page","link":"https:\/\/blogs.urz.uni-halle.de\/mercinema\/mein-blind-date-mit-dem-leben\/","title":{"rendered":"Mein Blind Date mit dem Leben"},"content":{"rendered":"<p>Saliya ist fast blind. Aber er hat einen gro\u00dfen Traum, der unerreichbar scheint: Er m\u00f6chte in einem Luxus-Hotel arbeiten. Bei seinen Bewerbungen verschweigt er seine fortschreitende Sehschw\u00e4che und bekommt tats\u00e4chlich eine Stelle in einem Luxus-Hotel in M\u00fcnchen. Durch die Unterst\u00fctzung seines Freundes gelingt es ihm, seine Behinderung zu verheimlichen und manche Situationen zu bew\u00e4ltigen. Als er aber Laura kennenlernt, wird es f\u00fcr Saliya immer schwerer, sein Geheimnis zu bewahren.<\/p>\n<p>Charmant zeigt die Kom\u00f6die, wie es einem fast Blinden gelingt, in einer sehenden Gesellschaft, entgegen der immer noch bestehenden Vorurteile gegen Menschen mit Behinderung, seine Tr\u00e4ume zu verfolgen. Insbesondere das Zusammenspiel zwischen Kostja Ullmann und Jakob Matschenz beschert den Zuschauern viele sch\u00f6ne Momente.<\/p>\n<hr \/>\n<p><iframe width=\"500\" height=\"281\" src=\"https:\/\/www.youtube.com\/embed\/m6weJ-1xX5M?feature=oembed\" frameborder=\"0\" allowfullscreen><\/iframe><\/p>\n<pre><strong>Mein Blind Date mit dem Leben<\/strong>\r\nD, 2017; 111 min\r\nRegie: Marc Rothemund\r\nDarsteller: Kostja Ullmann, Jacob Matschenz, Anna Maria M\u00fche<\/pre>\n<p>Prof. Dr. Katja Nebe ist Inhaberin des Lehrstuhls f\u00fcr B\u00fcrgerliches Recht, Arbeitsrecht und Recht der Sozialen Sicherheit an der Martin-Luther-Universit\u00e4t Halle-Wittenberg. Ihre Forschungsschwerpunkte liegen u.a. im Rehabilitations-, Teilhabe- und Schwerbehindertenrecht. Zudem ist sie Mitherausgeberin der Zeitschrift \u201eRecht- und Praxis der Rehabilitation\u201c.<\/p>\n<p>Timo Kirmse ist Wissenschaftlicher Mitarbeiter am Lehrstuhl f\u00fcr \u00d6ffentliches Recht und Sozialrecht an der Martin-Luther Universit\u00e4t Halle-Wittenberg und unterst\u00fctzt die Arbeit des B\u00fcros des Behindertenbeauftragten.<\/p>\n","protected":false},"excerpt":{"rendered":"<p>Saliya ist fast blind. Aber er hat einen gro\u00dfen Traum, der unerreichbar scheint: Er m\u00f6chte in einem Luxus-Hotel arbeiten. Bei seinen Bewerbungen verschweigt er seine fortschreitende Sehschw\u00e4che und bekommt tats\u00e4chlich eine Stelle in einem Luxus-Hotel in M\u00fcnchen. Durch die Unterst\u00fctzung seines Freundes gelingt es ihm, seine Behinderung zu verheimlichen und manche Situationen zu bew\u00e4ltigen. Als [&hellip;]<\/p>\n","protected":false},"author":1403,"featured_media":0,"parent":0,"menu_order":0,"comment_status":"closed","ping_status":"closed","template":"","meta":{"ngg_post_thumbnail":0},"_links":{"self":[{"href":"https:\/\/blogs.urz.uni-halle.de\/mercinema\/wp-json\/wp\/v2\/pages\/184"}],"collection":[{"href":"https:\/\/blogs.urz.uni-halle.de\/mercinema\/wp-json\/wp\/v2\/pages"}],"about":[{"href":"https:\/\/blogs.urz.uni-halle.de\/mercinema\/wp-json\/wp\/v2\/types\/page"}],"author":[{"embeddable":true,"href":"https:\/\/blogs.urz.uni-halle.de\/mercinema\/wp-json\/wp\/v2\/users\/1403"}],"replies":[{"embeddable":true,"href":"https:\/\/blogs.urz.uni-halle.de\/mercinema\/wp-json\/wp\/v2\/comments?post=184"}],"version-history":[{"count":3,"href":"https:\/\/blogs.urz.uni-halle.de\/mercinema\/wp-json\/wp\/v2\/pages\/184\/revisions"}],"predecessor-version":[{"id":199,"href":"https:\/\/blogs.urz.uni-halle.de\/mercinema\/wp-json\/wp\/v2\/pages\/184\/revisions\/199"}],"wp:attachment":[{"href":"https:\/\/blogs.urz.uni-halle.de\/mercinema\/wp-json\/wp\/v2\/media?parent=184"}],"curies":[{"name":"wp","href":"https:\/\/api.w.org\/{rel}","templated":true}]}}