{"id":186,"date":"2017-10-05T13:01:54","date_gmt":"2017-10-05T11:01:54","guid":{"rendered":"https:\/\/blogs.urz.uni-halle.de\/mrecinema\/?page_id=186"},"modified":"2018-02-05T21:47:14","modified_gmt":"2018-02-05T20:47:14","slug":"sommersturm","status":"publish","type":"page","link":"https:\/\/blogs.urz.uni-halle.de\/mercinema\/sommersturm\/","title":{"rendered":"Sommersturm"},"content":{"rendered":"<p><strong>Sommersturm<\/strong><\/p>\n<p>Tobi und sein bester Freund Achim machen sich zur Wettkampfvorbereitung auf den Weg ins Ruder-Trainingslager. Weil die anderen Teams aus Frauen und \u2013 zur gro\u00dfen \u00dcberraschung aller \u2013 aus Schwulen bestehen, verspricht es, eine aufregende Zeit zu werden. W\u00e4hrend Achim und seine Freundin Sandra auf ihr erstes Mal zusteuern, verliebt sich Tobi in seinen besten Freund. So bringt nicht nur das Wetter einen gro\u00dfen Sturm mit sich. Regisseur Marco Kreuzpaintner schafft es, die ernste Thematik des Coming out im humorvollen Rahmen und unter Zuhilfenahme einiger Klischees gegen\u00fcber Homosexuellen auf locker-leichte Art und Weise zu beleuchten.<\/p>\n<hr \/>\n<p>&nbsp;<\/p>\n<p><iframe width=\"500\" height=\"281\" src=\"https:\/\/www.youtube.com\/embed\/B5jpAbx27Ds?feature=oembed\" frameborder=\"0\" allow=\"autoplay; encrypted-media\" allowfullscreen><\/iframe><\/p>\n<pre><strong>Sommersturm<\/strong>DE 2004, 98 min.Regie: Marco KreuzpaintnerDarsteller: Robert Stadlober, Kostja Ullmann, Alicja Bachleda-Curu\u015b<\/pre>\n<p>\u00c4NDERUNG!! Die urspr\u00fcnglich angek\u00fcndigte Referentin Katrin Kappler musste leider krankheitsbedingt absagen. Als Vertretung f\u00fcr Frau Katja Kappler wird <b>Herr Ants Kiel<\/b> vom Begegnungs- und Beratungs Zentrum (BBZ) &#8222;lebensart&#8220; e.V. einspringen. Als Mitarbeiter des Fachzentrums f\u00fcr geschlechtlich-sexuelle Identit\u00e4t ist der Diplomp\u00e4dagoge f\u00fcr Aufkl\u00e4rungs- und Antidiskriminierungsarbeit, Beratung sowie \u00d6ffentlichkeitsarbeit zust\u00e4ndig. Wir freuen uns sehr dar\u00fcber und danken ihm f\u00fcr die kurzfristige Bereitschaft!<\/p>\n","protected":false},"excerpt":{"rendered":"<p>Sommersturm Tobi und sein bester Freund Achim machen sich zur Wettkampfvorbereitung auf den Weg ins Ruder-Trainingslager. Weil die anderen Teams aus Frauen und \u2013 zur gro\u00dfen \u00dcberraschung aller \u2013 aus Schwulen bestehen, verspricht es, eine aufregende Zeit zu werden. W\u00e4hrend Achim und seine Freundin Sandra auf ihr erstes Mal zusteuern, verliebt sich Tobi in seinen [&hellip;]<\/p>\n","protected":false},"author":1403,"featured_media":0,"parent":0,"menu_order":0,"comment_status":"closed","ping_status":"closed","template":"","meta":{"ngg_post_thumbnail":0},"_links":{"self":[{"href":"https:\/\/blogs.urz.uni-halle.de\/mercinema\/wp-json\/wp\/v2\/pages\/186"}],"collection":[{"href":"https:\/\/blogs.urz.uni-halle.de\/mercinema\/wp-json\/wp\/v2\/pages"}],"about":[{"href":"https:\/\/blogs.urz.uni-halle.de\/mercinema\/wp-json\/wp\/v2\/types\/page"}],"author":[{"embeddable":true,"href":"https:\/\/blogs.urz.uni-halle.de\/mercinema\/wp-json\/wp\/v2\/users\/1403"}],"replies":[{"embeddable":true,"href":"https:\/\/blogs.urz.uni-halle.de\/mercinema\/wp-json\/wp\/v2\/comments?post=186"}],"version-history":[{"count":8,"href":"https:\/\/blogs.urz.uni-halle.de\/mercinema\/wp-json\/wp\/v2\/pages\/186\/revisions"}],"predecessor-version":[{"id":226,"href":"https:\/\/blogs.urz.uni-halle.de\/mercinema\/wp-json\/wp\/v2\/pages\/186\/revisions\/226"}],"wp:attachment":[{"href":"https:\/\/blogs.urz.uni-halle.de\/mercinema\/wp-json\/wp\/v2\/media?parent=186"}],"curies":[{"name":"wp","href":"https:\/\/api.w.org\/{rel}","templated":true}]}}