{"id":189,"date":"2017-10-05T13:04:59","date_gmt":"2017-10-05T11:04:59","guid":{"rendered":"https:\/\/blogs.urz.uni-halle.de\/mrecinema\/?page_id=189"},"modified":"2017-11-16T13:01:34","modified_gmt":"2017-11-16T12:01:34","slug":"the-tribe","status":"publish","type":"page","link":"https:\/\/blogs.urz.uni-halle.de\/mercinema\/the-tribe\/","title":{"rendered":"The Tribe"},"content":{"rendered":"<p>Sergey ist neu an einem Geh\u00f6rlosen-Internat. Nach anf\u00e4nglichen Schwierigkeiten l\u00e4sst er sich bald mit der die Schule beherrschenden Gang &#8218;The Tribe&#8216; ein, die mit Raub, Gewalt und Prostitution das Leben an der Schule bestimmen. Als Zuh\u00e4lter bringt er\u00a0einige M\u00e4dchen seiner Schule immer wieder\u00a0zu einem Rastplatz und beteiligt sich an Gewalt gegen\u00fcber seinen Mitsch\u00fclern. Er beginnt, in der rohen Hierarchie der Gruppe aufzusteigen, als er sich aber in Anne, eines der M\u00e4dchen die zur Prostitution gen\u00f6tigt werden, verliebt, verletzt er die Regeln der Gang und l\u00f6st eine Gewaltspirale aus, die in einem brutalen Mord endet.<\/p>\n<p>&#8218;The Tribe&#8216; ist ein mehrfacher Hinsicht au\u00dfergew\u00f6hnlicher und kompromissloser Film. Nicht nur die raue und geradezu hoffnungslose Grundstimmung in dem mit k\u00fchl-beobachtenden Bildern gezeigten Milieu, sondern auch der Verzicht auf Lautsprache\u00a0machen die Rezeption des Filmes zu einer Herausforderung. H\u00f6rende werden in eine f\u00fcr sie nicht nur aufgrund der Gewalt und Brutalit\u00e4t fremde Welt geworfen, der Verzicht auf Untertitel l\u00e4sst auch eine Ahnung zu, was es hei\u00dft, in einer Welt zu leben, deren Kommunikation exklusiv, also ausschlie\u00dfend ist.<\/p>\n<p>_________________________________________<\/p>\n<p><iframe width=\"500\" height=\"281\" src=\"https:\/\/www.youtube.com\/embed\/d5DN8EFcz58?feature=oembed\" frameborder=\"0\" gesture=\"media\" allowfullscreen><\/iframe><\/p>\n<pre>The Tribe (<span lang=\"uk\" xml:lang=\"uk\">\u041f\u043b\u0435\u043c'\u044f)\r\n<\/span>UKR 2014; 132 Minuten\r\nRegie: Myroslaw Slaboschpyzkyj\r\nDarsteller: Grigoriy Fesenko, Yana Novikova, Rosa Babiy<\/pre>\n<p>Heike Leps ist seit 1991 Geb\u00e4rdensprachdolmetscherin\u00a0mit der Spezialisierung Rechts- und Beh\u00f6rdenterminologie\u00a0und seit 1992\u00a0Leiterin der LandesDolmetscherZentrale f\u00fcr H\u00f6rgesch\u00e4digte Sachsen-Anhalt. Sie ist 1. Vorsitzende der LandesArbeitsgemeinschaft f\u00fcr Geb\u00e4rdensprachdolmetscher\/innen und Dozentin f\u00fcr Geb\u00e4rdensprache an div. (K)VHS im Land Sachsen-Anhalt. Sie hat Dolmetscherreferenzen u.a. an der MLU Halle-Wittenberg, der DAA, TV:Halle.<\/p>\n<p>&nbsp;<\/p>\n<p>&nbsp;<\/p>\n","protected":false},"excerpt":{"rendered":"<p>Sergey ist neu an einem Geh\u00f6rlosen-Internat. Nach anf\u00e4nglichen Schwierigkeiten l\u00e4sst er sich bald mit der die Schule beherrschenden Gang &#8218;The Tribe&#8216; ein, die mit Raub, Gewalt und Prostitution das Leben an der Schule bestimmen. Als Zuh\u00e4lter bringt er\u00a0einige M\u00e4dchen seiner Schule immer wieder\u00a0zu einem Rastplatz und beteiligt sich an Gewalt gegen\u00fcber seinen Mitsch\u00fclern. Er beginnt, [&hellip;]<\/p>\n","protected":false},"author":1403,"featured_media":0,"parent":0,"menu_order":0,"comment_status":"closed","ping_status":"closed","template":"","meta":{"ngg_post_thumbnail":0},"_links":{"self":[{"href":"https:\/\/blogs.urz.uni-halle.de\/mercinema\/wp-json\/wp\/v2\/pages\/189"}],"collection":[{"href":"https:\/\/blogs.urz.uni-halle.de\/mercinema\/wp-json\/wp\/v2\/pages"}],"about":[{"href":"https:\/\/blogs.urz.uni-halle.de\/mercinema\/wp-json\/wp\/v2\/types\/page"}],"author":[{"embeddable":true,"href":"https:\/\/blogs.urz.uni-halle.de\/mercinema\/wp-json\/wp\/v2\/users\/1403"}],"replies":[{"embeddable":true,"href":"https:\/\/blogs.urz.uni-halle.de\/mercinema\/wp-json\/wp\/v2\/comments?post=189"}],"version-history":[{"count":6,"href":"https:\/\/blogs.urz.uni-halle.de\/mercinema\/wp-json\/wp\/v2\/pages\/189\/revisions"}],"predecessor-version":[{"id":224,"href":"https:\/\/blogs.urz.uni-halle.de\/mercinema\/wp-json\/wp\/v2\/pages\/189\/revisions\/224"}],"wp:attachment":[{"href":"https:\/\/blogs.urz.uni-halle.de\/mercinema\/wp-json\/wp\/v2\/media?parent=189"}],"curies":[{"name":"wp","href":"https:\/\/api.w.org\/{rel}","templated":true}]}}