{"id":242,"date":"2018-04-06T11:51:07","date_gmt":"2018-04-06T09:51:07","guid":{"rendered":"https:\/\/blogs.urz.uni-halle.de\/mrecinema\/?page_id=242"},"modified":"2018-04-09T15:02:26","modified_gmt":"2018-04-09T13:02:26","slug":"die-lebenden-reparieren","status":"publish","type":"page","link":"https:\/\/blogs.urz.uni-halle.de\/mercinema\/die-lebenden-reparieren\/","title":{"rendered":"Die Lebenden reparieren (R\u00e9parer Les Vivants) &#8211; OmU"},"content":{"rendered":"<p>Der junge Simon \u2013 gerade erst siebzehn Jahre alt \u2013 ist nach einem Autounfall Hirntod. Ein junger Assistenzarzt muss einf\u00fchlsam und taktvoll eine dringende Frage stellen. Simons Eltern stehen vor der wohl schwersten Entscheidung. Sollen seine Organe zur Spende freigegeben werden? Derweil l\u00e4uft der zweifachen Mutter Claire die Zeit davon. Sie ben\u00f6tigt dringend ein Spenderherz, da ihres zu versagen droht.<\/p>\n<p>Das bewegende Drama \u201eDie Lebenden reparieren\u201c basiert auf dem gleichnamigen Roman von Maylis de Kerangal. Der Grenzbereich zwischen pulsierendem Leben und unwiderruflichem Tod wird in seiner Vielschichtigkeit aufgef\u00e4chert und wirkt in den verschiedenen Rollen \u2013 Eltern, Mediziner, Spender und Empf\u00e4nger \u2013 gleichzeitig anr\u00fchrend, poetisch und emotional aufw\u00fchlend. Die Kamera beherrscht es, Blicke und Gesten einzufangen und so Intimit\u00e4t zu verleihen. Herzlose Ger\u00e4temedizin? Fehlanzeige! Diese pr\u00e4zise und einf\u00fchlsame Romanverfilmung schafft es, die moderne Transplantationsmedizin mit Schicksalen und Beziehungen zu verkn\u00fcpfen und so sowohl die Wucht der Verzweiflung als auch die Kraft der Hoffnung darzustellen.<\/p>\n<p>Weitere Informationen zum Film unter <a href=\"http:\/\/www.wildbunch-germany.de\/movie\/die-lebenden-reparieren\">http:\/\/www.wildbunch-germany.de\/movie\/die-lebenden-reparieren.<\/a><\/p>\n<p><b>Wir zeigen \u201e<\/b><b><\/b><b>Die Lebenden <\/b><b>reparieren&#8220; <\/b><b>(R\u00e9parer Les Vivants)<\/b><b> im Rahmen der franz\u00f6sischen Filmwoche Sachsen-Anhalt im Original mit Untertiteln.<\/b><\/p>\n<pre><strong>Die Lebenden reparieren (R\u00e9parer Les Vivants)<\/strong>\r\nF, B 2017; 104 min\r\nRegie: Katell Quill\u00e9v\u00e9r\u00e9\r\nDarsteller: Tahar Rahim, Emmanuelle Seigner, Anne Dorval<\/pre>\n<hr \/>\n<p><iframe width=\"500\" height=\"281\" src=\"https:\/\/www.youtube.com\/embed\/2aJr3GVNkXY?feature=oembed\" frameborder=\"0\" allow=\"autoplay; encrypted-media\" allowfullscreen><\/iframe><\/p>\n<hr \/>\n<p><strong>Referent:<\/strong><\/p>\n<p><b>Stephan Dammk\u00f6hler <\/b>ist seit 2012 als Koordinator f\u00fcr Organspende bei der Deutschen Stiftung Organtransplantation (DSO) &#8211; Region OST t\u00e4tig. Die DSO koordiniert im Auftrag des Transplantationsgesetzes die postmortale Organspende in Deutschland. Sie sieht sich dem Willen und der W\u00fcrde Verstorbener ebenso verpflichtet wie den Empf\u00e4nger*innen und deren Chance auf ein neues Leben.<\/p>\n","protected":false},"excerpt":{"rendered":"<p>Der junge Simon \u2013 gerade erst siebzehn Jahre alt \u2013 ist nach einem Autounfall Hirntod. Ein junger Assistenzarzt muss einf\u00fchlsam und taktvoll eine dringende Frage stellen. Simons Eltern stehen vor der wohl schwersten Entscheidung. Sollen seine Organe zur Spende freigegeben werden? Derweil l\u00e4uft der zweifachen Mutter Claire die Zeit davon. Sie ben\u00f6tigt dringend ein Spenderherz, [&hellip;]<\/p>\n","protected":false},"author":1403,"featured_media":0,"parent":0,"menu_order":0,"comment_status":"closed","ping_status":"closed","template":"","meta":{"ngg_post_thumbnail":0},"_links":{"self":[{"href":"https:\/\/blogs.urz.uni-halle.de\/mercinema\/wp-json\/wp\/v2\/pages\/242"}],"collection":[{"href":"https:\/\/blogs.urz.uni-halle.de\/mercinema\/wp-json\/wp\/v2\/pages"}],"about":[{"href":"https:\/\/blogs.urz.uni-halle.de\/mercinema\/wp-json\/wp\/v2\/types\/page"}],"author":[{"embeddable":true,"href":"https:\/\/blogs.urz.uni-halle.de\/mercinema\/wp-json\/wp\/v2\/users\/1403"}],"replies":[{"embeddable":true,"href":"https:\/\/blogs.urz.uni-halle.de\/mercinema\/wp-json\/wp\/v2\/comments?post=242"}],"version-history":[{"count":5,"href":"https:\/\/blogs.urz.uni-halle.de\/mercinema\/wp-json\/wp\/v2\/pages\/242\/revisions"}],"predecessor-version":[{"id":278,"href":"https:\/\/blogs.urz.uni-halle.de\/mercinema\/wp-json\/wp\/v2\/pages\/242\/revisions\/278"}],"wp:attachment":[{"href":"https:\/\/blogs.urz.uni-halle.de\/mercinema\/wp-json\/wp\/v2\/media?parent=242"}],"curies":[{"name":"wp","href":"https:\/\/api.w.org\/{rel}","templated":true}]}}