{"id":244,"date":"2018-04-06T11:51:21","date_gmt":"2018-04-06T09:51:21","guid":{"rendered":"https:\/\/blogs.urz.uni-halle.de\/mrecinema\/?page_id=244"},"modified":"2018-05-14T09:37:07","modified_gmt":"2018-05-14T07:37:07","slug":"euphoria","status":"publish","type":"page","link":"https:\/\/blogs.urz.uni-halle.de\/mercinema\/euphoria\/","title":{"rendered":"Euphoria"},"content":{"rendered":"<p>\u201eEuphoria\u201c handelt von der Beziehung zweier einander entfremdeter Schwestern: Ines und Emilie. W\u00e4hrend die eine bereits fr\u00fch als K\u00fcnstlerin in New York ihre eigenen Wege ging, sah sich die andere veranlasst, die kranke Mutter zu pflegen. Jetzt, nach dem Tod der Mutter, begeben sich beide auf eine Reise, die sie quer durch Europa einem mysteri\u00f6sen Ort entgegenf\u00fchrt. Dabei prallen nicht nur die h\u00f6chst unterschiedlichen Charaktere beider aufeinander, ihnen bleibt pl\u00f6tzlich auch nur noch sehr wenig Zeit, um ein jahrelanges Schweigen zu brechen.<\/p>\n<p>Mit \u201eEuphoria\u201c ist der Regisseurin Lisa Langseth ein ber\u00fchrendes Drama gelungen, das auf spannende Weise danach fragt, wie sehr der Tod uns zwingt, das eigene Leben zu hinterfragen. W\u00e4hrend das Sterben der einen Schwester keine weitere Verdr\u00e4ngung mehr erlaubt, ist die andere nicht bereit, ihr eigenes Leben und die gemeinsame Vergangenheit aufzuarbeiten. Langseth gelingt es, das sich daraus entspinnende Drama ebenso spannend wie mitrei\u00dfend zu gestalten, was vor allem an ihren hervorragenden Hauptdarstellerinnen liegt, die ihre Figuren geradezu schonungslos offen und damit umso glaubw\u00fcrdiger spielen.<\/p>\n<p>weitere Informationen zum Film unter<\/p>\n<p><a href=\"https:\/\/brf.co\/video\/euphoria\/\">https:\/\/brf.co\/video\/euphoria\/<\/a><\/p>\n<pre><strong>Euphoria<\/strong>\r\nS, D 2018; 104 Min.\r\nRegie: Lisa Langseth\r\nDarsteller: Alicia Vikander, Eva Green, C\r\nCharlotte Rampling<\/pre>\n<p>&nbsp;<\/p>\n<hr \/>\n<p><iframe width=\"500\" height=\"281\" src=\"https:\/\/www.youtube.com\/embed\/WS5P4zRB_aw?feature=oembed\" frameborder=\"0\" allow=\"autoplay; encrypted-media\" allowfullscreen><\/iframe><\/p>\n<hr \/>\n<p>&nbsp;<\/p>\n<p><strong>Referentin:<\/strong><\/p>\n<p><b>Gerlinde <\/b><b>Poldrack<\/b> ist gelernte Krankenschwester und arbeitet als leitende Koordinatorin des ambulanten Hospizdienstes der Hospiz Halle gGmbH. Dar\u00fcber hinaus ist sie DGP-zertifizierte Kursleiterin f\u00fcr Palliative Care, Mediatorin und Supervisorin (DGSv).<\/p>\n<p>&nbsp;<\/p>\n<p>&nbsp;<\/p>\n","protected":false},"excerpt":{"rendered":"<p>\u201eEuphoria\u201c handelt von der Beziehung zweier einander entfremdeter Schwestern: Ines und Emilie. W\u00e4hrend die eine bereits fr\u00fch als K\u00fcnstlerin in New York ihre eigenen Wege ging, sah sich die andere veranlasst, die kranke Mutter zu pflegen. Jetzt, nach dem Tod der Mutter, begeben sich beide auf eine Reise, die sie quer durch Europa einem mysteri\u00f6sen [&hellip;]<\/p>\n","protected":false},"author":1403,"featured_media":0,"parent":0,"menu_order":0,"comment_status":"closed","ping_status":"closed","template":"","meta":{"ngg_post_thumbnail":0},"_links":{"self":[{"href":"https:\/\/blogs.urz.uni-halle.de\/mercinema\/wp-json\/wp\/v2\/pages\/244"}],"collection":[{"href":"https:\/\/blogs.urz.uni-halle.de\/mercinema\/wp-json\/wp\/v2\/pages"}],"about":[{"href":"https:\/\/blogs.urz.uni-halle.de\/mercinema\/wp-json\/wp\/v2\/types\/page"}],"author":[{"embeddable":true,"href":"https:\/\/blogs.urz.uni-halle.de\/mercinema\/wp-json\/wp\/v2\/users\/1403"}],"replies":[{"embeddable":true,"href":"https:\/\/blogs.urz.uni-halle.de\/mercinema\/wp-json\/wp\/v2\/comments?post=244"}],"version-history":[{"count":4,"href":"https:\/\/blogs.urz.uni-halle.de\/mercinema\/wp-json\/wp\/v2\/pages\/244\/revisions"}],"predecessor-version":[{"id":285,"href":"https:\/\/blogs.urz.uni-halle.de\/mercinema\/wp-json\/wp\/v2\/pages\/244\/revisions\/285"}],"wp:attachment":[{"href":"https:\/\/blogs.urz.uni-halle.de\/mercinema\/wp-json\/wp\/v2\/media?parent=244"}],"curies":[{"name":"wp","href":"https:\/\/api.w.org\/{rel}","templated":true}]}}