{"id":246,"date":"2018-04-06T11:51:40","date_gmt":"2018-04-06T09:51:40","guid":{"rendered":"https:\/\/blogs.urz.uni-halle.de\/mrecinema\/?page_id=246"},"modified":"2018-06-11T11:58:17","modified_gmt":"2018-06-11T09:58:17","slug":"halt-auf-freier-strecke","status":"publish","type":"page","link":"https:\/\/blogs.urz.uni-halle.de\/mercinema\/halt-auf-freier-strecke\/","title":{"rendered":"Halt auf freier Strecke"},"content":{"rendered":"<p>Frank Lange ist ein 44j\u00e4hriger, durchschnittlicher Familienvater, mit Reihenhaus, Frau und zwei Kindern. Sein durchschnittliches Leben bricht pl\u00f6tzlich zusammen, als bei ihm ein b\u00f6sartiger und inoperabler Gehirntumor diagnostiziert wird. Er dokumentiert das Fortschreiten seiner Krankheit mit dem eigenen Smartphone. W\u00e4hrend seine Familie zunehmend mit der Situation \u00fcberfordert ist, verliert Frank immer \u00f6fter die Orientierung und unterliegt, gezeichnet durch die Krankheit und Einnahme von Schmerzmitteln, einer starken Pers\u00f6nlichkeitsver\u00e4nderung.<\/p>\n<p>Andreas Dresens Film dokumentiert mit einf\u00fchlsamer N\u00e4he und beeindruckendem Realismus Krankheit und Sterben seines Protagonisten. Was dieser Prozess nicht nur f\u00fcr den Patienten selbst, sondern auch f\u00fcr dessen Familie bedeutet, wird vor allem durch die gro\u00dfartigen Hauptdarsteller greifbar. Durch Laiendarsteller erh\u00e4lt der Film zudem eine Authentizit\u00e4t, die so im Kino nur selten zu erleben ist. \u201eHalt auf freier Strecke\u201c zeigt die banalen und grausamen Momente des Sterbens ebenso wie Momente von W\u00e4rme, W\u00fcrde und Barmherzigkeit, um die die Familie zunehmend k\u00e4mpfen muss.<\/p>\n<pre>D 2011; 109 Min.\r\nRegie: Andreas Dresen\r\nDarsteller: Steffi K\u00fchnert, Milan Peschel, Talisa Lilli Lemke<\/pre>\n<hr \/>\n<p><iframe width=\"500\" height=\"281\" src=\"https:\/\/www.youtube.com\/embed\/Vkp1DkrbndE?feature=oembed\" frameborder=\"0\" allow=\"autoplay; encrypted-media\" allowfullscreen><\/iframe><\/p>\n<p>Referenten:<\/p>\n<p><b>Prof. Dr. Jan Schildmann <\/b>ist Internist und Direktor des Institutes f\u00fcr Geschichte und Ethik der Medizin an der MLU Halle-Wittenberg. Forschungsschwerpunkte: Klinische Ethik, Ethik der Forschung mit Menschen, Norm und Empirie in der Medizinethik.<\/p>\n<p><b>Dr. Florian Bruns <\/b>ist wissenschaftlicher Mitarbeiter am Institut f\u00fcr Geschichte und Ethik der Medizin an der MLU Halle-Wittenberg. Zu seinen Forschungsthemen geh\u00f6ren ethische Fragen am Lebensende.<\/p>\n<p>&nbsp;<\/p>\n<p>&nbsp;<\/p>\n<p>&nbsp;<\/p>\n","protected":false},"excerpt":{"rendered":"<p>Frank Lange ist ein 44j\u00e4hriger, durchschnittlicher Familienvater, mit Reihenhaus, Frau und zwei Kindern. Sein durchschnittliches Leben bricht pl\u00f6tzlich zusammen, als bei ihm ein b\u00f6sartiger und inoperabler Gehirntumor diagnostiziert wird. Er dokumentiert das Fortschreiten seiner Krankheit mit dem eigenen Smartphone. W\u00e4hrend seine Familie zunehmend mit der Situation \u00fcberfordert ist, verliert Frank immer \u00f6fter die Orientierung und [&hellip;]<\/p>\n","protected":false},"author":1403,"featured_media":0,"parent":0,"menu_order":0,"comment_status":"closed","ping_status":"closed","template":"","meta":{"ngg_post_thumbnail":0},"_links":{"self":[{"href":"https:\/\/blogs.urz.uni-halle.de\/mercinema\/wp-json\/wp\/v2\/pages\/246"}],"collection":[{"href":"https:\/\/blogs.urz.uni-halle.de\/mercinema\/wp-json\/wp\/v2\/pages"}],"about":[{"href":"https:\/\/blogs.urz.uni-halle.de\/mercinema\/wp-json\/wp\/v2\/types\/page"}],"author":[{"embeddable":true,"href":"https:\/\/blogs.urz.uni-halle.de\/mercinema\/wp-json\/wp\/v2\/users\/1403"}],"replies":[{"embeddable":true,"href":"https:\/\/blogs.urz.uni-halle.de\/mercinema\/wp-json\/wp\/v2\/comments?post=246"}],"version-history":[{"count":3,"href":"https:\/\/blogs.urz.uni-halle.de\/mercinema\/wp-json\/wp\/v2\/pages\/246\/revisions"}],"predecessor-version":[{"id":292,"href":"https:\/\/blogs.urz.uni-halle.de\/mercinema\/wp-json\/wp\/v2\/pages\/246\/revisions\/292"}],"wp:attachment":[{"href":"https:\/\/blogs.urz.uni-halle.de\/mercinema\/wp-json\/wp\/v2\/media?parent=246"}],"curies":[{"name":"wp","href":"https:\/\/api.w.org\/{rel}","templated":true}]}}