{"id":248,"date":"2018-04-06T11:51:52","date_gmt":"2018-04-06T09:51:52","guid":{"rendered":"https:\/\/blogs.urz.uni-halle.de\/mrecinema\/?page_id=248"},"modified":"2018-07-11T13:11:41","modified_gmt":"2018-07-11T11:11:41","slug":"simpel","status":"publish","type":"page","link":"https:\/\/blogs.urz.uni-halle.de\/mercinema\/simpel\/","title":{"rendered":"Simpel"},"content":{"rendered":"<p>Ben und Barnabas sind zwei unzertrennliche Br\u00fcder. Der geistig behinderte Barnabas, von allen Simpel genannt, lebt in seiner ganz eigenen Welt. Der Vater hat vor langer Zeit die Familie verlassen und will von seinem behinderten Sohn nichts wissen. Ben muss sich sowohl um seinen Bruder als auch um seine kranke Mutter k\u00fcmmern. Nach dem Tod der Mutter fliehen Ben und Simpel vor der Polizei, die Barnabas in ein Heim f\u00fcr geistig behinderte Menschen bringen will. Sie machen sich aus der norddeutschen Provinz auf den Weg nach Hamburg. Dies ist der Auftakt f\u00fcr ein Abenteuer zwischen emotionaler R\u00fchrung und \u00dcberforderung.<\/p>\n<p>Das Roadmovie \u201aSimpel\u2018 ist eine Verfilmung des 2004 erschienenen gleichnamigen franz\u00f6sischen Jugendbuchs von Marie-Aude Murail. Mit der Reise zweier ungleicher Br\u00fcder werden Themen von Familie und Freundschaft, des Erwachsenwerdens, der Emanzipation von den Eltern, von Verantwortung und Pflichtgef\u00fchl, von gesellschaftlichen Normen und Erwartungen sowie Selbstbestimmung und Autonomie verhandelt. Die zum Teil kom\u00f6diantische Inszenierung und die Besetzung der Hauptrolle mit einem nicht behinderten Schauspieler fordern dabei zur Diskussion der filmischen Darstellung der Lebenswelt und Lebenswirklichkeit behinderter Menschen heraus. Daran kn\u00fcpft sich die generelle Frage nach den Potenzialen des Mediums Film zur Verhandlung von Diversit\u00e4t, Toleranz und Akzeptanz des Andersseins.<\/p>\n<pre>D 2017; 113 Min.\r\nRegie: Markus Goller\r\nDarsteller: David Kross, Frederick Lau, Emilia Sch\u00fcle, Axel Stein<\/pre>\n<p>_________________________________________________________________________________________<\/p>\n<p><iframe width=\"500\" height=\"281\" src=\"https:\/\/www.youtube.com\/embed\/8iBSVb1i_Pg?feature=oembed\" frameborder=\"0\" allow=\"autoplay; encrypted-media\" allowfullscreen><\/iframe><\/p>\n<p>&nbsp;<\/p>\n<p><b>Prof. Dr. Georg <\/b><b>Theunissen<\/b> ist Professor f\u00fcr Geistigbehindertenp\u00e4dagogik und P\u00e4dagogik bei Autismus sowie Leiter des Arbeitsbereichs der P\u00e4dagogik und Sozialen Arbeit bei Menschen mit geistiger Behinderung oder kognitiven Beeintr\u00e4chtigungen am Institut f\u00fcr Rehabilitationsp\u00e4dagogik an der Martin-Luther-Universit\u00e4t Halle-Wittenberg. Er ist Vertreter des Empowerment-Konzepts in der Behindertenarbeit und einer Inklusion im Sinne uneingeschr\u00e4nkter Zugeh\u00f6rigkeit und Nicht-Aussonderung behinderter Menschen aus der Gesellschaft.<\/p>\n<p>&nbsp;<\/p>\n<p>&nbsp;<\/p>\n","protected":false},"excerpt":{"rendered":"<p>Ben und Barnabas sind zwei unzertrennliche Br\u00fcder. Der geistig behinderte Barnabas, von allen Simpel genannt, lebt in seiner ganz eigenen Welt. Der Vater hat vor langer Zeit die Familie verlassen und will von seinem behinderten Sohn nichts wissen. Ben muss sich sowohl um seinen Bruder als auch um seine kranke Mutter k\u00fcmmern. Nach dem Tod [&hellip;]<\/p>\n","protected":false},"author":1403,"featured_media":0,"parent":0,"menu_order":0,"comment_status":"closed","ping_status":"closed","template":"","meta":{"ngg_post_thumbnail":0},"_links":{"self":[{"href":"https:\/\/blogs.urz.uni-halle.de\/mercinema\/wp-json\/wp\/v2\/pages\/248"}],"collection":[{"href":"https:\/\/blogs.urz.uni-halle.de\/mercinema\/wp-json\/wp\/v2\/pages"}],"about":[{"href":"https:\/\/blogs.urz.uni-halle.de\/mercinema\/wp-json\/wp\/v2\/types\/page"}],"author":[{"embeddable":true,"href":"https:\/\/blogs.urz.uni-halle.de\/mercinema\/wp-json\/wp\/v2\/users\/1403"}],"replies":[{"embeddable":true,"href":"https:\/\/blogs.urz.uni-halle.de\/mercinema\/wp-json\/wp\/v2\/comments?post=248"}],"version-history":[{"count":3,"href":"https:\/\/blogs.urz.uni-halle.de\/mercinema\/wp-json\/wp\/v2\/pages\/248\/revisions"}],"predecessor-version":[{"id":298,"href":"https:\/\/blogs.urz.uni-halle.de\/mercinema\/wp-json\/wp\/v2\/pages\/248\/revisions\/298"}],"wp:attachment":[{"href":"https:\/\/blogs.urz.uni-halle.de\/mercinema\/wp-json\/wp\/v2\/media?parent=248"}],"curies":[{"name":"wp","href":"https:\/\/api.w.org\/{rel}","templated":true}]}}