{"id":26,"date":"2016-08-12T12:41:32","date_gmt":"2016-08-12T10:41:32","guid":{"rendered":"https:\/\/blogs.urz.uni-halle.de\/mrecinema\/?page_id=26"},"modified":"2017-04-05T11:55:10","modified_gmt":"2017-04-05T09:55:10","slug":"dasunbekanntemaedchen","status":"publish","type":"page","link":"https:\/\/blogs.urz.uni-halle.de\/mercinema\/dasunbekanntemaedchen\/","title":{"rendered":"Das unbekannte M\u00e4dchen (La fille inconnue) &#8211; OmU"},"content":{"rendered":"<p>Jenny, ein junge, karriereorientierte \u00c4rztin, betreibt eine Praxis in einem sozialen Brennpunkt von L\u00fcttich. \u00dcbergangsweise, denn die gut dotierte Anstellung an einer Privatklinik und damit die Eintrittskarte zu einer vielversprechenden Laufbahn hat sie bereits in der Tasche. Jenny ist ehrgeizig, aber wenig einf\u00fchlsam und eher verbissen als engagiert: \u201eEin guter Arzt muss seine Gef\u00fchle im Griff haben.\u201c Als es eines Abends an der T\u00fcr ihrer Praxis klingelt und Jenny nicht \u00f6ffnet, ver\u00e4ndert sich ihr Leben schlagartig. Denn am n\u00e4chsten Tag wird die Leiche eines unbekannten M\u00e4dchens gefunden und es wird klar, dass sie es war, die an Jennys T\u00fcr geklingelt hat.<\/p>\n<p>Der j\u00fcngste Film der Dardenne-Br\u00fcder verzichtet auf die k\u00fchle, beobachtende Perspektive der meisten vorherigen Dardenne-Filme, ohne dabei zu sehr die Distanz zu seinen Protagonisten zu verlieren. Eingebettet in die (nicht zuletzt als Selbstfindung zu verstehende) Suche der jungen \u00c4rztin nach der Identit\u00e4t des unbekannten M\u00e4dchens zeigt der Film, wie schnell Desinteresse und Egozentrik zu Schuld f\u00fchren k\u00f6nnen, nicht zuletzt im Bereich der Medizin.<\/p>\n<p>Weitere Informationen zum Film unter <span style=\"color: #339966\"><a style=\"color: #339966\" href=\"http:\/\/www.temperclayfilm.de\/site\/index.php\/verleih\/171-das-unbekannte-maedchen\">http:\/\/www.temperclayfilm.de\/site\/index.php\/verleih\/171-das-unbekannte-maedchen<\/a><\/span><\/p>\n<p><b>Wir zeigen \u201e<\/b><b> La <\/b><b>fille<\/b> <b>inconnue<\/b><b>\u201c im Rahmen der franz\u00f6sischen Filmwoche Sachsen-Anhalt im Original mit Untertiteln.<\/b><\/p>\n<pre>Das unbekannte M\u00e4dchen\r\nBE 2016; 106 min\r\nRegie: Jean-Pierre Dardenne, Luc Dardenne \r\nDarsteller: Adele Haenel, Oliver Bonnaud, J\u00e8r\u00e8mie Renier, Louka Minnella<\/pre>\n<p>&nbsp;<\/p>\n<p><iframe width=\"500\" height=\"281\" src=\"https:\/\/www.youtube.com\/embed\/usi1vNLBfek?feature=oembed\" frameborder=\"0\" allowfullscreen><\/iframe><\/p>\n<hr \/>\n<p><strong>Referentin:<\/strong><\/p>\n<p>Dr. med. Karin Meusel ist Fach\u00e4rztin f\u00fcr Allgemeinmedizin. Ihre Praxis im Medizinischen Zentrum Geiststrasse in Halle (Saale) ist als Akademische Lehrpraxis der Martin-Luther-Universit\u00e4t Halle-Wittenberg in die Ausbildung von Medizinstudierenden involviert.<\/p>\n","protected":false},"excerpt":{"rendered":"<p>Jenny, ein junge, karriereorientierte \u00c4rztin, betreibt eine Praxis in einem sozialen Brennpunkt von L\u00fcttich. \u00dcbergangsweise, denn die gut dotierte Anstellung an einer Privatklinik und damit die Eintrittskarte zu einer vielversprechenden Laufbahn hat sie bereits in der Tasche. Jenny ist ehrgeizig, aber wenig einf\u00fchlsam und eher verbissen als engagiert: \u201eEin guter Arzt muss seine Gef\u00fchle im [&hellip;]<\/p>\n","protected":false},"author":1403,"featured_media":0,"parent":0,"menu_order":0,"comment_status":"closed","ping_status":"closed","template":"","meta":{"ngg_post_thumbnail":0},"_links":{"self":[{"href":"https:\/\/blogs.urz.uni-halle.de\/mercinema\/wp-json\/wp\/v2\/pages\/26"}],"collection":[{"href":"https:\/\/blogs.urz.uni-halle.de\/mercinema\/wp-json\/wp\/v2\/pages"}],"about":[{"href":"https:\/\/blogs.urz.uni-halle.de\/mercinema\/wp-json\/wp\/v2\/types\/page"}],"author":[{"embeddable":true,"href":"https:\/\/blogs.urz.uni-halle.de\/mercinema\/wp-json\/wp\/v2\/users\/1403"}],"replies":[{"embeddable":true,"href":"https:\/\/blogs.urz.uni-halle.de\/mercinema\/wp-json\/wp\/v2\/comments?post=26"}],"version-history":[{"count":10,"href":"https:\/\/blogs.urz.uni-halle.de\/mercinema\/wp-json\/wp\/v2\/pages\/26\/revisions"}],"predecessor-version":[{"id":68,"href":"https:\/\/blogs.urz.uni-halle.de\/mercinema\/wp-json\/wp\/v2\/pages\/26\/revisions\/68"}],"wp:attachment":[{"href":"https:\/\/blogs.urz.uni-halle.de\/mercinema\/wp-json\/wp\/v2\/media?parent=26"}],"curies":[{"name":"wp","href":"https:\/\/api.w.org\/{rel}","templated":true}]}}