{"id":31,"date":"2016-08-12T12:43:42","date_gmt":"2016-08-12T10:43:42","guid":{"rendered":"https:\/\/blogs.urz.uni-halle.de\/mrecinema\/?page_id=31"},"modified":"2017-04-05T13:05:15","modified_gmt":"2017-04-05T11:05:15","slug":"nebel-im-august","status":"publish","type":"page","link":"https:\/\/blogs.urz.uni-halle.de\/mercinema\/nebel-im-august\/","title":{"rendered":"Nebel im August"},"content":{"rendered":"<p>\u201eNebel im August\u201c erz\u00e4hlt von Ernst Lossa, der 1942 mit 13 Jahren als schwer erziehbar in die Heil- und Pflegeanstalt Kaufbeuren-Irsee eingewiesen wurde.<\/p>\n<p>Er wurde dort am 9. August 1944 im Alter von 14 Jahren ermordet.<\/p>\n<p>Im Film wird er nach anf\u00e4nglichem Widerstand gegen die Behandlung in der Heilanstalt Helfer des Hausmeisters Witt und durchschaut zunehmend die perfide Grausamkeit, die hinter der scheinbaren Menschlichkeit des Anstaltsleiters Dr. Veithausen steckt. Ernst versucht, den anderen Kindern der Anstalt zu helfen, und hofft f\u00fcr sich selbst, dass eines Tages sein Vater kommt und ihn abholt. Als er aber zunehmend mit der Mordpraxis in der Anstalt konfrontiert wird, beschimpft er Dr. Veithausen als M\u00f6rder und L\u00fcgner.<\/p>\n<p>Der Film sucht die Auseinandersetzung mit einem nach wie vor unzureichend aufgearbeiteten Thema: die Euthanasie an (vermeintlich) psychisch kranken und behinderten Menschen im Nationalsozialismus. Dabei blitzt immer wieder das menschenverachtende Vokabular der T\u00e4ter auf, das st\u00e4rker als jede Erkl\u00e4rung die Unmenschlichkeit des Mordens verdeutlicht.<\/p>\n<pre><b>Nebel im August<\/b>\r\nDE, AT 2016; 126 min\r\nRegie: Kai Wessel\r\nDarsteller: Ivo Pietzcker, Sebastian Koch, Henriette Confurius, Fritzi Haberlandt<\/pre>\n<p><iframe width=\"500\" height=\"281\" src=\"https:\/\/www.youtube.com\/embed\/lCOscaFrQf8?feature=oembed\" frameborder=\"0\" allowfullscreen><\/iframe><\/p>\n<hr \/>\n<p><strong>Referentin:<\/strong><\/p>\n<p>PD Dr. Maike Rotzoll ist Medizinhistorikerin und Fach\u00e4rztin f\u00fcr Psychiatrie sowie Kommissarische Leiterin des Instituts f\u00fcr Geschichte und Ethik der Medizin an der Medizinischen Fakult\u00e4t der Martin-Luther-Universit\u00e4t Halle-Wittenberg. Sie forscht insbesondere zu medizinhistorischen Fragen der Psychiatrie mit Schwerpunkten zur Psychiatrie in der NS-Zeit und der Psychiatriereform.<\/p>\n<p>&nbsp;<\/p>\n<p>&nbsp;<\/p>\n","protected":false},"excerpt":{"rendered":"<p>\u201eNebel im August\u201c erz\u00e4hlt von Ernst Lossa, der 1942 mit 13 Jahren als schwer erziehbar in die Heil- und Pflegeanstalt Kaufbeuren-Irsee eingewiesen wurde. Er wurde dort am 9. August 1944 im Alter von 14 Jahren ermordet. Im Film wird er nach anf\u00e4nglichem Widerstand gegen die Behandlung in der Heilanstalt Helfer des Hausmeisters Witt und durchschaut [&hellip;]<\/p>\n","protected":false},"author":1403,"featured_media":0,"parent":0,"menu_order":0,"comment_status":"closed","ping_status":"closed","template":"","meta":{"ngg_post_thumbnail":0},"_links":{"self":[{"href":"https:\/\/blogs.urz.uni-halle.de\/mercinema\/wp-json\/wp\/v2\/pages\/31"}],"collection":[{"href":"https:\/\/blogs.urz.uni-halle.de\/mercinema\/wp-json\/wp\/v2\/pages"}],"about":[{"href":"https:\/\/blogs.urz.uni-halle.de\/mercinema\/wp-json\/wp\/v2\/types\/page"}],"author":[{"embeddable":true,"href":"https:\/\/blogs.urz.uni-halle.de\/mercinema\/wp-json\/wp\/v2\/users\/1403"}],"replies":[{"embeddable":true,"href":"https:\/\/blogs.urz.uni-halle.de\/mercinema\/wp-json\/wp\/v2\/comments?post=31"}],"version-history":[{"count":7,"href":"https:\/\/blogs.urz.uni-halle.de\/mercinema\/wp-json\/wp\/v2\/pages\/31\/revisions"}],"predecessor-version":[{"id":159,"href":"https:\/\/blogs.urz.uni-halle.de\/mercinema\/wp-json\/wp\/v2\/pages\/31\/revisions\/159"}],"wp:attachment":[{"href":"https:\/\/blogs.urz.uni-halle.de\/mercinema\/wp-json\/wp\/v2\/media?parent=31"}],"curies":[{"name":"wp","href":"https:\/\/api.w.org\/{rel}","templated":true}]}}