{"id":33,"date":"2016-08-12T12:43:58","date_gmt":"2016-08-12T10:43:58","guid":{"rendered":"https:\/\/blogs.urz.uni-halle.de\/mrecinema\/?page_id=33"},"modified":"2017-04-05T12:01:01","modified_gmt":"2017-04-05T10:01:01","slug":"am-ende-ein-fest","status":"publish","type":"page","link":"https:\/\/blogs.urz.uni-halle.de\/mercinema\/am-ende-ein-fest\/","title":{"rendered":"Am Ende ein Fest"},"content":{"rendered":"<p>&nbsp;<\/p>\n<p>Ein Anruf von Gott. Er bittet die Bewohnerin einer Seniorenresidenz, ihre Behandlung fortzusetzen, es sei gerade kein Platz im Himmel frei. Der Anrufer hei\u00dft in Wahrheit Yehezkel, der mit seiner Frau Levana in einem Jerusalemer Seniorenheim wohnt und dort vor allem eines tut: t\u00fcfteln. Mit verschiedensten Erfindungen versucht er, das Leben der Bewohner zu verbessern. Als sein Freund Max an Krebs erkrankt, denkt er angesichts der Schmerzen und der Ausweglosigkeit der Situation seines Freundes dar\u00fcber nach, auch ihm, der nicht mehr leben m\u00f6chte, zu helfen. Das Problem: Er hat zwar Helfer, aber keiner will sich strafbar machen und selbst Hand anlegen. Also erfindet Yehezkel eine Selbstt\u00f6tungsmaschine, die schon bald das Interesse anderer Bewohner weckt.<\/p>\n<p>Granits Film ist anfangs eine etwas verschrobene Kom\u00f6die, macht aber in seinem Verlauf Platz f\u00fcr eine ruhigere und ernstere Behandlung seiner Themen. Was macht ein Leben lebenswert? Darf man \u00fcber den eigenen Tod entscheiden? Dabei wird \u201eAm Ende ein Fest\u201c nie auf bedr\u00fcckende Weise schwerf\u00e4llig und liefert gerade dadurch ein lebens-bejahendes Pl\u00e4doyer, in dem der Tod seine Schrecken verliert.<\/p>\n<pre><b>Am Ende ein Fest<\/b>\r\nISR, DE 2014; 92 min\r\nRegie: Tal Granit\r\nDarsteller: Ze'ev Revach, Aliza Rosen, Raffi Tavor, Levana Finkelstein<\/pre>\n<p>&nbsp;<\/p>\n<p><iframe width=\"500\" height=\"281\" src=\"https:\/\/www.youtube.com\/embed\/OXmuOL-UujM?feature=oembed\" frameborder=\"0\" allowfullscreen><\/iframe><\/p>\n<hr \/>\n<p><strong>Referent:<\/strong><\/p>\n<p>Prof. Dr. Hans Lilie ist Gr\u00fcndungsprofessor f\u00fcr Strafrecht, Strafprozessrecht, Rechtsvergleichung und Medizinrecht an der Martin-Luther-Universit\u00e4t Halle-Wittenberg sowie Mitglied des dortigen Direktoriums des Interdisziplin\u00e4ren Wissenschaftlichen Zentrums Medizin-Ethik-Recht. Er ist zudem Vorsitzender der St\u00e4ndigen Kommission Organtransplantation der Bundes\u00e4rztekammer.<\/p>\n","protected":false},"excerpt":{"rendered":"<p>&nbsp; Ein Anruf von Gott. Er bittet die Bewohnerin einer Seniorenresidenz, ihre Behandlung fortzusetzen, es sei gerade kein Platz im Himmel frei. Der Anrufer hei\u00dft in Wahrheit Yehezkel, der mit seiner Frau Levana in einem Jerusalemer Seniorenheim wohnt und dort vor allem eines tut: t\u00fcfteln. Mit verschiedensten Erfindungen versucht er, das Leben der Bewohner zu [&hellip;]<\/p>\n","protected":false},"author":1403,"featured_media":0,"parent":0,"menu_order":0,"comment_status":"closed","ping_status":"closed","template":"","meta":{"ngg_post_thumbnail":0},"_links":{"self":[{"href":"https:\/\/blogs.urz.uni-halle.de\/mercinema\/wp-json\/wp\/v2\/pages\/33"}],"collection":[{"href":"https:\/\/blogs.urz.uni-halle.de\/mercinema\/wp-json\/wp\/v2\/pages"}],"about":[{"href":"https:\/\/blogs.urz.uni-halle.de\/mercinema\/wp-json\/wp\/v2\/types\/page"}],"author":[{"embeddable":true,"href":"https:\/\/blogs.urz.uni-halle.de\/mercinema\/wp-json\/wp\/v2\/users\/1403"}],"replies":[{"embeddable":true,"href":"https:\/\/blogs.urz.uni-halle.de\/mercinema\/wp-json\/wp\/v2\/comments?post=33"}],"version-history":[{"count":7,"href":"https:\/\/blogs.urz.uni-halle.de\/mercinema\/wp-json\/wp\/v2\/pages\/33\/revisions"}],"predecessor-version":[{"id":153,"href":"https:\/\/blogs.urz.uni-halle.de\/mercinema\/wp-json\/wp\/v2\/pages\/33\/revisions\/153"}],"wp:attachment":[{"href":"https:\/\/blogs.urz.uni-halle.de\/mercinema\/wp-json\/wp\/v2\/media?parent=33"}],"curies":[{"name":"wp","href":"https:\/\/api.w.org\/{rel}","templated":true}]}}