{"id":340,"date":"2019-01-21T16:31:30","date_gmt":"2019-01-21T15:31:30","guid":{"rendered":"https:\/\/blogs.urz.uni-halle.de\/mrecinema\/?page_id=340"},"modified":"2019-01-21T16:31:30","modified_gmt":"2019-01-21T15:31:30","slug":"repo-the-genetic-opera","status":"publish","type":"page","link":"https:\/\/blogs.urz.uni-halle.de\/mercinema\/repo-the-genetic-opera\/","title":{"rendered":"Repo! The Genetic Opera"},"content":{"rendered":"<p>Im Jahr 2056 wird die Menschheit von einer Pandemie heimgesucht, die Organversagen verursacht. Organhandel entpuppt sich fortan als Gesch\u00e4ftsidee sondergleichen.<\/p>\n<p>Der Biotech-Konzern <em>GeneCo<\/em> unter Leitung des Firmenchefs Rotti Largo bietet Ersatzorgane an, auch gegen Kreditfinanzierung. Wer jedoch den Zahlungen nicht nachkommen kann, wird von sogenannten <em>Repo-Men<\/em> besucht, die das unter Eigentumsvorbehalt eingepflanzte Organ wieder f\u00fcr den Konzern zur\u00fcckholen.<\/p>\n<p>Shilo Wallace, ein 17-j\u00e4hriges M\u00e4dchen, leidet an einer seltenen Blutkrankheit und wird daher von ihrem Vater Nathan zuhause umsorgt. Dieser kommt nicht \u00fcber den Tod seiner Frau Marni, die bei Shilos Geburt ums Leben kam, hinweg. Nathan k\u00fcmmert sich deshalb besonders f\u00fcrsorglich um Shilo, was diese jedoch als st\u00f6rend empfindet. Was Shilo nicht wei\u00df, ist, dass ihr Vater ein Doppelleben f\u00fchrt. Nathan ist GeneCos r\u00fccksichtslosester und erfolgreichster Repo-Man, dessen n\u00e4chster Auftrag, der von Shilo bewunderten S\u00e4ngerin der GeneCo-Oper Blind Mag die k\u00fcnstlichen Augen zu entnehmen, sein ganzes Konzept ins Wanken bringt. Blind Mag ist n\u00e4mlich Shilos Patin und war die beste Freundin von Nathans verstorbener Frau.<\/p>\n<p>Rotti Largo erf\u00e4hrt unterdessen, dass er nicht mehr lange zu leben hat und macht sich Gedanken um sein Erbe. Seine drei Kinder, Amber Sweet, eine junge Frau, die s\u00fcchtig nach Sch\u00f6nheitsoperationen ist, Luigi Largo, ein j\u00e4hzorniger Kerl, der den ganzen Tag Menschen ohne jeden Grund dahinmetzelt, und Pavi Largo, ein Mann, dessen Gesicht zerfetzt ist und der junge Frauen verf\u00fchrt und t\u00f6tet, nur um ihre Gesichter als Maske zu tragen, kommen f\u00fcr Rotti nicht in Frage; er w\u00fcrde sein Erbe lieber an Shilo, die Tochter seiner verstorbenen Ex-Verlobten Marni, vererben.<\/p>\n<p><b>Dem <\/b><b>Regisseur Darren Lynn <\/b><b>Bousman<\/b><b> gelingt mit \u201e<\/b><b>Repo<\/b><b>! The <\/b><b>Genetic<\/b><b> Opera\u201c eine gekonnte <\/b><b>In-<\/b><b>szenierung<\/b><b>, die sich als Konglomerat aus \u201eThe Rocky Horror Picture Show\u201c, \u201eSweeney Todd\u201c und \u201eSin City\u201c beschreiben l\u00e4sst. Ob Farbfiltereinsatz, <\/b><b>Kost\u00fcme, Ausleuchtung, Kulisse<\/b><b>, integrierte Comicsequenzen oder musikalischer Mix aus Industrial Rock, Punk Rock und Jazz \u2013 die \u00e4sthetische Umsetzung des Films hinterl\u00e4sst beim Zuschauer ein Chaos der Sinne. Vor dem Hintergrund der <\/b><b>gesellschaftlichen Debatten rund um das Thema Organspende ein <\/b><b>hochbrisanter Film mit vielen <\/b><b>Diskussionsgrundlagen. Es bleibt die Hoffnung, dass sich dieses <\/b><b>dystopische<\/b><b> Szenario in der Zukunft nicht bewahrheitet.<\/b><\/p>\n<p><iframe width=\"500\" height=\"281\" src=\"https:\/\/www.youtube.com\/embed\/MzgpU25C6fg?feature=oembed\" frameborder=\"0\" allow=\"accelerometer; autoplay; encrypted-media; gyroscope; picture-in-picture\" allowfullscreen><\/iframe><\/p>\n<p>_________________________________________________<\/p>\n<pre>Repo! The Genetic Opera \r\n(OmU)USA 2008; 94 min\r\nRegie: Darren Lynn Bousman\r\nDarsteller: Alexa Vega, Anthony Stewart Head, Paul Sorvino<\/pre>\n<p>&nbsp;<\/p>\n<p>Unser Experte f\u00fcr diesen Abend, <b>PD Dr. Lars <\/b><b>Schwettmann,<\/b> ist Gesundheits\u00f6konom am Helmholtz Zentrum M\u00fcnchen \u2013 Deutsches Forschungszentrum f\u00fcr Umwelt und Gesundheit (GmbH). Zudem lehrt er an der MLU Halle-Wittenberg sowie der LMU M\u00fcnchen. In seiner Forschung hat er sich unter anderem mit den Auswirkungen des \u201eTransplantationsskandals\u201c in Deutschland besch\u00e4ftigt.<\/p>\n<p>&nbsp;<\/p>\n<p>&nbsp;<\/p>\n<p>&nbsp;<\/p>\n","protected":false},"excerpt":{"rendered":"<p>Im Jahr 2056 wird die Menschheit von einer Pandemie heimgesucht, die Organversagen verursacht. Organhandel entpuppt sich fortan als Gesch\u00e4ftsidee sondergleichen. Der Biotech-Konzern GeneCo unter Leitung des Firmenchefs Rotti Largo bietet Ersatzorgane an, auch gegen Kreditfinanzierung. Wer jedoch den Zahlungen nicht nachkommen kann, wird von sogenannten Repo-Men besucht, die das unter Eigentumsvorbehalt eingepflanzte Organ wieder f\u00fcr [&hellip;]<\/p>\n","protected":false},"author":1403,"featured_media":0,"parent":0,"menu_order":0,"comment_status":"closed","ping_status":"closed","template":"","meta":{"ngg_post_thumbnail":0},"_links":{"self":[{"href":"https:\/\/blogs.urz.uni-halle.de\/mercinema\/wp-json\/wp\/v2\/pages\/340"}],"collection":[{"href":"https:\/\/blogs.urz.uni-halle.de\/mercinema\/wp-json\/wp\/v2\/pages"}],"about":[{"href":"https:\/\/blogs.urz.uni-halle.de\/mercinema\/wp-json\/wp\/v2\/types\/page"}],"author":[{"embeddable":true,"href":"https:\/\/blogs.urz.uni-halle.de\/mercinema\/wp-json\/wp\/v2\/users\/1403"}],"replies":[{"embeddable":true,"href":"https:\/\/blogs.urz.uni-halle.de\/mercinema\/wp-json\/wp\/v2\/comments?post=340"}],"version-history":[{"count":1,"href":"https:\/\/blogs.urz.uni-halle.de\/mercinema\/wp-json\/wp\/v2\/pages\/340\/revisions"}],"predecessor-version":[{"id":341,"href":"https:\/\/blogs.urz.uni-halle.de\/mercinema\/wp-json\/wp\/v2\/pages\/340\/revisions\/341"}],"wp:attachment":[{"href":"https:\/\/blogs.urz.uni-halle.de\/mercinema\/wp-json\/wp\/v2\/media?parent=340"}],"curies":[{"name":"wp","href":"https:\/\/api.w.org\/{rel}","templated":true}]}}