{"id":347,"date":"2019-03-01T14:52:19","date_gmt":"2019-03-01T13:52:19","guid":{"rendered":"https:\/\/blogs.urz.uni-halle.de\/mrecinema\/?page_id=347"},"modified":"2019-04-10T11:08:02","modified_gmt":"2019-04-10T09:08:02","slug":"high-life","status":"publish","type":"page","link":"https:\/\/blogs.urz.uni-halle.de\/mercinema\/high-life\/","title":{"rendered":"HIGH LIFE"},"content":{"rendered":"<p>Die Einsamkeit des Weltalls \u2013 ein Raumschiff voller Strafgefangener wurde auf eine gef\u00e4hrliche Mission entsandt. Die Suche nach alternativen Energiequellen f\u00fcr die Erde f\u00fchrt die Besatzung in die N\u00e4he eines schwarzen Lochs. Unter den Gefangenen, die durch die Mission ihrer lebenslangen Haft oder Todesstrafe entgehen k\u00f6nnen, befinden sich auch Monte und seine kleine Tochter Willow, die w\u00e4hrend der Zeit auf dem Raumschiff zu einer jungen Frau heranw\u00e4chst. Der Bord\u00e4rztin Dr. Dibs \u2013 ebenfalls straff\u00e4llig \u2013 geht es jedoch nicht vordergr\u00fcndig um die Mission der Energiegewinnung, sondern mehr um ihre eigenen Fortpflanzungsexperimente. Um im Weltall Leben zu erschaffen (<i>high <\/i><i>life<\/i>), befruchtet sie mit dem Sperma der im Raumschiff befindlichen M\u00e4nner die Frauen an Bord. W\u00e4hrend die Crew-Mitglieder der fanatischen Reproduktionswissenschaftlerin gef\u00fcgig sind, ist es einzig Monte, der Widerstand leistet.<\/p>\n<p>\u201eHigh Life\u201c ist keine klassische Science-Fiction und auch kein Weltraum-Epos. Typisch f\u00fcr Claire Denis\u2019 hybride Art des Filmemachens, l\u00e4sst sich das Werk nur schwer an definierenden Merkmalen etablierter Genres festmachen. Eine Kontinuit\u00e4t ihrer bisherigen Arbeit ist nicht zu leugnen, denn thematisiert werden Outcasts (Ausgesto\u00dfene) \u2013 hier im wahrsten Sinn des Wortes. Das erste englischsprachige Projekt der franz\u00f6sischen Kino-K\u00fcnstlerin kommt einem Kammerst\u00fcck gleich, das sich in eine klaustrophobisch-anmutende, apokalyptische Zukunftsvision bettet. \u201eHigh Life\u201c wirkt auf drastische Art verst\u00f6rend und provokativ; zur gleichen Zeit emotional gewaltig. Denis vertraut auf die sinnliche Dimension des Films, auf den suggestiven Effekt des Unausgesprochenen. Es geht um Vertrauen und Ehrlichkeit; um das Band zwischen Vater und Tochter; um Verlangen, Sexualit\u00e4t und Z\u00e4rtlichkeit; nicht zuletzt um K\u00f6rperlichkeit in all seinen Facetten und Formen.<\/p>\n<p>Als Experte wird <strong>Dr. Constantin Plaul<\/strong> im Kinosaal Rede und Antwort stehen. Er ist wissenschaftlicher Mitarbeiter am Institut f\u00fcr Systematische Theologie und Praktische Theologie und Religionswissenschaft an der MLU Halle-Wittenberg. In seiner Forschung besch\u00e4ftigt er sich unter anderem mit Medientheorie und Medienethik in protestantisch-theologischer Perspektive.<\/p>\n<p>__________________________________________________________________<\/p>\n<p><iframe width=\"500\" height=\"281\" src=\"https:\/\/www.youtube.com\/embed\/AtOwfo1ypOw?feature=oembed\" frameborder=\"0\" allow=\"accelerometer; autoplay; encrypted-media; gyroscope; picture-in-picture\" allowfullscreen><\/iframe><\/p>\n<pre><strong>HIGH LIFE<\/strong>\r\nD, F, UK 2018; 110 Min.\r\nRegie: Claire Denis\r\nDarsteller: Robert Pattinson, Juliette Binoche, Mia Goth, Jessie Ross\r\n<\/pre>\n<p>Hier geht es zum <a href=\"https:\/\/blogs.urz.uni-halle.de\/mrecinema\/files\/2019\/03\/Flyer_HIGH-LIFE.pdf\">Flyer_HIGH LIFE<\/a><\/p>\n<p>&nbsp;<\/p>\n<p>&nbsp;<\/p>\n","protected":false},"excerpt":{"rendered":"<p>Die Einsamkeit des Weltalls \u2013 ein Raumschiff voller Strafgefangener wurde auf eine gef\u00e4hrliche Mission entsandt. Die Suche nach alternativen Energiequellen f\u00fcr die Erde f\u00fchrt die Besatzung in die N\u00e4he eines schwarzen Lochs. Unter den Gefangenen, die durch die Mission ihrer lebenslangen Haft oder Todesstrafe entgehen k\u00f6nnen, befinden sich auch Monte und seine kleine Tochter Willow, [&hellip;]<\/p>\n","protected":false},"author":1403,"featured_media":0,"parent":0,"menu_order":0,"comment_status":"closed","ping_status":"closed","template":"","meta":{"ngg_post_thumbnail":0},"_links":{"self":[{"href":"https:\/\/blogs.urz.uni-halle.de\/mercinema\/wp-json\/wp\/v2\/pages\/347"}],"collection":[{"href":"https:\/\/blogs.urz.uni-halle.de\/mercinema\/wp-json\/wp\/v2\/pages"}],"about":[{"href":"https:\/\/blogs.urz.uni-halle.de\/mercinema\/wp-json\/wp\/v2\/types\/page"}],"author":[{"embeddable":true,"href":"https:\/\/blogs.urz.uni-halle.de\/mercinema\/wp-json\/wp\/v2\/users\/1403"}],"replies":[{"embeddable":true,"href":"https:\/\/blogs.urz.uni-halle.de\/mercinema\/wp-json\/wp\/v2\/comments?post=347"}],"version-history":[{"count":6,"href":"https:\/\/blogs.urz.uni-halle.de\/mercinema\/wp-json\/wp\/v2\/pages\/347\/revisions"}],"predecessor-version":[{"id":464,"href":"https:\/\/blogs.urz.uni-halle.de\/mercinema\/wp-json\/wp\/v2\/pages\/347\/revisions\/464"}],"wp:attachment":[{"href":"https:\/\/blogs.urz.uni-halle.de\/mercinema\/wp-json\/wp\/v2\/media?parent=347"}],"curies":[{"name":"wp","href":"https:\/\/api.w.org\/{rel}","templated":true}]}}