{"id":411,"date":"2019-03-04T14:13:54","date_gmt":"2019-03-04T13:13:54","guid":{"rendered":"https:\/\/blogs.urz.uni-halle.de\/mrecinema\/?page_id=411"},"modified":"2019-04-26T11:01:45","modified_gmt":"2019-04-26T09:01:45","slug":"goliath-96","status":"publish","type":"page","link":"https:\/\/blogs.urz.uni-halle.de\/mercinema\/goliath-96\/","title":{"rendered":"GOLIATH96"},"content":{"rendered":"<p>Kristin ist alleinerziehende Mutter ihres inzwischen erwachsen gewordenen Sohnes David. Obwohl die beiden in einer gemeinsamen Drei-Zimmer-Wohnung leben, sind sie sich in den letzten zwei Jahren so gut wie nie begegnet, weil David sich komplett in sein Zimmer zur\u00fcckzieht. Um der daraus resultierenden Einsamkeit zu entgehen und um ihrem Kind wieder n\u00e4her zu kommen, beginnt Kristin in einem Internetforum Kontakt zu David (<i>Goliath96<\/i>) aufzunehmen. Es entsteht ein ausf\u00fchrlicher Chat, dessen Folgen Kristin (<i>cinderella97<\/i>) nicht erahnen kann.<\/p>\n<p>\u201eGoliath96\u201c ist ein deutsches Drama mit Katja Riemann als Kristin in der Hauptrolle. Sowohl die Einsamkeit und Verzweiflung der Mutter als auch die entfremdende Atmosph\u00e4re durch die Auswahl und Inszenierung der Orte werden gekonnt von der Kamera eingefangen. Zwischen den beiden Hauptcharakteren kommt es w\u00e4hrend des Films nicht zu einem einzigen direkten Gespr\u00e4ch mit Blickkontakt. Dieser filmische Ansatz ist insofern spannend, als dass er aktuelle Entwicklungen unserer Zeit aufzeigt und verarbeitet, die durch die voranschreitende Digitalisierung erschreckend real geworden sind.<\/p>\n<p>Als Expertinnen werden Dr. Ariane Otto und Dr. Ines Budnik\u00a0im Kinosaal Rede und Antwort stehen.<\/p>\n<p><b>Dr. Ariane Otto <\/b>vertritt derzeit die Professur f\u00fcr den Fachbereich P\u00e4dagogik f\u00fcr Kinder und Jugendliche mit Gef\u00fchls- und Verhaltensst\u00f6rungen am Institut f\u00fcr Rehabilitationsp\u00e4dagogik der MLU Halle-Wittenberg. Ihre Arbeitsschwerpunkte sind u. a. Resilienzforschung und die Pr\u00e4vention im Bereich der emotionalen und sozialen Entwicklung.<\/p>\n<p><b>Dr. Ines <\/b><b>Budnik<\/b> ist wissenschaftliche Mitarbeiterin am Institut f\u00fcr Rehabilitationsp\u00e4dagogik im Fachbereich P\u00e4dagogik f\u00fcr Kinder und Jugendliche mit Gef\u00fchls- und Verhaltensst\u00f6rungen an der MLU. In ihrer Forschung setzt sie sich besonders mit Krisen und Br\u00fcchen in diesen Lebenswegen auseinander.<\/p>\n<p>Dieser Filmabend findet in Kooperation mit dem Institut f\u00fcr Rehabilitationsp\u00e4dagogik statt.<\/p>\n<p>_____________________________________________________________<\/p>\n<p><iframe width=\"500\" height=\"281\" src=\"https:\/\/www.youtube.com\/embed\/PIjbsc1VIP8?feature=oembed\" frameborder=\"0\" allow=\"accelerometer; autoplay; encrypted-media; gyroscope; picture-in-picture\" allowfullscreen><\/iframe><\/p>\n<pre><strong>GOLIATH96<\/strong>\r\nD 2018; 109 Min.\r\nRegie: Marcus Richardt\r\nDarsteller: Katja Riemann, Nils Rovira-Mu\u00f1oz, Elisa Schlott<\/pre>\n<p>Hier geht es zum\u00a0<a href=\"https:\/\/blogs.urz.uni-halle.de\/mrecinema\/files\/2019\/04\/Flyer_GOLIATH-96.pdf\">Flyer_GOLIATH 96<\/a><\/p>\n","protected":false},"excerpt":{"rendered":"<p>Kristin ist alleinerziehende Mutter ihres inzwischen erwachsen gewordenen Sohnes David. Obwohl die beiden in einer gemeinsamen Drei-Zimmer-Wohnung leben, sind sie sich in den letzten zwei Jahren so gut wie nie begegnet, weil David sich komplett in sein Zimmer zur\u00fcckzieht. Um der daraus resultierenden Einsamkeit zu entgehen und um ihrem Kind wieder n\u00e4her zu kommen, beginnt [&hellip;]<\/p>\n","protected":false},"author":4026,"featured_media":0,"parent":0,"menu_order":0,"comment_status":"closed","ping_status":"closed","template":"","meta":{"ngg_post_thumbnail":0},"_links":{"self":[{"href":"https:\/\/blogs.urz.uni-halle.de\/mercinema\/wp-json\/wp\/v2\/pages\/411"}],"collection":[{"href":"https:\/\/blogs.urz.uni-halle.de\/mercinema\/wp-json\/wp\/v2\/pages"}],"about":[{"href":"https:\/\/blogs.urz.uni-halle.de\/mercinema\/wp-json\/wp\/v2\/types\/page"}],"author":[{"embeddable":true,"href":"https:\/\/blogs.urz.uni-halle.de\/mercinema\/wp-json\/wp\/v2\/users\/4026"}],"replies":[{"embeddable":true,"href":"https:\/\/blogs.urz.uni-halle.de\/mercinema\/wp-json\/wp\/v2\/comments?post=411"}],"version-history":[{"count":10,"href":"https:\/\/blogs.urz.uni-halle.de\/mercinema\/wp-json\/wp\/v2\/pages\/411\/revisions"}],"predecessor-version":[{"id":481,"href":"https:\/\/blogs.urz.uni-halle.de\/mercinema\/wp-json\/wp\/v2\/pages\/411\/revisions\/481"}],"wp:attachment":[{"href":"https:\/\/blogs.urz.uni-halle.de\/mercinema\/wp-json\/wp\/v2\/media?parent=411"}],"curies":[{"name":"wp","href":"https:\/\/api.w.org\/{rel}","templated":true}]}}