{"id":422,"date":"2019-03-04T14:24:34","date_gmt":"2019-03-04T13:24:34","guid":{"rendered":"https:\/\/blogs.urz.uni-halle.de\/mrecinema\/?page_id=422"},"modified":"2019-04-11T11:13:06","modified_gmt":"2019-04-11T09:13:06","slug":"eine-unerhoerte-frau","status":"publish","type":"page","link":"https:\/\/blogs.urz.uni-halle.de\/mercinema\/eine-unerhoerte-frau\/","title":{"rendered":"EINE UNERH\u00d6RTE FRAU"},"content":{"rendered":"<p>Die B\u00e4uerin Hanni ist dreifache Mutter. Ihre j\u00fcngste Tochter Magdalena hat zunehmend gesundheitliche Probleme. Sie ist nicht nur auff\u00e4llig kleiner als ihre Mitsch\u00fcler*innen, sie klagt auch oft \u00fcber Kopfschmerzen, muss sich regelm\u00e4\u00dfig erbrechen und sieht immer schlechter. Belastende Kommentare aus dem sozialen Umfeld sowie der \u00c4rzteschaft, es handele sich bei Magdalenas Symptomen nur um Einbildung, Simulation oder eine psychische St\u00f6rung, lassen die Mutter nur umso mehr wie eine L\u00f6win um ihr Kind k\u00e4mpfen. Dem Ohnmachtsgef\u00fchl gibt sie nicht nach. Hanni beginnt medizinische Fachliteratur zu lesen und fordert rigoros Untersuchungen ein. Erst eine Endokrinologin erkennt die Ernsthaftigkeit der Lage \u2013 doch es ist fast zu sp\u00e4t \u2026<\/p>\n<p>Regisseur Hans Steinbichler verfilmt das Buch \u201eEine unerh\u00f6rte Frau. Nicht geh\u00f6rt \u2013 fast zerst\u00f6rt\u201c von Angelika Nachtmann. Ihre Geschichte basiert auf wahren Begebenheiten und erz\u00e4hlt ihren Kampf um Gerechtigkeit und das Leben ihrer todkranken Tochter. Authentisch das Spiel von Rosalie Thomass, die der Rolle der Mutter ein unerm\u00fcdliches Durchhalteverm\u00f6gen einhaucht. Selten spiegelt sich die interdisziplin\u00e4re Ausrichtung der eMERgency-Filmreihe so deutlich wie in diesem Film. Nicht nur die medizinrechtlichen Implikationen, hier insbesondere der Diagnosefehler, werden Anlass zur Diskussion bieten, sondern auch der fehlende soziale und emotionale R\u00fcckhalt, den Mutter und Tochter ertragen.<\/p>\n<p><strong>Angelika Nachtmann<\/strong> wird im Kino \u00fcber ihre Erfahrungen, die sie mit ihrer an einem Hirntumor erkrankten Tochter machte, mit dem Publikum ins Gespr\u00e4ch kommen. Au\u00dferdem wird <strong>Dr. Sebastian Vogel<\/strong> im Kinosaal Rede und Antwort stehen. Er ist Fachanwalt f\u00fcr Strafrecht mit dem Schwerpunkt Arzt- und Medizinstrafrecht. Insbesondere bei der Verteidigung gegen strafrechtliche Behandlungs-, Aufkl\u00e4rungs-,\u00a0Diagnose- und Befunderhebungsfehlervorw\u00fcrfe ist die Kanzlei mit ihm f\u00fchrend.<\/p>\n<p>Hier geht es zum <a href=\"https:\/\/blogs.urz.uni-halle.de\/mrecinema\/files\/2019\/04\/Flyer_Eine-unerh\u00f6rte-Frau.pdf\">Flyer_Eine unerh\u00f6rte Frau<\/a><\/p>\n<p>__________________________________________________________________<\/p>\n<p><iframe width=\"500\" height=\"281\" src=\"https:\/\/www.youtube.com\/embed\/ed7Me1N2h2E?feature=oembed\" frameborder=\"0\" allow=\"accelerometer; autoplay; encrypted-media; gyroscope; picture-in-picture\" allowfullscreen><\/iframe><\/p>\n<pre><strong>EINE UNERH\u00d6RTE FRAU<\/strong>\r\nD 2016; 92 Min.\r\nRegie: Hans Steinbichler\r\nDarsteller: Rosalie Thomass, Romy Butz, Florian Karlheim<\/pre>\n","protected":false},"excerpt":{"rendered":"<p>Die B\u00e4uerin Hanni ist dreifache Mutter. Ihre j\u00fcngste Tochter Magdalena hat zunehmend gesundheitliche Probleme. Sie ist nicht nur auff\u00e4llig kleiner als ihre Mitsch\u00fcler*innen, sie klagt auch oft \u00fcber Kopfschmerzen, muss sich regelm\u00e4\u00dfig erbrechen und sieht immer schlechter. Belastende Kommentare aus dem sozialen Umfeld sowie der \u00c4rzteschaft, es handele sich bei Magdalenas Symptomen nur um Einbildung, [&hellip;]<\/p>\n","protected":false},"author":4026,"featured_media":0,"parent":0,"menu_order":0,"comment_status":"closed","ping_status":"closed","template":"","meta":{"ngg_post_thumbnail":0},"_links":{"self":[{"href":"https:\/\/blogs.urz.uni-halle.de\/mercinema\/wp-json\/wp\/v2\/pages\/422"}],"collection":[{"href":"https:\/\/blogs.urz.uni-halle.de\/mercinema\/wp-json\/wp\/v2\/pages"}],"about":[{"href":"https:\/\/blogs.urz.uni-halle.de\/mercinema\/wp-json\/wp\/v2\/types\/page"}],"author":[{"embeddable":true,"href":"https:\/\/blogs.urz.uni-halle.de\/mercinema\/wp-json\/wp\/v2\/users\/4026"}],"replies":[{"embeddable":true,"href":"https:\/\/blogs.urz.uni-halle.de\/mercinema\/wp-json\/wp\/v2\/comments?post=422"}],"version-history":[{"count":8,"href":"https:\/\/blogs.urz.uni-halle.de\/mercinema\/wp-json\/wp\/v2\/pages\/422\/revisions"}],"predecessor-version":[{"id":475,"href":"https:\/\/blogs.urz.uni-halle.de\/mercinema\/wp-json\/wp\/v2\/pages\/422\/revisions\/475"}],"wp:attachment":[{"href":"https:\/\/blogs.urz.uni-halle.de\/mercinema\/wp-json\/wp\/v2\/media?parent=422"}],"curies":[{"name":"wp","href":"https:\/\/api.w.org\/{rel}","templated":true}]}}