{"id":431,"date":"2019-03-05T09:34:24","date_gmt":"2019-03-05T08:34:24","guid":{"rendered":"https:\/\/blogs.urz.uni-halle.de\/mrecinema\/?page_id=431"},"modified":"2019-04-11T12:09:32","modified_gmt":"2019-04-11T10:09:32","slug":"eingeimpft","status":"publish","type":"page","link":"https:\/\/blogs.urz.uni-halle.de\/mercinema\/eingeimpft\/","title":{"rendered":"EINGEIMPFT"},"content":{"rendered":"<p>Frisch gebackene Eltern und das omnipr\u00e4sente Thema \u201eImpfungen\u201c: Tochter Zaria soll wenige Wochen nach ihrer Geburt geimpft werden. Die Eltern Jessica und David sind sich uneinig. Skepsis kommt auf \u2013 ein gesundes Kind gegen hierzulande nahezu ausgerottete Krankheiten impfen lassen? Jessica lehnt aus Sorge vor Impfsch\u00e4den und Nebenwirkungen diesen Eingriff strikt ab. David beginnt die angebliche Notwendigkeit zu hinterfragen und begibt sich auf eine investigative Reise auf der Suche nach Antworten. Aktualit\u00e4t bekommt die Situation der jungen Familie nicht nur durch wiederkehrende Diskussionen auf Spielpl\u00e4tzen und in Kitas, sondern auch durch das Auftreten von Masern in der Nachbarschaft ihrer Berliner Wohnung. Zeitgleich kommt es bei Jessica zu einer erneuten Schwangerschaft.<\/p>\n<p>\u201eEingeimpft\u201c ist ein deutscher Dokumentarfilm des Regisseurs David Sieveking, basierend auf seinem gleichnamigen Roman. Medial wie auch wissenschaftlich umstritten, bringt dieser Film eines deutlich zu Tage: Die Thematik \u201eImpfen\u201c ist nach wie vor ein Garant f\u00fcr Diskussionen. Impfm\u00fcdigkeit wird von der WHO als eine der zehn wichtigsten Bedrohungen der globalen Gesundheit bezeichnet. Das zeigt deutlich, wie bedeutend die Auseinandersetzung mit dem Thema \u201eImpfen\u201c ist. Schafft es dieser Film also die richtigen Antworten zu liefern und h\u00e4lt kritischer Betrachtung stand oder bleibt Vieles vage und im Dunst von Verschw\u00f6rungstheorien?<\/p>\n<p>Als Experte wird <strong>Prof. Dr. Guido Posern\u00a0<\/strong>im Kinosaal Rede und Antwort stehen. Der Biochemiker und Zellbiologie ist Direktor des Instituts f\u00fcr Physiologische Chemie der Medizinischen Fakult\u00e4t der MLU Halle-Wittenberg. Neben der universit\u00e4ren Ausbildung angehender \u00c4rzt*innen\u00a0und Naturwissenschaftler*innen betreibt Prof. Posern experimentelle Grundlagenforschung zur Entstehung von Tumor-Erkrankungen, die ihn von W\u00fcrzburg \u00fcber London und M\u00fcnchen nach Halle f\u00fchrte. Seit vielen Jahren besch\u00e4ftigt er sich mit der Wirkungsweise von Immunsystem und Impfungen, verst\u00e4rkt durch seine eigenen zwei S\u00f6hne und die Impf-Diskussionen in deren Kindergarten.<\/p>\n<p>Hier geht es zum <a href=\"https:\/\/blogs.urz.uni-halle.de\/mrecinema\/files\/2019\/04\/Flyer_Eingeimpft.pdf\">Flyer_Eingeimpft<\/a><\/p>\n<p>_______________________________________________________________<\/p>\n<p><iframe width=\"500\" height=\"281\" src=\"https:\/\/www.youtube.com\/embed\/7ey4dmF5o3g?feature=oembed\" frameborder=\"0\" allow=\"accelerometer; autoplay; encrypted-media; gyroscope; picture-in-picture\" allowfullscreen><\/iframe><\/p>\n<pre><strong>Eingeimpft<\/strong>\r\nD 2017; 95 Min.\r\nRegie: David Sieveking\r\nDarsteller: David Sieveking, Jessica de Rooij, Zaria de Rooij, Malte Sieveking\r\n<\/pre>\n","protected":false},"excerpt":{"rendered":"<p>Frisch gebackene Eltern und das omnipr\u00e4sente Thema \u201eImpfungen\u201c: Tochter Zaria soll wenige Wochen nach ihrer Geburt geimpft werden. Die Eltern Jessica und David sind sich uneinig. Skepsis kommt auf \u2013 ein gesundes Kind gegen hierzulande nahezu ausgerottete Krankheiten impfen lassen? Jessica lehnt aus Sorge vor Impfsch\u00e4den und Nebenwirkungen diesen Eingriff strikt ab. David beginnt die [&hellip;]<\/p>\n","protected":false},"author":4026,"featured_media":0,"parent":0,"menu_order":0,"comment_status":"closed","ping_status":"closed","template":"","meta":{"ngg_post_thumbnail":0},"_links":{"self":[{"href":"https:\/\/blogs.urz.uni-halle.de\/mercinema\/wp-json\/wp\/v2\/pages\/431"}],"collection":[{"href":"https:\/\/blogs.urz.uni-halle.de\/mercinema\/wp-json\/wp\/v2\/pages"}],"about":[{"href":"https:\/\/blogs.urz.uni-halle.de\/mercinema\/wp-json\/wp\/v2\/types\/page"}],"author":[{"embeddable":true,"href":"https:\/\/blogs.urz.uni-halle.de\/mercinema\/wp-json\/wp\/v2\/users\/4026"}],"replies":[{"embeddable":true,"href":"https:\/\/blogs.urz.uni-halle.de\/mercinema\/wp-json\/wp\/v2\/comments?post=431"}],"version-history":[{"count":9,"href":"https:\/\/blogs.urz.uni-halle.de\/mercinema\/wp-json\/wp\/v2\/pages\/431\/revisions"}],"predecessor-version":[{"id":478,"href":"https:\/\/blogs.urz.uni-halle.de\/mercinema\/wp-json\/wp\/v2\/pages\/431\/revisions\/478"}],"wp:attachment":[{"href":"https:\/\/blogs.urz.uni-halle.de\/mercinema\/wp-json\/wp\/v2\/media?parent=431"}],"curies":[{"name":"wp","href":"https:\/\/api.w.org\/{rel}","templated":true}]}}