{"id":502,"date":"2019-10-23T12:54:02","date_gmt":"2019-10-23T10:54:02","guid":{"rendered":"https:\/\/blogs.urz.uni-halle.de\/mrecinema\/?page_id=502"},"modified":"2019-10-29T07:07:55","modified_gmt":"2019-10-29T06:07:55","slug":"unrest","status":"publish","type":"page","link":"https:\/\/blogs.urz.uni-halle.de\/mercinema\/unrest\/","title":{"rendered":"UNREST"},"content":{"rendered":"<p>13. November 2019, 18:00 Uhr<\/p>\n<p><a href=\"https:\/\/blogs.urz.uni-halle.de\/mrecinema\/files\/2019\/10\/Flyer-Unrest.pdf\"><img loading=\"lazy\" class=\"alignnone size-medium wp-image-589\" src=\"https:\/\/blogs.urz.uni-halle.de\/mrecinema\/files\/2019\/10\/Flyer-Unrest-153x300.jpg\" alt=\"\" width=\"153\" height=\"300\" srcset=\"https:\/\/blogs.urz.uni-halle.de\/mercinema\/files\/2019\/10\/Flyer-Unrest-153x300.jpg 153w, https:\/\/blogs.urz.uni-halle.de\/mercinema\/files\/2019\/10\/Flyer-Unrest.jpg 412w\" sizes=\"(max-width: 153px) 100vw, 153px\" \/><\/a><\/p>\n<p>Die 28-j\u00e4hrige Jennifer Brea ist eine abenteuerlustige Frau, die neben ihrer Doktorarbeit und Hochzeit noch viele Pl\u00e4ne f\u00fcr die Zukunft schmiedet. Doch ein mysteri\u00f6ses Fieber, das sie bef\u00e4llt, hat weitreichende Folgen. Ihr fehlt im Zuge der Erkrankung jede Kraft f\u00fcr die allt\u00e4glichen Dinge. Treppensteigen, im Rollstuhl sitzen, selbst das Sprechen wird zu einer un\u00fcberwindbaren Herausforderung. Die behandelnden \u00c4rzte und \u00c4rztinnen sind ratlos. Nach den ersten Untersuchungen, die ohne Ergebnis bleiben, sprechen sie von psychosomatisch verursachten Symptomen. Jennifer und ihr Mann Omar geben sich damit nicht zufrieden. Sie beginnen ihren Alltag zu dokumentieren und sto\u00dfen schlie\u00dflich im Internet auf tausende andere erkrankte Menschen, die allesamt an derselben Krankheit leiden, wie sie selbst: ME\/CFS.<\/p>\n<p><img loading=\"lazy\" class=\"alignnone size-medium wp-image-574\" src=\"https:\/\/blogs.urz.uni-halle.de\/mrecinema\/files\/2019\/10\/02-UNREST_Story-Art-Jen-and-Omar-Bedroom-300x169.jpg\" alt=\"\" width=\"300\" height=\"169\" srcset=\"https:\/\/blogs.urz.uni-halle.de\/mercinema\/files\/2019\/10\/02-UNREST_Story-Art-Jen-and-Omar-Bedroom-300x169.jpg 300w, https:\/\/blogs.urz.uni-halle.de\/mercinema\/files\/2019\/10\/02-UNREST_Story-Art-Jen-and-Omar-Bedroom-768x432.jpg 768w, https:\/\/blogs.urz.uni-halle.de\/mercinema\/files\/2019\/10\/02-UNREST_Story-Art-Jen-and-Omar-Bedroom-1024x576.jpg 1024w\" sizes=\"(max-width: 300px) 100vw, 300px\" \/><\/p>\n<p>UNREST ist ein sehr privater Dokumentarfilm, dessen Darstellung uns auffordert, das Stigma einer Krankheit zu \u00fcberdenken. Dabei sch\u00e4rft er den Blick f\u00fcr die St\u00e4rken und Schw\u00e4chen der modernen Medizin. Es geht um die Wahrnehmung und Anerkennung einer bisher nahezu unerforschten Krankheit, die tausende Menschen weltweit an das Bett fesselt.<\/p>\n<p>Moderation: Stephanie Winter (Wissenschaftliche Mitarbeiterin am Institut f\u00fcr Rehabilitationsp\u00e4dagogik, Martin-Luther-Universit\u00e4t Halle-Wittenberg)<\/p>\n<p>Einf\u00fchrung und Diskussion mit Expert*in: N.N.<\/p>\n<p>__________________________________________________________________<\/p>\n<p><a href=\"https:\/\/www.unrest.film\/trailer\">Trailer<\/a><\/p>\n<pre><strong>UNREST (OmU)<\/strong>\r\nUSA 2017, 97 Min.\r\nRegie: Jennifer Brea\r\nDarsteller: Jennifer Brea, Omar Wasow, Jessica Taylor\r\n\r\nDieser Film wird in Originalsprache (Englisch) mit deutschen Untertiteln ausgestrahlt.\r\nMit freundlicher Unterst\u00fctzung durch die Deutsche Gesellschaft f\u00fcr ME\/CFS und MillionsMissing Deutschland (Lizenz f\u00fcr das Screening)<\/pre>\n<p>&nbsp;<\/p>\n","protected":false},"excerpt":{"rendered":"<p>13. November 2019, 18:00 Uhr Die 28-j\u00e4hrige Jennifer Brea ist eine abenteuerlustige Frau, die neben ihrer Doktorarbeit und Hochzeit noch viele Pl\u00e4ne f\u00fcr die Zukunft schmiedet. Doch ein mysteri\u00f6ses Fieber, das sie bef\u00e4llt, hat weitreichende Folgen. Ihr fehlt im Zuge der Erkrankung jede Kraft f\u00fcr die allt\u00e4glichen Dinge. Treppensteigen, im Rollstuhl sitzen, selbst das Sprechen [&hellip;]<\/p>\n","protected":false},"author":4026,"featured_media":0,"parent":0,"menu_order":0,"comment_status":"closed","ping_status":"closed","template":"","meta":{"ngg_post_thumbnail":0},"_links":{"self":[{"href":"https:\/\/blogs.urz.uni-halle.de\/mercinema\/wp-json\/wp\/v2\/pages\/502"}],"collection":[{"href":"https:\/\/blogs.urz.uni-halle.de\/mercinema\/wp-json\/wp\/v2\/pages"}],"about":[{"href":"https:\/\/blogs.urz.uni-halle.de\/mercinema\/wp-json\/wp\/v2\/types\/page"}],"author":[{"embeddable":true,"href":"https:\/\/blogs.urz.uni-halle.de\/mercinema\/wp-json\/wp\/v2\/users\/4026"}],"replies":[{"embeddable":true,"href":"https:\/\/blogs.urz.uni-halle.de\/mercinema\/wp-json\/wp\/v2\/comments?post=502"}],"version-history":[{"count":10,"href":"https:\/\/blogs.urz.uni-halle.de\/mercinema\/wp-json\/wp\/v2\/pages\/502\/revisions"}],"predecessor-version":[{"id":597,"href":"https:\/\/blogs.urz.uni-halle.de\/mercinema\/wp-json\/wp\/v2\/pages\/502\/revisions\/597"}],"wp:attachment":[{"href":"https:\/\/blogs.urz.uni-halle.de\/mercinema\/wp-json\/wp\/v2\/media?parent=502"}],"curies":[{"name":"wp","href":"https:\/\/api.w.org\/{rel}","templated":true}]}}