{"id":505,"date":"2019-10-14T19:20:17","date_gmt":"2019-10-14T17:20:17","guid":{"rendered":"https:\/\/blogs.urz.uni-halle.de\/mrecinema\/?page_id=505"},"modified":"2020-01-17T11:15:24","modified_gmt":"2020-01-17T10:15:24","slug":"systemsprenger","status":"publish","type":"page","link":"https:\/\/blogs.urz.uni-halle.de\/mercinema\/systemsprenger\/","title":{"rendered":"SYSTEMSPRENGER"},"content":{"rendered":"<p><strong>Mittwoch, 15. Januar 2020 (18:00 Uhr) im Luchs.Kino am Zoo<\/strong><\/p>\n<p><strong><img loading=\"lazy\" class=\"alignnone size-medium wp-image-609\" src=\"https:\/\/blogs.urz.uni-halle.de\/mrecinema\/files\/2019\/12\/Systemsprenger-300x169.jpg\" alt=\"\" width=\"300\" height=\"169\" srcset=\"https:\/\/blogs.urz.uni-halle.de\/mercinema\/files\/2019\/12\/Systemsprenger-300x169.jpg 300w, https:\/\/blogs.urz.uni-halle.de\/mercinema\/files\/2019\/12\/Systemsprenger-1024x576.jpg 1024w, https:\/\/blogs.urz.uni-halle.de\/mercinema\/files\/2019\/12\/Systemsprenger-768x432.jpg 768w, https:\/\/blogs.urz.uni-halle.de\/mercinema\/files\/2019\/12\/Systemsprenger-1536x864.jpg 1536w, https:\/\/blogs.urz.uni-halle.de\/mercinema\/files\/2019\/12\/Systemsprenger.jpg 2048w\" sizes=\"(max-width: 300px) 100vw, 300px\" \/><\/strong><\/p>\n<p>Die 9-j\u00e4hrige Benni ist unerziehbar. Von ihrer \u00fcberforderten Mutter abgegeben und von Pflegefamilie zu Pflegefamilie weitergereicht, sprengt sie in ihrem J\u00e4hzorn immer wieder alle ihr angedachten Bahnen, die sie in die Gesellschaft integrieren sollen. Das Jugendamt, die Sonderschulen, die Psychiatrien und nicht zuletzt die Menschen in ihrem Umfeld sind von ihr \u00fcberfordert, bis sich schlie\u00dflich der Betreuer Micha dem qu\u00e4lenden und gequ\u00e4lten Kind annimmt. In seiner Not entschlie\u00dft er sich dazu, drei erlebnisp\u00e4dagogische Wochen mit ihr im Wald zu verbringen \u2013 ohne Handy, ohne Internet, ohne andere Menschen \u2013 um einen Zugang zu ihr zu finden. Doch selbst nach anf\u00e4nglichen Erfolgen zeigt sich, dass Benni unkontrollierbar bleibt, sich nicht einmal selbst kontrollieren kann und, dass selbst die aufrichtigste Bem\u00fchung um Integration nicht immer zum Erfolg f\u00fchrt.<\/p>\n<p>Nora Fingscheidts mehrfach ausgezeichneter Film SYSTEMSPRENGER skizziert das aufw\u00fchlende und packende Bild eines jungen M\u00e4dchens, das an der Gesellschaft scheitert, sowie auch die Gesellschaft an ihr. Die zust\u00e4ndigen Beh\u00f6rden versuchen den l\u00e4stigen Fall \u201eBenni\u201c wegzuorganisieren, doch die bem\u00fchten Verantwortlichen m\u00fcssen feststellen, dass manche Individuen nie einen Platz im Gesellschafts-Mosaik finden werden.<\/p>\n<p><strong>Die Expertin:<\/strong><\/p>\n<p>Dr.in Kirsten Puhr ist Professorin am Institut f\u00fcr Rehabilitationsp\u00e4dagogik der Martin-Luther-Universit\u00e4t Halle-Wittenberg im Fachbereich Allgemeine Rehabilitations- und Integrationsp\u00e4dagogik. In ihrer Forschung setzt sie sich unter anderem mit Theorien und Praxen von Inklusion\/Exklusion sowie mit au\u00dferschulischen p\u00e4dagogischen Arbeitsformen und Handlungsfeldern auseinander.<\/p>\n<p><img loading=\"lazy\" class=\"alignnone size-medium wp-image-672\" src=\"https:\/\/blogs.urz.uni-halle.de\/mrecinema\/files\/2020\/01\/IMG-20200115-WA0001-169x300.jpg\" alt=\"\" width=\"169\" height=\"300\" srcset=\"https:\/\/blogs.urz.uni-halle.de\/mercinema\/files\/2020\/01\/IMG-20200115-WA0001-169x300.jpg 169w, https:\/\/blogs.urz.uni-halle.de\/mercinema\/files\/2020\/01\/IMG-20200115-WA0001-576x1024.jpg 576w, https:\/\/blogs.urz.uni-halle.de\/mercinema\/files\/2020\/01\/IMG-20200115-WA0001-768x1366.jpg 768w, https:\/\/blogs.urz.uni-halle.de\/mercinema\/files\/2020\/01\/IMG-20200115-WA0001-864x1536.jpg 864w, https:\/\/blogs.urz.uni-halle.de\/mercinema\/files\/2020\/01\/IMG-20200115-WA0001.jpg 899w\" sizes=\"(max-width: 169px) 100vw, 169px\" \/> Ausverkauftes Haus!<\/p>\n<p>__________________________________________________________________<\/p>\n<p><a href=\"https:\/\/www.youtube-nocookie.com\/embed\/dKvR5meAzN4\">https:\/\/www.youtube-nocookie.com\/embed\/dKvR5meAzN4<\/a><\/p>\n<pre><strong>SYSTEMSPRENGER*<\/strong>\nD 2019; 120 Min.\nBuch und Regie: Nora Fingscheidt\nDarsteller: Helena Zengel, Albrecht Schuch, Gabriela Maria Schmeide\n*Diese Veranstaltung findet in Kooperation mit dem Institut f\u00fcr Rehabilitationsp\u00e4dagogik (MLU) statt.\n<\/pre>\n\n\n<figure class=\"wp-block-gallery columns-1 is-cropped\"><ul class=\"blocks-gallery-grid\"><li class=\"blocks-gallery-item\"><figure><img loading=\"lazy\" width=\"412\" height=\"809\" src=\"https:\/\/blogs.urz.uni-halle.de\/mrecinema\/files\/2019\/12\/Flyer-Systemsprenger-1.jpg\" alt=\"\" data-id=\"651\" data-full-url=\"https:\/\/blogs.urz.uni-halle.de\/mrecinema\/files\/2019\/12\/Flyer-Systemsprenger-1.jpg\" data-link=\"https:\/\/blogs.urz.uni-halle.de\/mrecinema\/systemsprenger\/flyer-systemsprenger-1-2\/\" class=\"wp-image-651\" srcset=\"https:\/\/blogs.urz.uni-halle.de\/mercinema\/files\/2019\/12\/Flyer-Systemsprenger-1.jpg 412w, https:\/\/blogs.urz.uni-halle.de\/mercinema\/files\/2019\/12\/Flyer-Systemsprenger-1-153x300.jpg 153w\" sizes=\"(max-width: 412px) 100vw, 412px\" \/><\/figure><\/li><\/ul><\/figure>\n\n\n\n<figure class=\"wp-block-gallery columns-1 is-cropped\"><ul class=\"blocks-gallery-grid\"><li class=\"blocks-gallery-item\"><figure><img loading=\"lazy\" width=\"412\" height=\"809\" src=\"https:\/\/blogs.urz.uni-halle.de\/mrecinema\/files\/2019\/12\/Flyer-SystemsprengerR\u00fcckseite.jpg\" alt=\"\" data-id=\"650\" data-full-url=\"https:\/\/blogs.urz.uni-halle.de\/mrecinema\/files\/2019\/12\/Flyer-SystemsprengerR\u00fcckseite.jpg\" data-link=\"https:\/\/blogs.urz.uni-halle.de\/mrecinema\/systemsprenger\/flyer-systemsprengerrueckseite\/\" class=\"wp-image-650\" srcset=\"https:\/\/blogs.urz.uni-halle.de\/mercinema\/files\/2019\/12\/Flyer-SystemsprengerR\u00fcckseite.jpg 412w, https:\/\/blogs.urz.uni-halle.de\/mercinema\/files\/2019\/12\/Flyer-SystemsprengerR\u00fcckseite-153x300.jpg 153w\" sizes=\"(max-width: 412px) 100vw, 412px\" \/><\/figure><\/li><\/ul><\/figure>\n\n\n\n<div class=\"wp-block-file\"><a href=\"https:\/\/blogs.urz.uni-halle.de\/mrecinema\/files\/2019\/12\/Flyer-Systemsprenger-3.pdf\">Flyer-Systemsprenger<\/a><a href=\"https:\/\/blogs.urz.uni-halle.de\/mrecinema\/files\/2019\/12\/Flyer-Systemsprenger-3.pdf\" class=\"wp-block-file__button\" download>Herunterladen<\/a><\/div>\n","protected":false},"excerpt":{"rendered":"<p>Mittwoch, 15. Januar 2020 (18:00 Uhr) im Luchs.Kino am Zoo Die 9-j\u00e4hrige Benni ist unerziehbar. Von ihrer \u00fcberforderten Mutter abgegeben und von Pflegefamilie zu Pflegefamilie weitergereicht, sprengt sie in ihrem J\u00e4hzorn immer wieder alle ihr angedachten Bahnen, die sie in die Gesellschaft integrieren sollen. Das Jugendamt, die Sonderschulen, die Psychiatrien und nicht zuletzt die Menschen [&hellip;]<\/p>\n","protected":false},"author":4026,"featured_media":0,"parent":0,"menu_order":0,"comment_status":"closed","ping_status":"closed","template":"","meta":{"ngg_post_thumbnail":0},"_links":{"self":[{"href":"https:\/\/blogs.urz.uni-halle.de\/mercinema\/wp-json\/wp\/v2\/pages\/505"}],"collection":[{"href":"https:\/\/blogs.urz.uni-halle.de\/mercinema\/wp-json\/wp\/v2\/pages"}],"about":[{"href":"https:\/\/blogs.urz.uni-halle.de\/mercinema\/wp-json\/wp\/v2\/types\/page"}],"author":[{"embeddable":true,"href":"https:\/\/blogs.urz.uni-halle.de\/mercinema\/wp-json\/wp\/v2\/users\/4026"}],"replies":[{"embeddable":true,"href":"https:\/\/blogs.urz.uni-halle.de\/mercinema\/wp-json\/wp\/v2\/comments?post=505"}],"version-history":[{"count":10,"href":"https:\/\/blogs.urz.uni-halle.de\/mercinema\/wp-json\/wp\/v2\/pages\/505\/revisions"}],"predecessor-version":[{"id":677,"href":"https:\/\/blogs.urz.uni-halle.de\/mercinema\/wp-json\/wp\/v2\/pages\/505\/revisions\/677"}],"wp:attachment":[{"href":"https:\/\/blogs.urz.uni-halle.de\/mercinema\/wp-json\/wp\/v2\/media?parent=505"}],"curies":[{"name":"wp","href":"https:\/\/api.w.org\/{rel}","templated":true}]}}