{"id":532,"date":"2020-01-02T16:09:59","date_gmt":"2020-01-02T15:09:59","guid":{"rendered":"https:\/\/blogs.urz.uni-halle.de\/mrecinema\/?page_id=532"},"modified":"2020-01-17T11:30:47","modified_gmt":"2020-01-17T10:30:47","slug":"zu-jeder-zeit","status":"publish","type":"page","link":"https:\/\/blogs.urz.uni-halle.de\/mercinema\/zu-jeder-zeit\/","title":{"rendered":"ZU JEDER ZEIT (OmU)"},"content":{"rendered":"<p>Mittwoch, 5. Februar 2020 (18:00 Uhr) im Luchs.Kino am Zoo<\/p>\n<p><img loading=\"lazy\" class=\"alignnone size-medium wp-image-656\" src=\"https:\/\/blogs.urz.uni-halle.de\/mrecinema\/files\/2020\/01\/Zu-jeder-Zeit_Copyright-300x169.jpg\" alt=\"\" width=\"300\" height=\"169\" srcset=\"https:\/\/blogs.urz.uni-halle.de\/mercinema\/files\/2020\/01\/Zu-jeder-Zeit_Copyright-300x169.jpg 300w, https:\/\/blogs.urz.uni-halle.de\/mercinema\/files\/2020\/01\/Zu-jeder-Zeit_Copyright-1024x577.jpg 1024w, https:\/\/blogs.urz.uni-halle.de\/mercinema\/files\/2020\/01\/Zu-jeder-Zeit_Copyright-768x433.jpg 768w, https:\/\/blogs.urz.uni-halle.de\/mercinema\/files\/2020\/01\/Zu-jeder-Zeit_Copyright.jpg 1438w\" sizes=\"(max-width: 300px) 100vw, 300px\" \/><\/p>\n<p>Nicolas Philibert widmet sich in seinem Dokumentarfilm \u201eDe chaque instant\u201c der Ausbildung in der Krankenpflege. Eine franz\u00f6sische Klasse wird auf ihrem Weg zu Pflegekr\u00e4ften von der Kamera begleitet, die uns in den Alltag der Menschen zieht, die sich dieser \u00e4u\u00dferst verantwortungsvollen Aufgabe widmen. Das Hin- und Her der Kamera zwischen zwei Gespr\u00e4chspartner*innen ist dabei fesselnd. Eindringlich und aufschlussreich werden sowohl die sch\u00f6nen Momente dieses vielf\u00e4ltigen Berufes gezeigt, als auch die Herausforderungen, mit denen sich die jungen M\u00e4nner und Frauen im Umgang mit menschlichem Leid und Krankheit konfrontiert sehen. Das Eingehen auf Bed\u00fcrfnisse und Empfindsamkeiten verlangt nach Geduld, es zeigt aber auch, dass Menschlichkeit keine Einbahnstra\u00dfe sein muss.<\/p>\n<p>F\u00fcr die Zuschauer*innen ist es nicht nur spannend, exemplarisch Personen und Gesichter kennenzulernen, die jeden Tag weltweit ihren gro\u00dfen Beitrag zur Gesundheitsversorgung leisten. Es ist mindestens genauso interessant zu sehen, welcher Aufwand und welche \u00dcbung hinter den routinierten T\u00e4tigkeiten steckt, die es in Theorie und Praxis zu erlernen gilt.<\/p>\n<p><strong>Der Experte:<\/strong><\/p>\n<p>Als Experte wird der Diplommedizinp\u00e4dagoge <b>Klaus-Torsten <\/b><b>Spichale<\/b> aus dem Universit\u00e4tsklinikum Halle (Saale) im Kinosaal Rede und Antwort stehen. Er ist ausgebildeter Krankenpfleger und seit 1995 als Lehrer am Ausbildungszentrum des UKH t\u00e4tig. Er ist verantwortlicher Fachbereichsleiter f\u00fcr die Ausbildung in den Pflegeberufen (u. a. Krankenpflegehilfe und Gesundheits- und Krankenpflege\/Kinderkrankenpflege, Geburtshilfe). Im Auftrag der Halle School of Health Care (HSHC) bietet er Fortbildungen zur Thematik der freiheitsentziehenden Ma\u00dfnahmen an.<\/p>\n<p>__________________________________________________________________<\/p>\n<p><a href=\"https:\/\/vimeo.com\/309851610\">https:\/\/vimeo.com\/309851610<\/a><\/p>\n<pre><strong>ZU JEDER ZEIT (OmU)\n<\/strong><em>De chaque instant<\/em> \nF 2018; 101 Min.\nRegie: Nicolas Philibert \nMit den Pflegesch\u00fcler*innen vom Hopital de la Croix Saint-Simon, Montreuil\n<\/pre>\n\n\n<figure class=\"wp-block-image size-large\"><img loading=\"lazy\" width=\"412\" height=\"809\" src=\"https:\/\/blogs.urz.uni-halle.de\/mrecinema\/files\/2020\/01\/Flyer-Zu-jeder-Zeit_Vorderseite.jpg\" alt=\"\" class=\"wp-image-680\" srcset=\"https:\/\/blogs.urz.uni-halle.de\/mercinema\/files\/2020\/01\/Flyer-Zu-jeder-Zeit_Vorderseite.jpg 412w, https:\/\/blogs.urz.uni-halle.de\/mercinema\/files\/2020\/01\/Flyer-Zu-jeder-Zeit_Vorderseite-153x300.jpg 153w\" sizes=\"(max-width: 412px) 100vw, 412px\" \/><\/figure>\n\n\n\n<figure class=\"wp-block-image size-large\"><img loading=\"lazy\" width=\"412\" height=\"809\" src=\"https:\/\/blogs.urz.uni-halle.de\/mrecinema\/files\/2020\/01\/Flyer-Zu-jeder-Zeit_R\u00fcckseite.jpg\" alt=\"\" class=\"wp-image-683\" srcset=\"https:\/\/blogs.urz.uni-halle.de\/mercinema\/files\/2020\/01\/Flyer-Zu-jeder-Zeit_R\u00fcckseite.jpg 412w, https:\/\/blogs.urz.uni-halle.de\/mercinema\/files\/2020\/01\/Flyer-Zu-jeder-Zeit_R\u00fcckseite-153x300.jpg 153w\" sizes=\"(max-width: 412px) 100vw, 412px\" \/><\/figure>\n\n\n\n<div class=\"wp-block-file\"><a href=\"https:\/\/blogs.urz.uni-halle.de\/mrecinema\/files\/2020\/01\/Flyer-Zu-jeder-Zeit.pdf\">Flyer-Zu-jeder-Zeit<\/a><a href=\"https:\/\/blogs.urz.uni-halle.de\/mrecinema\/files\/2020\/01\/Flyer-Zu-jeder-Zeit.pdf\" class=\"wp-block-file__button\" download>Herunterladen<\/a><\/div>\n","protected":false},"excerpt":{"rendered":"<p>Mittwoch, 5. Februar 2020 (18:00 Uhr) im Luchs.Kino am Zoo Nicolas Philibert widmet sich in seinem Dokumentarfilm \u201eDe chaque instant\u201c der Ausbildung in der Krankenpflege. Eine franz\u00f6sische Klasse wird auf ihrem Weg zu Pflegekr\u00e4ften von der Kamera begleitet, die uns in den Alltag der Menschen zieht, die sich dieser \u00e4u\u00dferst verantwortungsvollen Aufgabe widmen. Das Hin- [&hellip;]<\/p>\n","protected":false},"author":4026,"featured_media":0,"parent":0,"menu_order":0,"comment_status":"closed","ping_status":"closed","template":"","meta":{"ngg_post_thumbnail":0},"_links":{"self":[{"href":"https:\/\/blogs.urz.uni-halle.de\/mercinema\/wp-json\/wp\/v2\/pages\/532"}],"collection":[{"href":"https:\/\/blogs.urz.uni-halle.de\/mercinema\/wp-json\/wp\/v2\/pages"}],"about":[{"href":"https:\/\/blogs.urz.uni-halle.de\/mercinema\/wp-json\/wp\/v2\/types\/page"}],"author":[{"embeddable":true,"href":"https:\/\/blogs.urz.uni-halle.de\/mercinema\/wp-json\/wp\/v2\/users\/4026"}],"replies":[{"embeddable":true,"href":"https:\/\/blogs.urz.uni-halle.de\/mercinema\/wp-json\/wp\/v2\/comments?post=532"}],"version-history":[{"count":10,"href":"https:\/\/blogs.urz.uni-halle.de\/mercinema\/wp-json\/wp\/v2\/pages\/532\/revisions"}],"predecessor-version":[{"id":687,"href":"https:\/\/blogs.urz.uni-halle.de\/mercinema\/wp-json\/wp\/v2\/pages\/532\/revisions\/687"}],"wp:attachment":[{"href":"https:\/\/blogs.urz.uni-halle.de\/mercinema\/wp-json\/wp\/v2\/media?parent=532"}],"curies":[{"name":"wp","href":"https:\/\/api.w.org\/{rel}","templated":true}]}}