{"id":57,"date":"2016-08-12T13:04:11","date_gmt":"2016-08-12T11:04:11","guid":{"rendered":"https:\/\/blogs.urz.uni-halle.de\/mrecinema\/?page_id=57"},"modified":"2023-02-08T09:02:52","modified_gmt":"2023-02-08T08:02:52","slug":"wo","status":"publish","type":"page","link":"https:\/\/blogs.urz.uni-halle.de\/mercinema\/wo\/","title":{"rendered":"Ort"},"content":{"rendered":"<p><a href=\"http:\/\/www.luchskino.de\/\" target=\"_blank\" rel=\"noopener noreferrer\"><img loading=\"lazy\" class=\"alignnone wp-image-89 size-full\" src=\"https:\/\/blogs.urz.uni-halle.de\/mrecinema\/files\/2016\/08\/luchs_blue.png\" alt=\"luchs_blue\" width=\"200\" height=\"69\"><\/a><\/p>\n<p><a href=\"https:\/\/www.luchskino.de\/\">Luchs Kino Am Zoo<\/a><\/p>\n<p>Seebener Stra\u00dfe 172, 06114 Halle (Saale)<\/p>\n<p>Anfahrt:<\/p>\n<ul>\n<li>Stra\u00dfenbahnlinie 8 bzw. 98, Haltestelle Emil-Eichhorn-Stra\u00dfe (direkt am Hintereingang zum Zoo und Aufgang zum Kino)<\/li>\n<\/ul>\n<p>oder<\/p>\n<ul>\n<li>Stra\u00dfenbahnlinie 3 bzw. 95, Haltestelle Zoo (4 Minuten Fu\u00dfweg)<\/li>\n<\/ul>\n<p>Wir bitten Rollstuhlfahrer um telefonische Voranmeldung (0345\/5238631). Wir erm\u00f6glichen Ihnen dann gern eine unkomplizierte Zufahrt zum Kino.<\/p>\n<p><img loading=\"lazy\" class=\"alignnone wp-image-94\" src=\"https:\/\/blogs.urz.uni-halle.de\/mrecinema\/files\/2016\/08\/anfahrt-300x169.gif\" alt=\"anfahrt\" width=\"331\" height=\"189\"><\/p>\n<p>Der Eintritt zu den Veranstaltungen betr\u00e4gt 7 \u20ac\/5,50 \u20ac erm\u00e4\u00dfigt.<\/p>\n","protected":false},"excerpt":{"rendered":"<p>Luchs Kino Am Zoo Seebener Stra\u00dfe 172, 06114 Halle (Saale) Anfahrt: Stra\u00dfenbahnlinie 8 bzw. 98, Haltestelle Emil-Eichhorn-Stra\u00dfe (direkt am Hintereingang zum Zoo und Aufgang zum Kino) oder Stra\u00dfenbahnlinie 3 bzw. 95, Haltestelle Zoo (4 Minuten Fu\u00dfweg) Wir bitten Rollstuhlfahrer um telefonische Voranmeldung (0345\/5238631). Wir erm\u00f6glichen Ihnen dann gern eine unkomplizierte Zufahrt zum Kino. Der Eintritt [&hellip;]<\/p>\n","protected":false},"author":1403,"featured_media":0,"parent":0,"menu_order":0,"comment_status":"closed","ping_status":"closed","template":"","meta":{"ngg_post_thumbnail":0},"_links":{"self":[{"href":"https:\/\/blogs.urz.uni-halle.de\/mercinema\/wp-json\/wp\/v2\/pages\/57"}],"collection":[{"href":"https:\/\/blogs.urz.uni-halle.de\/mercinema\/wp-json\/wp\/v2\/pages"}],"about":[{"href":"https:\/\/blogs.urz.uni-halle.de\/mercinema\/wp-json\/wp\/v2\/types\/page"}],"author":[{"embeddable":true,"href":"https:\/\/blogs.urz.uni-halle.de\/mercinema\/wp-json\/wp\/v2\/users\/1403"}],"replies":[{"embeddable":true,"href":"https:\/\/blogs.urz.uni-halle.de\/mercinema\/wp-json\/wp\/v2\/comments?post=57"}],"version-history":[{"count":9,"href":"https:\/\/blogs.urz.uni-halle.de\/mercinema\/wp-json\/wp\/v2\/pages\/57\/revisions"}],"predecessor-version":[{"id":708,"href":"https:\/\/blogs.urz.uni-halle.de\/mercinema\/wp-json\/wp\/v2\/pages\/57\/revisions\/708"}],"wp:attachment":[{"href":"https:\/\/blogs.urz.uni-halle.de\/mercinema\/wp-json\/wp\/v2\/media?parent=57"}],"curies":[{"name":"wp","href":"https:\/\/api.w.org\/{rel}","templated":true}]}}