{"id":50,"date":"2026-05-08T00:37:12","date_gmt":"2026-05-07T22:37:12","guid":{"rendered":"https:\/\/blogs.urz.uni-halle.de\/mg4senat\/?page_id=50"},"modified":"2026-05-10T20:53:15","modified_gmt":"2026-05-10T18:53:15","slug":"willkommen","status":"publish","type":"page","link":"https:\/\/blogs.urz.uni-halle.de\/mg4senat\/","title":{"rendered":"Startseite"},"content":{"rendered":"\t\t<div data-elementor-type=\"wp-page\" data-elementor-id=\"50\" class=\"elementor elementor-50\" data-elementor-settings=\"[]\">\n\t\t\t\t\t\t\t<div class=\"elementor-section-wrap\">\n\t\t\t\t\t\t\t<section class=\"elementor-section elementor-top-section elementor-element elementor-element-ab08ec3 elementor-section-boxed elementor-section-height-default elementor-section-height-default\" data-id=\"ab08ec3\" data-element_type=\"section\">\n\t\t\t\t\t\t<div class=\"elementor-container elementor-column-gap-default\">\n\t\t\t\t\t<div class=\"elementor-column elementor-col-50 elementor-top-column elementor-element elementor-element-f076db6\" data-id=\"f076db6\" data-element_type=\"column\">\n\t\t\t<div class=\"elementor-widget-wrap elementor-element-populated\">\n\t\t\t\t\t\t\t\t<div class=\"elementor-element elementor-element-2f94202 elementor-widget elementor-widget-image\" data-id=\"2f94202\" data-element_type=\"widget\" data-widget_type=\"image.default\">\n\t\t\t\t<div class=\"elementor-widget-container\">\n\t\t\t\t\t<div class=\"elementor-image\">\n\t\t\t\t\t\t\t<figure class=\"wp-caption\">\n\t\t\t\t\t\t\t\t\t\t<img width=\"255\" height=\"300\" src=\"https:\/\/blogs.urz.uni-halle.de\/mg4senat\/files\/2026\/05\/foto_senat-1-255x300.jpg\" class=\"attachment-medium size-medium\" alt=\"\" loading=\"lazy\" srcset=\"https:\/\/blogs.urz.uni-halle.de\/mg4senat\/files\/2026\/05\/foto_senat-1-255x300.jpg 255w, https:\/\/blogs.urz.uni-halle.de\/mg4senat\/files\/2026\/05\/foto_senat-1-768x905.jpg 768w, https:\/\/blogs.urz.uni-halle.de\/mg4senat\/files\/2026\/05\/foto_senat-1.jpg 842w\" sizes=\"(max-width: 255px) 100vw, 255px\" \/>\t\t\t\t\t\t\t\t\t\t\t<figcaption class=\"widget-image-caption wp-caption-text\">Franz Sch\u00f6nberg<br>IT-Koordinator der Philosophischen Fakult\u00e4t I<\/figcaption>\n\t\t\t\t\t\t\t\t\t\t<\/figure>\n\t\t\t\t\t<\/div>\n\t\t\t\t<\/div>\n\t\t\t\t<\/div>\n\t\t\t\t\t<\/div>\n\t\t<\/div>\n\t\t\t\t<div class=\"elementor-column elementor-col-50 elementor-top-column elementor-element elementor-element-e9b11ae\" data-id=\"e9b11ae\" data-element_type=\"column\">\n\t\t\t<div class=\"elementor-widget-wrap elementor-element-populated\">\n\t\t\t\t\t\t\t\t<div class=\"elementor-element elementor-element-726fd67 elementor-widget elementor-widget-text-editor\" data-id=\"726fd67\" data-element_type=\"widget\" data-widget_type=\"text-editor.default\">\n\t\t\t\t<div class=\"elementor-widget-container\">\n\t\t\t\t\t<div class=\"elementor-text-editor elementor-clearfix\"><p>Liebe Kolleginnen und Kollegen,<\/p><p>wir, das wissenschaftsunterst\u00fctzende Personal, erm\u00f6glichen Forschung und Lehre an der MLU. Damit wir unsere Aufgaben bestm\u00f6glich erf\u00fcllen k\u00f6nnen, brauchen wir Rahmenbedingungen, die uns st\u00e4rken statt belasten. Daf\u00fcr kandidiere ich f\u00fcr den Senat.<\/p><p><strong>Meine Schwerpunkte f\u00fcr unsere Mitgliedergruppe:<\/strong><\/p><ul><li><strong>Technik, die entlastet, statt aufzuhalten:<\/strong> Digitale Transformation darf kein Selbstzweck sein. Ich setze mich f\u00fcr IT-Systeme ein, die uns echte Zeitersparnis bringen. Software muss sich unseren Arbeitsabl\u00e4ufen anpassen \u2013 nicht umgekehrt.<\/li><li><strong>Partizipation auf Augenh\u00f6he:<\/strong> Ob neue Infrastruktur oder strukturelle \u00c4nderungen: Expertise aus der Praxis muss von Anfang an einbezogen werden.<\/li><li><strong>Wertsch\u00e4tzende Personalentwicklung:<\/strong> Umstrukturierungen d\u00fcrfen keine Unsicherheit schaffen. Ich fordere verbindliche Personalentwicklungskonzepte und niedrigschwellige Fortbildungen w\u00e4hrend der Arbeitszeit, damit wir alle den digitalen Wandel souver\u00e4n mitgestalten k\u00f6nnen.<\/li><li><strong>Klare Strukturen:<\/strong> Wir brauchen eindeutige Zust\u00e4ndigkeiten und eine Verwaltung, in der die Leistung der Technik-, Service- und Verwaltungsteams sichtbar anerkannt wird.<\/li><\/ul><p>Ich stehe f\u00fcr eine pragmatische, menschliche und zukunftsorientierte Vertretung im Senat. Lassen Sie uns die Zukunft der MLU gemeinsam gestalten! <br \/>Daf\u00fcr k\u00f6nnen Sie jederzeit mit mir in <a href=\"https:\/\/blogs.urz.uni-halle.de\/mg4senat\/kontakt\/\">Kontakt<\/a> kommen.<\/p><\/div>\n\t\t\t\t<\/div>\n\t\t\t\t<\/div>\n\t\t\t\t\t<\/div>\n\t\t<\/div>\n\t\t\t\t\t\t\t<\/div>\n\t\t<\/section>\n\t\t\t\t\t\t<\/div>\n\t\t\t\t\t<\/div>\n\t\t","protected":false},"excerpt":{"rendered":"<p>Franz Sch\u00f6nbergIT-Koordinator der Philosophischen Fakult\u00e4t I Liebe Kolleginnen und Kollegen, wir, das wissenschaftsunterst\u00fctzende Personal, erm\u00f6glichen Forschung und Lehre an der [&hellip;]<\/p>\n","protected":false},"author":4720,"featured_media":0,"parent":0,"menu_order":0,"comment_status":"closed","ping_status":"closed","template":"","meta":{"site-sidebar-layout":"no-sidebar","site-content-layout":"","ast-site-content-layout":"full-width-container","site-content-style":"default","site-sidebar-style":"default","ast-global-header-display":"","ast-banner-title-visibility":"","ast-main-header-display":"","ast-hfb-above-header-display":"","ast-hfb-below-header-display":"","ast-hfb-mobile-header-display":"","site-post-title":"disabled","ast-breadcrumbs-content":"","ast-featured-img":"disabled","footer-sml-layout":"","theme-transparent-header-meta":"","adv-header-id-meta":"","stick-header-meta":"","header-above-stick-meta":"","header-main-stick-meta":"","header-below-stick-meta":"","astra-migrate-meta-layouts":"default","ast-page-background-enabled":"default","ast-page-background-meta":{"desktop":{"background-color":"var(--ast-global-color-4)","background-image":"","background-repeat":"repeat","background-position":"center center","background-size":"auto","background-attachment":"scroll","background-type":"","background-media":"","overlay-type":"","overlay-color":"","overlay-opacity":"","overlay-gradient":""},"tablet":{"background-color":"","background-image":"","background-repeat":"repeat","background-position":"center center","background-size":"auto","background-attachment":"scroll","background-type":"","background-media":"","overlay-type":"","overlay-color":"","overlay-opacity":"","overlay-gradient":""},"mobile":{"background-color":"","background-image":"","background-repeat":"repeat","background-position":"center center","background-size":"auto","background-attachment":"scroll","background-type":"","background-media":"","overlay-type":"","overlay-color":"","overlay-opacity":"","overlay-gradient":""}},"ast-content-background-meta":{"desktop":{"background-color":"var(--ast-global-color-5)","background-image":"","background-repeat":"repeat","background-position":"center center","background-size":"auto","background-attachment":"scroll","background-type":"","background-media":"","overlay-type":"","overlay-color":"","overlay-opacity":"","overlay-gradient":""},"tablet":{"background-color":"var(--ast-global-color-5)","background-image":"","background-repeat":"repeat","background-position":"center center","background-size":"auto","background-attachment":"scroll","background-type":"","background-media":"","overlay-type":"","overlay-color":"","overlay-opacity":"","overlay-gradient":""},"mobile":{"background-color":"var(--ast-global-color-5)","background-image":"","background-repeat":"repeat","background-position":"center center","background-size":"auto","background-attachment":"scroll","background-type":"","background-media":"","overlay-type":"","overlay-color":"","overlay-opacity":"","overlay-gradient":""}}},"_links":{"self":[{"href":"https:\/\/blogs.urz.uni-halle.de\/mg4senat\/wp-json\/wp\/v2\/pages\/50"}],"collection":[{"href":"https:\/\/blogs.urz.uni-halle.de\/mg4senat\/wp-json\/wp\/v2\/pages"}],"about":[{"href":"https:\/\/blogs.urz.uni-halle.de\/mg4senat\/wp-json\/wp\/v2\/types\/page"}],"author":[{"embeddable":true,"href":"https:\/\/blogs.urz.uni-halle.de\/mg4senat\/wp-json\/wp\/v2\/users\/4720"}],"replies":[{"embeddable":true,"href":"https:\/\/blogs.urz.uni-halle.de\/mg4senat\/wp-json\/wp\/v2\/comments?post=50"}],"version-history":[{"count":10,"href":"https:\/\/blogs.urz.uni-halle.de\/mg4senat\/wp-json\/wp\/v2\/pages\/50\/revisions"}],"predecessor-version":[{"id":158,"href":"https:\/\/blogs.urz.uni-halle.de\/mg4senat\/wp-json\/wp\/v2\/pages\/50\/revisions\/158"}],"wp:attachment":[{"href":"https:\/\/blogs.urz.uni-halle.de\/mg4senat\/wp-json\/wp\/v2\/media?parent=50"}],"curies":[{"name":"wp","href":"https:\/\/api.w.org\/{rel}","templated":true}]}}