{"id":514,"date":"2024-03-27T16:55:57","date_gmt":"2024-03-27T15:55:57","guid":{"rendered":"https:\/\/blogs.urz.uni-halle.de\/microscopyunit\/?page_id=514"},"modified":"2024-10-18T13:26:20","modified_gmt":"2024-10-18T11:26:20","slug":"impressum","status":"publish","type":"page","link":"https:\/\/blogs.urz.uni-halle.de\/microscopyunit\/impressum\/","title":{"rendered":"Impressum"},"content":{"rendered":"\t\t<div data-elementor-type=\"wp-page\" data-elementor-id=\"514\" class=\"elementor elementor-514\" data-elementor-settings=\"[]\">\n\t\t\t\t\t\t\t<div class=\"elementor-section-wrap\">\n\t\t\t\t\t\t\t<section class=\"elementor-section elementor-top-section elementor-element elementor-element-c8fce21 elementor-section-boxed elementor-section-height-default elementor-section-height-default\" data-id=\"c8fce21\" data-element_type=\"section\">\n\t\t\t\t\t\t<div class=\"elementor-container elementor-column-gap-default\">\n\t\t\t\t\t<div class=\"elementor-column elementor-col-100 elementor-top-column elementor-element elementor-element-60a0ea1\" data-id=\"60a0ea1\" data-element_type=\"column\">\n\t\t\t<div class=\"elementor-widget-wrap elementor-element-populated\">\n\t\t\t\t\t\t\t\t<div class=\"elementor-element elementor-element-8ae0640 elementor-widget elementor-widget-text-editor\" data-id=\"8ae0640\" data-element_type=\"widget\" data-widget_type=\"text-editor.default\">\n\t\t\t\t<div class=\"elementor-widget-container\">\n\t\t\t\t\t<div class=\"elementor-text-editor elementor-clearfix\"><div id=\"MLU-copyright\"><h3>Impressum nach \u00a7 5 TMG<\/h3><p>Die Martin-Luther-Universit\u00e4t Halle-Wittenberg ist eine K\u00f6rperschaft des \u00f6ffentlichen Rechts. Sie wird durch den:die Rektor:in Prof. Dr. Claudia Becker gesetzlich vertreten: info@uni-halle.de<\/p><p>Martin-Luther-Universit\u00e4t Halle-Wittenberg<br \/>Universit\u00e4tsplatz 10<br \/>06108 Halle<br \/>Deutschland<\/p><p>Telefon: 0345 \/ 55 20<br \/>Fax: 0345 \/ 55 27 07<br \/>E-Mail: info(at)uni-halle.de<br \/>Internet: www.uni-halle.de<\/p><p><strong>Umsatzsteuer-Identifikationsnummer:<br \/><\/strong>DE 811353703 gem\u00e4\u00df \u00a7 27 a Umsatzsteuergesetz<\/p><p><strong>Wissenschaftliche Einrichtung<br \/><\/strong>Martin-Luther-Universit\u00e4t Halle-Wittenberg<br \/>Biozentrum &#8211; Servicebereich Elektronenmikroskopie<br \/>Weinbergweg 22<br \/>06120 Halle<\/p><p><strong>Aufsichtsbeh\u00f6rde<br \/><\/strong>Das Ministerium des Resorts Wissenschaft, Energie, Klimaschutz und Umwelt des Landes Sachsen-Anhalt ist die zust\u00e4ndige Aufsichtsbeh\u00f6rde.<\/p><p>Leipziger Stra\u00dfe 58 <br \/>39112 Magdeburg <br \/>E-Mail: poststelle(at)mwu.sachsen-anhalt.de <br \/>Web: mwu.sachsen-anhalt.de<\/p><h3>\u00a0Urheberrechtshinweis<\/h3><p>Bitte beachten Sie, dass alle Texte, Bilder und Grafiken sowie ihre Arrangements &#8211; soweit nicht anders ersichtlich &#8211; von der Core Facility Microscopy selbst erstellt wurden und dem Schutz des Urheberrechts unterliegen. <br \/>Sie d\u00fcrfen damit beispielsweise weder kopiert, noch ver\u00e4ndert noch auf anderen Web-Sites verwendet werden. Der Nutzung der allgemein zug\u00e4nglichen Texte durch Dritte ist untersagt.<br \/>Die Nutzung der anderen Inhalte, wie beispielsweise der Bilder und Grafiken, ist nicht gestattet. Sollten Sie jedoch Interesse an einem Nutzungsrecht haben, wenden Sie sich bitte an oben genannte Adresse.<\/p><\/div><\/div>\n\t\t\t\t<\/div>\n\t\t\t\t<\/div>\n\t\t\t\t\t<\/div>\n\t\t<\/div>\n\t\t\t\t\t\t\t<\/div>\n\t\t<\/section>\n\t\t\t\t\t\t<\/div>\n\t\t\t\t\t<\/div>\n\t\t","protected":false},"excerpt":{"rendered":"<p>Impressum nach \u00a7 5 TMG Die Martin-Luther-Universit\u00e4t Halle-Wittenberg ist eine K\u00f6rperschaft des \u00f6ffentlichen Rechts. Sie wird durch den:die Rektor:in Prof. Dr. Claudia Becker gesetzlich vertreten: info@uni-halle.de Martin-Luther-Universit\u00e4t Halle-Wittenberg Universit\u00e4tsplatz 10 06108 Halle Deutschland Telefon: 0345 \/ 55 20 Fax: 0345 \/ 55 27 07 E-Mail: info(at)uni-halle.de Internet: www.uni-halle.de Umsatzsteuer-Identifikationsnummer: DE 811353703 gem\u00e4\u00df \u00a7 27 a [&hellip;]<\/p>\n","protected":false},"author":5953,"featured_media":0,"parent":0,"menu_order":0,"comment_status":"closed","ping_status":"closed","template":"","meta":[],"_links":{"self":[{"href":"https:\/\/blogs.urz.uni-halle.de\/microscopyunit\/wp-json\/wp\/v2\/pages\/514"}],"collection":[{"href":"https:\/\/blogs.urz.uni-halle.de\/microscopyunit\/wp-json\/wp\/v2\/pages"}],"about":[{"href":"https:\/\/blogs.urz.uni-halle.de\/microscopyunit\/wp-json\/wp\/v2\/types\/page"}],"author":[{"embeddable":true,"href":"https:\/\/blogs.urz.uni-halle.de\/microscopyunit\/wp-json\/wp\/v2\/users\/5953"}],"replies":[{"embeddable":true,"href":"https:\/\/blogs.urz.uni-halle.de\/microscopyunit\/wp-json\/wp\/v2\/comments?post=514"}],"version-history":[{"count":10,"href":"https:\/\/blogs.urz.uni-halle.de\/microscopyunit\/wp-json\/wp\/v2\/pages\/514\/revisions"}],"predecessor-version":[{"id":1287,"href":"https:\/\/blogs.urz.uni-halle.de\/microscopyunit\/wp-json\/wp\/v2\/pages\/514\/revisions\/1287"}],"wp:attachment":[{"href":"https:\/\/blogs.urz.uni-halle.de\/microscopyunit\/wp-json\/wp\/v2\/media?parent=514"}],"curies":[{"name":"wp","href":"https:\/\/api.w.org\/{rel}","templated":true}]}}