{"id":19,"date":"2020-03-18T10:48:14","date_gmt":"2020-03-18T09:48:14","guid":{"rendered":"https:\/\/blogs.urz.uni-halle.de\/milkandhoney\/?page_id=19"},"modified":"2020-04-04T15:30:51","modified_gmt":"2020-04-04T13:30:51","slug":"menu","status":"publish","type":"page","link":"https:\/\/blogs.urz.uni-halle.de\/milkandhoney\/menu\/","title":{"rendered":""},"content":{"rendered":"\n<h2 class=\"has-text-color has-text-align-center\" style=\"color:#5d3a3a\">Milk &#8217;n Honey<\/h2>\n\n\n\n<h3 class=\"has-text-color has-text-align-center\" style=\"color:#5d3a3a\"><strong>Menu<\/strong><\/h3>\n\n\n\n<!--more-->\n\n\n\n<hr class=\"wp-block-separator\" \/>\n\n\n\n<div class=\"wp-block-columns\">\n<div class=\"wp-block-column\" style=\"flex-basis:50%\">\n<h3 class=\"has-text-color has-text-align-center\" style=\"color:#5d3a3a\"><strong>Coffee<\/strong><\/h3>\n\n\n\n<div style=\"height:20px\" aria-hidden=\"true\" class=\"wp-block-spacer\"><\/div>\n\n\n\n<p style=\"color:#5d3a3a\" class=\"has-text-color has-text-align-center\"><strong>Caf\u00e9 Americano<\/strong> <br>  <em>two espresso shots + water<\/em> <br> <strong>2,50\u20ac<\/strong><\/p>\n\n\n\n<div style=\"height:20px\" aria-hidden=\"true\" class=\"wp-block-spacer\"><\/div>\n\n\n\n<p style=\"color:#5d3a3a\" class=\"has-text-color has-text-align-center\"><strong>Espresso<\/strong> <br>  <em>just black as your soul<\/em> <br><strong>2,20\u20ac<\/strong><\/p>\n\n\n\n<div style=\"height:20px\" aria-hidden=\"true\" class=\"wp-block-spacer\"><\/div>\n\n\n\n<p style=\"color:#5d3a3a\" class=\"has-text-color has-text-align-center\"><strong>Cappuccino<\/strong><br>  <em>espresso shot + milk<\/em> <br> <strong>3,20\u20ac<\/strong><\/p>\n\n\n\n<div style=\"height:20px\" aria-hidden=\"true\" class=\"wp-block-spacer\"><\/div>\n\n\n\n<p style=\"color:#5d3a3a\" class=\"has-text-color has-text-align-center\"><strong>Flat White <\/strong><br> <em>double espresso + bit of milk<\/em><br> <strong>3,50\u20ac<\/strong><\/p>\n\n\n\n<div style=\"height:20px\" aria-hidden=\"true\" class=\"wp-block-spacer\"><\/div>\n\n\n\n<p style=\"color:#5d3a3a\" class=\"has-text-color has-text-align-center\"><strong>Caf\u00e9 Latte<\/strong> <br>  <em>espresso shot + lot of milk<\/em> <br> <strong>2,80\u20ac<\/strong> <\/p>\n\n\n\n<div style=\"height:20px\" aria-hidden=\"true\" class=\"wp-block-spacer\"><\/div>\n\n\n\n<p style=\"color:#5d3a3a\" class=\"has-text-color has-text-align-center\"><strong>Cortado<\/strong> <br>  <em>espresso shot + lot of milk<\/em> <br> <strong>2,80\u20ac<\/strong><\/p>\n\n\n\n<div style=\"height:20px\" aria-hidden=\"true\" class=\"wp-block-spacer\"><\/div>\n\n\n\n<p style=\"color:#5d3a3a\" class=\"has-text-color has-text-align-center\"><strong>Filter Coffee<\/strong> <br> <em>v60 or Aeropess<\/em> <br> <strong>3,50\u20ac<\/strong><\/p>\n\n\n\n<div style=\"height:20px\" aria-hidden=\"true\" class=\"wp-block-spacer\"><\/div>\n\n\n\n<p style=\"color:#5d3a3a\" class=\"has-text-color has-text-align-center\"><strong>Cold Brew<\/strong> <br> <em>cold extracted coffee<\/em> <br> <strong>3,50\u20ac<\/strong> <\/p>\n\n\n\n<div style=\"height:20px\" aria-hidden=\"true\" class=\"wp-block-spacer\"><\/div>\n\n\n\n<p style=\"color:#5d3a3a\" class=\"has-text-color has-text-align-center\"><strong>Mocha<\/strong> <br> <em>hot chocolate with espresso shot<\/em> <br> <strong>3,50\u20ac<\/strong><\/p>\n\n\n\n<div style=\"height:20px\" aria-hidden=\"true\" class=\"wp-block-spacer\"><\/div>\n\n\n\n<h5 class=\"has-text-color has-text-align-center\" style=\"color:#865555\">Vegan Milk: Rice, Oat, Almond, Soy, Coconut, Hazelnut, Lactose free   +0,30 <\/h5>\n<\/div>\n\n\n\n<div class=\"wp-block-column\" style=\"flex-basis:50%\">\n<h3 class=\"has-text-color has-text-align-center\" style=\"color:#5d3a3a\"><strong>Tea<\/strong><\/h3>\n\n\n\n<div style=\"height:20px\" aria-hidden=\"true\" class=\"wp-block-spacer\"><\/div>\n\n\n\n<p style=\"color:#5d3a3a\" class=\"has-text-color has-text-align-center\"><em>Schwarzer Tee Ceylon, gr\u00fcner Tee mit Nanaminze, Ingwer-Zitrus-Kr\u00e4utertee, Roiboos , Fr\u00fcchte, Pfefferminze, Fenchel,<\/em><br> <strong>2,40\u20ac \/ 4,60\u20ac K\u00e4nnchen <\/strong><\/p>\n\n\n\n<div style=\"height:20px\" aria-hidden=\"true\" class=\"wp-block-spacer\"><\/div>\n\n\n\n<p style=\"color:#5d3a3a\" class=\"has-text-color has-text-align-center\"><strong>Hausgemachter Tee <\/strong><br> <em>Pfefferminz,Ingwer, Zitrone, Thymian, Kamillenbl\u00fcten <\/em><br>  <strong>3,50\u20ac \/ 5,40\u20ac<\/strong>  <strong>K\u00e4nnchen<\/strong><\/p>\n\n\n\n<h3 class=\"has-text-color has-text-align-center\" style=\"color:#5d3a3a\"><strong>Specials<\/strong> <\/h3>\n\n\n\n<div style=\"height:20px\" aria-hidden=\"true\" class=\"wp-block-spacer\"><\/div>\n\n\n\n<p style=\"color:#5d3a3a\" class=\"has-text-color has-text-align-center\"><strong>Chai Latte <\/strong><br> <em>green tea extract + milk <\/em><br><strong>2,90\u20ac<\/strong><\/p>\n\n\n\n<div style=\"height:20px\" aria-hidden=\"true\" class=\"wp-block-spacer\"><\/div>\n\n\n\n<p style=\"color:#5d3a3a\" class=\"has-text-color has-text-align-center\"><strong>Vanilla Chai<\/strong> <br>  <em>black tea extract with cinnamon, cardamon + milk <\/em><br> <strong>3,20\u20ac<\/strong><\/p>\n\n\n\n<div style=\"height:20px\" aria-hidden=\"true\" class=\"wp-block-spacer\"><\/div>\n\n\n\n<p style=\"color:#5d3a3a\" class=\"has-text-color has-text-align-center\"><strong>Matcha Latte<\/strong> <br>  <em>matcha tea + milk <\/em><br>  <strong>2,90\u20ac<\/strong><\/p>\n\n\n\n<div style=\"height:20px\" aria-hidden=\"true\" class=\"wp-block-spacer\"><\/div>\n\n\n\n<p style=\"color:#5d3a3a\" class=\"has-text-color has-text-align-center\"><strong>Pink Latte<\/strong> <br> <em> beet root juice + milk<\/em> <br>  <strong>3,40\u20ac<\/strong><\/p>\n\n\n\n<div style=\"height:20px\" aria-hidden=\"true\" class=\"wp-block-spacer\"><\/div>\n\n\n\n<p style=\"color:#5d3a3a\" class=\"has-text-color has-text-align-center\"><strong>Turmeric Latte <\/strong><br>  <em>turmeric, ginger, cinnamon + milk <\/em><br> <strong>3,40\u20ac<\/strong> <\/p>\n\n\n\n<div style=\"height:20px\" aria-hidden=\"true\" class=\"wp-block-spacer\"><\/div>\n\n\n\n<p style=\"color:#5d3a3a\" class=\"has-text-color has-text-align-center\"><strong>Hot Cocoa<\/strong> <br>  <em>basically hot chocolate<\/em> <br> <strong>3,50<\/strong> <\/p>\n<\/div>\n<\/div>\n\n\n\n<p><\/p>\n","protected":false},"excerpt":{"rendered":"<p>Milk &#8217;n Honey Menu<\/p>\n","protected":false},"author":4158,"featured_media":0,"parent":0,"menu_order":0,"comment_status":"closed","ping_status":"closed","template":"","meta":[],"_links":{"self":[{"href":"https:\/\/blogs.urz.uni-halle.de\/milkandhoney\/wp-json\/wp\/v2\/pages\/19"}],"collection":[{"href":"https:\/\/blogs.urz.uni-halle.de\/milkandhoney\/wp-json\/wp\/v2\/pages"}],"about":[{"href":"https:\/\/blogs.urz.uni-halle.de\/milkandhoney\/wp-json\/wp\/v2\/types\/page"}],"author":[{"embeddable":true,"href":"https:\/\/blogs.urz.uni-halle.de\/milkandhoney\/wp-json\/wp\/v2\/users\/4158"}],"replies":[{"embeddable":true,"href":"https:\/\/blogs.urz.uni-halle.de\/milkandhoney\/wp-json\/wp\/v2\/comments?post=19"}],"version-history":[{"count":10,"href":"https:\/\/blogs.urz.uni-halle.de\/milkandhoney\/wp-json\/wp\/v2\/pages\/19\/revisions"}],"predecessor-version":[{"id":440,"href":"https:\/\/blogs.urz.uni-halle.de\/milkandhoney\/wp-json\/wp\/v2\/pages\/19\/revisions\/440"}],"wp:attachment":[{"href":"https:\/\/blogs.urz.uni-halle.de\/milkandhoney\/wp-json\/wp\/v2\/media?parent=19"}],"curies":[{"name":"wp","href":"https:\/\/api.w.org\/{rel}","templated":true}]}}